{"id":86,"date":"2018-08-23T12:26:40","date_gmt":"2018-08-23T12:26:40","guid":{"rendered":"http:\/\/tutuapps.online\/?page_id=86"},"modified":"2021-04-06T12:58:37","modified_gmt":"2021-04-06T12:58:37","slug":"pc","status":"publish","type":"page","link":"https:\/\/tutuapps.online\/ro\/pc\/","title":{"rendered":"TutuApp PC"},"content":{"rendered":"<p><strong>TutuApp<\/strong> PC este unul dintre cele mai cunoscute magazine de aplica\u021bii ter\u021be din lume \u0219i este din ce \u00een ce mai popular, \u00eenregistr\u00e2nd mii de desc\u0103rc\u0103ri \u00een fiecare zi.<\/p>\n\n\n\n<p>TutuApp PC are multe caracteristici care \u00eel fac la fel de popular ca un magazin de aplica\u021bii ter\u021be. TutuApp ofer\u0103 aplica\u021bii pentru aproape toate dispozitivele \u0219i, de asemenea, gratuit.<\/p>\n\n\n\n<p>TutuApp a fost ini\u021bial dezvoltat\u0103 pentru dispozitive Android (<a href=\"https:\/\/tutuapps.online\/ro\/android\/\"><strong>Desc\u0103rcare pentru Android<\/strong><\/a>) \u0219i permite utilizatorilor s\u0103 descarce \u0219i s\u0103 utilizeze cu u\u0219urin\u021b\u0103 aplica\u021bii pl\u0103tite; iar acum magazinul de aplica\u021bii TutuApp este disponibil at\u00e2t pentru iOS (<a href=\"https:\/\/tutuapps.online\/ro\/ios\/\"><strong>Desc\u0103rcare pentru iOS<\/strong><\/a>) \u0219i pentru PC-uri cu Windows.<\/p>\n\n\n\n<div class=\"wp-block-image\"><figure class=\"aligncenter\"><img wpfc-lazyload-disable=\"true\" decoding=\"async\" width=\"210\" height=\"232\" data-src=\"https:\/\/tutuapps.online\/wp-content\/uploads\/2018\/08\/tutuapp-pc.png\" alt=\"tutuapp-pc\" class=\"wp-image-90 lazyload\" src=\"data:image\/svg+xml;base64,PHN2ZyB3aWR0aD0iMSIgaGVpZ2h0PSIxIiB4bWxucz0iaHR0cDovL3d3dy53My5vcmcvMjAwMC9zdmciPjwvc3ZnPg==\" style=\"--smush-placeholder-width: 210px; --smush-placeholder-aspect-ratio: 210\/232;\" \/><\/figure><\/div>\n\n\n\n<h2 class=\"wp-block-heading\">Caracteristicile TutuApp PC<\/h2>\n\n\n\n<p>Mai jos este o list\u0103 cu toate caracteristicile TutuApp PC App Store pentru a afla mai multe despre motivul pentru care aceast\u0103 aplica\u021bie este at\u00e2t de popular\u0103.<\/p>\n\n\n\n<ol class=\"wp-block-list\"><li>Magazinul de aplica\u021bii TutuApp pentru PC este disponibil pentru aproape toate sistemele de operare, iar TutuApp ofer\u0103 aplica\u021bii pentru Android, iOS \u0219i Windows. De asemenea, pute\u021bi desc\u0103rca aplica\u021bii pentru diferite sisteme de operare folosind TutuApp pe oricare dintre aceste dispozitive.<\/li><li>Toate aplica\u021biile pe care le vede\u021bi \u00een magazinul de aplica\u021bii TutuApp, precum \u0219i TutuApp, sunt gratuite pentru toate dispozitivele. Pute\u021bi desc\u0103rca gratuit toate aplica\u021biile cu plat\u0103 pe dispozitivul dvs. \u0219i pute\u021bi utiliza TutuApp pe PC pentru a desc\u0103rca aplica\u021bii pentru celelalte dispozitive.<\/li><li>TutuApp pentru PC ofer\u0103, de asemenea, jocuri gratuite, muzic\u0103 \u0219i alte con\u021binuturi multimedia pentru toate dispozitivele.<\/li><li>Nu este nevoie s\u0103 ave\u021bi un telefon Android \"rutat\" sau un dispozitiv iOS cu jailbreak pentru a utiliza magazinul de aplica\u021bii TutuApp pe dispozitivul dvs. Sunt furnizate 2 versiuni separate pentru toate sistemele de operare, astfel \u00eenc\u00e2t pute\u021bi utiliza acest magazin de aplica\u021bii pe aproape orice dispozitiv.<\/li><li>TutuApp este \u00een limba chinez\u0103, pute\u021bi utiliza aplica\u021bia Google Translate pentru a afla ce \u00eenseamn\u0103 op\u021biunile din magazinul de aplica\u021bii \u0219i pentru a naviga cu u\u0219urin\u021b\u0103 prin aplica\u021bie pentru a g\u0103si aplica\u021biile \u0219i jocurile pe care le c\u0103uta\u021bi.<\/li><\/ol>\n\n\n\n<h2 class=\"wp-block-heading\">Metoda de instalare 1 :<\/h2>\n\n\n\n<p>Urm\u0103torul ghid pas cu pas v\u0103 va explica cum s\u0103 desc\u0103rca\u021bi \u0219i s\u0103 instala\u021bi TutuApp pentru PC.<\/p>\n\n\n\n<div class=\"wp-block-image\"><figure class=\"aligncenter\"><img wpfc-lazyload-disable=\"true\" decoding=\"async\" width=\"752\" height=\"446\" data-src=\"https:\/\/tutuapps.online\/wp-content\/uploads\/2018\/08\/tutuapp-pour-pc.jpg\" alt=\"tutuapp-for-pc\" class=\"wp-image-88 lazyload\" data-srcset=\"https:\/\/tutuapps.online\/wp-content\/uploads\/2018\/08\/tutuapp-pour-pc.jpg 752w, https:\/\/tutuapps.online\/wp-content\/uploads\/2018\/08\/tutuapp-pour-pc-300x178.jpg 300w\" data-sizes=\"(max-width: 752px) 100vw, 752px\" src=\"data:image\/svg+xml;base64,PHN2ZyB3aWR0aD0iMSIgaGVpZ2h0PSIxIiB4bWxucz0iaHR0cDovL3d3dy53My5vcmcvMjAwMC9zdmciPjwvc3ZnPg==\" style=\"--smush-placeholder-width: 752px; --smush-placeholder-aspect-ratio: 752\/446;\" \/><\/figure><\/div>\n\n\n\n<ol class=\"wp-block-list\"><li><strong><a href=\"https:\/\/tutuapps.online\/ro\/descarcati-tutuapp\/\">Desc\u0103rca\u021bi fi\u0219ierul .exe<\/a><\/strong>.<\/li><li>Aplica\u021bia desc\u0103rcat\u0103 va ap\u0103rea \u00een bara de notificare. Face\u021bi clic pe ea \u0219i lansa\u021bi software-ul.<\/li><li>Ve\u021bi primi apoi instruc\u021biuni despre cum s\u0103 instala\u021bi software-ul pe PC-ul dumneavoastr\u0103. Urma\u021bi acest ghid online pentru a instala corect software-ul pe PC.<\/li><li>Accepta\u021bi to\u021bi \"Termenii \u0219i condi\u021biile\" \u0219i face\u021bi clic pe \"Done\" pentru a finaliza ultima etap\u0103 de instalare.<\/li><li>Dup\u0103 ce instalarea este finalizat\u0103, TutuApp va ap\u0103rea pe desktop. Face\u021bi clic pe aceast\u0103 pictogram\u0103 pentru a deschide TutuApp. Dup\u0103 ce o deschide\u021bi, pute\u021bi naviga prin aplica\u021bie pentru a g\u0103si aplica\u021biile dvs. preferate.<\/li><\/ol>\n\n\n\n<h2 class=\"wp-block-heading\">Metoda de instalare 2 :<\/h2>\n\n\n\n<p>Pentru a desc\u0103rca aplica\u021bia TutuApp pentru PC, urma\u021bi instruc\u021biunile pas cu pas de mai jos.<\/p>\n\n\n\n<ol class=\"wp-block-list\"><li><a href=\"https:\/\/tutuapps.online\/ro\/apk\/\"><strong>Desc\u0103rca\u021bi TutuApp.apk<\/strong><\/a>.<\/li><li>Desc\u0103rca\u021bi emulatorul BlueStacks Android.<\/li><li>Localiza\u021bi programul de instalare TutuApp.apk desc\u0103rcat de pe BlueStacks \u0219i instala\u021bi-l pe computerul dumneavoastr\u0103.<\/li><li>Deschide\u021bi magazinul de aplica\u021bii TutuApp pe computer \u0219i utiliza\u021bi Google Translate pentru a \u00een\u021belege ce \u00eenseamn\u0103 butoanele aplica\u021biei.<\/li><li>G\u0103si\u021bi aplica\u021biile \u0219i jocurile pe care le dori\u021bi \u00een magazinul de aplica\u021bii TutuApp pentru PC \u0219i desc\u0103rca\u021bi un num\u0103r nelimitat de aplica\u021bii gratuite. De asemenea, v\u0103 pute\u021bi folosi PC-ul pentru a desc\u0103rca aplica\u021bii \u0219i jocuri pentru alte dispozitive.<\/li><\/ol>\n\n\n\n<p><span style=\"color: #181c3e;\"><strong>S-ar putea s\u0103 v\u0103 intereseze \u0219i<\/strong><\/span><\/p>\n\n\n\n<ul class=\"wp-block-list\"><li><a rel=\"noopener noreferrer\" href=\"https:\/\/tutuapps.online\/ro\/descarcati-tutuapp\/\" target=\"_blank\"><strong>Desc\u0103rca\u021bi TutuApp<\/strong><\/a><\/li><li><a rel=\"noopener noreferrer\" href=\"https:\/\/tutuapps.online\/ro\/deezer-plus\/\" target=\"_blank\"><strong>TutuApp Deezer++<\/strong><\/a><\/li><li><strong><a rel=\"noopener noreferrer\" href=\"https:\/\/tutuapps.online\/ro\/ios\/\" target=\"_blank\">TutuApp iOS<\/a><\/strong><\/li><li><a rel=\"noopener noreferrer\" href=\"https:\/\/tutuapps.online\/ro\/aplicatii-precum-tutuapp\/\" target=\"_blank\"><strong>Aplica\u021bii precum TutuApp<\/strong><\/a><\/li><li><a rel=\"noopener noreferrer\" href=\"https:\/\/tutuapps.online\/ro\/\" target=\"_blank\"><strong>TutuApp | Android \/ iOS<\/strong><\/a><\/li><li><a rel=\"noopener noreferrer\" href=\"https:\/\/tutuapps.online\/ro\/apk\/\" target=\"_blank\"><strong>TutuApp APK<\/strong><\/a><\/li><li><a rel=\"noopener noreferrer\" href=\"https:\/\/tutuapps.online\/ro\/tutuapp-nu-functioneaza\/\" target=\"_blank\"><strong>TutuApp nu func\u021bioneaz\u0103?<\/strong><\/a><\/li><li><a rel=\"noopener noreferrer\" href=\"https:\/\/tutuapps.online\/ro\/pokemon-go\/\" target=\"_blank\"><strong>TutuApp Pok\u00e9mon GO<\/strong><\/a><\/li><li><a rel=\"noopener noreferrer\" href=\"https:\/\/tutuapps.online\/ro\/regulat\/\" target=\"_blank\"><strong>TutuApp Regular<\/strong><\/a><\/li><li><a rel=\"noopener noreferrer\" href=\"https:\/\/tutuapps.online\/ro\/vip\/\" target=\"_blank\"><strong>TutuApp VIP<\/strong><\/a><\/li><li><a rel=\"noopener noreferrer\" href=\"https:\/\/tutuapps.online\/ro\/android\/\" target=\"_blank\"><strong>TutuApp Android<\/strong><\/a><\/li><li><a rel=\"noopener noreferrer\" href=\"https:\/\/tutuapps.online\/ro\/tutu-helper\/\" target=\"_blank\"><strong>Tutu Helper<\/strong><\/a><\/li><li><a rel=\"noopener noreferrer\" href=\"https:\/\/tutuapps.online\/ro\/spotify-plus\/\" target=\"_blank\"><strong>Spotify++<\/strong><\/a><\/li><li><a rel=\"noopener noreferrer\" href=\"https:\/\/tutuapps.online\/ro\/nesstool\/\" target=\"_blank\"><strong>NessTool<\/strong><\/a><\/li><\/ul>\n\n\n\n<div style=\"height:20px\" aria-hidden=\"true\" class=\"wp-block-spacer\"><\/div>","protected":false},"excerpt":{"rendered":"<p>TutuApp PC este unul dintre cele mai cunoscute magazine de aplica\u021bii ter\u021be din lume \u0219i cre\u0219te \u00een popularitate, \u00eenregistr\u00e2nd mii de desc\u0103rc\u0103ri \u00een fiecare zi. TutuApp PC are multe caracteristici care \u00eel fac la fel de popular ca un magazin de aplica\u021bii ter\u021b\u0103 parte. TutuApp ofer\u0103 aplica\u021bii pentru aproape toate dispozitivele \u0219i, de asemenea, gratuit. TutuApp a fost dezvoltat ... <a title=\"TutuApp PC\" class=\"read-more\" href=\"https:\/\/tutuapps.online\/ro\/pc\/\" aria-label=\"Mai multe despre TutuApp PC\">Cite\u0219te mai mult<\/a><\/p>","protected":false},"author":1,"featured_media":2400,"parent":0,"menu_order":0,"comment_status":"closed","ping_status":"closed","template":"","meta":{"generate_page_header":"","footnotes":""},"class_list":["post-86","page","type-page","status-publish","has-post-thumbnail"],"yoast_head":"<!-- This site is optimized with the Yoast SEO plugin v26.5 - https:\/\/yoast.com\/wordpress\/plugins\/seo\/ -->\n<title>\u25b7 T\u00e9l\u00e9charger TUTUAPP pour PC \u3010 \u221a 2026 \u3011<\/title>\n<meta name=\"description\" content=\"I\u27a8 TutuApp PC est l&#039;un des magasins d&#039;applications tierces les plus populaires au monde et gagne en popularit\u00e9 \u2705 Apprenez ici comment ...\" \/>\n<meta name=\"robots\" content=\"index, follow, max-snippet:-1, max-image-preview:large, max-video-preview:-1\" \/>\n<link rel=\"canonical\" href=\"https:\/\/tutuapps.online\/ro\/pc\/\" \/>\n<meta property=\"og:locale\" content=\"ro_RO\" \/>\n<meta property=\"og:type\" content=\"article\" \/>\n<meta property=\"og:title\" content=\"\u25b7 T\u00e9l\u00e9charger TUTUAPP pour PC \u3010 \u221a 2026 \u3011\" \/>\n<meta property=\"og:description\" content=\"I\u27a8 TutuApp PC est l&#039;un des magasins d&#039;applications tierces les plus populaires au monde et gagne en popularit\u00e9 \u2705 Apprenez ici comment ...\" \/>\n<meta property=\"og:url\" content=\"https:\/\/tutuapps.online\/ro\/pc\/\" \/>\n<meta property=\"og:site_name\" content=\"TutuApps.online\" \/>\n<meta property=\"article:modified_time\" content=\"2021-04-06T12:58:37+00:00\" \/>\n<meta property=\"og:image\" content=\"https:\/\/tutuapps.online\/wp-content\/uploads\/2018\/08\/tutuapp-pc.png\" \/>\n<meta name=\"twitter:card\" content=\"summary_large_image\" \/>\n<meta name=\"twitter:label1\" content=\"Timp estimat pentru citire\" \/>\n\t<meta name=\"twitter:data1\" content=\"3 minute\" \/>\n<script type=\"application\/ld+json\" class=\"yoast-schema-graph\">{\"@context\":\"https:\/\/schema.org\",\"@graph\":[{\"@type\":\"WebPage\",\"@id\":\"https:\/\/tutuapps.online\/pc\/\",\"url\":\"https:\/\/tutuapps.online\/pc\/\",\"name\":\"\u25b7 T\u00e9l\u00e9charger TUTUAPP pour PC \u3010 \u221a 2026 \u3011\",\"isPartOf\":{\"@id\":\"https:\/\/tutuapps.online\/#website\"},\"primaryImageOfPage\":{\"@id\":\"https:\/\/tutuapps.online\/pc\/#primaryimage\"},\"image\":{\"@id\":\"https:\/\/tutuapps.online\/pc\/#primaryimage\"},\"thumbnailUrl\":\"https:\/\/tutuapps.online\/wp-content\/uploads\/2023\/04\/tutuapp-pc.jpg\",\"datePublished\":\"2018-08-23T12:26:40+00:00\",\"dateModified\":\"2021-04-06T12:58:37+00:00\",\"description\":\"I\u27a8 TutuApp PC est l'un des magasins d'applications tierces les plus populaires au monde et gagne en popularit\u00e9 \u2705 Apprenez ici comment ...\",\"breadcrumb\":{\"@id\":\"https:\/\/tutuapps.online\/pc\/#breadcrumb\"},\"inLanguage\":\"ro-RO\",\"potentialAction\":[{\"@type\":\"ReadAction\",\"target\":[\"https:\/\/tutuapps.online\/pc\/\"]}]},{\"@type\":\"ImageObject\",\"inLanguage\":\"ro-RO\",\"@id\":\"https:\/\/tutuapps.online\/pc\/#primaryimage\",\"url\":\"https:\/\/tutuapps.online\/wp-content\/uploads\/2023\/04\/tutuapp-pc.jpg\",\"contentUrl\":\"https:\/\/tutuapps.online\/wp-content\/uploads\/2023\/04\/tutuapp-pc.jpg\",\"width\":1004,\"height\":735},{\"@type\":\"BreadcrumbList\",\"@id\":\"https:\/\/tutuapps.online\/pc\/#breadcrumb\",\"itemListElement\":[{\"@type\":\"ListItem\",\"position\":1,\"name\":\"Portada\",\"item\":\"https:\/\/tutuapps.online\/\"},{\"@type\":\"ListItem\",\"position\":2,\"name\":\"TutuApp PC\"}]},{\"@type\":\"WebSite\",\"@id\":\"https:\/\/tutuapps.online\/#website\",\"url\":\"https:\/\/tutuapps.online\/\",\"name\":\"TutuApps.online\",\"description\":\"T\u00e9l\u00e9charger pour iOS, Android, PC\",\"publisher\":{\"@id\":\"https:\/\/tutuapps.online\/#organization\"},\"potentialAction\":[{\"@type\":\"SearchAction\",\"target\":{\"@type\":\"EntryPoint\",\"urlTemplate\":\"https:\/\/tutuapps.online\/?s={search_term_string}\"},\"query-input\":{\"@type\":\"PropertyValueSpecification\",\"valueRequired\":true,\"valueName\":\"search_term_string\"}}],\"inLanguage\":\"ro-RO\"},{\"@type\":\"Organization\",\"@id\":\"https:\/\/tutuapps.online\/#organization\",\"name\":\"Tutuapps Online\",\"url\":\"https:\/\/tutuapps.online\/\",\"logo\":{\"@type\":\"ImageObject\",\"inLanguage\":\"ro-RO\",\"@id\":\"https:\/\/tutuapps.online\/#\/schema\/logo\/image\/\",\"url\":\"https:\/\/tutuapps.online\/wp-content\/uploads\/2022\/01\/tutuapps-online.png\",\"contentUrl\":\"https:\/\/tutuapps.online\/wp-content\/uploads\/2022\/01\/tutuapps-online.png\",\"width\":337,\"height\":94,\"caption\":\"Tutuapps Online\"},\"image\":{\"@id\":\"https:\/\/tutuapps.online\/#\/schema\/logo\/image\/\"}}]}<\/script>\n<!-- \/ Yoast SEO plugin. -->","yoast_head_json":{"title":"\u25b7 T\u00e9l\u00e9charger TUTUAPP pour PC \u3010 \u221a 2026 \u3011","description":"I\u27a8 TutuApp PC est l'un des magasins d'applications tierces les plus populaires au monde et gagne en popularit\u00e9 \u2705 Apprenez ici comment ...","robots":{"index":"index","follow":"follow","max-snippet":"max-snippet:-1","max-image-preview":"max-image-preview:large","max-video-preview":"max-video-preview:-1"},"canonical":"https:\/\/tutuapps.online\/ro\/pc\/","og_locale":"ro_RO","og_type":"article","og_title":"\u25b7 T\u00e9l\u00e9charger TUTUAPP pour PC \u3010 \u221a 2026 \u3011","og_description":"I\u27a8 TutuApp PC est l'un des magasins d'applications tierces les plus populaires au monde et gagne en popularit\u00e9 \u2705 Apprenez ici comment ...","og_url":"https:\/\/tutuapps.online\/ro\/pc\/","og_site_name":"TutuApps.online","article_modified_time":"2021-04-06T12:58:37+00:00","og_image":[{"url":"https:\/\/tutuapps.online\/wp-content\/uploads\/2018\/08\/tutuapp-pc.png","type":"","width":"","height":""}],"twitter_card":"summary_large_image","twitter_misc":{"Timp estimat pentru citire":"3 minute"},"schema":{"@context":"https:\/\/schema.org","@graph":[{"@type":"WebPage","@id":"https:\/\/tutuapps.online\/pc\/","url":"https:\/\/tutuapps.online\/pc\/","name":"\u25b7 T\u00e9l\u00e9charger TUTUAPP pour PC \u3010 \u221a 2026 \u3011","isPartOf":{"@id":"https:\/\/tutuapps.online\/#website"},"primaryImageOfPage":{"@id":"https:\/\/tutuapps.online\/pc\/#primaryimage"},"image":{"@id":"https:\/\/tutuapps.online\/pc\/#primaryimage"},"thumbnailUrl":"https:\/\/tutuapps.online\/wp-content\/uploads\/2023\/04\/tutuapp-pc.jpg","datePublished":"2018-08-23T12:26:40+00:00","dateModified":"2021-04-06T12:58:37+00:00","description":"I\u27a8 TutuApp PC est l'un des magasins d'applications tierces les plus populaires au monde et gagne en popularit\u00e9 \u2705 Apprenez ici comment ...","breadcrumb":{"@id":"https:\/\/tutuapps.online\/pc\/#breadcrumb"},"inLanguage":"ro-RO","potentialAction":[{"@type":"ReadAction","target":["https:\/\/tutuapps.online\/pc\/"]}]},{"@type":"ImageObject","inLanguage":"ro-RO","@id":"https:\/\/tutuapps.online\/pc\/#primaryimage","url":"https:\/\/tutuapps.online\/wp-content\/uploads\/2023\/04\/tutuapp-pc.jpg","contentUrl":"https:\/\/tutuapps.online\/wp-content\/uploads\/2023\/04\/tutuapp-pc.jpg","width":1004,"height":735},{"@type":"BreadcrumbList","@id":"https:\/\/tutuapps.online\/pc\/#breadcrumb","itemListElement":[{"@type":"ListItem","position":1,"name":"Portada","item":"https:\/\/tutuapps.online\/"},{"@type":"ListItem","position":2,"name":"TutuApp PC"}]},{"@type":"WebSite","@id":"https:\/\/tutuapps.online\/#website","url":"https:\/\/tutuapps.online\/","name":"TutuApps.online","description":"T\u00e9l\u00e9charger pour iOS, Android, PC","publisher":{"@id":"https:\/\/tutuapps.online\/#organization"},"potentialAction":[{"@type":"SearchAction","target":{"@type":"EntryPoint","urlTemplate":"https:\/\/tutuapps.online\/?s={search_term_string}"},"query-input":{"@type":"PropertyValueSpecification","valueRequired":true,"valueName":"search_term_string"}}],"inLanguage":"ro-RO"},{"@type":"Organization","@id":"https:\/\/tutuapps.online\/#organization","name":"Tutuapps Online","url":"https:\/\/tutuapps.online\/","logo":{"@type":"ImageObject","inLanguage":"ro-RO","@id":"https:\/\/tutuapps.online\/#\/schema\/logo\/image\/","url":"https:\/\/tutuapps.online\/wp-content\/uploads\/2022\/01\/tutuapps-online.png","contentUrl":"https:\/\/tutuapps.online\/wp-content\/uploads\/2022\/01\/tutuapps-online.png","width":337,"height":94,"caption":"Tutuapps Online"},"image":{"@id":"https:\/\/tutuapps.online\/#\/schema\/logo\/image\/"}}]}},"_links":{"self":[{"href":"https:\/\/tutuapps.online\/ro\/wp-json\/wp\/v2\/pages\/86","targetHints":{"allow":["GET"]}}],"collection":[{"href":"https:\/\/tutuapps.online\/ro\/wp-json\/wp\/v2\/pages"}],"about":[{"href":"https:\/\/tutuapps.online\/ro\/wp-json\/wp\/v2\/types\/page"}],"author":[{"embeddable":true,"href":"https:\/\/tutuapps.online\/ro\/wp-json\/wp\/v2\/users\/1"}],"replies":[{"embeddable":true,"href":"https:\/\/tutuapps.online\/ro\/wp-json\/wp\/v2\/comments?post=86"}],"version-history":[{"count":0,"href":"https:\/\/tutuapps.online\/ro\/wp-json\/wp\/v2\/pages\/86\/revisions"}],"wp:featuredmedia":[{"embeddable":true,"href":"https:\/\/tutuapps.online\/ro\/wp-json\/wp\/v2\/media\/2400"}],"wp:attachment":[{"href":"https:\/\/tutuapps.online\/ro\/wp-json\/wp\/v2\/media?parent=86"}],"curies":[{"name":"wp","href":"https:\/\/api.w.org\/{rel}","templated":true}]}}