{"id":83,"date":"2018-08-23T11:26:41","date_gmt":"2018-08-23T11:26:41","guid":{"rendered":"http:\/\/tutuapps.online\/?page_id=83"},"modified":"2021-04-06T12:57:57","modified_gmt":"2021-04-06T12:57:57","slug":"android","status":"publish","type":"page","link":"https:\/\/tutuapps.online\/ro\/android\/","title":{"rendered":"TutuApp Android"},"content":{"rendered":"<p><a href=\"https:\/\/tutuapps.online\/ro\/\"><strong>TutuApp<\/strong><\/a> Android este unul dintre cele mai populare magazine de aplica\u021bii ter\u021be din lume, unde pute\u021bi g\u0103si aproape orice aplica\u021bie popular\u0103 pentru dispozitivul dumneavoastr\u0103 Android.<\/p>\n<p>TutuApp a fost ini\u021bial dezvoltat\u0103 pentru dispozitivele Android, dar acum este disponibil\u0103 pentru aproape toate platformele.<\/p>\n<p>Cel mai bun lucru la TutuApp Android \u0219i ceea ce \u00eel diferen\u021biaz\u0103 de Magazinul oficial Google este c\u0103 toate aplica\u021biile pe care le vede\u021bi \u00een TutuApp App Store sunt disponibile pentru desc\u0103rcare \u0219i instalare gratuit\u0103.<\/p>\n<p><img wpfc-lazyload-disable=\"true\" decoding=\"async\" class=\"aligncenter size-full wp-image-84 lazyload\" data-src=\"https:\/\/tutuapps.online\/wp-content\/uploads\/2018\/08\/tutuapp-android.png\" alt=\"tutuapp-android\" width=\"210\" height=\"232\" src=\"data:image\/svg+xml;base64,PHN2ZyB3aWR0aD0iMSIgaGVpZ2h0PSIxIiB4bWxucz0iaHR0cDovL3d3dy53My5vcmcvMjAwMC9zdmciPjwvc3ZnPg==\" style=\"--smush-placeholder-width: 210px; --smush-placeholder-aspect-ratio: 210\/232;\" \/><\/p>\n<h2>TutuApp Android caracteristici<\/h2>\n<p>Multe caracteristici fac din TutuApp unul dintre cele mai bune magazine de aplica\u021bii ter\u021be din lume. Mai jos este o list\u0103 cu principalele caracteristici ale TutuApp.<\/p>\n<ul>\n<li>TutuApp are o bar\u0103 de c\u0103utare foarte precis\u0103 pe care o pute\u021bi folosi pentru a g\u0103si aplica\u021bia dorit\u0103 \u0219i a o desc\u0103rca f\u0103r\u0103 a pierde timp.<\/li>\n<li>TutuApp ofer\u0103 toate aplica\u021biile f\u0103r\u0103 niciun cost pentru utilizatorii s\u0103i, fiecare aplica\u021bie sau joc din magazinul de aplica\u021bii TutuApp este disponibil pentru desc\u0103rcare \u0219i instalare gratuit\u0103.<\/li>\n<li>Magazinul de aplica\u021bii Android TutuApp nu se limiteaz\u0103 doar la aplica\u021bii \u0219i jocuri gratuite, ci pute\u021bi desc\u0103rca \u0219i c\u0103r\u021bi electronice gratuite, muzic\u0103 gratuit\u0103 \u0219i mult mai mult con\u021binut multimedia f\u0103r\u0103 a fi nevoi\u021bi s\u0103 pl\u0103ti\u021bi pentru acestea.<\/li>\n<li>Nu ave\u021bi nevoie de un dispozitiv Android \"rutat\" pentru a utiliza magazinul de aplica\u021bii TutuApp pe smartphone, TutuApp va func\u021biona \u0219i pe un smartphone Android normal.<\/li>\n<li>TutuApp are o bar\u0103 de instrumente care v\u0103 permite s\u0103 seta\u021bi alarme, memento-uri, s\u0103 accesa\u021bi sau s\u0103 modifica\u021bi orele etc. TutuApp are chiar \u0219i un software de cur\u0103\u021bare integrat care v\u0103 poate ajuta s\u0103 cur\u0103\u021ba\u021bi fi\u0219ierele nefolosite \u00een exces sau memoria RAM pentru a v\u0103 men\u021bine dispozitivul \u00een stare de func\u021bionare.<\/li>\n<li>Aplica\u021bia TutuApp include doar limba chinez\u0103, astfel \u00eenc\u00e2t utilizatorii vor trebui s\u0103 foloseasc\u0103 aplica\u021bia Google Translate pentru a \u00een\u021belege instruc\u021biunile aplica\u021biei sau s\u0103 vizualizeze imaginile pentru a \u00een\u021belege ce \u00eenseamn\u0103 op\u021biunile.<\/li>\n<\/ul>\n<h2>Desc\u0103rca\u021bi TutuApp pentru Android<\/h2>\n<ol>\n<li><a href=\"https:\/\/tutuapps.online\/ro\/descarcati-tutuapp\/\"><strong>Desc\u0103rca\u021bi TutuApp APK<\/strong><\/a>.<\/li>\n<li>Localiza\u021bi fi\u0219ierul apk TutuApp desc\u0103rcat utiliz\u00e2nd managerul de fi\u0219iere.<\/li>\n<li>Instaleaz\u0103 TutuApp pe smartphone-ul t\u0103u.<\/li>\n<li>Dac\u0103 \u00eent\u00e2mpina\u021bi probleme la instalarea magazinului de aplica\u021bii TutuApp pe smartphone-ul Android, deschide\u021bi set\u0103rile telefonului pe dispozitivul Android, accesa\u021bi \"Securitate\" \u0219i activa\u021bi op\u021biunea \"Instalare aplica\u021bii din surse necunoscute\".<\/li>\n<li>Dup\u0103 ce procesul de desc\u0103rcare s-a \u00eencheiat cu succes, deschide\u021bi TutuApp din sertarul de aplica\u021bii \u0219i desc\u0103rca\u021bi gratuit orice aplica\u021bie sau joc.<\/li>\n<\/ol>\n<p><span style=\"color: #181c3e;\"><strong>S-ar putea s\u0103 v\u0103 intereseze \u0219i<\/strong><\/span><\/p>\n<ul>\n<li class=\"entry-title\"><a href=\"https:\/\/tutuapps.online\/ro\/descarcati-tutuapp\/\" target=\"_blank\" rel=\"noopener noreferrer\"><strong>Desc\u0103rca\u021bi TutuApp<\/strong><\/a><\/li>\n<li class=\"entry-title\"><a href=\"https:\/\/tutuapps.online\/ro\/deezer-plus\/\" target=\"_blank\" rel=\"noopener noreferrer\"><strong>TutuApp Deezer++<\/strong><\/a><\/li>\n<li><strong><a href=\"https:\/\/tutuapps.online\/ro\/ios\/\" target=\"_blank\" rel=\"noopener noreferrer\">TutuApp iOS<\/a><\/strong><\/li>\n<li><a href=\"https:\/\/tutuapps.online\/ro\/aplicatii-precum-tutuapp\/\" target=\"_blank\" rel=\"noopener noreferrer\"><strong>Aplica\u021bii precum TutuApp<\/strong><\/a><\/li>\n<li><a href=\"https:\/\/tutuapps.online\/ro\/\" target=\"_blank\" rel=\"noopener noreferrer\"><strong>TutuApp | Android \/ iOS<\/strong><\/a><\/li>\n<li><a href=\"https:\/\/tutuapps.online\/ro\/apk\/\" target=\"_blank\" rel=\"noopener noreferrer\"><strong>TutuApp APK<\/strong><\/a><\/li>\n<li><a href=\"https:\/\/tutuapps.online\/ro\/tutuapp-nu-functioneaza\/\" target=\"_blank\" rel=\"noopener noreferrer\"><strong>TutuApp nu func\u021bioneaz\u0103?<\/strong><\/a><\/li>\n<li><a href=\"https:\/\/tutuapps.online\/ro\/pokemon-go\/\" target=\"_blank\" rel=\"noopener noreferrer\"><strong>TutuApp Pok\u00e9mon GO<\/strong><\/a><\/li>\n<li><a href=\"https:\/\/tutuapps.online\/ro\/regulat\/\" target=\"_blank\" rel=\"noopener noreferrer\"><strong>TutuApp Regular<\/strong><\/a><\/li>\n<li><a href=\"https:\/\/tutuapps.online\/ro\/vip\/\" target=\"_blank\" rel=\"noopener noreferrer\"><strong>TutuApp VIP<\/strong><\/a><\/li>\n<\/ul>\n\n\n<div style=\"height:20px\" aria-hidden=\"true\" class=\"wp-block-spacer\"><\/div>","protected":false},"excerpt":{"rendered":"<p>TutuApp Android est l&rsquo;une des boutiques d&rsquo;applications tierces les plus populaires au monde, o\u00f9 vous pouvez trouver presque toutes les applications populaires pour votre appareil Android. TutuApp a \u00e9t\u00e9 initialement d\u00e9velopp\u00e9 pour les appareils Android, mais est maintenant disponible pour presque toutes les plates-formes. La meilleure chose \u00e0 propos de TutuApp Android, et ce qui &#8230; <a title=\"TutuApp Android\" class=\"read-more\" href=\"https:\/\/tutuapps.online\/ro\/android\/\" aria-label=\"More on TutuApp Android\">Cite\u0219te mai mult<\/a><\/p>","protected":false},"author":1,"featured_media":1654,"parent":0,"menu_order":0,"comment_status":"closed","ping_status":"closed","template":"","meta":{"generate_page_header":"","footnotes":""},"class_list":["post-83","page","type-page","status-publish","has-post-thumbnail"],"yoast_head":"<!-- This site is optimized with the Yoast SEO plugin v26.5 - https:\/\/yoast.com\/wordpress\/plugins\/seo\/ -->\n<title>\u25b7 T\u00e9l\u00e9charger TUTUAPP pour Android \u3010 \u221a 2026 \u3011<\/title>\n<meta name=\"description\" content=\"I\u27a8 TutuApp Android est l&#039;un des app stores tiers les plus populaires au monde \u2705 Vous pouvez trouver presque toutes les applications que ...\" \/>\n<meta name=\"robots\" content=\"index, follow, max-snippet:-1, max-image-preview:large, max-video-preview:-1\" \/>\n<link rel=\"canonical\" href=\"https:\/\/tutuapps.online\/ro\/android\/\" \/>\n<meta property=\"og:locale\" content=\"ro_RO\" \/>\n<meta property=\"og:type\" content=\"article\" \/>\n<meta property=\"og:title\" content=\"\u25b7 T\u00e9l\u00e9charger TUTUAPP pour Android \u3010 \u221a 2026 \u3011\" \/>\n<meta property=\"og:description\" content=\"I\u27a8 TutuApp Android est l&#039;un des app stores tiers les plus populaires au monde \u2705 Vous pouvez trouver presque toutes les applications que ...\" \/>\n<meta property=\"og:url\" content=\"https:\/\/tutuapps.online\/ro\/android\/\" \/>\n<meta property=\"og:site_name\" content=\"TutuApps.online\" \/>\n<meta property=\"article:modified_time\" content=\"2021-04-06T12:57:57+00:00\" \/>\n<meta property=\"og:image\" content=\"https:\/\/tutuapps.online\/wp-content\/uploads\/2020\/03\/tutuapp-pour-android-devices.png\" \/>\n\t<meta property=\"og:image:width\" content=\"210\" \/>\n\t<meta property=\"og:image:height\" content=\"232\" \/>\n\t<meta property=\"og:image:type\" content=\"image\/png\" \/>\n<meta name=\"twitter:card\" content=\"summary_large_image\" \/>\n<meta name=\"twitter:label1\" content=\"Timp estimat pentru citire\" \/>\n\t<meta name=\"twitter:data1\" content=\"3 minute\" \/>\n<script type=\"application\/ld+json\" class=\"yoast-schema-graph\">{\"@context\":\"https:\/\/schema.org\",\"@graph\":[{\"@type\":\"WebPage\",\"@id\":\"https:\/\/tutuapps.online\/android\/\",\"url\":\"https:\/\/tutuapps.online\/android\/\",\"name\":\"\u25b7 T\u00e9l\u00e9charger TUTUAPP pour Android \u3010 \u221a 2026 \u3011\",\"isPartOf\":{\"@id\":\"https:\/\/tutuapps.online\/#website\"},\"primaryImageOfPage\":{\"@id\":\"https:\/\/tutuapps.online\/android\/#primaryimage\"},\"image\":{\"@id\":\"https:\/\/tutuapps.online\/android\/#primaryimage\"},\"thumbnailUrl\":\"https:\/\/tutuapps.online\/wp-content\/uploads\/2020\/03\/tutuapp-pour-android-devices.png\",\"datePublished\":\"2018-08-23T11:26:41+00:00\",\"dateModified\":\"2021-04-06T12:57:57+00:00\",\"description\":\"I\u27a8 TutuApp Android est l'un des app stores tiers les plus populaires au monde \u2705 Vous pouvez trouver presque toutes les applications que ...\",\"breadcrumb\":{\"@id\":\"https:\/\/tutuapps.online\/android\/#breadcrumb\"},\"inLanguage\":\"ro-RO\",\"potentialAction\":[{\"@type\":\"ReadAction\",\"target\":[\"https:\/\/tutuapps.online\/android\/\"]}]},{\"@type\":\"ImageObject\",\"inLanguage\":\"ro-RO\",\"@id\":\"https:\/\/tutuapps.online\/android\/#primaryimage\",\"url\":\"https:\/\/tutuapps.online\/wp-content\/uploads\/2020\/03\/tutuapp-pour-android-devices.png\",\"contentUrl\":\"https:\/\/tutuapps.online\/wp-content\/uploads\/2020\/03\/tutuapp-pour-android-devices.png\",\"width\":210,\"height\":232,\"caption\":\"tutuapp-pour-android-telecharger\"},{\"@type\":\"BreadcrumbList\",\"@id\":\"https:\/\/tutuapps.online\/android\/#breadcrumb\",\"itemListElement\":[{\"@type\":\"ListItem\",\"position\":1,\"name\":\"Portada\",\"item\":\"https:\/\/tutuapps.online\/\"},{\"@type\":\"ListItem\",\"position\":2,\"name\":\"TutuApp Android\"}]},{\"@type\":\"WebSite\",\"@id\":\"https:\/\/tutuapps.online\/#website\",\"url\":\"https:\/\/tutuapps.online\/\",\"name\":\"TutuApps.online\",\"description\":\"T\u00e9l\u00e9charger pour iOS, Android, PC\",\"publisher\":{\"@id\":\"https:\/\/tutuapps.online\/#organization\"},\"potentialAction\":[{\"@type\":\"SearchAction\",\"target\":{\"@type\":\"EntryPoint\",\"urlTemplate\":\"https:\/\/tutuapps.online\/?s={search_term_string}\"},\"query-input\":{\"@type\":\"PropertyValueSpecification\",\"valueRequired\":true,\"valueName\":\"search_term_string\"}}],\"inLanguage\":\"ro-RO\"},{\"@type\":\"Organization\",\"@id\":\"https:\/\/tutuapps.online\/#organization\",\"name\":\"Tutuapps Online\",\"url\":\"https:\/\/tutuapps.online\/\",\"logo\":{\"@type\":\"ImageObject\",\"inLanguage\":\"ro-RO\",\"@id\":\"https:\/\/tutuapps.online\/#\/schema\/logo\/image\/\",\"url\":\"https:\/\/tutuapps.online\/wp-content\/uploads\/2022\/01\/tutuapps-online.png\",\"contentUrl\":\"https:\/\/tutuapps.online\/wp-content\/uploads\/2022\/01\/tutuapps-online.png\",\"width\":337,\"height\":94,\"caption\":\"Tutuapps Online\"},\"image\":{\"@id\":\"https:\/\/tutuapps.online\/#\/schema\/logo\/image\/\"}}]}<\/script>\n<!-- \/ Yoast SEO plugin. -->","yoast_head_json":{"title":"\u25b7 T\u00e9l\u00e9charger TUTUAPP pour Android \u3010 \u221a 2026 \u3011","description":"I\u27a8 TutuApp Android est l'un des app stores tiers les plus populaires au monde \u2705 Vous pouvez trouver presque toutes les applications que ...","robots":{"index":"index","follow":"follow","max-snippet":"max-snippet:-1","max-image-preview":"max-image-preview:large","max-video-preview":"max-video-preview:-1"},"canonical":"https:\/\/tutuapps.online\/ro\/android\/","og_locale":"ro_RO","og_type":"article","og_title":"\u25b7 T\u00e9l\u00e9charger TUTUAPP pour Android \u3010 \u221a 2026 \u3011","og_description":"I\u27a8 TutuApp Android est l'un des app stores tiers les plus populaires au monde \u2705 Vous pouvez trouver presque toutes les applications que ...","og_url":"https:\/\/tutuapps.online\/ro\/android\/","og_site_name":"TutuApps.online","article_modified_time":"2021-04-06T12:57:57+00:00","og_image":[{"width":210,"height":232,"url":"https:\/\/tutuapps.online\/wp-content\/uploads\/2020\/03\/tutuapp-pour-android-devices.png","type":"image\/png"}],"twitter_card":"summary_large_image","twitter_misc":{"Timp estimat pentru citire":"3 minute"},"schema":{"@context":"https:\/\/schema.org","@graph":[{"@type":"WebPage","@id":"https:\/\/tutuapps.online\/android\/","url":"https:\/\/tutuapps.online\/android\/","name":"\u25b7 T\u00e9l\u00e9charger TUTUAPP pour Android \u3010 \u221a 2026 \u3011","isPartOf":{"@id":"https:\/\/tutuapps.online\/#website"},"primaryImageOfPage":{"@id":"https:\/\/tutuapps.online\/android\/#primaryimage"},"image":{"@id":"https:\/\/tutuapps.online\/android\/#primaryimage"},"thumbnailUrl":"https:\/\/tutuapps.online\/wp-content\/uploads\/2020\/03\/tutuapp-pour-android-devices.png","datePublished":"2018-08-23T11:26:41+00:00","dateModified":"2021-04-06T12:57:57+00:00","description":"I\u27a8 TutuApp Android est l'un des app stores tiers les plus populaires au monde \u2705 Vous pouvez trouver presque toutes les applications que ...","breadcrumb":{"@id":"https:\/\/tutuapps.online\/android\/#breadcrumb"},"inLanguage":"ro-RO","potentialAction":[{"@type":"ReadAction","target":["https:\/\/tutuapps.online\/android\/"]}]},{"@type":"ImageObject","inLanguage":"ro-RO","@id":"https:\/\/tutuapps.online\/android\/#primaryimage","url":"https:\/\/tutuapps.online\/wp-content\/uploads\/2020\/03\/tutuapp-pour-android-devices.png","contentUrl":"https:\/\/tutuapps.online\/wp-content\/uploads\/2020\/03\/tutuapp-pour-android-devices.png","width":210,"height":232,"caption":"tutuapp-pour-android-telecharger"},{"@type":"BreadcrumbList","@id":"https:\/\/tutuapps.online\/android\/#breadcrumb","itemListElement":[{"@type":"ListItem","position":1,"name":"Portada","item":"https:\/\/tutuapps.online\/"},{"@type":"ListItem","position":2,"name":"TutuApp Android"}]},{"@type":"WebSite","@id":"https:\/\/tutuapps.online\/#website","url":"https:\/\/tutuapps.online\/","name":"TutuApps.online","description":"T\u00e9l\u00e9charger pour iOS, Android, PC","publisher":{"@id":"https:\/\/tutuapps.online\/#organization"},"potentialAction":[{"@type":"SearchAction","target":{"@type":"EntryPoint","urlTemplate":"https:\/\/tutuapps.online\/?s={search_term_string}"},"query-input":{"@type":"PropertyValueSpecification","valueRequired":true,"valueName":"search_term_string"}}],"inLanguage":"ro-RO"},{"@type":"Organization","@id":"https:\/\/tutuapps.online\/#organization","name":"Tutuapps Online","url":"https:\/\/tutuapps.online\/","logo":{"@type":"ImageObject","inLanguage":"ro-RO","@id":"https:\/\/tutuapps.online\/#\/schema\/logo\/image\/","url":"https:\/\/tutuapps.online\/wp-content\/uploads\/2022\/01\/tutuapps-online.png","contentUrl":"https:\/\/tutuapps.online\/wp-content\/uploads\/2022\/01\/tutuapps-online.png","width":337,"height":94,"caption":"Tutuapps Online"},"image":{"@id":"https:\/\/tutuapps.online\/#\/schema\/logo\/image\/"}}]}},"_links":{"self":[{"href":"https:\/\/tutuapps.online\/ro\/wp-json\/wp\/v2\/pages\/83","targetHints":{"allow":["GET"]}}],"collection":[{"href":"https:\/\/tutuapps.online\/ro\/wp-json\/wp\/v2\/pages"}],"about":[{"href":"https:\/\/tutuapps.online\/ro\/wp-json\/wp\/v2\/types\/page"}],"author":[{"embeddable":true,"href":"https:\/\/tutuapps.online\/ro\/wp-json\/wp\/v2\/users\/1"}],"replies":[{"embeddable":true,"href":"https:\/\/tutuapps.online\/ro\/wp-json\/wp\/v2\/comments?post=83"}],"version-history":[{"count":0,"href":"https:\/\/tutuapps.online\/ro\/wp-json\/wp\/v2\/pages\/83\/revisions"}],"wp:featuredmedia":[{"embeddable":true,"href":"https:\/\/tutuapps.online\/ro\/wp-json\/wp\/v2\/media\/1654"}],"wp:attachment":[{"href":"https:\/\/tutuapps.online\/ro\/wp-json\/wp\/v2\/media?parent=83"}],"curies":[{"name":"wp","href":"https:\/\/api.w.org\/{rel}","templated":true}]}}