{"id":73,"date":"2019-02-04T21:49:31","date_gmt":"2019-02-04T21:49:31","guid":{"rendered":"http:\/\/tutuapps.online\/?page_id=73"},"modified":"2023-10-09T21:08:40","modified_gmt":"2023-10-09T21:08:40","slug":"ios","status":"publish","type":"page","link":"https:\/\/tutuapps.online\/ro\/ios\/","title":{"rendered":"TutuApp iOS"},"content":{"rendered":"<p>Dac\u0103 sunte\u021bi \u00een c\u0103utarea pentru a desc\u0103rca TutuApp iOS, nu c\u0103uta\u021bi mai departe, noi v\u0103 oferim un mod simplu \u0219i u\u0219or de a desc\u0103rca aplica\u021bia TutuApp iOS \u0219i v\u0103 explic\u0103m \u00een detaliu \u00eentregul proces de instalare.<\/p>\n\n\n\n<p><a href=\"https:\/\/tutuapps.online\/ro\/\"><strong>TutuApp<\/strong><\/a> este unul dintre cele mai populare magazine de aplica\u021bii ter\u021be \u0219i cre\u0219te \u00een popularitate \u00een fiecare zi.<\/p>\n\n\n\n<p>TutuApp are <a href=\"https:\/\/tutuapps.online\/ro\/android\/\">a fost dezvoltat ini\u021bial pentru dispozitivele Android<\/a>dar acum este disponibil \u0219i pentru iOS.<\/p>\n\n\n<div class=\"wp-block-image\">\n<figure class=\"aligncenter\"><img wpfc-lazyload-disable=\"true\" decoding=\"async\" width=\"210\" height=\"232\" data-src=\"https:\/\/tutuapps.online\/wp-content\/uploads\/2018\/08\/tutuapp-ios.png\" alt=\"tutuapp-ios\" class=\"wp-image-80 lazyload\" src=\"data:image\/svg+xml;base64,PHN2ZyB3aWR0aD0iMSIgaGVpZ2h0PSIxIiB4bWxucz0iaHR0cDovL3d3dy53My5vcmcvMjAwMC9zdmciPjwvc3ZnPg==\" style=\"--smush-placeholder-width: 210px; --smush-placeholder-aspect-ratio: 210\/232;\" \/><\/figure>\n<\/div>\n\n\n<div class=\"wp-block-button aligncenter\"><a class=\"wp-block-button__link wp-element-button\" href=\"https:\/\/tutuapps.online\/ro\/tutuapp-nu-functioneaza\/\"><strong><em>Tutu App<\/em><\/strong><\/a><\/div>\n\n\n\n<h2 class=\"wp-block-heading\">TutuApp iOS caracteristici<\/h2>\n\n\n\n<p>Mai jos sunt enumerate toate caracteristicile intrigante ale aplica\u021biei TutuApp iOS care o fac una dintre cele mai populare printre concuren\u021bii s\u0103i.<\/p>\n\n\n\n<ol class=\"wp-block-list\">\n<li>Toate aplica\u021biile pe care le vede\u021bi \u00een magazinul de aplica\u021bii TutuApp sunt disponibile pentru a fi desc\u0103rcate \u0219i instalate gratuit pe dispozitivul dumneavoastr\u0103. Aplica\u021bia poate fi instalat\u0103 \u0219i utilizat\u0103 \u00een mod liber.<\/li>\n\n\n\n<li>Pe TutuApp pute\u021bi g\u0103si, de asemenea, o mul\u021bime de jocuri, c\u0103r\u021bi electronice, muzic\u0103 \u0219i alte con\u021binuturi multimedia \u00een mod gratuit \u0219i le pute\u021bi desc\u0103rca pe dispozitivul dumneavoastr\u0103.<\/li>\n\n\n\n<li>TutuApp pentru iOS are un dispozitiv de cur\u0103\u021bare a aplica\u021biilor \u00eencorporat, care se poate ocupa de toate fi\u0219ierele suplimentare pe care nu le utiliza\u021bi \u00een prezent pentru a elibera spa\u021biu pe dispozitiv.<\/li>\n\n\n\n<li>Dispune de o bar\u0103 de instrumente care v\u0103 ofer\u0103 acces la toate func\u021biile utile, cum ar fi gestionarea calendarului, memento-uri, alarme, tor\u021be etc.<\/li>\n\n\n\n<li>Nu ave\u021bi nevoie de un dispozitiv iOS cu jailbreak pentru a utiliza TutuApp, exist\u0103 dou\u0103 versiuni separate ale aplica\u021biei care func\u021bioneaz\u0103 pe oricare dintre ele.<\/li>\n\n\n\n<li>Re\u021bine\u021bi c\u0103 limba aplica\u021biei este chineza, a\u0219a c\u0103, dac\u0103 dori\u021bi s\u0103 o utiliza\u021bi, ve\u021bi avea nevoie de ajutorul Google Translate pentru a \u00een\u021belege ce \u00eenseamn\u0103 op\u021biunile aplica\u021biei, ceea ce nu va dura mult timp.<\/li>\n<\/ol>\n\n\n\n<h2 class=\"wp-block-heading\">Instruc\u021biuni de instalare<\/h2>\n\n\n\n<p>Este disponibil\u0103 gratuit \u0219i nu trebuie s\u0103 o verifica\u021bi atunci c\u00e2nd porni\u021bi aplica\u021bia. De\u0219i este o aplica\u021bie chinez\u0103, creatorii au inclus limba englez\u0103 \u00een ultima actualizare.<\/p>\n\n\n\n<ul class=\"wp-block-list\">\n<li>Acesta se prezint\u0103 sub dou\u0103 forme diferite, <a href=\"https:\/\/tutuapps.online\/ro\/tutu-helper\/\">TutuApp Helper<\/a> \u0219i <a href=\"https:\/\/tutuapps.online\/ro\/vip\/\">TutuApp VIP<\/a>.<\/li>\n\n\n\n<li>Nu conteaz\u0103 dac\u0103 dispozitivul dvs. are jailbreak sau nu, acesta se descarc\u0103 \u00een ambele condi\u021bii.<\/li>\n\n\n\n<li>Dispozitivul iOS pe care \u00eel utiliza\u021bi trebuie s\u0103 aib\u0103 o versiune a sistemului de operare mai mare dec\u00e2t iOS 9 pentru a rula cea mai recent\u0103 versiune a TutuApp.<\/li>\n<\/ul>\n\n\n\n<h2 class=\"wp-block-heading\">Descarc\u0103 TutuApp pentru iOS (iPhone, iPad)<\/h2>\n\n\n\n<h2 class=\"wp-block-heading\"><figure><img wpfc-lazyload-disable=\"true\" decoding=\"async\" width=\"283\" height=\"600\" class=\"aligncenter wp-image-75 size-full lazyload\" data-src=\"https:\/\/tutuapps.online\/wp-content\/uploads\/2018\/08\/scanner-le-code-qr-tutuapp.jpg\" alt=\"scan-the-code-qr-tutuapp\" data-srcset=\"https:\/\/tutuapps.online\/wp-content\/uploads\/2018\/08\/scanner-le-code-qr-tutuapp.jpg 283w, https:\/\/tutuapps.online\/wp-content\/uploads\/2018\/08\/scanner-le-code-qr-tutuapp-142x300.jpg 142w\" data-sizes=\"(max-width: 283px) 100vw, 283px\" src=\"data:image\/svg+xml;base64,PHN2ZyB3aWR0aD0iMSIgaGVpZ2h0PSIxIiB4bWxucz0iaHR0cDovL3d3dy53My5vcmcvMjAwMC9zdmciPjwvc3ZnPg==\" style=\"--smush-placeholder-width: 283px; --smush-placeholder-aspect-ratio: 283\/600;\" \/><\/figure><\/h2>\n\n\n\n<p>Procesul de desc\u0103rcare \u0219i instalare este foarte simplu \u0219i u\u0219or. Urma\u021bi doar ghidul de mai jos pentru a finaliza procesul de desc\u0103rcare. Dar TutuApp VIP este o aplica\u021bie cu plat\u0103, \u00een timp ce TutuApp Helper este disponibil\u0103 gratuit. Probabil v\u0103 recomand\u0103m s\u0103 folosi\u021bi TutuApp Helper, de\u0219i cel\u0103lalt Helper este foarte asem\u0103n\u0103tor.<\/p>\n\n\n\n<h2 class=\"wp-block-heading\">Cum se instaleaz\u0103 TutuApp pentru iOS (iPhone, iPad, iPod Touch)?<\/h2>\n\n\n<div class=\"wp-block-image\">\n<figure class=\"aligncenter\"><img decoding=\"async\" width=\"140\" height=\"140\" data-src=\"https:\/\/tutuapps.online\/wp-content\/uploads\/2019\/02\/qr-code-tutuapp-ios.png\" alt=\"qr-code-tutuapp-ios\" class=\"wp-image-698 lazyload\" data-srcset=\"https:\/\/tutuapps.online\/wp-content\/uploads\/2019\/02\/qr-code-tutuapp-ios.png 140w, https:\/\/tutuapps.online\/wp-content\/uploads\/2019\/02\/qr-code-tutuapp-ios-150x150.png 150w\" data-sizes=\"(max-width: 140px) 100vw, 140px\" src=\"data:image\/svg+xml;base64,PHN2ZyB3aWR0aD0iMSIgaGVpZ2h0PSIxIiB4bWxucz0iaHR0cDovL3d3dy53My5vcmcvMjAwMC9zdmciPjwvc3ZnPg==\" style=\"--smush-placeholder-width: 140px; --smush-placeholder-aspect-ratio: 140\/140;\" \/><\/figure>\n<\/div>\n\n\n<p><em>Scaneaz\u0103 codul QR de mai sus pentru a instala TutuApp direct pe iOS. C\u00e2nd vi se cer permisiuni, face\u021bi clic pe \"Yes\" (Da).<\/em><\/p>\n\n\n<div class=\"wp-block-image\">\n<figure class=\"aligncenter\"><a href=\"https:\/\/tutuapps.online\/ro\/descarcati-tutuapp\/\"><img wpfc-lazyload-disable=\"true\" decoding=\"async\" width=\"282\" height=\"44\" data-src=\"https:\/\/tutuapps.online\/wp-content\/uploads\/2019\/02\/tutuapp-ipa-site-officiel.png\" alt=\"tutuapp-ipa-official-site\" class=\"wp-image-695 lazyload\" src=\"data:image\/svg+xml;base64,PHN2ZyB3aWR0aD0iMSIgaGVpZ2h0PSIxIiB4bWxucz0iaHR0cDovL3d3dy53My5vcmcvMjAwMC9zdmciPjwvc3ZnPg==\" style=\"--smush-placeholder-width: 282px; --smush-placeholder-aspect-ratio: 282\/44;\" \/><\/a><\/figure>\n<\/div>\n\n\n<p><em>Face\u021bi clic pe butonul de mai sus pentru a desc\u0103rca TutuApp pentru dispozitive iOS direct de pe site-ul oficial al dezvoltatorului. Aplica\u021bia este compatibil\u0103 cu versiunile iOS 7+ \u0219i este compatibil\u0103 cu iPhone, iPad \u0219i iPod Touch.<\/em><\/p>\n\n\n\n<ul class=\"wp-block-list\">\n<li>Merge\u021bi la <a href=\"https:\/\/tutuapps.online\/ro\/descarcati-tutuapp\/\">Pagina de desc\u0103rcare TutuApp<\/a> de pe site-ul nostru \u0219i selecta\u021bi \"iOS version\" (OR).<\/li>\n\n\n\n<li>Face\u021bi clic pe butonul de mai sus pentru a merge direct la pagina oficial\u0103 de desc\u0103rcare de pe site.<\/li>\n\n\n\n<li>Va ap\u0103rea un buton verde pe care trebuie s\u0103 face\u021bi clic pentru a \u00eencepe instalarea aplica\u021biei Tutu.<\/li>\n\n\n\n<li>Se afi\u0219eaz\u0103 un mesaj prin care se solicit\u0103 permisiunea de a instala sau nu aplica\u021bia.<\/li>\n\n\n\n<li>Acum, accesa\u021bi ecranul de pornire al dispozitivului \u0219i ve\u021bi vedea c\u0103 aplica\u021bia Tutu este desc\u0103rcat\u0103.<\/li>\n<\/ul>\n\n\n\n<p>Principalul factor care \u00eei determin\u0103 pe utilizatorii de iOS din \u00eentreaga lume s\u0103 descarce aceast\u0103 aplica\u021bie este faptul c\u0103 nu este necesar\u0103 \u00eenregistrarea ID-ului Apple, ceea ce v\u0103 economise\u0219te mult timp. Este \u00eemp\u0103r\u021bit\u0103 \u00een dou\u0103 versiuni diferite, una este Tutu App Helper \u0219i cea de-a doua este Tutu App VIP.<\/p>\n\n\n\n<h2 class=\"wp-block-heading\">Video - Desc\u0103rca\u021bi TutuApp iOS<\/h2>\n\n\n<p><center><iframe width=\"600\" height=\"355\" data-src=\"https:\/\/www.youtube.com\/embed\/aY1Kff3EW7Y\" frameborder=\"0\" allow=\"accelerometer; autoplay; encrypted-media; gyroscope; picture-in-picture\" allowfullscreen=\"\" src=\"data:image\/svg+xml;base64,PHN2ZyB3aWR0aD0iMSIgaGVpZ2h0PSIxIiB4bWxucz0iaHR0cDovL3d3dy53My5vcmcvMjAwMC9zdmciPjwvc3ZnPg==\" class=\"lazyload\" data-load-mode=\"1\"><\/iframe><\/center><\/p>\n\n\n\n<div style=\"height:20px\" aria-hidden=\"true\" class=\"wp-block-spacer\"><\/div>\n\n\n\n<h2 class=\"wp-block-heading\">Tutuapp apk ios<\/h2>\n\n\n\n<p>Cu <strong>TutuApp iOS<\/strong> apk, utilizatorii pot accesa o bibliotec\u0103 vast\u0103 de aplica\u021bii \u0219i jocuri gratuite, precum \u0219i versiuni modificate ale aplica\u021biilor lor preferate. Iat\u0103 doar c\u00e2teva dintre caracteristici:<\/p>\n\n\n\n<ul class=\"wp-block-list\">\n<li>Desc\u0103rca\u021bi \u0219i instala\u021bi gratuit aplica\u021bii \u0219i jocuri modificate.<\/li>\n\n\n\n<li>Acces la o bibliotec\u0103 vast\u0103 de aplica\u021bii \u0219i jocuri gratuite.<\/li>\n\n\n\n<li>Disponibilitatea unor versiuni modificate ale unor aplica\u021bii populare.<\/li>\n\n\n\n<li>Interfa\u021b\u0103 prietenoas\u0103 \u0219i u\u0219or de utilizat.<\/li>\n\n\n\n<li>Compatibil cu cele mai recente versiuni de iOS.<\/li>\n<\/ul>\n\n\n\n<p><strong>S-ar putea s\u0103 v\u0103 intereseze \u0219i<\/strong><\/p>\n\n\n\n<ul class=\"wp-block-list\">\n<li><a rel=\"noreferrer noopener\" href=\"https:\/\/tutuapps.online\/ro\/descarcati-tutuapp\/\" target=\"_blank\"><strong>Desc\u0103rca\u021bi TutuApp<\/strong><\/a><\/li>\n\n\n\n<li><a href=\"https:\/\/tutuapps.online\/ro\/deezer-plus\/\" target=\"_blank\" rel=\"noreferrer noopener\"><strong>TutuApp Deezer++<\/strong><\/a><\/li>\n\n\n\n<li><a href=\"https:\/\/tutuapps.online\/ro\/ios\/tutuapp-ios\/#main\/\" target=\"_blank\" rel=\"noreferrer noopener\"><strong>TutuApp iOS [Ultima versiune]<\/strong><\/a><\/li>\n\n\n\n<li><a href=\"https:\/\/tutuapps.online\/ro\/apk\/\">tutuapps.online tutuapp apk<\/a>&nbsp;<a href=\"https:\/\/tutuapps.online\/wp-admin\/admin.php?page=aicc&amp;tab=canibal_settings&amp;s=tutuapps.online+tutuapp+apk\" target=\"_blank\" rel=\"noreferrer noopener\"><\/a><\/li>\n<\/ul>\n\n\n\n<div style=\"height:20px\" aria-hidden=\"true\" class=\"wp-block-spacer\"><\/div>","protected":false},"excerpt":{"rendered":"<p>Dac\u0103 dori\u021bi s\u0103 desc\u0103rca\u021bi TutuApp iOS, nu mai c\u0103uta\u021bi, v\u0103 oferim modul simplu \u0219i u\u0219or de a desc\u0103rca aplica\u021bia TutuApp iOS \u0219i v\u0103 explic\u0103m \u00een detaliu \u00eentregul proces de instalare. TutuApp este unul dintre cele mai populare magazine de aplica\u021bii ter\u021be \u0219i cre\u0219te \u00een popularitate \u00een fiecare zi. TutuApp a fost dezvoltat ini\u021bial ... <a title=\"TutuApp iOS\" class=\"read-more\" href=\"https:\/\/tutuapps.online\/ro\/ios\/\" aria-label=\"Mai multe despre TutuApp iOS\">Cite\u0219te mai mult<\/a><\/p>","protected":false},"author":1,"featured_media":2381,"parent":0,"menu_order":0,"comment_status":"closed","ping_status":"open","template":"","meta":{"generate_page_header":"","footnotes":""},"class_list":["post-73","page","type-page","status-publish","has-post-thumbnail"],"yoast_head":"<!-- This site is optimized with the Yoast SEO plugin v26.5 - https:\/\/yoast.com\/wordpress\/plugins\/seo\/ -->\n<title>\u25b7 T\u00e9l\u00e9charger TUTUAPP pour iOS \u3010 \u221a 2026 \u3011<\/title>\n<meta name=\"description\" content=\"I\u27a8 TutuApp iOS \u2705 Si vous cherchez \u00e0 t\u00e9l\u00e9charger TutuApp pour iOS, ne cherchez pas plus loin, nous vous offrons le moyen simple et facile de ...\" \/>\n<meta name=\"robots\" content=\"index, follow, max-snippet:-1, max-image-preview:large, max-video-preview:-1\" \/>\n<link rel=\"canonical\" href=\"https:\/\/tutuapps.online\/ro\/ios\/\" \/>\n<meta property=\"og:locale\" content=\"ro_RO\" \/>\n<meta property=\"og:type\" content=\"article\" \/>\n<meta property=\"og:title\" content=\"\u25b7 T\u00e9l\u00e9charger TUTUAPP pour iOS \u3010 \u221a 2026 \u3011\" \/>\n<meta property=\"og:description\" content=\"I\u27a8 TutuApp iOS \u2705 Si vous cherchez \u00e0 t\u00e9l\u00e9charger TutuApp pour iOS, ne cherchez pas plus loin, nous vous offrons le moyen simple et facile de ...\" \/>\n<meta property=\"og:url\" content=\"https:\/\/tutuapps.online\/ro\/ios\/\" \/>\n<meta property=\"og:site_name\" content=\"TutuApps.online\" \/>\n<meta property=\"article:modified_time\" content=\"2023-10-09T21:08:40+00:00\" \/>\n<meta property=\"og:image\" content=\"https:\/\/tutuapps.online\/wp-content\/uploads\/2023\/04\/tutuapp-ios.jpg\" \/>\n\t<meta property=\"og:image:width\" content=\"936\" \/>\n\t<meta property=\"og:image:height\" content=\"608\" \/>\n\t<meta property=\"og:image:type\" content=\"image\/jpeg\" \/>\n<meta name=\"twitter:card\" content=\"summary_large_image\" \/>\n<meta name=\"twitter:label1\" content=\"Timp estimat pentru citire\" \/>\n\t<meta name=\"twitter:data1\" content=\"5 minute\" \/>\n<script type=\"application\/ld+json\" class=\"yoast-schema-graph\">{\"@context\":\"https:\/\/schema.org\",\"@graph\":[{\"@type\":\"WebPage\",\"@id\":\"https:\/\/tutuapps.online\/ios\/\",\"url\":\"https:\/\/tutuapps.online\/ios\/\",\"name\":\"\u25b7 T\u00e9l\u00e9charger TUTUAPP pour iOS \u3010 \u221a 2026 \u3011\",\"isPartOf\":{\"@id\":\"https:\/\/tutuapps.online\/#website\"},\"primaryImageOfPage\":{\"@id\":\"https:\/\/tutuapps.online\/ios\/#primaryimage\"},\"image\":{\"@id\":\"https:\/\/tutuapps.online\/ios\/#primaryimage\"},\"thumbnailUrl\":\"https:\/\/tutuapps.online\/wp-content\/uploads\/2023\/04\/tutuapp-ios.jpg\",\"datePublished\":\"2019-02-04T21:49:31+00:00\",\"dateModified\":\"2023-10-09T21:08:40+00:00\",\"description\":\"I\u27a8 TutuApp iOS \u2705 Si vous cherchez \u00e0 t\u00e9l\u00e9charger TutuApp pour iOS, ne cherchez pas plus loin, nous vous offrons le moyen simple et facile de ...\",\"breadcrumb\":{\"@id\":\"https:\/\/tutuapps.online\/ios\/#breadcrumb\"},\"inLanguage\":\"ro-RO\",\"potentialAction\":[{\"@type\":\"ReadAction\",\"target\":[\"https:\/\/tutuapps.online\/ios\/\"]}]},{\"@type\":\"ImageObject\",\"inLanguage\":\"ro-RO\",\"@id\":\"https:\/\/tutuapps.online\/ios\/#primaryimage\",\"url\":\"https:\/\/tutuapps.online\/wp-content\/uploads\/2023\/04\/tutuapp-ios.jpg\",\"contentUrl\":\"https:\/\/tutuapps.online\/wp-content\/uploads\/2023\/04\/tutuapp-ios.jpg\",\"width\":936,\"height\":608},{\"@type\":\"BreadcrumbList\",\"@id\":\"https:\/\/tutuapps.online\/ios\/#breadcrumb\",\"itemListElement\":[{\"@type\":\"ListItem\",\"position\":1,\"name\":\"Portada\",\"item\":\"https:\/\/tutuapps.online\/\"},{\"@type\":\"ListItem\",\"position\":2,\"name\":\"TutuApp iOS\"}]},{\"@type\":\"WebSite\",\"@id\":\"https:\/\/tutuapps.online\/#website\",\"url\":\"https:\/\/tutuapps.online\/\",\"name\":\"TutuApps.online\",\"description\":\"T\u00e9l\u00e9charger pour iOS, Android, PC\",\"publisher\":{\"@id\":\"https:\/\/tutuapps.online\/#organization\"},\"potentialAction\":[{\"@type\":\"SearchAction\",\"target\":{\"@type\":\"EntryPoint\",\"urlTemplate\":\"https:\/\/tutuapps.online\/?s={search_term_string}\"},\"query-input\":{\"@type\":\"PropertyValueSpecification\",\"valueRequired\":true,\"valueName\":\"search_term_string\"}}],\"inLanguage\":\"ro-RO\"},{\"@type\":\"Organization\",\"@id\":\"https:\/\/tutuapps.online\/#organization\",\"name\":\"Tutuapps Online\",\"url\":\"https:\/\/tutuapps.online\/\",\"logo\":{\"@type\":\"ImageObject\",\"inLanguage\":\"ro-RO\",\"@id\":\"https:\/\/tutuapps.online\/#\/schema\/logo\/image\/\",\"url\":\"https:\/\/tutuapps.online\/wp-content\/uploads\/2022\/01\/tutuapps-online.png\",\"contentUrl\":\"https:\/\/tutuapps.online\/wp-content\/uploads\/2022\/01\/tutuapps-online.png\",\"width\":337,\"height\":94,\"caption\":\"Tutuapps Online\"},\"image\":{\"@id\":\"https:\/\/tutuapps.online\/#\/schema\/logo\/image\/\"}}]}<\/script>\n<!-- \/ Yoast SEO plugin. -->","yoast_head_json":{"title":"\u25b7 T\u00e9l\u00e9charger TUTUAPP pour iOS \u3010 \u221a 2026 \u3011","description":"I\u27a8 TutuApp iOS \u2705 Si vous cherchez \u00e0 t\u00e9l\u00e9charger TutuApp pour iOS, ne cherchez pas plus loin, nous vous offrons le moyen simple et facile de ...","robots":{"index":"index","follow":"follow","max-snippet":"max-snippet:-1","max-image-preview":"max-image-preview:large","max-video-preview":"max-video-preview:-1"},"canonical":"https:\/\/tutuapps.online\/ro\/ios\/","og_locale":"ro_RO","og_type":"article","og_title":"\u25b7 T\u00e9l\u00e9charger TUTUAPP pour iOS \u3010 \u221a 2026 \u3011","og_description":"I\u27a8 TutuApp iOS \u2705 Si vous cherchez \u00e0 t\u00e9l\u00e9charger TutuApp pour iOS, ne cherchez pas plus loin, nous vous offrons le moyen simple et facile de ...","og_url":"https:\/\/tutuapps.online\/ro\/ios\/","og_site_name":"TutuApps.online","article_modified_time":"2023-10-09T21:08:40+00:00","og_image":[{"width":936,"height":608,"url":"https:\/\/tutuapps.online\/wp-content\/uploads\/2023\/04\/tutuapp-ios.jpg","type":"image\/jpeg"}],"twitter_card":"summary_large_image","twitter_misc":{"Timp estimat pentru citire":"5 minute"},"schema":{"@context":"https:\/\/schema.org","@graph":[{"@type":"WebPage","@id":"https:\/\/tutuapps.online\/ios\/","url":"https:\/\/tutuapps.online\/ios\/","name":"\u25b7 T\u00e9l\u00e9charger TUTUAPP pour iOS \u3010 \u221a 2026 \u3011","isPartOf":{"@id":"https:\/\/tutuapps.online\/#website"},"primaryImageOfPage":{"@id":"https:\/\/tutuapps.online\/ios\/#primaryimage"},"image":{"@id":"https:\/\/tutuapps.online\/ios\/#primaryimage"},"thumbnailUrl":"https:\/\/tutuapps.online\/wp-content\/uploads\/2023\/04\/tutuapp-ios.jpg","datePublished":"2019-02-04T21:49:31+00:00","dateModified":"2023-10-09T21:08:40+00:00","description":"I\u27a8 TutuApp iOS \u2705 Si vous cherchez \u00e0 t\u00e9l\u00e9charger TutuApp pour iOS, ne cherchez pas plus loin, nous vous offrons le moyen simple et facile de ...","breadcrumb":{"@id":"https:\/\/tutuapps.online\/ios\/#breadcrumb"},"inLanguage":"ro-RO","potentialAction":[{"@type":"ReadAction","target":["https:\/\/tutuapps.online\/ios\/"]}]},{"@type":"ImageObject","inLanguage":"ro-RO","@id":"https:\/\/tutuapps.online\/ios\/#primaryimage","url":"https:\/\/tutuapps.online\/wp-content\/uploads\/2023\/04\/tutuapp-ios.jpg","contentUrl":"https:\/\/tutuapps.online\/wp-content\/uploads\/2023\/04\/tutuapp-ios.jpg","width":936,"height":608},{"@type":"BreadcrumbList","@id":"https:\/\/tutuapps.online\/ios\/#breadcrumb","itemListElement":[{"@type":"ListItem","position":1,"name":"Portada","item":"https:\/\/tutuapps.online\/"},{"@type":"ListItem","position":2,"name":"TutuApp iOS"}]},{"@type":"WebSite","@id":"https:\/\/tutuapps.online\/#website","url":"https:\/\/tutuapps.online\/","name":"TutuApps.online","description":"T\u00e9l\u00e9charger pour iOS, Android, PC","publisher":{"@id":"https:\/\/tutuapps.online\/#organization"},"potentialAction":[{"@type":"SearchAction","target":{"@type":"EntryPoint","urlTemplate":"https:\/\/tutuapps.online\/?s={search_term_string}"},"query-input":{"@type":"PropertyValueSpecification","valueRequired":true,"valueName":"search_term_string"}}],"inLanguage":"ro-RO"},{"@type":"Organization","@id":"https:\/\/tutuapps.online\/#organization","name":"Tutuapps Online","url":"https:\/\/tutuapps.online\/","logo":{"@type":"ImageObject","inLanguage":"ro-RO","@id":"https:\/\/tutuapps.online\/#\/schema\/logo\/image\/","url":"https:\/\/tutuapps.online\/wp-content\/uploads\/2022\/01\/tutuapps-online.png","contentUrl":"https:\/\/tutuapps.online\/wp-content\/uploads\/2022\/01\/tutuapps-online.png","width":337,"height":94,"caption":"Tutuapps Online"},"image":{"@id":"https:\/\/tutuapps.online\/#\/schema\/logo\/image\/"}}]}},"_links":{"self":[{"href":"https:\/\/tutuapps.online\/ro\/wp-json\/wp\/v2\/pages\/73","targetHints":{"allow":["GET"]}}],"collection":[{"href":"https:\/\/tutuapps.online\/ro\/wp-json\/wp\/v2\/pages"}],"about":[{"href":"https:\/\/tutuapps.online\/ro\/wp-json\/wp\/v2\/types\/page"}],"author":[{"embeddable":true,"href":"https:\/\/tutuapps.online\/ro\/wp-json\/wp\/v2\/users\/1"}],"replies":[{"embeddable":true,"href":"https:\/\/tutuapps.online\/ro\/wp-json\/wp\/v2\/comments?post=73"}],"version-history":[{"count":8,"href":"https:\/\/tutuapps.online\/ro\/wp-json\/wp\/v2\/pages\/73\/revisions"}],"predecessor-version":[{"id":2640,"href":"https:\/\/tutuapps.online\/ro\/wp-json\/wp\/v2\/pages\/73\/revisions\/2640"}],"wp:featuredmedia":[{"embeddable":true,"href":"https:\/\/tutuapps.online\/ro\/wp-json\/wp\/v2\/media\/2381"}],"wp:attachment":[{"href":"https:\/\/tutuapps.online\/ro\/wp-json\/wp\/v2\/media?parent=73"}],"curies":[{"name":"wp","href":"https:\/\/api.w.org\/{rel}","templated":true}]}}