{"id":64,"date":"2018-08-22T18:06:10","date_gmt":"2018-08-22T18:06:10","guid":{"rendered":"http:\/\/tutuapps.online\/?page_id=64"},"modified":"2021-04-06T12:57:21","modified_gmt":"2021-04-06T12:57:21","slug":"apk","status":"publish","type":"page","link":"https:\/\/tutuapps.online\/ro\/apk\/","title":{"rendered":"TutuApp APK"},"content":{"rendered":"<p><strong>Desc\u0103rca\u021bi TutuApp APK<\/strong>Desc\u0103rca\u021bi APK-ul din TutuApp App Store pentru dispozitivul dvs. Android \u0219i desc\u0103rca\u021bi un num\u0103r nelimitat de aplica\u021bii \u0219i jocuri. <a href=\"https:\/\/tutuapps.online\/ro\/\"><strong>TutuApp<\/strong><\/a> este unul dintre magazinele de aplica\u021bii ter\u021be pentru Android cu cea mai rapid\u0103 cre\u0219tere din lume.<\/p>\n\n\n\n<p>Exist\u0103 o list\u0103 lung\u0103 de caracteristici uimitoare care fac din TutuApp APK una dintre aplica\u021biile ter\u021be preferate de pe pia\u021b\u0103 printre concuren\u021bii s\u0103i, dar cea mai bun\u0103 parte este c\u0103 aplica\u021biile sunt gratuite.<\/p>\n\n\n\n<p>TutuApp APK a fost dezvoltat pentru a oferi aplica\u021bii \u0219i jocuri gratuite pentru utilizatorii de dispozitive Android care nu doresc s\u0103 pl\u0103teasc\u0103 pentru ele.<\/p>\n\n\n\n<div class=\"wp-block-image\"><figure class=\"aligncenter\"><img wpfc-lazyload-disable=\"true\" decoding=\"async\" width=\"150\" height=\"150\" data-src=\"https:\/\/tutuapps.online\/wp-content\/uploads\/2018\/08\/tutuapp-apk.png\" alt=\"tutuapp-apk\" class=\"wp-image-68 lazyload\" src=\"data:image\/svg+xml;base64,PHN2ZyB3aWR0aD0iMSIgaGVpZ2h0PSIxIiB4bWxucz0iaHR0cDovL3d3dy53My5vcmcvMjAwMC9zdmciPjwvc3ZnPg==\" style=\"--smush-placeholder-width: 150px; --smush-placeholder-aspect-ratio: 150\/150;\" \/><\/figure><\/div>\n\n\n\n<div class=\"wp-block-button aligncenter\"><a class=\"wp-block-button__link\" href=\"https:\/\/tutuapps.online\/ro\/tutuapp-nu-functioneaza\/\"><strong><em>Tutuapp nu func\u021bioneaz\u0103<\/em><\/strong><\/a><\/div>\n\n\n\n<h2 class=\"wp-block-heading\">Tutupp APK caracteristici<\/h2>\n\n\n\n<p>S\u0103 arunc\u0103m o privire la toate caracteristicile TutuApp APK \u00een detaliu, citi\u021bi lista de mai jos pentru a afla mai multe despre acest magazin de aplica\u021bii ter\u021b\u0103 parte.<\/p>\n\n\n\n<ol class=\"wp-block-list\"><li>TutuApp APK este o aplica\u021bie gratuit\u0103 disponibil\u0103 pentru toate dispozitivele Android, precum \u0219i toate aplica\u021biile pe care le vede\u021bi \u00een magazinul de aplica\u021bii TutuApp, care sunt, de asemenea, gratuite.<\/li><li>De asemenea, pute\u021bi desc\u0103rca jocuri gratuite pentru dispozitivul dumneavoastr\u0103 Android folosind magazinul de aplica\u021bii TutuApp. De asemenea, \u00een magazinul de aplica\u021bii pute\u021bi g\u0103si muzic\u0103 gratuit\u0103 \u0219i alte con\u021binuturi multimedia.<\/li><li>TutuApp poate oferi aplica\u021bii \u0219i jocuri pentru diferite sisteme de operare, pute\u021bi, de asemenea, utiliza aplica\u021bia TutuApp de pe un dispozitiv pentru a desc\u0103rca aplica\u021bii pe un alt dispozitiv.<\/li><li>Magazinul de aplica\u021bii TutuApp este pre\u00eenc\u0103rcat cu o bar\u0103 de instrumente care con\u021bine aproape toate op\u021biunile \u0219i func\u021biile utile. Pute\u021bi gestiona memento-uri, cronometre, ceasuri, alarme etc. utiliz\u00e2nd bara de instrumente \u00eencorporat\u0103.<\/li><li>TutuApp APK are, de asemenea, o func\u021bie de cur\u0103\u021bare care va avea grij\u0103 de fi\u0219ierele suplimentare care nu sunt utilizate pe dispozitivul Android. \u00cen plus, va cur\u0103\u021ba memoria RAM, ceea ce va face ca dispozitivul dvs. s\u0103 fie instantaneu mai rapid.<\/li><li>V\u0103 rug\u0103m s\u0103 re\u021bine\u021bi c\u0103 magazinul de aplica\u021bii TutuApp este \u00een limba chinez\u0103, astfel \u00eenc\u00e2t utilizatorii vor trebui s\u0103 foloseasc\u0103 aplica\u021bia Google Tanslate pentru a \u00een\u021belege ce \u00eenseamn\u0103 op\u021biunile aplica\u021biei, ceea ce va dura doar c\u00e2teva momente.<\/li><li><a href=\"https:\/\/tutuapps.online\/ro\/ios\/\"><strong>TutuApp este disponibil \u0219i pentru iOS<\/strong><\/a>.<\/li><\/ol>\n\n\n\n<h2 class=\"wp-block-heading\">Permisiuni TutuApp<\/h2>\n\n\n\n<ol class=\"wp-block-list\"><li>\u00cenv\u0103\u021ba\u021bi de la alte aplica\u021bii, modifica\u021bi set\u0103rile sistemului.<\/li><li>Face\u021bi fotografii \u0219i \u00eenregistr\u0103ri video.<\/li><li>Edita\u021bi-v\u0103 contactele, citi\u021bi contactele.<\/li><li>Loca\u021bie aproximativ\u0103 (bazat\u0103 pe re\u021bea), loca\u021bie precis\u0103 (GPS \u0219i bazat\u0103 pe re\u021bea).<\/li><li>Numerele de apel v\u0103 pot costa bani direct, citi\u021bi jurnalele de apeluri, citi\u021bi starea \u0219i identitatea telefonului, redirec\u021biona\u021bi apelurile de ie\u0219ire, scrie\u021bi jurnalele de apeluri.<\/li><li>Citi\u021bi mesajele text (SMS sau MMS), primi\u021bi mesaje text (SMS), trimite\u021bi \u0219i vizualiza\u021bi mesaje SMS \u0219i citi\u021bi con\u021binutul cardului SD.<\/li><\/ol>\n\n\n\n<p>Dac\u0103 sunte\u021bi \u00een c\u0103utarea unei modalit\u0103\u021bi de a desc\u0103rca TutuApp, atunci v\u0103 afla\u021bi pe pagina potrivit\u0103. TutuApp nu este un instrument de hacking sau o aplica\u021bie, ci este un instrument auxiliar care \u00eei ajut\u0103 pe juc\u0103tori s\u0103 ob\u021bin\u0103 gratuit jocurile lor pl\u0103tite, cum ar fi Muzhiwan.<\/p>\n\n\n\n<p>Deci, haide\u021bi s\u0103 v\u0103 spunem despre aplica\u021bia Tutu Helper \u0219i cea mai recent\u0103 TutuApp APK de mai jos.<\/p>\n\n\n\n<h2 class=\"wp-block-heading\">Desc\u0103rca\u021bi TutuApp APK pentru Android<\/h2>\n\n\n\n<ol class=\"wp-block-list\"><li><strong><a href=\"https:\/\/tutuapps.online\/ro\/descarcati-tutuapp\/\" target=\"_blank\" rel=\"noreferrer noopener\" aria-label=\"Desc\u0103rca\u021bi TutuApp v3.1.6 apk (abre en una nueva pesta\u00f1a)\">Desc\u0103rca\u021bi TutuApp v3.1.6 apk<\/a><\/strong>.<\/li><li>Deschide\u021bi managerul de fi\u0219iere de pe dispozitivul Android \u0219i localiza\u021bi fi\u0219ierul desc\u0103rcat de la TutuApp APK.<\/li><li>Instala\u021bi magazinul de aplica\u021bii TutuApp pe smartphone-ul dumneavoastr\u0103.<\/li><li>Activa\u021bi op\u021biunea \"Instalare aplica\u021bii din surse necunoscute\" din set\u0103rile de securitate dac\u0103 \u00eent\u00e2mpina\u021bi probleme la instalarea fi\u0219ierului apk desc\u0103rcat.<\/li><li>Deschide\u021bi TutuApp pe smartphone-ul Android \u0219i utiliza\u021bi Google Translate pentru a \u00een\u021belege op\u021biunile aplica\u021biei.<\/li><li>Utiliza\u021bi bara de c\u0103utare a aplica\u021biilor pentru a g\u0103si aplica\u021biile dorite \u0219i pentru a le desc\u0103rca gratuit.<\/li><\/ol>\n\n\n\n<h2 class=\"wp-block-heading\">Cum se instaleaz\u0103 TutuApp APK pentru Android?<\/h2>\n\n\n\n<p>Aplica\u021bia Tutu pentru Android poate fi desc\u0103rcat\u0103 de pe site-ul nostru, dar \u00eenainte de a face acest lucru, v\u0103 rug\u0103m s\u0103 re\u021bine\u021bi c\u0103 aceast\u0103 aplica\u021bie nu este disponibil\u0103 \u00een Play Store. Deci, dac\u0103 g\u0103si\u021bi ceva similar \u00een Google Play Store, sta\u021bi departe de aceast\u0103 aplica\u021bie.<\/p>\n\n\n\n<p>Pentru a desc\u0103rca Tutu pentru Android, trebuie mai \u00eent\u00e2i s\u0103 desc\u0103rca\u021bi Tutu APK. Tutu APK pentru Android este disponibil pe internet, dar ave\u021bi grij\u0103 la site-urile false, deoarece acestea v\u0103 pot oferi cea mai recent\u0103 versiune de Tutu VIP APK cu virus sau malware.<\/p>\n\n\n\n<p>Aici v\u0103 oferim desc\u0103rcarea gratuit\u0103 a celei mai recente versiuni de Tutu APK pentru Android. Pentru a instala TutuApp pe Android folosind TutuApp APK, trebuie s\u0103 activa\u021bi \"Surse necunoscute\" \u00een meniul de configurare al dispozitivului mobil, urm\u00e2nd pa\u0219ii de mai jos:<\/p>\n\n\n\n<ol class=\"wp-block-list\"><li>Desc\u0103rca\u021bi TutuApp APK pentru Android aici.<\/li><li>Acum merge\u021bi la set\u0103rile dispozitivului \u0219i verifica\u021bi dac\u0103 a\u021bi activat op\u021biunile care v\u0103 permit s\u0103 instala\u021bi aplica\u021bii din surse necunoscute.<\/li><li>Dup\u0103 ce op\u021biunea este activat\u0103, deschide\u021bi fi\u0219ierul APK TutuApp desc\u0103rcat \u0219i face\u021bi clic pe \"Instalare\".<\/li><li>Dup\u0103 ce aplica\u021bia este instalat\u0103, o pute\u021bi deschide imediat sau mai t\u00e2rziu din sertarul de aplica\u021bii.<\/li><\/ol>\n\n\n\n<h2 class=\"wp-block-heading\">Video - TutuApp APK Android<\/h2>\n\n\n<p><center><iframe width=\"600\" height=\"355\" data-src=\"https:\/\/www.youtube.com\/embed\/iiaaXwbJ6fc\" frameborder=\"0\" allow=\"accelerometer; autoplay; encrypted-media; gyroscope; picture-in-picture\" allowfullscreen=\"\" src=\"data:image\/svg+xml;base64,PHN2ZyB3aWR0aD0iMSIgaGVpZ2h0PSIxIiB4bWxucz0iaHR0cDovL3d3dy53My5vcmcvMjAwMC9zdmciPjwvc3ZnPg==\" class=\"lazyload\" data-load-mode=\"1\"><\/iframe><\/center><\/p>\n\n\n\n<p><strong>S-ar putea s\u0103 v\u0103 intereseze \u0219i<\/strong><\/p>\n\n\n\n<ul class=\"wp-block-list\"><li><a rel=\"noreferrer noopener\" href=\"https:\/\/tutuapps.online\/ro\/descarcati-tutuapp\/\" target=\"_blank\"><strong>Desc\u0103rca\u021bi TutuApp<\/strong><\/a><\/li><li><a rel=\"noreferrer noopener\" href=\"https:\/\/tutuapps.online\/ro\/deezer-plus\/\" target=\"_blank\"><strong>TutuApp Deezer++<\/strong><\/a><\/li><li><strong><a rel=\"noreferrer noopener\" href=\"https:\/\/tutuapps.online\/ro\/ios\/\" target=\"_blank\">TutuApp iOS<\/a><\/strong><\/li><li><a rel=\"noreferrer noopener\" href=\"https:\/\/tutuapps.online\/ro\/aplicatii-precum-tutuapp\/\" target=\"_blank\"><strong>Aplica\u021bii precum TutuApp<\/strong><\/a><\/li><li><a rel=\"noreferrer noopener\" href=\"https:\/\/tutuapps.online\/ro\/\" target=\"_blank\"><strong>TutuApp | Android \/ iOS<\/strong><\/a><\/li><\/ul>\n\n\n\n<div style=\"height:20px\" aria-hidden=\"true\" class=\"wp-block-spacer\"><\/div>\n\n\n\n<p><\/p>","protected":false},"excerpt":{"rendered":"<p>Desc\u0103rca\u021bi TutuApp APK, desc\u0103rca\u021bi APK-ul din TutuApp App Store pentru dispozitivul dvs. Android \u0219i desc\u0103rca\u021bi aplica\u021bii \u0219i jocuri nelimitate. TutuApp este unul dintre cele mai rapide magazine de aplica\u021bii ter\u021be pentru Android din lume. Exist\u0103 o list\u0103 lung\u0103 de caracteristici incredibile care fac TutuApp APK ... <a title=\"TutuApp APK\" class=\"read-more\" href=\"https:\/\/tutuapps.online\/ro\/apk\/\" aria-label=\"Mai multe despre TutuApp APK\">Cite\u0219te mai mult<\/a><\/p>","protected":false},"author":1,"featured_media":2401,"parent":0,"menu_order":0,"comment_status":"closed","ping_status":"open","template":"","meta":{"generate_page_header":"","footnotes":""},"class_list":["post-64","page","type-page","status-publish","has-post-thumbnail"],"yoast_head":"<!-- This site is optimized with the Yoast SEO plugin v26.5 - https:\/\/yoast.com\/wordpress\/plugins\/seo\/ -->\n<title>\u25b7 T\u00e9l\u00e9charger TUTUAPP APK v3.1.6 \u3010 Android \u221a 2026 \u3011<\/title>\n<meta name=\"description\" content=\"I\u27a8 T\u00e9l\u00e9charger TutuApp APK \u2705 Obtenir l&#039;APK \u00e0 partir de l&#039;App Store TutuApp pour votre appareil Android et t\u00e9l\u00e9charger des jeux et ...\" \/>\n<meta name=\"robots\" content=\"index, follow, max-snippet:-1, max-image-preview:large, max-video-preview:-1\" \/>\n<link rel=\"canonical\" href=\"https:\/\/tutuapps.online\/ro\/apk\/\" \/>\n<meta property=\"og:locale\" content=\"ro_RO\" \/>\n<meta property=\"og:type\" content=\"article\" \/>\n<meta property=\"og:title\" content=\"\u25b7 T\u00e9l\u00e9charger TUTUAPP APK v3.1.6 \u3010 Android \u221a 2026 \u3011\" \/>\n<meta property=\"og:description\" content=\"I\u27a8 T\u00e9l\u00e9charger TutuApp APK \u2705 Obtenir l&#039;APK \u00e0 partir de l&#039;App Store TutuApp pour votre appareil Android et t\u00e9l\u00e9charger des jeux et ...\" \/>\n<meta property=\"og:url\" content=\"https:\/\/tutuapps.online\/ro\/apk\/\" \/>\n<meta property=\"og:site_name\" content=\"TutuApps.online\" \/>\n<meta property=\"article:modified_time\" content=\"2021-04-06T12:57:21+00:00\" \/>\n<meta property=\"og:image\" content=\"https:\/\/tutuapps.online\/wp-content\/uploads\/2018\/08\/tutuapp-apk.png\" \/>\n<meta name=\"twitter:card\" content=\"summary_large_image\" \/>\n<meta name=\"twitter:label1\" content=\"Timp estimat pentru citire\" \/>\n\t<meta name=\"twitter:data1\" content=\"4 minute\" \/>\n<script type=\"application\/ld+json\" class=\"yoast-schema-graph\">{\"@context\":\"https:\/\/schema.org\",\"@graph\":[{\"@type\":\"WebPage\",\"@id\":\"https:\/\/tutuapps.online\/apk\/\",\"url\":\"https:\/\/tutuapps.online\/apk\/\",\"name\":\"\u25b7 T\u00e9l\u00e9charger TUTUAPP APK v3.1.6 \u3010 Android \u221a 2026 \u3011\",\"isPartOf\":{\"@id\":\"https:\/\/tutuapps.online\/#website\"},\"primaryImageOfPage\":{\"@id\":\"https:\/\/tutuapps.online\/apk\/#primaryimage\"},\"image\":{\"@id\":\"https:\/\/tutuapps.online\/apk\/#primaryimage\"},\"thumbnailUrl\":\"https:\/\/tutuapps.online\/wp-content\/uploads\/2023\/04\/tutuapp-apk.jpg\",\"datePublished\":\"2018-08-22T18:06:10+00:00\",\"dateModified\":\"2021-04-06T12:57:21+00:00\",\"description\":\"I\u27a8 T\u00e9l\u00e9charger TutuApp APK \u2705 Obtenir l'APK \u00e0 partir de l'App Store TutuApp pour votre appareil Android et t\u00e9l\u00e9charger des jeux et ...\",\"breadcrumb\":{\"@id\":\"https:\/\/tutuapps.online\/apk\/#breadcrumb\"},\"inLanguage\":\"ro-RO\",\"potentialAction\":[{\"@type\":\"ReadAction\",\"target\":[\"https:\/\/tutuapps.online\/apk\/\"]}]},{\"@type\":\"ImageObject\",\"inLanguage\":\"ro-RO\",\"@id\":\"https:\/\/tutuapps.online\/apk\/#primaryimage\",\"url\":\"https:\/\/tutuapps.online\/wp-content\/uploads\/2023\/04\/tutuapp-apk.jpg\",\"contentUrl\":\"https:\/\/tutuapps.online\/wp-content\/uploads\/2023\/04\/tutuapp-apk.jpg\",\"width\":662,\"height\":540},{\"@type\":\"BreadcrumbList\",\"@id\":\"https:\/\/tutuapps.online\/apk\/#breadcrumb\",\"itemListElement\":[{\"@type\":\"ListItem\",\"position\":1,\"name\":\"Portada\",\"item\":\"https:\/\/tutuapps.online\/\"},{\"@type\":\"ListItem\",\"position\":2,\"name\":\"TutuApp APK\"}]},{\"@type\":\"WebSite\",\"@id\":\"https:\/\/tutuapps.online\/#website\",\"url\":\"https:\/\/tutuapps.online\/\",\"name\":\"TutuApps.online\",\"description\":\"T\u00e9l\u00e9charger pour iOS, Android, PC\",\"publisher\":{\"@id\":\"https:\/\/tutuapps.online\/#organization\"},\"potentialAction\":[{\"@type\":\"SearchAction\",\"target\":{\"@type\":\"EntryPoint\",\"urlTemplate\":\"https:\/\/tutuapps.online\/?s={search_term_string}\"},\"query-input\":{\"@type\":\"PropertyValueSpecification\",\"valueRequired\":true,\"valueName\":\"search_term_string\"}}],\"inLanguage\":\"ro-RO\"},{\"@type\":\"Organization\",\"@id\":\"https:\/\/tutuapps.online\/#organization\",\"name\":\"Tutuapps Online\",\"url\":\"https:\/\/tutuapps.online\/\",\"logo\":{\"@type\":\"ImageObject\",\"inLanguage\":\"ro-RO\",\"@id\":\"https:\/\/tutuapps.online\/#\/schema\/logo\/image\/\",\"url\":\"https:\/\/tutuapps.online\/wp-content\/uploads\/2022\/01\/tutuapps-online.png\",\"contentUrl\":\"https:\/\/tutuapps.online\/wp-content\/uploads\/2022\/01\/tutuapps-online.png\",\"width\":337,\"height\":94,\"caption\":\"Tutuapps Online\"},\"image\":{\"@id\":\"https:\/\/tutuapps.online\/#\/schema\/logo\/image\/\"}}]}<\/script>\n<!-- \/ Yoast SEO plugin. -->","yoast_head_json":{"title":"\u25b7 T\u00e9l\u00e9charger TUTUAPP APK v3.1.6 \u3010 Android \u221a 2026 \u3011","description":"I\u27a8 T\u00e9l\u00e9charger TutuApp APK \u2705 Obtenir l'APK \u00e0 partir de l'App Store TutuApp pour votre appareil Android et t\u00e9l\u00e9charger des jeux et ...","robots":{"index":"index","follow":"follow","max-snippet":"max-snippet:-1","max-image-preview":"max-image-preview:large","max-video-preview":"max-video-preview:-1"},"canonical":"https:\/\/tutuapps.online\/ro\/apk\/","og_locale":"ro_RO","og_type":"article","og_title":"\u25b7 T\u00e9l\u00e9charger TUTUAPP APK v3.1.6 \u3010 Android \u221a 2026 \u3011","og_description":"I\u27a8 T\u00e9l\u00e9charger TutuApp APK \u2705 Obtenir l'APK \u00e0 partir de l'App Store TutuApp pour votre appareil Android et t\u00e9l\u00e9charger des jeux et ...","og_url":"https:\/\/tutuapps.online\/ro\/apk\/","og_site_name":"TutuApps.online","article_modified_time":"2021-04-06T12:57:21+00:00","og_image":[{"url":"https:\/\/tutuapps.online\/wp-content\/uploads\/2018\/08\/tutuapp-apk.png","type":"","width":"","height":""}],"twitter_card":"summary_large_image","twitter_misc":{"Timp estimat pentru citire":"4 minute"},"schema":{"@context":"https:\/\/schema.org","@graph":[{"@type":"WebPage","@id":"https:\/\/tutuapps.online\/apk\/","url":"https:\/\/tutuapps.online\/apk\/","name":"\u25b7 T\u00e9l\u00e9charger TUTUAPP APK v3.1.6 \u3010 Android \u221a 2026 \u3011","isPartOf":{"@id":"https:\/\/tutuapps.online\/#website"},"primaryImageOfPage":{"@id":"https:\/\/tutuapps.online\/apk\/#primaryimage"},"image":{"@id":"https:\/\/tutuapps.online\/apk\/#primaryimage"},"thumbnailUrl":"https:\/\/tutuapps.online\/wp-content\/uploads\/2023\/04\/tutuapp-apk.jpg","datePublished":"2018-08-22T18:06:10+00:00","dateModified":"2021-04-06T12:57:21+00:00","description":"I\u27a8 T\u00e9l\u00e9charger TutuApp APK \u2705 Obtenir l'APK \u00e0 partir de l'App Store TutuApp pour votre appareil Android et t\u00e9l\u00e9charger des jeux et ...","breadcrumb":{"@id":"https:\/\/tutuapps.online\/apk\/#breadcrumb"},"inLanguage":"ro-RO","potentialAction":[{"@type":"ReadAction","target":["https:\/\/tutuapps.online\/apk\/"]}]},{"@type":"ImageObject","inLanguage":"ro-RO","@id":"https:\/\/tutuapps.online\/apk\/#primaryimage","url":"https:\/\/tutuapps.online\/wp-content\/uploads\/2023\/04\/tutuapp-apk.jpg","contentUrl":"https:\/\/tutuapps.online\/wp-content\/uploads\/2023\/04\/tutuapp-apk.jpg","width":662,"height":540},{"@type":"BreadcrumbList","@id":"https:\/\/tutuapps.online\/apk\/#breadcrumb","itemListElement":[{"@type":"ListItem","position":1,"name":"Portada","item":"https:\/\/tutuapps.online\/"},{"@type":"ListItem","position":2,"name":"TutuApp APK"}]},{"@type":"WebSite","@id":"https:\/\/tutuapps.online\/#website","url":"https:\/\/tutuapps.online\/","name":"TutuApps.online","description":"T\u00e9l\u00e9charger pour iOS, Android, PC","publisher":{"@id":"https:\/\/tutuapps.online\/#organization"},"potentialAction":[{"@type":"SearchAction","target":{"@type":"EntryPoint","urlTemplate":"https:\/\/tutuapps.online\/?s={search_term_string}"},"query-input":{"@type":"PropertyValueSpecification","valueRequired":true,"valueName":"search_term_string"}}],"inLanguage":"ro-RO"},{"@type":"Organization","@id":"https:\/\/tutuapps.online\/#organization","name":"Tutuapps Online","url":"https:\/\/tutuapps.online\/","logo":{"@type":"ImageObject","inLanguage":"ro-RO","@id":"https:\/\/tutuapps.online\/#\/schema\/logo\/image\/","url":"https:\/\/tutuapps.online\/wp-content\/uploads\/2022\/01\/tutuapps-online.png","contentUrl":"https:\/\/tutuapps.online\/wp-content\/uploads\/2022\/01\/tutuapps-online.png","width":337,"height":94,"caption":"Tutuapps Online"},"image":{"@id":"https:\/\/tutuapps.online\/#\/schema\/logo\/image\/"}}]}},"_links":{"self":[{"href":"https:\/\/tutuapps.online\/ro\/wp-json\/wp\/v2\/pages\/64","targetHints":{"allow":["GET"]}}],"collection":[{"href":"https:\/\/tutuapps.online\/ro\/wp-json\/wp\/v2\/pages"}],"about":[{"href":"https:\/\/tutuapps.online\/ro\/wp-json\/wp\/v2\/types\/page"}],"author":[{"embeddable":true,"href":"https:\/\/tutuapps.online\/ro\/wp-json\/wp\/v2\/users\/1"}],"replies":[{"embeddable":true,"href":"https:\/\/tutuapps.online\/ro\/wp-json\/wp\/v2\/comments?post=64"}],"version-history":[{"count":0,"href":"https:\/\/tutuapps.online\/ro\/wp-json\/wp\/v2\/pages\/64\/revisions"}],"wp:featuredmedia":[{"embeddable":true,"href":"https:\/\/tutuapps.online\/ro\/wp-json\/wp\/v2\/media\/2401"}],"wp:attachment":[{"href":"https:\/\/tutuapps.online\/ro\/wp-json\/wp\/v2\/media?parent=64"}],"curies":[{"name":"wp","href":"https:\/\/api.w.org\/{rel}","templated":true}]}}