{"id":613,"date":"2019-03-08T18:52:41","date_gmt":"2019-03-08T18:52:41","guid":{"rendered":"https:\/\/tutuapps.online\/?page_id=613"},"modified":"2023-10-09T20:28:21","modified_gmt":"2023-10-09T20:28:21","slug":"tutuapp-2","status":"publish","type":"page","link":"https:\/\/tutuapps.online\/ro\/","title":{"rendered":"TutuApp | Android \/ iOS"},"content":{"rendered":"<p><strong>TutuApp<\/strong> este un magazin de aplica\u021bii gratuite dezvoltat pentru dispozitivele Android \u0219i iOS (iPhone\/iPad).<\/p>\n\n\n\n<ul class=\"wp-block-list\">\n<li>V\u0103 permite s\u0103 instala\u021bi aplica\u021bii \u0219i jocuri din magazinul oficial Google Play Store pe Android \u0219i Apple Store pe dispozitivele iOS.<\/li>\n\n\n\n<li>V\u0103 permite s\u0103 desc\u0103rca\u021bi gratuit jocuri populare precum Deezer, Spotify, Pokemon Go, Minecraft PE, Fornite \u0219i PUBG.<\/li>\n\n\n\n<li>Are multe alte caracteristici cu ajutorul c\u0103rora pute\u021bi ob\u021bine acum aplica\u021bii pl\u0103tite direct \u0219i gratuit. Mai jos este o list\u0103 cu toate caracteristicile TutuApp APK.<\/li>\n<\/ul>\n\n\n<div class=\"wp-block-image\">\n<figure class=\"aligncenter\"><img decoding=\"async\" width=\"190\" height=\"191\" data-src=\"https:\/\/tutuapps.online\/wp-content\/uploads\/2018\/12\/tutuapp-logo-1.png\" alt=\"tutuapp-logo\" class=\"wp-image-599 lazyload\" data-srcset=\"https:\/\/tutuapps.online\/wp-content\/uploads\/2018\/12\/tutuapp-logo-1.png 190w, https:\/\/tutuapps.online\/wp-content\/uploads\/2018\/12\/tutuapp-logo-1-150x150.png 150w\" data-sizes=\"(max-width: 190px) 100vw, 190px\" src=\"data:image\/svg+xml;base64,PHN2ZyB3aWR0aD0iMSIgaGVpZ2h0PSIxIiB4bWxucz0iaHR0cDovL3d3dy53My5vcmcvMjAwMC9zdmciPjwvc3ZnPg==\" style=\"--smush-placeholder-width: 190px; --smush-placeholder-aspect-ratio: 190\/191;\" \/><\/figure>\n<\/div>\n\n\n<div class=\"wp-block-button aligncenter\"><a class=\"wp-block-button__link wp-element-button\" href=\"https:\/\/tutuapps.online\/ro\/tutuapp-nu-functioneaza\/\"><strong><em>Tutu App jos?<\/em><\/strong><\/a><\/div>\n\n\n\n<h2 class=\"wp-block-heading\">Caracteristicile TutuApp<\/h2>\n\n\n\n<ol class=\"wp-block-list\">\n<li>\u00cen primul r\u00e2nd, cu TutuApp pute\u021bi ob\u021bine aplica\u021bii \u0219i jocuri precum <a rel=\"noopener noreferrer\" href=\"https:\/\/tutuapps.online\/ro\/pokemon-go\/\" target=\"_blank\">Pokemon Go<\/a> care sunt disponibile \u00een magazinul oficial Google Play Store.<\/li>\n\n\n\n<li>Cele mai multe dintre ele sunt blocate \u0219i trebuie s\u0103 pl\u0103ti\u021bi bani reali pentru a le desc\u0103rca, dar le pute\u021bi desc\u0103rca gratuit.<\/li>\n\n\n\n<li>Dispune de o aplica\u021bie de cur\u0103\u021bare pe care o pute\u021bi ob\u021bine \u00eempreun\u0103 cu aplica\u021bia principal\u0103, care cur\u0103\u021b\u0103 memoria RAM \u0219i \u00eembun\u0103t\u0103\u021be\u0219te performan\u021ba smartphone-ului, astfel \u00eenc\u00e2t acesta s\u0103 func\u021bioneze f\u0103r\u0103 probleme.<\/li>\n\n\n\n<li>Dup\u0103 instalarea TutuApp pe dispozitivul dvs., nu ve\u021bi avea nevoie de niciun manager de fi\u0219iere. Aplica\u021bia v\u0103 permite, de asemenea, s\u0103 v\u0103 gestiona\u021bi fi\u0219ierele \u0219i s\u0103 transfera\u021bi date de pe dispozitivul dvs. pe orice memorie flash \u0219i viceversa.<\/li>\n\n\n\n<li>\u00cen plus, ve\u021bi avea la dispozi\u021bie un set de instrumente pentru gestionarea Wi-Fi, Bluetooth \u0219i a\u0219a mai departe.<\/li>\n<\/ol>\n\n\n\n<p>Este disponibil aici, pute\u021bi utiliza link-urile noastre de desc\u0103rcare pentru a desc\u0103rca \u0219i instala pe dispozitivul Android sau iPhone. Mai jos g\u0103si\u021bi o scurt\u0103 explica\u021bie a procedurii complete de desc\u0103rcare \u0219i instalare pe ambele platforme.<\/p>\n\n\n\n<h2 class=\"wp-block-heading\">Desc\u0103rca\u021bi TutuApp APK pentru Android<\/h2>\n\n\n\n<ol class=\"wp-block-list\">\n<li><a rel=\"noopener noreferrer\" href=\"https:\/\/tutuapps.online\/ro\/descarcati-tutuapp\/\" target=\"_blank\"><strong>Desc\u0103rca\u021bi fi\u0219ierul APK<\/strong><\/a> pe dispozitivul Android utiliz\u00e2nd linkurile furnizate.<\/li>\n\n\n\n<li>Localiza\u021bi fi\u0219ierul desc\u0103rcat utiliz\u00e2nd orice manager de fi\u0219iere \u0219i instala\u021bi tutuaqq pe smartphone-ul dvs.<\/li>\n\n\n\n<li>Activa\u021bi op\u021biunea din configura\u021bia dispozitivului \"Instalare aplica\u021bii din surse necunoscute\", dac\u0103 \u00eent\u00e2mpina\u021bi o problem\u0103 la instalarea APK-ului TutuApp. <\/li>\n\n\n\n<li>Deschide\u021bi aplica\u021bia, acorda\u021bi permisiunile necesare \u0219i sunte\u021bi gata s\u0103 primi\u021bi gratuit aplica\u021bii pl\u0103tite.<\/li>\n<\/ol>\n\n\n\n<p>Preg\u0103tim un tutorial despre cum s\u0103 \u00eel folosim \u00een versiunea \u00een limba englez\u0103.<\/p>\n\n\n\n<h2 class=\"wp-block-heading\">Desc\u0103rca\u021bi TutuApp v.2.4.5 pentru iOS f\u0103r\u0103 jailbreak<\/h2>\n\n\n\n<center><figure><iframe data-src=\"https:\/\/www.youtube.com\/embed\/aY1Kff3EW7Y\" width=\"750\" height=\"505\" frameborder=\"0\" allowfullscreen=\"allowfullscreen\" src=\"data:image\/svg+xml;base64,PHN2ZyB3aWR0aD0iMSIgaGVpZ2h0PSIxIiB4bWxucz0iaHR0cDovL3d3dy53My5vcmcvMjAwMC9zdmciPjwvc3ZnPg==\" class=\"lazyload\" data-load-mode=\"1\"><\/iframe><\/figure><\/center>\n\n\n\n<ol class=\"wp-block-list\">\n<li>Deschide\u021bi browserul Safari de pe dispozitiv.<\/li>\n\n\n\n<li>Introduce\u021bi TutuApp.com sau TutuApp.VIP \u0219i a\u0219tepta\u021bi s\u0103 se \u00eencarce pagina principal\u0103 a site-ului oficial TutuApp.<\/li>\n\n\n\n<li>Ve\u021bi vedea trei butoane verzi de desc\u0103rcare pe pagina principal\u0103 a site-ului oficial, face\u021bi clic pe butonul media pentru a desc\u0103rca pentru dispozitive.<\/li>\n\n\n\n<li>Ve\u021bi fi \u00eentrebat dac\u0103 dori\u021bi sau nu s\u0103 desc\u0103rca\u021bi TutuApp. Face\u021bi clic pe butonul \"Save\".<\/li>\n\n\n\n<li>Instala\u021bi aplica\u021bia pe dispozitiv \u0219i merge\u021bi la Settings -&gt; General Settings -&gt; Profiles (Set\u0103ri -&gt; Set\u0103ri generale -&gt; Profiluri), \u0219i ve\u021bi vedea un profil creat sub numele TutuApp; face\u021bi clic pe el \u0219i ave\u021bi \u00eencredere \u00een aplica\u021bie.<\/li>\n\n\n\n<li>De asemenea, pute\u021bi scana urm\u0103torul cod QR pentru a desc\u0103rca aplica\u021bia.<\/li>\n<\/ol>\n\n\n<div class=\"wp-block-image\">\n<figure class=\"aligncenter\"><img decoding=\"async\" width=\"210\" height=\"210\" data-src=\"https:\/\/tutuapps.online\/wp-content\/uploads\/2018\/08\/qr-tutuapp-code-ios.png\" alt=\"qr-tutuapp-code-ios\" class=\"wp-image-77 lazyload\" data-srcset=\"https:\/\/tutuapps.online\/wp-content\/uploads\/2018\/08\/qr-tutuapp-code-ios.png 210w, https:\/\/tutuapps.online\/wp-content\/uploads\/2018\/08\/qr-tutuapp-code-ios-150x150.png 150w\" data-sizes=\"(max-width: 210px) 100vw, 210px\" src=\"data:image\/svg+xml;base64,PHN2ZyB3aWR0aD0iMSIgaGVpZ2h0PSIxIiB4bWxucz0iaHR0cDovL3d3dy53My5vcmcvMjAwMC9zdmciPjwvc3ZnPg==\" style=\"--smush-placeholder-width: 210px; --smush-placeholder-aspect-ratio: 210\/210;\" \/><\/figure>\n<\/div>\n\n\n<p>V\u0103 rug\u0103m s\u0103 desc\u0103rca\u021bi TutuApp pentru Android \/ iOS Iphone folosind link-urile noastre furnizate, nu-l desc\u0103rca\u021bi din surse nesigure, deoarece v\u0103 pute\u021bi deteriora dispozitivul.<\/p>\n\n\n<div class=\"wp-block-image\">\n<figure class=\"aligncenter\"><a href=\"https:\/\/tutuapps.online\/ro\/descarcati-tutuapp\/\" target=\"_blank\" rel=\"noopener noreferrer\"><img wpfc-lazyload-disable=\"true\" decoding=\"async\" width=\"282\" height=\"44\" data-src=\"https:\/\/tutuapps.online\/wp-content\/uploads\/2018\/08\/telecharger-le-bouton-tutuapp.png\" alt=\"download-the-button-tutuapp\" class=\"wp-image-45 lazyload\" src=\"data:image\/svg+xml;base64,PHN2ZyB3aWR0aD0iMSIgaGVpZ2h0PSIxIiB4bWxucz0iaHR0cDovL3d3dy53My5vcmcvMjAwMC9zdmciPjwvc3ZnPg==\" style=\"--smush-placeholder-width: 282px; --smush-placeholder-aspect-ratio: 282\/44;\" \/><\/a><\/figure>\n<\/div>\n\n\n<div style=\"height:20px\" aria-hidden=\"true\" class=\"wp-block-spacer\"><\/div>\n\n\n\n<h2 class=\"wp-block-heading\"><strong>TutuApp gratuit pentru Android - iOS <\/strong> \"\u00centreb\u0103ri frecvente<\/h2>\n\n\n\n<h3 class=\"wp-block-heading\"><strong>Este cu adev\u0103rat sigur? <\/strong><\/h3>\n\n\n\n<p>R\u0103spunsul scurt este \"DA\".<\/p>\n\n\n\n<p>Mai \u00een detaliu, v\u0103 putem spune c\u0103 a fost testat cu jocuri \u0219i de mul\u021bi utilizatori. Putem \u00een\u021belege c\u0103 exist\u0103 persoane care prefer\u0103 s\u0103 descarce aplica\u021bii \u0219i jocuri de la Google \u0219i Apple, deoarece \u0219tiu c\u0103 sunt site-uri sigure, este securizat \u0219i nu necesit\u0103 date particulare din partea utilizatorului final.<\/p>\n\n\n\n<p>Dac\u0103 avem \u00eendoieli cu privire la securitatea aplica\u021biei, putem instala un antivirus pe telefonul mobil \u0219i astfel avem un plus de securitate. <\/p>\n\n\n\n<h3 class=\"wp-block-heading\"><strong>C\u00e2te jocuri sunt disponibile?<\/strong><\/h3>\n\n\n\n<p>Exist\u0103 mii de aplica\u021bii \u0219i jocuri \u0219i toate sunt gratuite. <\/p>\n\n\n\n<h3 class=\"wp-block-heading\"><strong>C\u00e2te versiuni de TutuApp exist\u0103?<\/strong><\/h3>\n\n\n\n<p>Exist\u0103 Tutuapp Free, care este complet gratuit, \u0219i apoi exist\u0103 o versiune VIP care cost\u0103 $12.99 - Dac\u0103 opta\u021bi pentru <a href=\"https:\/\/tutuapps.online\/ro\/android\/\">Tutuapp Android<\/a> Vom avea publicitate gratuit\u0103 din c\u00e2nd \u00een c\u00e2nd, iar dac\u0103 nu dori\u021bi s\u0103 vede\u021bi reclame va trebui s\u0103 desc\u0103rca\u021bi versiunea Vip. <\/p>\n\n\n\n<h3 class=\"wp-block-heading\"><strong>Poate fi folosit pe PC?<\/strong><\/h3>\n\n\n\n<p>Da, poate fi instalat \u0219i utilizat pe PC, dac\u0103 nu \u0219ti\u021bi cum s\u0103 face\u021bi acest lucru, consulta\u021bi ghidul nostru de instalare \"\u00a0<a href=\"https:\/\/tutuapps.online\/ro\/pc\/\">Tutuapp Pc<\/a>\" .<\/p>\n\n\n\n<h3 class=\"wp-block-heading\"><strong>Ce se \u00eent\u00e2mpl\u0103 cu laptopul meu Mac?<\/strong><\/h3>\n\n\n\n<p>Da, \u0219i acest lucru este posibil, ave\u021bi informa\u021bii complete pe pagina Tutuapp MacOs.<\/p>\n\n\n\n<h3 class=\"wp-block-heading\"><strong>De ce nu pot desc\u0103rca aplica\u021bia pe Android \/ iPhone \/ PC-ul meu mobil?<\/strong><\/h3>\n\n\n\n<p>Cel mai des \u00eent\u00e2lnit lucru este faptul c\u0103 conexiunea noastr\u0103 la internet nu func\u021bioneaz\u0103. Dac\u0103 folosim o re\u021bea Wi-Fi, aceasta \u00ee\u0219i poate pierde uneori acoperirea sau se poate \u00eentrerupe. Ocazional, pot ap\u0103rea \u0219i alte neajunsuri,<a href=\"https:\/\/tutuapps.online\/ro\/tutuapp-nu-functioneaza\/\"> click aici pentru a afla mai multe<\/a>.<\/p>\n\n\n\n<h3 class=\"wp-block-heading\"><strong>Care este cea mai recent\u0103 versiune pentru Android \/ iPhone?<\/strong><\/h3>\n\n\n\n<p>Cea mai recent\u0103 versiune disponibil\u0103 este 3.4.1.<\/p>\n\n\n\n<h3 class=\"wp-block-heading\"><strong>Exist\u0103 o aplica\u021bie similar\u0103?<\/strong> <\/h3>\n\n\n\n<p>Recomand\u0103m \u00eentotdeauna Tutuapp (ne d\u0103 mult\u0103 \u00eencredere), dar dac\u0103 nu \u00eel pute\u021bi desc\u0103rca, ave\u021bi alte op\u021biuni de luat \u00een considerare, cum ar fi Zestia Estender, AppEven, Aptoide, Blackmart Alpha, MoboGenie, MoboGenie etc. Dac\u0103 dori\u021bi s\u0103 afla\u021bi mai multe despre alternativele existente, consulta\u021bi acest articol (<strong><a href=\"https:\/\/tutuapps.online\/ro\/aplicatii-precum-tutuapp\/\">Alternative<\/a><\/strong>).<\/p>\n\n\n\n<div style=\"height:20px\" aria-hidden=\"true\" class=\"wp-block-spacer\"><\/div>\n\n\n\n<p><strong>S-ar putea s\u0103 v\u0103 intereseze \u0219i<\/strong><\/p>\n\n\n\n<ul class=\"wp-block-list\">\n<li><a rel=\"noreferrer noopener\" href=\"https:\/\/tutuapps.online\/ro\/descarcati-tutuapp\/\" target=\"_blank\"><strong>Desc\u0103rca\u021bi TutuApp<\/strong><\/a><\/li>\n\n\n\n<li><a rel=\"noreferrer noopener\" href=\"https:\/\/tutuapps.online\/ro\/deezer-plus\/\" target=\"_blank\"><strong>TutuApp Deezer++<\/strong><\/a><\/li>\n\n\n\n<li><strong><a rel=\"noreferrer noopener\" href=\"https:\/\/tutuapps.online\/ro\/ios\/\" target=\"_blank\">TutuApp iOS<\/a><\/strong><\/li>\n<\/ul>\n\n\n\n<div style=\"height:20px\" aria-hidden=\"true\" class=\"wp-block-spacer\"><\/div>\n\n\n\n<p><\/p>","protected":false},"excerpt":{"rendered":"<p>TutuApp est un magasin d&rsquo;applications gratuit d\u00e9velopp\u00e9 pour les appareils Android et iOS (iPhone\/iPad). Caract\u00e9ristiques de TutuApp Est disponible ici, vous pouvez utiliser nos liens de t\u00e9l\u00e9chargement pour t\u00e9l\u00e9charger et installer sur votre appareil Android ou Iphone. Vous trouverez ci-dessous une br\u00e8ve explication de la proc\u00e9dure compl\u00e8te de t\u00e9l\u00e9chargement et d&rsquo;installation sur les deux plates-formes. &#8230; <a title=\"TutuApp | Android \/ iOS\" class=\"read-more\" href=\"https:\/\/tutuapps.online\/ro\/\" aria-label=\"More on TutuApp | Android \/ iOS\">Cite\u0219te mai mult<\/a><\/p>","protected":false},"author":1,"featured_media":1673,"parent":0,"menu_order":0,"comment_status":"closed","ping_status":"closed","template":"","meta":{"generate_page_header":"","footnotes":""},"class_list":["post-613","page","type-page","status-publish","has-post-thumbnail"],"yoast_head":"<!-- This site is optimized with the Yoast SEO plugin v26.5 - https:\/\/yoast.com\/wordpress\/plugins\/seo\/ -->\n<title>\u25b7 TUTUAPP Android et iOS \u3010 \u221a 2026 \u3011<\/title>\n<meta name=\"description\" content=\"I\u27a8 TutuApp est un magasin d&#039;applications gratuit d\u00e9velopp\u00e9 pour les appareils Android et iOS (iPhone\/iPad) \u2705 TutuApp vous permet ...\" \/>\n<meta name=\"robots\" content=\"index, follow, max-snippet:-1, max-image-preview:large, max-video-preview:-1\" \/>\n<link rel=\"canonical\" href=\"https:\/\/tutuapps.online\/ro\/\" \/>\n<meta property=\"og:locale\" content=\"ro_RO\" \/>\n<meta property=\"og:type\" content=\"article\" \/>\n<meta property=\"og:title\" content=\"\u25b7 TUTUAPP Android et iOS \u3010 \u221a 2026 \u3011\" \/>\n<meta property=\"og:description\" content=\"I\u27a8 TutuApp est un magasin d&#039;applications gratuit d\u00e9velopp\u00e9 pour les appareils Android et iOS (iPhone\/iPad) \u2705 TutuApp vous permet ...\" \/>\n<meta property=\"og:url\" content=\"https:\/\/tutuapps.online\/ro\/\" \/>\n<meta property=\"og:site_name\" content=\"TutuApps.online\" \/>\n<meta property=\"article:modified_time\" content=\"2023-10-09T20:28:21+00:00\" \/>\n<meta property=\"og:image\" content=\"https:\/\/tutuapps.online\/wp-content\/uploads\/2020\/03\/tutuapp.png\" \/>\n\t<meta property=\"og:image:width\" content=\"196\" \/>\n\t<meta property=\"og:image:height\" content=\"197\" \/>\n\t<meta property=\"og:image:type\" content=\"image\/png\" \/>\n<meta name=\"twitter:card\" content=\"summary_large_image\" \/>\n<meta name=\"twitter:label1\" content=\"Timp estimat pentru citire\" \/>\n\t<meta name=\"twitter:data1\" content=\"5 minute\" \/>\n<script type=\"application\/ld+json\" class=\"yoast-schema-graph\">{\"@context\":\"https:\/\/schema.org\",\"@graph\":[{\"@type\":\"WebPage\",\"@id\":\"https:\/\/tutuapps.online\/\",\"url\":\"https:\/\/tutuapps.online\/\",\"name\":\"\u25b7 TUTUAPP Android et iOS \u3010 \u221a 2026 \u3011\",\"isPartOf\":{\"@id\":\"https:\/\/tutuapps.online\/#website\"},\"primaryImageOfPage\":{\"@id\":\"https:\/\/tutuapps.online\/#primaryimage\"},\"image\":{\"@id\":\"https:\/\/tutuapps.online\/#primaryimage\"},\"thumbnailUrl\":\"https:\/\/tutuapps.online\/wp-content\/uploads\/2020\/03\/tutuapp.png\",\"datePublished\":\"2019-03-08T18:52:41+00:00\",\"dateModified\":\"2023-10-09T20:28:21+00:00\",\"description\":\"I\u27a8 TutuApp est un magasin d'applications gratuit d\u00e9velopp\u00e9 pour les appareils Android et iOS (iPhone\/iPad) \u2705 TutuApp vous permet ...\",\"breadcrumb\":{\"@id\":\"https:\/\/tutuapps.online\/#breadcrumb\"},\"inLanguage\":\"ro-RO\",\"potentialAction\":[{\"@type\":\"ReadAction\",\"target\":[\"https:\/\/tutuapps.online\/\"]}]},{\"@type\":\"ImageObject\",\"inLanguage\":\"ro-RO\",\"@id\":\"https:\/\/tutuapps.online\/#primaryimage\",\"url\":\"https:\/\/tutuapps.online\/wp-content\/uploads\/2020\/03\/tutuapp.png\",\"contentUrl\":\"https:\/\/tutuapps.online\/wp-content\/uploads\/2020\/03\/tutuapp.png\",\"width\":196,\"height\":197,\"caption\":\"tutuapp\"},{\"@type\":\"BreadcrumbList\",\"@id\":\"https:\/\/tutuapps.online\/#breadcrumb\",\"itemListElement\":[{\"@type\":\"ListItem\",\"position\":1,\"name\":\"Portada\",\"item\":\"https:\/\/tutuapps.online\/\"},{\"@type\":\"ListItem\",\"position\":2,\"name\":\"TutuApp | Android \/ iOS\"}]},{\"@type\":\"WebSite\",\"@id\":\"https:\/\/tutuapps.online\/#website\",\"url\":\"https:\/\/tutuapps.online\/\",\"name\":\"TutuApps.online\",\"description\":\"T\u00e9l\u00e9charger pour iOS, Android, PC\",\"publisher\":{\"@id\":\"https:\/\/tutuapps.online\/#organization\"},\"potentialAction\":[{\"@type\":\"SearchAction\",\"target\":{\"@type\":\"EntryPoint\",\"urlTemplate\":\"https:\/\/tutuapps.online\/?s={search_term_string}\"},\"query-input\":{\"@type\":\"PropertyValueSpecification\",\"valueRequired\":true,\"valueName\":\"search_term_string\"}}],\"inLanguage\":\"ro-RO\"},{\"@type\":\"Organization\",\"@id\":\"https:\/\/tutuapps.online\/#organization\",\"name\":\"Tutuapps Online\",\"url\":\"https:\/\/tutuapps.online\/\",\"logo\":{\"@type\":\"ImageObject\",\"inLanguage\":\"ro-RO\",\"@id\":\"https:\/\/tutuapps.online\/#\/schema\/logo\/image\/\",\"url\":\"https:\/\/tutuapps.online\/wp-content\/uploads\/2022\/01\/tutuapps-online.png\",\"contentUrl\":\"https:\/\/tutuapps.online\/wp-content\/uploads\/2022\/01\/tutuapps-online.png\",\"width\":337,\"height\":94,\"caption\":\"Tutuapps Online\"},\"image\":{\"@id\":\"https:\/\/tutuapps.online\/#\/schema\/logo\/image\/\"}}]}<\/script>\n<!-- \/ Yoast SEO plugin. -->","yoast_head_json":{"title":"\u25b7 TUTUAPP Android et iOS \u3010 \u221a 2026 \u3011","description":"I\u27a8 TutuApp est un magasin d'applications gratuit d\u00e9velopp\u00e9 pour les appareils Android et iOS (iPhone\/iPad) \u2705 TutuApp vous permet ...","robots":{"index":"index","follow":"follow","max-snippet":"max-snippet:-1","max-image-preview":"max-image-preview:large","max-video-preview":"max-video-preview:-1"},"canonical":"https:\/\/tutuapps.online\/ro\/","og_locale":"ro_RO","og_type":"article","og_title":"\u25b7 TUTUAPP Android et iOS \u3010 \u221a 2026 \u3011","og_description":"I\u27a8 TutuApp est un magasin d'applications gratuit d\u00e9velopp\u00e9 pour les appareils Android et iOS (iPhone\/iPad) \u2705 TutuApp vous permet ...","og_url":"https:\/\/tutuapps.online\/ro\/","og_site_name":"TutuApps.online","article_modified_time":"2023-10-09T20:28:21+00:00","og_image":[{"width":196,"height":197,"url":"https:\/\/tutuapps.online\/wp-content\/uploads\/2020\/03\/tutuapp.png","type":"image\/png"}],"twitter_card":"summary_large_image","twitter_misc":{"Timp estimat pentru citire":"5 minute"},"schema":{"@context":"https:\/\/schema.org","@graph":[{"@type":"WebPage","@id":"https:\/\/tutuapps.online\/","url":"https:\/\/tutuapps.online\/","name":"\u25b7 TUTUAPP Android et iOS \u3010 \u221a 2026 \u3011","isPartOf":{"@id":"https:\/\/tutuapps.online\/#website"},"primaryImageOfPage":{"@id":"https:\/\/tutuapps.online\/#primaryimage"},"image":{"@id":"https:\/\/tutuapps.online\/#primaryimage"},"thumbnailUrl":"https:\/\/tutuapps.online\/wp-content\/uploads\/2020\/03\/tutuapp.png","datePublished":"2019-03-08T18:52:41+00:00","dateModified":"2023-10-09T20:28:21+00:00","description":"I\u27a8 TutuApp est un magasin d'applications gratuit d\u00e9velopp\u00e9 pour les appareils Android et iOS (iPhone\/iPad) \u2705 TutuApp vous permet ...","breadcrumb":{"@id":"https:\/\/tutuapps.online\/#breadcrumb"},"inLanguage":"ro-RO","potentialAction":[{"@type":"ReadAction","target":["https:\/\/tutuapps.online\/"]}]},{"@type":"ImageObject","inLanguage":"ro-RO","@id":"https:\/\/tutuapps.online\/#primaryimage","url":"https:\/\/tutuapps.online\/wp-content\/uploads\/2020\/03\/tutuapp.png","contentUrl":"https:\/\/tutuapps.online\/wp-content\/uploads\/2020\/03\/tutuapp.png","width":196,"height":197,"caption":"tutuapp"},{"@type":"BreadcrumbList","@id":"https:\/\/tutuapps.online\/#breadcrumb","itemListElement":[{"@type":"ListItem","position":1,"name":"Portada","item":"https:\/\/tutuapps.online\/"},{"@type":"ListItem","position":2,"name":"TutuApp | Android \/ iOS"}]},{"@type":"WebSite","@id":"https:\/\/tutuapps.online\/#website","url":"https:\/\/tutuapps.online\/","name":"TutuApps.online","description":"T\u00e9l\u00e9charger pour iOS, Android, PC","publisher":{"@id":"https:\/\/tutuapps.online\/#organization"},"potentialAction":[{"@type":"SearchAction","target":{"@type":"EntryPoint","urlTemplate":"https:\/\/tutuapps.online\/?s={search_term_string}"},"query-input":{"@type":"PropertyValueSpecification","valueRequired":true,"valueName":"search_term_string"}}],"inLanguage":"ro-RO"},{"@type":"Organization","@id":"https:\/\/tutuapps.online\/#organization","name":"Tutuapps Online","url":"https:\/\/tutuapps.online\/","logo":{"@type":"ImageObject","inLanguage":"ro-RO","@id":"https:\/\/tutuapps.online\/#\/schema\/logo\/image\/","url":"https:\/\/tutuapps.online\/wp-content\/uploads\/2022\/01\/tutuapps-online.png","contentUrl":"https:\/\/tutuapps.online\/wp-content\/uploads\/2022\/01\/tutuapps-online.png","width":337,"height":94,"caption":"Tutuapps Online"},"image":{"@id":"https:\/\/tutuapps.online\/#\/schema\/logo\/image\/"}}]}},"_links":{"self":[{"href":"https:\/\/tutuapps.online\/ro\/wp-json\/wp\/v2\/pages\/613","targetHints":{"allow":["GET"]}}],"collection":[{"href":"https:\/\/tutuapps.online\/ro\/wp-json\/wp\/v2\/pages"}],"about":[{"href":"https:\/\/tutuapps.online\/ro\/wp-json\/wp\/v2\/types\/page"}],"author":[{"embeddable":true,"href":"https:\/\/tutuapps.online\/ro\/wp-json\/wp\/v2\/users\/1"}],"replies":[{"embeddable":true,"href":"https:\/\/tutuapps.online\/ro\/wp-json\/wp\/v2\/comments?post=613"}],"version-history":[{"count":7,"href":"https:\/\/tutuapps.online\/ro\/wp-json\/wp\/v2\/pages\/613\/revisions"}],"predecessor-version":[{"id":2627,"href":"https:\/\/tutuapps.online\/ro\/wp-json\/wp\/v2\/pages\/613\/revisions\/2627"}],"wp:featuredmedia":[{"embeddable":true,"href":"https:\/\/tutuapps.online\/ro\/wp-json\/wp\/v2\/media\/1673"}],"wp:attachment":[{"href":"https:\/\/tutuapps.online\/ro\/wp-json\/wp\/v2\/media?parent=613"}],"curies":[{"name":"wp","href":"https:\/\/api.w.org\/{rel}","templated":true}]}}