{"id":584,"date":"2019-03-08T19:32:35","date_gmt":"2019-03-08T19:32:35","guid":{"rendered":"https:\/\/tutuapps.online\/?page_id=584"},"modified":"2021-04-06T14:46:35","modified_gmt":"2021-04-06T14:46:35","slug":"tutuapp-telecharger","status":"publish","type":"page","link":"https:\/\/tutuapps.online\/ro\/descarcati-tutuapp\/","title":{"rendered":"Desc\u0103rca\u021bi TutuApp"},"content":{"rendered":"<p><strong>Desc\u0103rc\u0103ri TutuApp<\/strong> gratuit pentru dispozitivul dvs. <a href=\"https:\/\/tutuapps.online\/ro\/android\/\">Android<\/a> \/ <a href=\"https:\/\/tutuapps.online\/ro\/ios\/\">iOS<\/a> \/ <a href=\"https:\/\/tutuapps.online\/ro\/pc\/\">Windows<\/a>Dac\u0103 ave\u021bi un dispozitiv care nu este compatibil cu TutuApp, citi\u021bi mai jos pentru a afla cum pute\u021bi desc\u0103rca aplica\u021bia TutuApp Android \/ iOS \/ iPhone \/ iPad \/ Windows pentru dispozitivul dvs. respectiv.<\/p>\n\n\n\n<p><strong><a rel=\"noopener noreferrer\" href=\"https:\/\/tutuapps.online\/ro\/\" target=\"_blank\">TutuApp<\/a> <\/strong>este unul dintre magazinele de aplica\u021bii ter\u021be cu cea mai rapid\u0103 cre\u0219tere din lume. Este, f\u0103r\u0103 \u00eendoial\u0103, cea mai bun\u0103 alternativ\u0103 la Google Play sau Apple App Store.<\/p>\n\n\n\n<p>Desc\u0103rcarea aplica\u021biilor TutuApp este foarte u\u0219oar\u0103 \u0219i convenabil\u0103, iar cel mai bun lucru despre utilizarea TutuApp pentru a desc\u0103rca aplica\u021bii \u0219i jocuri (pl\u0103tite) pentru dispozitivul t\u0103u este c\u0103 este absolut gratuit.<\/p>\n\n\n\n<div class=\"wp-block-image\"><figure class=\"aligncenter\"><img wpfc-lazyload-disable=\"true\" decoding=\"async\" width=\"210\" height=\"232\" data-src=\"https:\/\/tutuapps.online\/wp-content\/uploads\/2018\/08\/tutuapp-telecharger.png\" alt=\"tutuapp-telecharge\" class=\"wp-image-70 lazyload\" src=\"data:image\/svg+xml;base64,PHN2ZyB3aWR0aD0iMSIgaGVpZ2h0PSIxIiB4bWxucz0iaHR0cDovL3d3dy53My5vcmcvMjAwMC9zdmciPjwvc3ZnPg==\" style=\"--smush-placeholder-width: 210px; --smush-placeholder-aspect-ratio: 210\/232;\" \/><\/figure><\/div>\n\n\n\n<div class=\"wp-block-button aligncenter\"><a class=\"wp-block-button__link\" href=\"https:\/\/tutuapps.online\/ro\/tutuapp-nu-functioneaza\/\"><strong><em> &gt;&gt; TutuApp nu func\u021bioneaz\u0103? &lt;&lt; <\/em><\/strong><\/a><\/div>\n\n\n\n<h2 class=\"wp-block-heading\">Caracteristicile TutuApp<\/h2>\n\n\n\n<p>S\u0103 arunc\u0103m o privire la lista de caracteristici ale magazinului de aplica\u021bii TutuApp \u0219i s\u0103 afl\u0103m de ce este at\u00e2t de popular.<\/p>\n\n\n\n<p>Mai jos este o list\u0103 de caracteristici ale TutuApp:<\/p>\n\n\n\n<div class=\"wp-block-image\"><figure class=\"aligncenter\"><img wpfc-lazyload-disable=\"true\" decoding=\"async\" width=\"752\" height=\"440\" data-src=\"https:\/\/tutuapps.online\/wp-content\/uploads\/2018\/11\/tutuapp-1.jpg\" alt=\"tutuapp\" class=\"wp-image-443 lazyload\" data-srcset=\"https:\/\/tutuapps.online\/wp-content\/uploads\/2018\/11\/tutuapp-1.jpg 752w, https:\/\/tutuapps.online\/wp-content\/uploads\/2018\/11\/tutuapp-1-300x176.jpg 300w\" data-sizes=\"(max-width: 752px) 100vw, 752px\" src=\"data:image\/svg+xml;base64,PHN2ZyB3aWR0aD0iMSIgaGVpZ2h0PSIxIiB4bWxucz0iaHR0cDovL3d3dy53My5vcmcvMjAwMC9zdmciPjwvc3ZnPg==\" style=\"--smush-placeholder-width: 752px; --smush-placeholder-aspect-ratio: 752\/440;\" \/><\/figure><\/div>\n\n\n\n<ol class=\"wp-block-list\"><li>Cu TutuApp, pute\u021bi desc\u0103rca orice aplica\u021bie sau joc la vitez\u0103 mare cu ajutorul desc\u0103rc\u0103torului de aplica\u021bii.<\/li><li>Pentru a utiliza magazinul de aplica\u021bii TutuApp pe dispozitivele dumneavoastr\u0103, nu ave\u021bi nevoie de un dispozitiv Android \"rutat\" sau de un dispozitiv iOS \"jailbroken\", fiind disponibile versiuni separate pentru toate variantele respective.<\/li><li>TutuApp este disponibil pentru aproape toate sistemele de operare majore, inclusiv Android, iOS, Windows \u0219i altele; de asemenea, pute\u021bi desc\u0103rca aplica\u021bii pentru alte platforme din orice sistem de operare.<\/li><li>TutuApp este \u00een chinez\u0103, v\u0103 rug\u0103m s\u0103 utiliza\u021bi aplica\u021bia Google Translate pentru a \u00een\u021belege ce \u00eenseamn\u0103 op\u021biunile magazinului de aplica\u021bii TutuApp.<\/li><li>Jocuri mai bune, noi jocuri exclusive la nivel mondial.<\/li><li>Cu TutuApp ve\u021bi avea aplica\u021bii globale, f\u0103r\u0103 identificare \u0219i multe resurse necesare.<\/li><li>Beneficii exclusive, pachete de jocuri \u0219i oferte speciale.<\/li><li>TutuApp este rapid \u0219i stabil, sigur, rapid \u0219i stabil.<\/li><\/ol>\n\n\n\n<h2 class=\"wp-block-heading\">Desc\u0103rca\u021bi TutuApp<\/h2>\n\n\n\n<p>TutuApp este disponibil\u0103 gratuit pentru dispozitivele Android, iOS \u0219i Windows. Iat\u0103 cum pute\u021bi desc\u0103rca aplica\u021bia TutuApp pentru Android, iOS (iPhone \u0219i iPad) \u0219i Windows.<\/p>\n\n\n\n<h3 class=\"wp-block-heading\">Desc\u0103rca\u021bi TutuApp pentru Android<\/h3>\n\n\n\n<ol class=\"wp-block-list\"><li><strong><a href=\"https:\/\/tutuapps.online\/ro\/apk\/\">Desc\u0103rca\u021bi TutuApp APK<\/a><\/strong> folosind linkurile pe care vi le oferim.<\/li><li>Activeaz\u0103 op\u021biunea de instalare a aplica\u021biilor din surse necunoscute \u00een set\u0103rile de securitate.<\/li><li>Localiza\u021bi fi\u0219ierul APK desc\u0103rcat pe dispozitivul dumneavoastr\u0103 Android \u0219i instala\u021bi-l.<\/li><li>Deschide\u021bi TutuApp pe dispozitivul dvs. Android \u0219i desc\u0103rca\u021bi un num\u0103r nelimitat de jocuri \u0219i aplica\u021bii gratuite.<\/li><\/ol>\n\n\n\n<div class=\"wp-block-image\"><figure class=\"aligncenter\"><a href=\"https:\/\/tutuapps.online\/ro\/apk\/\" target=\"_blank\" rel=\"noopener noreferrer\"><img wpfc-lazyload-disable=\"true\" decoding=\"async\" width=\"282\" height=\"44\" data-src=\"https:\/\/tutuapps.online\/wp-content\/uploads\/2018\/11\/installer-maintenant-tutuapp.png\" alt=\"install-maintain-tutuapp\" class=\"wp-image-446 lazyload\" src=\"data:image\/svg+xml;base64,PHN2ZyB3aWR0aD0iMSIgaGVpZ2h0PSIxIiB4bWxucz0iaHR0cDovL3d3dy53My5vcmcvMjAwMC9zdmciPjwvc3ZnPg==\" style=\"--smush-placeholder-width: 282px; --smush-placeholder-aspect-ratio: 282\/44;\" \/><\/a><\/figure><\/div>\n\n\n\n<p class=\"has-text-align-center\">v3.1.6 \/ 23.59MB<\/p>\n\n\n\n<p class=\"has-text-align-center\"><strong><a href=\"https:\/\/dw.uptodown.com\/dwn\/82I4qfPYOKCdcAPby6DzpmlQNc24YX0TK8TJD7KHlFAtXEP695aMpFdqKtp2XG-xmse6eE75Fmo3bix5YoAtgGOd7k6f5O4e9ZGcuTIaQ2QHTJypJNbTr8Dkid9yxX1n\/i0cFwLCAQfTM_roarClKxAbsmp0JYoEj_Gwvk-8LCsJ0qXg5_A3wcFVo_KJ7JYacLA2MxtkjR7Ii7C0ctensfEvDx3r1lSUI35bEakhnb8b5i6xdQQtNDpetYyNdVUgg\/vc5gClCHeDTcatuC-AeXuakwcxsF03eEBWxFBgLY-eo=\/\" target=\"_blank\" rel=\"noreferrer noopener\" aria-label=\"Link oficial de desc\u0103rcare TutuApp Android (se deschide \u00eentr-o fil\u0103 nou\u0103)\">Link oficial de desc\u0103rcare TutuApp Android<\/a><\/strong><\/p>\n\n\n\n<h3 class=\"wp-block-heading\">Desc\u0103rca\u021bi \u0219i instala\u021bi TutuApp pentru iOS<\/h3>\n\n\n\n<ol class=\"wp-block-list\"><li><strong><a href=\"https:\/\/tutuapps.online\/ro\/ios\/\">Desc\u0103rca\u021bi aplica\u021bia TutuApp iOS<\/a><\/strong>.<\/li><li>Utiliza\u021bi linkurile noastre de desc\u0103rcare pentru a desc\u0103rca TutuApp.<\/li><li>Face\u021bi dublu clic pe \"Install\" (Instalare) atunci c\u00e2nd apare caseta de dialog de instalare.<\/li><li>Naviga\u021bi la Phone Settings -&gt; General Settings -&gt; \u0219i alege\u021bi s\u0103 ave\u021bi \u00eencredere \u00een magazinul de aplica\u021bii TutuApp.<\/li><li>Deschide\u021bi TutuApp pe dispozitivul dvs. iOS \u0219i desc\u0103rca\u021bi gratuit aplica\u021biile \u0219i jocurile pe care le dori\u021bi.<\/li><\/ol>\n\n\n\n<div class=\"wp-block-image\"><figure class=\"aligncenter\"><a href=\"https:\/\/tutuapp.com\/ios\/\" target=\"_blank\" rel=\"noopener noreferrer\"><img wpfc-lazyload-disable=\"true\" decoding=\"async\" width=\"282\" height=\"44\" data-src=\"https:\/\/tutuapps.online\/wp-content\/uploads\/2018\/11\/installer-maintenant-tutuapp.png\" alt=\"install-now\" class=\"wp-image-446 lazyload\" src=\"data:image\/svg+xml;base64,PHN2ZyB3aWR0aD0iMSIgaGVpZ2h0PSIxIiB4bWxucz0iaHR0cDovL3d3dy53My5vcmcvMjAwMC9zdmciPjwvc3ZnPg==\" style=\"--smush-placeholder-width: 282px; --smush-placeholder-aspect-ratio: 282\/44;\" \/><\/a><\/figure><\/div>\n\n\n\n<p class=\"has-text-align-center\">v2.4.3 \/ 30.6 MB - Necesit\u0103 iOS8.0 sau o versiune ulterioar\u0103<\/p>\n\n\n\n<p class=\"has-text-align-center\"><a href=\"https:\/\/tutuapp.com\/ios\/\" target=\"_blank\" rel=\"noopener noreferrer\"><strong>Link oficial de desc\u0103rcare TutuApp iOS<\/strong><\/a><\/p>\n\n\n\n<h2 class=\"wp-block-heading\">Desc\u0103rca\u021bi TutuApp pentru MacOS<\/h2>\n\n\n\n<p>Urmeaz\u0103 pa\u0219ii de mai jos pe MacBook Air sau iMac pentru a instala TutuApp pentru MacOS.<\/p>\n\n\n\n<ol class=\"wp-block-list\"><li>Preferin\u021be de sistem -&gt; Securitate \u0219i confiden\u021bialitate.<\/li><li>Face\u021bi clic pe butonul \"Block\" (Blocare) pentru a face modific\u0103rile necesare.<\/li><li>Permite\u021bi certificatele desc\u0103rcate de pe TutuApp.<\/li><li>Face\u021bi clic pe \"Trust the application\".<\/li><\/ol>\n\n\n\n<h3 class=\"wp-block-heading\">Desc\u0103rca\u021bi TutuApp pentru PC<\/h3>\n\n\n\n<ol class=\"wp-block-list\"><li><a href=\"https:\/\/tutuapps.online\/ro\/pc\/\"><strong>Desc\u0103rca\u021bi fi\u0219ierul EXE<\/strong><\/a>.<\/li><li>Localiza\u021bi pentru a desc\u0103rca dosarul \u0219i rula\u021bi aplica\u021bia ca administrator.<\/li><li>Accepta\u021bi termenii \u0219i condi\u021biile \u0219i instala\u021bi programul pe C:Drive.<\/li><li>Urma\u021bi instruc\u021biunile de pe ecran \u0219i finaliza\u021bi procesul de instalare.<\/li><li>Deschide\u021bi aplica\u021bia de pe desktop \u0219i bucura\u021bi-v\u0103!<\/li><\/ol>\n\n\n\n<div class=\"wp-block-image\"><figure class=\"aligncenter\"><a href=\"https:\/\/www.tutuapp.com\/pc\/\" target=\"_blank\" rel=\"noopener noreferrer\"><img wpfc-lazyload-disable=\"true\" decoding=\"async\" width=\"282\" height=\"44\" data-src=\"https:\/\/tutuapps.online\/wp-content\/uploads\/2018\/11\/installer-maintenant-tutuapp.png\" alt=\"install-now\" class=\"wp-image-446 lazyload\" src=\"data:image\/svg+xml;base64,PHN2ZyB3aWR0aD0iMSIgaGVpZ2h0PSIxIiB4bWxucz0iaHR0cDovL3d3dy53My5vcmcvMjAwMC9zdmciPjwvc3ZnPg==\" style=\"--smush-placeholder-width: 282px; --smush-placeholder-aspect-ratio: 282\/44;\" \/><\/a><\/figure><\/div>\n\n\n\n<p>TutuApp este folosit\u0103 de peste 10 milioane de persoane din \u00eentreaga lume, ceea ce o face s\u0103 fie magazinul de aplica\u021bii pentru iOS \u0219i Android cu cea mai rapid\u0103 cre\u0219tere.<\/p>\n\n\n\n<p>Ave\u021bi, de asemenea, cele mai recente tendin\u021be \u0219i sec\u021biunea Top Apps pentru a alege colec\u021bia de aplica\u021bii pe care dori\u021bi s\u0103 le instala\u021bi pe telefonul mobil. Desc\u0103rca\u021bi TutuApp ast\u0103zi pentru mai multe beneficii \u0219i distrac\u021bie pe mobilul dumneavoastr\u0103. Pentru a desc\u0103rca TutuApp APK pentru alte dispozitive, vizita\u021bi pagina noastr\u0103 de pornire \u0219i verifica\u021bi aplica\u021bia.<\/p>\n\n\n\n<p>Dac\u0103 sunte\u021bi mul\u021bumit de acest magazin de aplica\u021bii, cu TutuApp sus\u021bine\u021bi dezvoltatorul prin achizi\u021bionarea versiunii VIP a TutuApp (TutuApp VIP) care ofer\u0103 multe avantaje fa\u021b\u0103 de versiunea gratuit\u0103 \/ normal\u0103.<\/p>\n\n\n\n<h2 class=\"wp-block-heading\">Video - Desc\u0103rca\u021bi TutuApp [ New Version ]<\/h2>\n\n\n<p><center><iframe width=\"600\" height=\"355\" data-src=\"https:\/\/www.youtube.com\/embed\/n9dFp9VBjao\" frameborder=\"0\" allow=\"accelerometer; autoplay; encrypted-media; gyroscope; picture-in-picture\" allowfullscreen=\"\" src=\"data:image\/svg+xml;base64,PHN2ZyB3aWR0aD0iMSIgaGVpZ2h0PSIxIiB4bWxucz0iaHR0cDovL3d3dy53My5vcmcvMjAwMC9zdmciPjwvc3ZnPg==\" class=\"lazyload\" data-load-mode=\"1\"><\/iframe><\/center><\/p>\n\n\n\n<div style=\"height:20px\" aria-hidden=\"true\" class=\"wp-block-spacer\"><\/div>","protected":false},"excerpt":{"rendered":"<p>TutuApp desc\u0103rcare gratuit\u0103 pentru dispozitivul Android \/ iOS \/ Windows, citi\u021bi mai jos pentru a afla cum pute\u021bi desc\u0103rca aplica\u021bia TutuApp Android \/ iOS \/ iPhone \/ iPad \/ Windows pentru dispozitivul dvs. respectiv. TutuApp este unul dintre magazinele de aplica\u021bii ter\u021be cu cea mai rapid\u0103 cre\u0219tere din lume. Este, f\u0103r\u0103 \u00eendoial\u0103, cea mai bun\u0103 alternativ\u0103 la Google Play ... <a title=\"Desc\u0103rca\u021bi TutuApp\" class=\"read-more\" href=\"https:\/\/tutuapps.online\/ro\/descarcati-tutuapp\/\" aria-label=\"Mai multe pe Desc\u0103rca\u021bi TutuApp\">Cite\u0219te mai mult<\/a><\/p>","protected":false},"author":1,"featured_media":1757,"parent":0,"menu_order":0,"comment_status":"closed","ping_status":"closed","template":"","meta":{"generate_page_header":"","footnotes":""},"class_list":["post-584","page","type-page","status-publish","has-post-thumbnail"],"yoast_head":"<!-- This site is optimized with the Yoast SEO plugin v26.5 - https:\/\/yoast.com\/wordpress\/plugins\/seo\/ -->\n<title>\u25b7 T\u00e9l\u00e9charger TUTUAPP \u221a 2026 \u3010 Android \/ iOS \/ PC \u3011<\/title>\n<meta name=\"description\" content=\"I\u27a8 T\u00e9l\u00e9charger TutuApp pour Android \/ iOS \/ Windows \/ macOS \u2705 Obtenez gratuitement des jeux et applications payants et fiables avec Tutuapp ...\" \/>\n<meta name=\"robots\" content=\"index, follow, max-snippet:-1, max-image-preview:large, max-video-preview:-1\" \/>\n<link rel=\"canonical\" href=\"https:\/\/tutuapps.online\/ro\/descarcati-tutuapp\/\" \/>\n<meta property=\"og:locale\" content=\"ro_RO\" \/>\n<meta property=\"og:type\" content=\"article\" \/>\n<meta property=\"og:title\" content=\"\u25b7 T\u00e9l\u00e9charger TUTUAPP \u221a 2026 \u3010 Android \/ iOS \/ PC \u3011\" \/>\n<meta property=\"og:description\" content=\"I\u27a8 T\u00e9l\u00e9charger TutuApp pour Android \/ iOS \/ Windows \/ macOS \u2705 Obtenez gratuitement des jeux et applications payants et fiables avec Tutuapp ...\" \/>\n<meta property=\"og:url\" content=\"https:\/\/tutuapps.online\/ro\/descarcati-tutuapp\/\" \/>\n<meta property=\"og:site_name\" content=\"TutuApps.online\" \/>\n<meta property=\"article:modified_time\" content=\"2021-04-06T14:46:35+00:00\" \/>\n<meta property=\"og:image\" content=\"https:\/\/tutuapps.online\/wp-content\/uploads\/2020\/03\/comment-telecharger-tutuapp.png\" \/>\n\t<meta property=\"og:image:width\" content=\"191\" \/>\n\t<meta property=\"og:image:height\" content=\"234\" \/>\n\t<meta property=\"og:image:type\" content=\"image\/png\" \/>\n<meta name=\"twitter:card\" content=\"summary_large_image\" \/>\n<meta name=\"twitter:label1\" content=\"Timp estimat pentru citire\" \/>\n\t<meta name=\"twitter:data1\" content=\"4 minute\" \/>\n<script type=\"application\/ld+json\" class=\"yoast-schema-graph\">{\"@context\":\"https:\/\/schema.org\",\"@graph\":[{\"@type\":\"WebPage\",\"@id\":\"https:\/\/tutuapps.online\/tutuapp-telecharger\/\",\"url\":\"https:\/\/tutuapps.online\/tutuapp-telecharger\/\",\"name\":\"\u25b7 T\u00e9l\u00e9charger TUTUAPP \u221a 2026 \u3010 Android \/ iOS \/ PC \u3011\",\"isPartOf\":{\"@id\":\"https:\/\/tutuapps.online\/#website\"},\"primaryImageOfPage\":{\"@id\":\"https:\/\/tutuapps.online\/tutuapp-telecharger\/#primaryimage\"},\"image\":{\"@id\":\"https:\/\/tutuapps.online\/tutuapp-telecharger\/#primaryimage\"},\"thumbnailUrl\":\"https:\/\/tutuapps.online\/wp-content\/uploads\/2020\/03\/comment-telecharger-tutuapp.png\",\"datePublished\":\"2019-03-08T19:32:35+00:00\",\"dateModified\":\"2021-04-06T14:46:35+00:00\",\"description\":\"I\u27a8 T\u00e9l\u00e9charger TutuApp pour Android \/ iOS \/ Windows \/ macOS \u2705 Obtenez gratuitement des jeux et applications payants et fiables avec Tutuapp ...\",\"breadcrumb\":{\"@id\":\"https:\/\/tutuapps.online\/tutuapp-telecharger\/#breadcrumb\"},\"inLanguage\":\"ro-RO\",\"potentialAction\":[{\"@type\":\"ReadAction\",\"target\":[\"https:\/\/tutuapps.online\/tutuapp-telecharger\/\"]}]},{\"@type\":\"ImageObject\",\"inLanguage\":\"ro-RO\",\"@id\":\"https:\/\/tutuapps.online\/tutuapp-telecharger\/#primaryimage\",\"url\":\"https:\/\/tutuapps.online\/wp-content\/uploads\/2020\/03\/comment-telecharger-tutuapp.png\",\"contentUrl\":\"https:\/\/tutuapps.online\/wp-content\/uploads\/2020\/03\/comment-telecharger-tutuapp.png\",\"width\":191,\"height\":234,\"caption\":\"comment-telecharger-tutuapp\"},{\"@type\":\"BreadcrumbList\",\"@id\":\"https:\/\/tutuapps.online\/tutuapp-telecharger\/#breadcrumb\",\"itemListElement\":[{\"@type\":\"ListItem\",\"position\":1,\"name\":\"Portada\",\"item\":\"https:\/\/tutuapps.online\/\"},{\"@type\":\"ListItem\",\"position\":2,\"name\":\"T\u00e9l\u00e9charger TutuApp\"}]},{\"@type\":\"WebSite\",\"@id\":\"https:\/\/tutuapps.online\/#website\",\"url\":\"https:\/\/tutuapps.online\/\",\"name\":\"TutuApps.online\",\"description\":\"T\u00e9l\u00e9charger pour iOS, Android, PC\",\"publisher\":{\"@id\":\"https:\/\/tutuapps.online\/#organization\"},\"potentialAction\":[{\"@type\":\"SearchAction\",\"target\":{\"@type\":\"EntryPoint\",\"urlTemplate\":\"https:\/\/tutuapps.online\/?s={search_term_string}\"},\"query-input\":{\"@type\":\"PropertyValueSpecification\",\"valueRequired\":true,\"valueName\":\"search_term_string\"}}],\"inLanguage\":\"ro-RO\"},{\"@type\":\"Organization\",\"@id\":\"https:\/\/tutuapps.online\/#organization\",\"name\":\"Tutuapps Online\",\"url\":\"https:\/\/tutuapps.online\/\",\"logo\":{\"@type\":\"ImageObject\",\"inLanguage\":\"ro-RO\",\"@id\":\"https:\/\/tutuapps.online\/#\/schema\/logo\/image\/\",\"url\":\"https:\/\/tutuapps.online\/wp-content\/uploads\/2022\/01\/tutuapps-online.png\",\"contentUrl\":\"https:\/\/tutuapps.online\/wp-content\/uploads\/2022\/01\/tutuapps-online.png\",\"width\":337,\"height\":94,\"caption\":\"Tutuapps Online\"},\"image\":{\"@id\":\"https:\/\/tutuapps.online\/#\/schema\/logo\/image\/\"}}]}<\/script>\n<!-- \/ Yoast SEO plugin. -->","yoast_head_json":{"title":"\u25b7 T\u00e9l\u00e9charger TUTUAPP \u221a 2026 \u3010 Android \/ iOS \/ PC \u3011","description":"I\u27a8 T\u00e9l\u00e9charger TutuApp pour Android \/ iOS \/ Windows \/ macOS \u2705 Obtenez gratuitement des jeux et applications payants et fiables avec Tutuapp ...","robots":{"index":"index","follow":"follow","max-snippet":"max-snippet:-1","max-image-preview":"max-image-preview:large","max-video-preview":"max-video-preview:-1"},"canonical":"https:\/\/tutuapps.online\/ro\/descarcati-tutuapp\/","og_locale":"ro_RO","og_type":"article","og_title":"\u25b7 T\u00e9l\u00e9charger TUTUAPP \u221a 2026 \u3010 Android \/ iOS \/ PC \u3011","og_description":"I\u27a8 T\u00e9l\u00e9charger TutuApp pour Android \/ iOS \/ Windows \/ macOS \u2705 Obtenez gratuitement des jeux et applications payants et fiables avec Tutuapp ...","og_url":"https:\/\/tutuapps.online\/ro\/descarcati-tutuapp\/","og_site_name":"TutuApps.online","article_modified_time":"2021-04-06T14:46:35+00:00","og_image":[{"width":191,"height":234,"url":"https:\/\/tutuapps.online\/wp-content\/uploads\/2020\/03\/comment-telecharger-tutuapp.png","type":"image\/png"}],"twitter_card":"summary_large_image","twitter_misc":{"Timp estimat pentru citire":"4 minute"},"schema":{"@context":"https:\/\/schema.org","@graph":[{"@type":"WebPage","@id":"https:\/\/tutuapps.online\/tutuapp-telecharger\/","url":"https:\/\/tutuapps.online\/tutuapp-telecharger\/","name":"\u25b7 T\u00e9l\u00e9charger TUTUAPP \u221a 2026 \u3010 Android \/ iOS \/ PC \u3011","isPartOf":{"@id":"https:\/\/tutuapps.online\/#website"},"primaryImageOfPage":{"@id":"https:\/\/tutuapps.online\/tutuapp-telecharger\/#primaryimage"},"image":{"@id":"https:\/\/tutuapps.online\/tutuapp-telecharger\/#primaryimage"},"thumbnailUrl":"https:\/\/tutuapps.online\/wp-content\/uploads\/2020\/03\/comment-telecharger-tutuapp.png","datePublished":"2019-03-08T19:32:35+00:00","dateModified":"2021-04-06T14:46:35+00:00","description":"I\u27a8 T\u00e9l\u00e9charger TutuApp pour Android \/ iOS \/ Windows \/ macOS \u2705 Obtenez gratuitement des jeux et applications payants et fiables avec Tutuapp ...","breadcrumb":{"@id":"https:\/\/tutuapps.online\/tutuapp-telecharger\/#breadcrumb"},"inLanguage":"ro-RO","potentialAction":[{"@type":"ReadAction","target":["https:\/\/tutuapps.online\/tutuapp-telecharger\/"]}]},{"@type":"ImageObject","inLanguage":"ro-RO","@id":"https:\/\/tutuapps.online\/tutuapp-telecharger\/#primaryimage","url":"https:\/\/tutuapps.online\/wp-content\/uploads\/2020\/03\/comment-telecharger-tutuapp.png","contentUrl":"https:\/\/tutuapps.online\/wp-content\/uploads\/2020\/03\/comment-telecharger-tutuapp.png","width":191,"height":234,"caption":"comment-telecharger-tutuapp"},{"@type":"BreadcrumbList","@id":"https:\/\/tutuapps.online\/tutuapp-telecharger\/#breadcrumb","itemListElement":[{"@type":"ListItem","position":1,"name":"Portada","item":"https:\/\/tutuapps.online\/"},{"@type":"ListItem","position":2,"name":"T\u00e9l\u00e9charger TutuApp"}]},{"@type":"WebSite","@id":"https:\/\/tutuapps.online\/#website","url":"https:\/\/tutuapps.online\/","name":"TutuApps.online","description":"T\u00e9l\u00e9charger pour iOS, Android, PC","publisher":{"@id":"https:\/\/tutuapps.online\/#organization"},"potentialAction":[{"@type":"SearchAction","target":{"@type":"EntryPoint","urlTemplate":"https:\/\/tutuapps.online\/?s={search_term_string}"},"query-input":{"@type":"PropertyValueSpecification","valueRequired":true,"valueName":"search_term_string"}}],"inLanguage":"ro-RO"},{"@type":"Organization","@id":"https:\/\/tutuapps.online\/#organization","name":"Tutuapps Online","url":"https:\/\/tutuapps.online\/","logo":{"@type":"ImageObject","inLanguage":"ro-RO","@id":"https:\/\/tutuapps.online\/#\/schema\/logo\/image\/","url":"https:\/\/tutuapps.online\/wp-content\/uploads\/2022\/01\/tutuapps-online.png","contentUrl":"https:\/\/tutuapps.online\/wp-content\/uploads\/2022\/01\/tutuapps-online.png","width":337,"height":94,"caption":"Tutuapps Online"},"image":{"@id":"https:\/\/tutuapps.online\/#\/schema\/logo\/image\/"}}]}},"_links":{"self":[{"href":"https:\/\/tutuapps.online\/ro\/wp-json\/wp\/v2\/pages\/584","targetHints":{"allow":["GET"]}}],"collection":[{"href":"https:\/\/tutuapps.online\/ro\/wp-json\/wp\/v2\/pages"}],"about":[{"href":"https:\/\/tutuapps.online\/ro\/wp-json\/wp\/v2\/types\/page"}],"author":[{"embeddable":true,"href":"https:\/\/tutuapps.online\/ro\/wp-json\/wp\/v2\/users\/1"}],"replies":[{"embeddable":true,"href":"https:\/\/tutuapps.online\/ro\/wp-json\/wp\/v2\/comments?post=584"}],"version-history":[{"count":0,"href":"https:\/\/tutuapps.online\/ro\/wp-json\/wp\/v2\/pages\/584\/revisions"}],"wp:featuredmedia":[{"embeddable":true,"href":"https:\/\/tutuapps.online\/ro\/wp-json\/wp\/v2\/media\/1757"}],"wp:attachment":[{"href":"https:\/\/tutuapps.online\/ro\/wp-json\/wp\/v2\/media?parent=584"}],"curies":[{"name":"wp","href":"https:\/\/api.w.org\/{rel}","templated":true}]}}