{"id":524,"date":"2018-12-14T17:47:26","date_gmt":"2018-12-14T17:47:26","guid":{"rendered":"https:\/\/tutuapps.online\/?page_id=524"},"modified":"2023-04-11T10:09:11","modified_gmt":"2023-04-11T10:09:11","slug":"clause-de-non-responsabilite","status":"publish","type":"page","link":"https:\/\/tutuapps.online\/ro\/declinarea-raspunderii\/","title":{"rendered":"Declinarea r\u0103spunderii"},"content":{"rendered":"<p>Toate informa\u021biile de pe acest site sunt publicate doar \u00een scop de informare general\u0103. Tutuapps.online nu garanteaz\u0103 exhaustivitatea \u0219i acurate\u021bea acestor informa\u021bii.<\/p>\n<p>Orice ac\u021biune pe care o \u00eentreprinde\u021bi pe baza informa\u021biilor pe care le g\u0103si\u021bi pe acest site este strict pe propriul risc. Tutuapps.online nu este responsabil pentru nicio pierdere \u0219i\/sau pagub\u0103 rezultat\u0103 din utilizarea site-ului nostru.<\/p>\n<p>De pe site-ul nostru web, pute\u021bi vizita alte site-uri web urm\u00e2nd hyperlinkurile c\u0103tre aceste site-uri externe. Ne str\u0103duim s\u0103 oferim numai linkuri de calitate c\u0103tre site-uri web utile \u0219i etice. Cu toate acestea, nu avem niciun control asupra con\u021binutului \u0219i naturii acestor site-uri.<\/p>\n<p>Aceste linkuri c\u0103tre alte site-uri nu implic\u0103 o aprobare a \u00eentregului con\u021binut al site-urilor respective. Proprietarii site-ului \u0219i con\u021binutul se pot schimba f\u0103r\u0103 notificare prealabil\u0103 \u0219i se poate \u00eent\u00e2mpla \u00eenainte de a avea posibilitatea de a elimina un link care ar fi putut deveni \"r\u0103u\".<\/p>\n<p>V\u0103 rug\u0103m s\u0103 re\u021bine\u021bi c\u0103, atunci c\u00e2nd p\u0103r\u0103si\u021bi site-ul nostru, alte site-uri pot avea termeni diferi\u021bi care nu pot fi controla\u021bi de noi. V\u0103 rug\u0103m s\u0103 v\u0103 asigura\u021bi c\u0103 a\u021bi citit politicile de confiden\u021bialitate ale acestor site-uri, precum \u0219i \"Termenii de utilizare\" ai acestora \u00eenainte de a participa la orice activitate comercial\u0103 sau de a desc\u0103rca orice informa\u021bie.<\/p>\n<p>Dac\u0103 ave\u021bi nevoie de informa\u021bii suplimentare sau dac\u0103 ave\u021bi \u00eentreb\u0103ri cu privire la declara\u021bia de renun\u021bare la r\u0103spundere a site-ului nostru, nu ezita\u021bi s\u0103 ne contacta\u021bi prin e-mail la adresa Contact.<\/p>\n<p><strong>Consim\u021b\u0103m\u00e2nt :<\/strong><\/p>\n<p>Prin utilizarea site-ului nostru web, sunte\u021bi de acord cu clauza de declinare a responsabilit\u0103\u021bii \u0219i accepta\u021bi termenii acesteia.<\/p>\n<p><strong>Actualizare:<\/strong><\/p>\n<p>Aceast\u0103 declara\u021bie de renun\u021bare la r\u0103spundere a fost actualizat\u0103 ultima dat\u0103 la: vineri, 14 decembrie 2018.<\/p>\n<p><em>\u00cen cazul \u00een care actualiz\u0103m, modific\u0103m sau aducem modific\u0103ri la acest document, aceste modific\u0103ri vor fi afi\u0219ate \u00een mod vizibil aici.<\/em><\/p>","protected":false},"excerpt":{"rendered":"<p>Toutes les informations figurant sur ce site Web sont publi\u00e9es \u00e0 titre d&rsquo;information g\u00e9n\u00e9rale uniquement. Tutuapps.online ne garantit pas l&rsquo;exhaustivit\u00e9 et l&rsquo;exactitude de ces informations. Toute action que vous entreprenez sur les informations que vous trouvez sur ce site est strictement \u00e0 vos propres risques. Tutuapps.online n&rsquo;est pas responsable des pertes et\/ou dommages li\u00e9s \u00e0 &#8230; <a title=\"Declinarea r\u0103spunderii\" class=\"read-more\" href=\"https:\/\/tutuapps.online\/ro\/declinarea-raspunderii\/\" aria-label=\"More on Clause de non-responsabilit\u00e9\">Cite\u0219te mai mult<\/a><\/p>","protected":false},"author":1,"featured_media":2383,"parent":0,"menu_order":0,"comment_status":"closed","ping_status":"closed","template":"","meta":{"generate_page_header":"","footnotes":""},"class_list":["post-524","page","type-page","status-publish","has-post-thumbnail"],"yoast_head":"<!-- This site is optimized with the Yoast SEO plugin v26.5 - https:\/\/yoast.com\/wordpress\/plugins\/seo\/ -->\n<title>Clause de non-responsabilit\u00e9<\/title>\n<meta name=\"description\" content=\"Toutes les informations figurant sur ce site Web sont publi\u00e9es \u00e0 titre d&#039;information g\u00e9n\u00e9rale uniquement. Tutuapps.online ne garantit...\" \/>\n<meta name=\"robots\" content=\"noindex, follow\" \/>\n<meta property=\"og:locale\" content=\"ro_RO\" \/>\n<meta property=\"og:type\" content=\"article\" \/>\n<meta property=\"og:title\" content=\"Clause de non-responsabilit\u00e9\" \/>\n<meta property=\"og:description\" content=\"Toutes les informations figurant sur ce site Web sont publi\u00e9es \u00e0 titre d&#039;information g\u00e9n\u00e9rale uniquement. Tutuapps.online ne garantit...\" \/>\n<meta property=\"og:url\" content=\"https:\/\/tutuapps.online\/ro\/declinarea-raspunderii\/\" \/>\n<meta property=\"og:site_name\" content=\"TutuApps.online\" \/>\n<meta property=\"article:modified_time\" content=\"2023-04-11T10:09:11+00:00\" \/>\n<meta property=\"og:image\" content=\"https:\/\/tutuapps.online\/wp-content\/uploads\/2023\/04\/clause-de-non-responsabilite.jpg\" \/>\n\t<meta property=\"og:image:width\" content=\"1170\" \/>\n\t<meta property=\"og:image:height\" content=\"1055\" \/>\n\t<meta property=\"og:image:type\" content=\"image\/jpeg\" \/>\n<meta name=\"twitter:card\" content=\"summary_large_image\" \/>\n<meta name=\"twitter:label1\" content=\"Timp estimat pentru citire\" \/>\n\t<meta name=\"twitter:data1\" content=\"2 minute\" \/>\n<script type=\"application\/ld+json\" class=\"yoast-schema-graph\">{\"@context\":\"https:\/\/schema.org\",\"@graph\":[{\"@type\":\"WebPage\",\"@id\":\"https:\/\/tutuapps.online\/clause-de-non-responsabilite\/\",\"url\":\"https:\/\/tutuapps.online\/clause-de-non-responsabilite\/\",\"name\":\"Clause de non-responsabilit\u00e9\",\"isPartOf\":{\"@id\":\"https:\/\/tutuapps.online\/#website\"},\"primaryImageOfPage\":{\"@id\":\"https:\/\/tutuapps.online\/clause-de-non-responsabilite\/#primaryimage\"},\"image\":{\"@id\":\"https:\/\/tutuapps.online\/clause-de-non-responsabilite\/#primaryimage\"},\"thumbnailUrl\":\"https:\/\/tutuapps.online\/wp-content\/uploads\/2023\/04\/clause-de-non-responsabilite.jpg\",\"datePublished\":\"2018-12-14T17:47:26+00:00\",\"dateModified\":\"2023-04-11T10:09:11+00:00\",\"description\":\"Toutes les informations figurant sur ce site Web sont publi\u00e9es \u00e0 titre d'information g\u00e9n\u00e9rale uniquement. Tutuapps.online ne garantit...\",\"breadcrumb\":{\"@id\":\"https:\/\/tutuapps.online\/clause-de-non-responsabilite\/#breadcrumb\"},\"inLanguage\":\"ro-RO\",\"potentialAction\":[{\"@type\":\"ReadAction\",\"target\":[\"https:\/\/tutuapps.online\/clause-de-non-responsabilite\/\"]}]},{\"@type\":\"ImageObject\",\"inLanguage\":\"ro-RO\",\"@id\":\"https:\/\/tutuapps.online\/clause-de-non-responsabilite\/#primaryimage\",\"url\":\"https:\/\/tutuapps.online\/wp-content\/uploads\/2023\/04\/clause-de-non-responsabilite.jpg\",\"contentUrl\":\"https:\/\/tutuapps.online\/wp-content\/uploads\/2023\/04\/clause-de-non-responsabilite.jpg\",\"width\":1170,\"height\":1055},{\"@type\":\"BreadcrumbList\",\"@id\":\"https:\/\/tutuapps.online\/clause-de-non-responsabilite\/#breadcrumb\",\"itemListElement\":[{\"@type\":\"ListItem\",\"position\":1,\"name\":\"Portada\",\"item\":\"https:\/\/tutuapps.online\/\"},{\"@type\":\"ListItem\",\"position\":2,\"name\":\"Clause de non-responsabilit\u00e9\"}]},{\"@type\":\"WebSite\",\"@id\":\"https:\/\/tutuapps.online\/#website\",\"url\":\"https:\/\/tutuapps.online\/\",\"name\":\"TutuApps.online\",\"description\":\"T\u00e9l\u00e9charger pour iOS, Android, PC\",\"publisher\":{\"@id\":\"https:\/\/tutuapps.online\/#organization\"},\"potentialAction\":[{\"@type\":\"SearchAction\",\"target\":{\"@type\":\"EntryPoint\",\"urlTemplate\":\"https:\/\/tutuapps.online\/?s={search_term_string}\"},\"query-input\":{\"@type\":\"PropertyValueSpecification\",\"valueRequired\":true,\"valueName\":\"search_term_string\"}}],\"inLanguage\":\"ro-RO\"},{\"@type\":\"Organization\",\"@id\":\"https:\/\/tutuapps.online\/#organization\",\"name\":\"Tutuapps Online\",\"url\":\"https:\/\/tutuapps.online\/\",\"logo\":{\"@type\":\"ImageObject\",\"inLanguage\":\"ro-RO\",\"@id\":\"https:\/\/tutuapps.online\/#\/schema\/logo\/image\/\",\"url\":\"https:\/\/tutuapps.online\/wp-content\/uploads\/2022\/01\/tutuapps-online.png\",\"contentUrl\":\"https:\/\/tutuapps.online\/wp-content\/uploads\/2022\/01\/tutuapps-online.png\",\"width\":337,\"height\":94,\"caption\":\"Tutuapps Online\"},\"image\":{\"@id\":\"https:\/\/tutuapps.online\/#\/schema\/logo\/image\/\"}}]}<\/script>\n<!-- \/ Yoast SEO plugin. -->","yoast_head_json":{"title":"Clause de non-responsabilit\u00e9","description":"Toutes les informations figurant sur ce site Web sont publi\u00e9es \u00e0 titre d'information g\u00e9n\u00e9rale uniquement. Tutuapps.online ne garantit...","robots":{"index":"noindex","follow":"follow"},"og_locale":"ro_RO","og_type":"article","og_title":"Clause de non-responsabilit\u00e9","og_description":"Toutes les informations figurant sur ce site Web sont publi\u00e9es \u00e0 titre d'information g\u00e9n\u00e9rale uniquement. Tutuapps.online ne garantit...","og_url":"https:\/\/tutuapps.online\/ro\/declinarea-raspunderii\/","og_site_name":"TutuApps.online","article_modified_time":"2023-04-11T10:09:11+00:00","og_image":[{"width":1170,"height":1055,"url":"https:\/\/tutuapps.online\/wp-content\/uploads\/2023\/04\/clause-de-non-responsabilite.jpg","type":"image\/jpeg"}],"twitter_card":"summary_large_image","twitter_misc":{"Timp estimat pentru citire":"2 minute"},"schema":{"@context":"https:\/\/schema.org","@graph":[{"@type":"WebPage","@id":"https:\/\/tutuapps.online\/clause-de-non-responsabilite\/","url":"https:\/\/tutuapps.online\/clause-de-non-responsabilite\/","name":"Clause de non-responsabilit\u00e9","isPartOf":{"@id":"https:\/\/tutuapps.online\/#website"},"primaryImageOfPage":{"@id":"https:\/\/tutuapps.online\/clause-de-non-responsabilite\/#primaryimage"},"image":{"@id":"https:\/\/tutuapps.online\/clause-de-non-responsabilite\/#primaryimage"},"thumbnailUrl":"https:\/\/tutuapps.online\/wp-content\/uploads\/2023\/04\/clause-de-non-responsabilite.jpg","datePublished":"2018-12-14T17:47:26+00:00","dateModified":"2023-04-11T10:09:11+00:00","description":"Toutes les informations figurant sur ce site Web sont publi\u00e9es \u00e0 titre d'information g\u00e9n\u00e9rale uniquement. Tutuapps.online ne garantit...","breadcrumb":{"@id":"https:\/\/tutuapps.online\/clause-de-non-responsabilite\/#breadcrumb"},"inLanguage":"ro-RO","potentialAction":[{"@type":"ReadAction","target":["https:\/\/tutuapps.online\/clause-de-non-responsabilite\/"]}]},{"@type":"ImageObject","inLanguage":"ro-RO","@id":"https:\/\/tutuapps.online\/clause-de-non-responsabilite\/#primaryimage","url":"https:\/\/tutuapps.online\/wp-content\/uploads\/2023\/04\/clause-de-non-responsabilite.jpg","contentUrl":"https:\/\/tutuapps.online\/wp-content\/uploads\/2023\/04\/clause-de-non-responsabilite.jpg","width":1170,"height":1055},{"@type":"BreadcrumbList","@id":"https:\/\/tutuapps.online\/clause-de-non-responsabilite\/#breadcrumb","itemListElement":[{"@type":"ListItem","position":1,"name":"Portada","item":"https:\/\/tutuapps.online\/"},{"@type":"ListItem","position":2,"name":"Clause de non-responsabilit\u00e9"}]},{"@type":"WebSite","@id":"https:\/\/tutuapps.online\/#website","url":"https:\/\/tutuapps.online\/","name":"TutuApps.online","description":"T\u00e9l\u00e9charger pour iOS, Android, PC","publisher":{"@id":"https:\/\/tutuapps.online\/#organization"},"potentialAction":[{"@type":"SearchAction","target":{"@type":"EntryPoint","urlTemplate":"https:\/\/tutuapps.online\/?s={search_term_string}"},"query-input":{"@type":"PropertyValueSpecification","valueRequired":true,"valueName":"search_term_string"}}],"inLanguage":"ro-RO"},{"@type":"Organization","@id":"https:\/\/tutuapps.online\/#organization","name":"Tutuapps Online","url":"https:\/\/tutuapps.online\/","logo":{"@type":"ImageObject","inLanguage":"ro-RO","@id":"https:\/\/tutuapps.online\/#\/schema\/logo\/image\/","url":"https:\/\/tutuapps.online\/wp-content\/uploads\/2022\/01\/tutuapps-online.png","contentUrl":"https:\/\/tutuapps.online\/wp-content\/uploads\/2022\/01\/tutuapps-online.png","width":337,"height":94,"caption":"Tutuapps Online"},"image":{"@id":"https:\/\/tutuapps.online\/#\/schema\/logo\/image\/"}}]}},"_links":{"self":[{"href":"https:\/\/tutuapps.online\/ro\/wp-json\/wp\/v2\/pages\/524","targetHints":{"allow":["GET"]}}],"collection":[{"href":"https:\/\/tutuapps.online\/ro\/wp-json\/wp\/v2\/pages"}],"about":[{"href":"https:\/\/tutuapps.online\/ro\/wp-json\/wp\/v2\/types\/page"}],"author":[{"embeddable":true,"href":"https:\/\/tutuapps.online\/ro\/wp-json\/wp\/v2\/users\/1"}],"replies":[{"embeddable":true,"href":"https:\/\/tutuapps.online\/ro\/wp-json\/wp\/v2\/comments?post=524"}],"version-history":[{"count":0,"href":"https:\/\/tutuapps.online\/ro\/wp-json\/wp\/v2\/pages\/524\/revisions"}],"wp:featuredmedia":[{"embeddable":true,"href":"https:\/\/tutuapps.online\/ro\/wp-json\/wp\/v2\/media\/2383"}],"wp:attachment":[{"href":"https:\/\/tutuapps.online\/ro\/wp-json\/wp\/v2\/media?parent=524"}],"curies":[{"name":"wp","href":"https:\/\/api.w.org\/{rel}","templated":true}]}}