{"id":232,"date":"2018-08-28T14:49:48","date_gmt":"2018-08-28T14:49:48","guid":{"rendered":"http:\/\/tutuapps.online\/?page_id=232"},"modified":"2021-04-06T13:18:36","modified_gmt":"2021-04-06T13:18:36","slug":"ios-11-4","status":"publish","type":"page","link":"https:\/\/tutuapps.online\/ro\/ios-11-4\/","title":{"rendered":"TutuApp iOS 11.4"},"content":{"rendered":"<p>TutuApp este din ce \u00een ce mai cunoscut, deoarece tot mai mul\u021bi utilizatori \u00eel folosesc pentru a desc\u0103rca aplica\u021biile \u0219i jocurile preferate f\u0103r\u0103 a fi nevoi\u021bi s\u0103 fac\u0103 jailbreak la dispozitiv.<\/p>\n\n\n\n<p>TutuApp este un magazin de aplica\u021bii care poate fi desc\u0103rcat pe toate dispozitivele iOS (iPhone, iPad \u0219i iPod Touch).<\/p>\n\n\n\n<p>TutuApp ofer\u0103 utilizatorilor Apple toate aplica\u021biile \u0219i jocurile premium disponibile gratuit \u00een App Store oficial. TutuApp este cea mai bun\u0103 alternativ\u0103 la aplica\u021bia Cydia.<\/p>\n\n\n\n<div class=\"wp-block-image\"><figure class=\"aligncenter\"><img wpfc-lazyload-disable=\"true\" decoding=\"async\" width=\"210\" height=\"232\" data-src=\"https:\/\/tutuapps.online\/wp-content\/uploads\/2018\/08\/tutuapp-ios-11-4.png\" alt=\"tutuapp-ios-11-4\" class=\"wp-image-236 lazyload\" src=\"data:image\/svg+xml;base64,PHN2ZyB3aWR0aD0iMSIgaGVpZ2h0PSIxIiB4bWxucz0iaHR0cDovL3d3dy53My5vcmcvMjAwMC9zdmciPjwvc3ZnPg==\" style=\"--smush-placeholder-width: 210px; --smush-placeholder-aspect-ratio: 210\/232;\" \/><\/figure><\/div>\n\n\n\n<p>Nu este nevoie s\u0103 face\u021bi jailbreak la dispozitivul iOS pentru a desc\u0103rca <a href=\"https:\/\/tutuapps.online\/ro\/\"><strong>TutuApp<\/strong><\/a>. Pentru ca aceast\u0103 aplica\u021bie s\u0103 func\u021bioneze corect, dispozitivul trebuie s\u0103 ruleze iOS 9 sau o versiune mai recent\u0103.<\/p>\n\n\n\n<p>Apple are unul dintre cele mai bune sisteme de operare. Acesta a lansat recent iOS 11.4 \u0219i este disponibil pentru a fi desc\u0103rcat de c\u0103tre utilizatori.<\/p>\n\n\n\n<p>iOS 11.4 a rezolvat toate erorile care d\u0103deau peste cap dispozitivul, cum ar fi faptul c\u0103, de fiecare dat\u0103 c\u00e2nd deschideai set\u0103rile, ap\u0103rea uneori un ecran gol, c\u0103 driverul de muzic\u0103 nu era afi\u0219at pe ecranul de blocare \u0219i multe altele.<\/p>\n\n\n\n<p>Toate noile iOS 11.4 au caracteristici noi \u0219i interesante, cum ar fi podcastul, care acum red\u0103 automat urm\u0103torul episod, aplica\u021bia TV are preferin\u021be de notificare.<\/p>\n\n\n\n<p>Aminti\u021bi-v\u0103 c\u0103 tapetul Quicksand pentru iPhone X nu a fost disponibil p\u00e2n\u0103 acum, dar odat\u0103 cu actualizarea iOS 11.4, acesta este disponibil.<\/p>\n\n\n\n<p>iPhone-urile din 2017 au acum capacitatea de \u00eenc\u0103rcare wireless rapid\u0103 \u0219i exist\u0103 noi pictograme \u00een aplica\u021bia de mesagerie pentru a men\u021bine lucrurile interesante.<\/p>\n\n\n\n<p>Exist\u0103 o nou\u0103 anima\u021bie de desc\u0103rcare \u00een Live Photo Effects. Ultima actualizare a picat complet aplica\u021bia \"Calculator\", ei bine, acum, cu actualizarea iOS 11.4, aplica\u021bia este reparat\u0103 \u0219i gata de utilizare.<\/p>\n\n\n\n<h2 class=\"wp-block-heading\">Desc\u0103rca\u021bi TutuApp pentru iOS 11.4<\/h2>\n\n\n\n<ol class=\"wp-block-list\"><li>Deschide\u021bi browserul Safari \u0219i <strong><a href=\"https:\/\/tutuapps.online\/ro\/descarcati-tutuapp\/\">Desc\u0103rca\u021bi TutuApp<\/a><\/strong>.<\/li><li>Continua\u021bi cu instalarea magazinului de aplica\u021bii.<\/li><li>Acum trebuie s\u0103 deschide\u021bi Settings -&gt; General Settings -&gt; Device Management -&gt; face\u021bi clic pe \"Trust TutuApp\".<\/li><li>Deschide\u021bi TutuApp \u0219i desc\u0103rca\u021bi toate aplica\u021biile \u0219i jocurile dvs. preferate.<\/li><\/ol>\n\n\n\n<p><span style=\"color: #181c3e;\"><strong>Not\u0103:<\/strong> <\/span><em>Dac\u0103 aplica\u021bia se blocheaz\u0103, v\u0103 recomand\u0103m s\u0103 utiliza\u021bi <a href=\"https:\/\/tutuapps.online\/ro\/nesstool\/\"><strong>NessTool<\/strong><\/a>o aplica\u021bie VPN anti-revocare. Citi\u021bi <strong>acest articol<\/strong> pentru cele mai frecvente erori \u0219i remedieri ale aplica\u021biei.<\/em><\/p>\n\n\n\n<h2 class=\"wp-block-heading\">Video - TutuApp iOS 11.4 Gratis<\/h2>\n\n\n<p><center><iframe width=\"600\" height=\"355\" data-src=\"https:\/\/www.youtube.com\/embed\/ZdGZ7lOBMUE\" frameborder=\"0\" allow=\"accelerometer; autoplay; encrypted-media; gyroscope; picture-in-picture\" allowfullscreen=\"\" src=\"data:image\/svg+xml;base64,PHN2ZyB3aWR0aD0iMSIgaGVpZ2h0PSIxIiB4bWxucz0iaHR0cDovL3d3dy53My5vcmcvMjAwMC9zdmciPjwvc3ZnPg==\" class=\"lazyload\" data-load-mode=\"1\"><\/iframe><\/center><\/p>\n\n\n\n<div style=\"height:20px\" aria-hidden=\"true\" class=\"wp-block-spacer\"><\/div>\n\n\n\n<p><span style=\"color: #181c3e;\"><strong>S-ar putea s\u0103 v\u0103 intereseze \u0219i<\/strong><\/span><\/p>\n\n\n\n<ul class=\"wp-block-list\"><li class=\"entry-title\"><a href=\"https:\/\/tutuapps.online\/ro\/descarcati-tutuapp\/\" target=\"_blank\" rel=\"noopener noreferrer\"><strong>Desc\u0103rca\u021bi TutuApp<\/strong><\/a><\/li><li class=\"entry-title\"><a href=\"https:\/\/tutuapps.online\/ro\/deezer-plus\/\" target=\"_blank\" rel=\"noopener noreferrer\"><strong>TutuApp Deezer++<\/strong><\/a><\/li><li><strong><a href=\"https:\/\/tutuapps.online\/ro\/ios\/\" target=\"_blank\" rel=\"noopener noreferrer\">TutuApp iOS<\/a><\/strong><\/li><li><a href=\"https:\/\/tutuapps.online\/ro\/aplicatii-precum-tutuapp\/\" target=\"_blank\" rel=\"noopener noreferrer\"><strong>Aplica\u021bii precum TutuApp<\/strong><\/a><\/li><li><a href=\"https:\/\/tutuapps.online\/ro\/\" target=\"_blank\" rel=\"noopener noreferrer\"><strong>TutuApp | Android \/ iOS<\/strong><\/a><\/li><li><a href=\"https:\/\/tutuapps.online\/ro\/apk\/\" target=\"_blank\" rel=\"noopener noreferrer\"><strong>TutuApp APK<\/strong><\/a><\/li><li><a href=\"https:\/\/tutuapps.online\/ro\/tutuapp-nu-functioneaza\/\" target=\"_blank\" rel=\"noopener noreferrer\"><strong>TutuApp nu func\u021bioneaz\u0103?<\/strong><\/a><\/li><li><a href=\"https:\/\/tutuapps.online\/ro\/pokemon-go\/\" target=\"_blank\" rel=\"noopener noreferrer\"><strong>TutuApp Pok\u00e9mon GO<\/strong><\/a><\/li><li><a href=\"https:\/\/tutuapps.online\/ro\/regulat\/\" target=\"_blank\" rel=\"noopener noreferrer\"><strong>TutuApp Regular<\/strong><\/a><\/li><li><a href=\"https:\/\/tutuapps.online\/ro\/vip\/\" target=\"_blank\" rel=\"noopener noreferrer\"><strong>TutuApp VIP<\/strong><\/a><\/li><li><a href=\"https:\/\/tutuapps.online\/ro\/android\/\" target=\"_blank\" rel=\"noopener noreferrer\"><strong>TutuApp Android<\/strong><\/a><\/li><li><a href=\"https:\/\/tutuapps.online\/ro\/tutu-helper\/\" target=\"_blank\" rel=\"noopener noreferrer\"><strong>Tutu Helper<\/strong><\/a><\/li><li><a href=\"https:\/\/tutuapps.online\/ro\/spotify-plus\/\" target=\"_blank\" rel=\"noopener noreferrer\"><strong>Spotify++<\/strong><\/a><\/li><li><a href=\"https:\/\/tutuapps.online\/ro\/nesstool\/\" target=\"_blank\" rel=\"noopener noreferrer\"><strong>NessTool<\/strong><\/a><\/li><li><a href=\"https:\/\/tutuapps.online\/ro\/pc\/\" target=\"_blank\" rel=\"noopener noreferrer\"><strong>TutuApp PC<\/strong><\/a><\/li><li><a href=\"https:\/\/tutuapps.online\/ro\/gratuit\/\" target=\"_blank\" rel=\"noopener noreferrer\"><strong>TutuApp Gratuit<\/strong><\/a><\/li><\/ul>\n\n\n\n<div style=\"height:20px\" aria-hidden=\"true\" class=\"wp-block-spacer\"><\/div>","protected":false},"excerpt":{"rendered":"<p>TutuApp est de plus en plus reconnu car de plus en plus d&rsquo;utilisateurs l&rsquo;utilisent pour t\u00e9l\u00e9charger leurs applications et jeux pr\u00e9f\u00e9r\u00e9s sans avoir \u00e0 jailbreaker leur appareil. TutuApp est une boutique d&rsquo;applications qui peut \u00eatre t\u00e9l\u00e9charg\u00e9e sur tous les appareils iOS (iPhone, iPad et iPod Touch). TutuApp met gratuitement \u00e0 la disposition de l&rsquo;utilisateur Apple &#8230; <a title=\"TutuApp iOS 11.4\" class=\"read-more\" href=\"https:\/\/tutuapps.online\/ro\/ios-11-4\/\" aria-label=\"More on TutuApp iOS 11.4\">Cite\u0219te mai mult<\/a><\/p>","protected":false},"author":1,"featured_media":2385,"parent":0,"menu_order":0,"comment_status":"closed","ping_status":"closed","template":"","meta":{"generate_page_header":"","footnotes":""},"class_list":["post-232","page","type-page","status-publish","has-post-thumbnail"],"yoast_head":"<!-- This site is optimized with the Yoast SEO plugin v26.5 - https:\/\/yoast.com\/wordpress\/plugins\/seo\/ -->\n<title>\u25b7 T\u00e9l\u00e9charger TUTUAPP pour iOS 11.4 \u3010 \u221a 2026 \u3011<\/title>\n<meta name=\"description\" content=\"I\u27a8 TutuApp iOS 11.4 \u2705 TutuApp est de plus en plus reconnu car de plus en plus d&#039;utilisateurs l&#039;utilisent pour t\u00e9l\u00e9charger leurs ...\" \/>\n<meta name=\"robots\" content=\"index, follow, max-snippet:-1, max-image-preview:large, max-video-preview:-1\" \/>\n<link rel=\"canonical\" href=\"https:\/\/tutuapps.online\/ro\/ios-11-4\/\" \/>\n<meta property=\"og:locale\" content=\"ro_RO\" \/>\n<meta property=\"og:type\" content=\"article\" \/>\n<meta property=\"og:title\" content=\"\u25b7 T\u00e9l\u00e9charger TUTUAPP pour iOS 11.4 \u3010 \u221a 2026 \u3011\" \/>\n<meta property=\"og:description\" content=\"I\u27a8 TutuApp iOS 11.4 \u2705 TutuApp est de plus en plus reconnu car de plus en plus d&#039;utilisateurs l&#039;utilisent pour t\u00e9l\u00e9charger leurs ...\" \/>\n<meta property=\"og:url\" content=\"https:\/\/tutuapps.online\/ro\/ios-11-4\/\" \/>\n<meta property=\"og:site_name\" content=\"TutuApps.online\" \/>\n<meta property=\"article:modified_time\" content=\"2021-04-06T13:18:36+00:00\" \/>\n<meta property=\"og:image\" content=\"https:\/\/tutuapps.online\/wp-content\/uploads\/2018\/08\/tutuapp-ios-11-4.png\" \/>\n<meta name=\"twitter:card\" content=\"summary_large_image\" \/>\n<meta name=\"twitter:label1\" content=\"Timp estimat pentru citire\" \/>\n\t<meta name=\"twitter:data1\" content=\"2 minute\" \/>\n<script type=\"application\/ld+json\" class=\"yoast-schema-graph\">{\"@context\":\"https:\/\/schema.org\",\"@graph\":[{\"@type\":\"WebPage\",\"@id\":\"https:\/\/tutuapps.online\/ios-11-4\/\",\"url\":\"https:\/\/tutuapps.online\/ios-11-4\/\",\"name\":\"\u25b7 T\u00e9l\u00e9charger TUTUAPP pour iOS 11.4 \u3010 \u221a 2026 \u3011\",\"isPartOf\":{\"@id\":\"https:\/\/tutuapps.online\/#website\"},\"primaryImageOfPage\":{\"@id\":\"https:\/\/tutuapps.online\/ios-11-4\/#primaryimage\"},\"image\":{\"@id\":\"https:\/\/tutuapps.online\/ios-11-4\/#primaryimage\"},\"thumbnailUrl\":\"https:\/\/tutuapps.online\/wp-content\/uploads\/2023\/04\/tutuapp-ios-11-4.jpg\",\"datePublished\":\"2018-08-28T14:49:48+00:00\",\"dateModified\":\"2021-04-06T13:18:36+00:00\",\"description\":\"I\u27a8 TutuApp iOS 11.4 \u2705 TutuApp est de plus en plus reconnu car de plus en plus d'utilisateurs l'utilisent pour t\u00e9l\u00e9charger leurs ...\",\"breadcrumb\":{\"@id\":\"https:\/\/tutuapps.online\/ios-11-4\/#breadcrumb\"},\"inLanguage\":\"ro-RO\",\"potentialAction\":[{\"@type\":\"ReadAction\",\"target\":[\"https:\/\/tutuapps.online\/ios-11-4\/\"]}]},{\"@type\":\"ImageObject\",\"inLanguage\":\"ro-RO\",\"@id\":\"https:\/\/tutuapps.online\/ios-11-4\/#primaryimage\",\"url\":\"https:\/\/tutuapps.online\/wp-content\/uploads\/2023\/04\/tutuapp-ios-11-4.jpg\",\"contentUrl\":\"https:\/\/tutuapps.online\/wp-content\/uploads\/2023\/04\/tutuapp-ios-11-4.jpg\",\"width\":800,\"height\":450},{\"@type\":\"BreadcrumbList\",\"@id\":\"https:\/\/tutuapps.online\/ios-11-4\/#breadcrumb\",\"itemListElement\":[{\"@type\":\"ListItem\",\"position\":1,\"name\":\"Portada\",\"item\":\"https:\/\/tutuapps.online\/\"},{\"@type\":\"ListItem\",\"position\":2,\"name\":\"TutuApp iOS 11.4\"}]},{\"@type\":\"WebSite\",\"@id\":\"https:\/\/tutuapps.online\/#website\",\"url\":\"https:\/\/tutuapps.online\/\",\"name\":\"TutuApps.online\",\"description\":\"T\u00e9l\u00e9charger pour iOS, Android, PC\",\"publisher\":{\"@id\":\"https:\/\/tutuapps.online\/#organization\"},\"potentialAction\":[{\"@type\":\"SearchAction\",\"target\":{\"@type\":\"EntryPoint\",\"urlTemplate\":\"https:\/\/tutuapps.online\/?s={search_term_string}\"},\"query-input\":{\"@type\":\"PropertyValueSpecification\",\"valueRequired\":true,\"valueName\":\"search_term_string\"}}],\"inLanguage\":\"ro-RO\"},{\"@type\":\"Organization\",\"@id\":\"https:\/\/tutuapps.online\/#organization\",\"name\":\"Tutuapps Online\",\"url\":\"https:\/\/tutuapps.online\/\",\"logo\":{\"@type\":\"ImageObject\",\"inLanguage\":\"ro-RO\",\"@id\":\"https:\/\/tutuapps.online\/#\/schema\/logo\/image\/\",\"url\":\"https:\/\/tutuapps.online\/wp-content\/uploads\/2022\/01\/tutuapps-online.png\",\"contentUrl\":\"https:\/\/tutuapps.online\/wp-content\/uploads\/2022\/01\/tutuapps-online.png\",\"width\":337,\"height\":94,\"caption\":\"Tutuapps Online\"},\"image\":{\"@id\":\"https:\/\/tutuapps.online\/#\/schema\/logo\/image\/\"}}]}<\/script>\n<!-- \/ Yoast SEO plugin. -->","yoast_head_json":{"title":"\u25b7 T\u00e9l\u00e9charger TUTUAPP pour iOS 11.4 \u3010 \u221a 2026 \u3011","description":"I\u27a8 TutuApp iOS 11.4 \u2705 TutuApp est de plus en plus reconnu car de plus en plus d'utilisateurs l'utilisent pour t\u00e9l\u00e9charger leurs ...","robots":{"index":"index","follow":"follow","max-snippet":"max-snippet:-1","max-image-preview":"max-image-preview:large","max-video-preview":"max-video-preview:-1"},"canonical":"https:\/\/tutuapps.online\/ro\/ios-11-4\/","og_locale":"ro_RO","og_type":"article","og_title":"\u25b7 T\u00e9l\u00e9charger TUTUAPP pour iOS 11.4 \u3010 \u221a 2026 \u3011","og_description":"I\u27a8 TutuApp iOS 11.4 \u2705 TutuApp est de plus en plus reconnu car de plus en plus d'utilisateurs l'utilisent pour t\u00e9l\u00e9charger leurs ...","og_url":"https:\/\/tutuapps.online\/ro\/ios-11-4\/","og_site_name":"TutuApps.online","article_modified_time":"2021-04-06T13:18:36+00:00","og_image":[{"url":"https:\/\/tutuapps.online\/wp-content\/uploads\/2018\/08\/tutuapp-ios-11-4.png","type":"","width":"","height":""}],"twitter_card":"summary_large_image","twitter_misc":{"Timp estimat pentru citire":"2 minute"},"schema":{"@context":"https:\/\/schema.org","@graph":[{"@type":"WebPage","@id":"https:\/\/tutuapps.online\/ios-11-4\/","url":"https:\/\/tutuapps.online\/ios-11-4\/","name":"\u25b7 T\u00e9l\u00e9charger TUTUAPP pour iOS 11.4 \u3010 \u221a 2026 \u3011","isPartOf":{"@id":"https:\/\/tutuapps.online\/#website"},"primaryImageOfPage":{"@id":"https:\/\/tutuapps.online\/ios-11-4\/#primaryimage"},"image":{"@id":"https:\/\/tutuapps.online\/ios-11-4\/#primaryimage"},"thumbnailUrl":"https:\/\/tutuapps.online\/wp-content\/uploads\/2023\/04\/tutuapp-ios-11-4.jpg","datePublished":"2018-08-28T14:49:48+00:00","dateModified":"2021-04-06T13:18:36+00:00","description":"I\u27a8 TutuApp iOS 11.4 \u2705 TutuApp est de plus en plus reconnu car de plus en plus d'utilisateurs l'utilisent pour t\u00e9l\u00e9charger leurs ...","breadcrumb":{"@id":"https:\/\/tutuapps.online\/ios-11-4\/#breadcrumb"},"inLanguage":"ro-RO","potentialAction":[{"@type":"ReadAction","target":["https:\/\/tutuapps.online\/ios-11-4\/"]}]},{"@type":"ImageObject","inLanguage":"ro-RO","@id":"https:\/\/tutuapps.online\/ios-11-4\/#primaryimage","url":"https:\/\/tutuapps.online\/wp-content\/uploads\/2023\/04\/tutuapp-ios-11-4.jpg","contentUrl":"https:\/\/tutuapps.online\/wp-content\/uploads\/2023\/04\/tutuapp-ios-11-4.jpg","width":800,"height":450},{"@type":"BreadcrumbList","@id":"https:\/\/tutuapps.online\/ios-11-4\/#breadcrumb","itemListElement":[{"@type":"ListItem","position":1,"name":"Portada","item":"https:\/\/tutuapps.online\/"},{"@type":"ListItem","position":2,"name":"TutuApp iOS 11.4"}]},{"@type":"WebSite","@id":"https:\/\/tutuapps.online\/#website","url":"https:\/\/tutuapps.online\/","name":"TutuApps.online","description":"T\u00e9l\u00e9charger pour iOS, Android, PC","publisher":{"@id":"https:\/\/tutuapps.online\/#organization"},"potentialAction":[{"@type":"SearchAction","target":{"@type":"EntryPoint","urlTemplate":"https:\/\/tutuapps.online\/?s={search_term_string}"},"query-input":{"@type":"PropertyValueSpecification","valueRequired":true,"valueName":"search_term_string"}}],"inLanguage":"ro-RO"},{"@type":"Organization","@id":"https:\/\/tutuapps.online\/#organization","name":"Tutuapps Online","url":"https:\/\/tutuapps.online\/","logo":{"@type":"ImageObject","inLanguage":"ro-RO","@id":"https:\/\/tutuapps.online\/#\/schema\/logo\/image\/","url":"https:\/\/tutuapps.online\/wp-content\/uploads\/2022\/01\/tutuapps-online.png","contentUrl":"https:\/\/tutuapps.online\/wp-content\/uploads\/2022\/01\/tutuapps-online.png","width":337,"height":94,"caption":"Tutuapps Online"},"image":{"@id":"https:\/\/tutuapps.online\/#\/schema\/logo\/image\/"}}]}},"_links":{"self":[{"href":"https:\/\/tutuapps.online\/ro\/wp-json\/wp\/v2\/pages\/232","targetHints":{"allow":["GET"]}}],"collection":[{"href":"https:\/\/tutuapps.online\/ro\/wp-json\/wp\/v2\/pages"}],"about":[{"href":"https:\/\/tutuapps.online\/ro\/wp-json\/wp\/v2\/types\/page"}],"author":[{"embeddable":true,"href":"https:\/\/tutuapps.online\/ro\/wp-json\/wp\/v2\/users\/1"}],"replies":[{"embeddable":true,"href":"https:\/\/tutuapps.online\/ro\/wp-json\/wp\/v2\/comments?post=232"}],"version-history":[{"count":0,"href":"https:\/\/tutuapps.online\/ro\/wp-json\/wp\/v2\/pages\/232\/revisions"}],"wp:featuredmedia":[{"embeddable":true,"href":"https:\/\/tutuapps.online\/ro\/wp-json\/wp\/v2\/media\/2385"}],"wp:attachment":[{"href":"https:\/\/tutuapps.online\/ro\/wp-json\/wp\/v2\/media?parent=232"}],"curies":[{"name":"wp","href":"https:\/\/api.w.org\/{rel}","templated":true}]}}