{"id":2318,"date":"2022-09-02T21:13:00","date_gmt":"2022-09-02T21:13:00","guid":{"rendered":"https:\/\/tutuapps.online\/?page_id=2318"},"modified":"2022-09-01T19:25:39","modified_gmt":"2022-09-01T19:25:39","slug":"telecharger-aptoide-pour-ios","status":"publish","type":"page","link":"https:\/\/tutuapps.online\/ro\/download-aptoide-for-ios-2\/","title":{"rendered":"Desc\u0103rca\u021bi Aptoide pentru iOS (iPhone \u0219i iPad)"},"content":{"rendered":"<p>\u00cen acest articol v\u0103 vom ar\u0103ta tot ceea ce trebuie s\u0103 <strong>Desc\u0103rca\u021bi Aptoide pentru iOS (iPhone \u0219i iPad),<\/strong> deoarece este una dintre cele mai utile aplica\u021bii pentru persoanele care doresc s\u0103 se bucure de un catalog mare de aplica\u021bii pe dispozitivul lor iOS, care nu sunt pu\u021bine.<\/p>\n\n\n\n<p>Adev\u0103rul este c\u0103 Aptoide a devenit una dintre cele mai populare aplica\u021bii pe care le putem g\u0103si \u00een zilele noastre, deoarece ne permite s\u0103 desc\u0103rc\u0103m rapid \u0219i u\u0219or multe aplica\u021bii, \u00een special multe aplica\u021bii care nu se afl\u0103 \u00een App Store oficial.<\/p>\n\n\n\n<p>Pentru a profita la maxim de Aptoide pentru iOS, pute\u021bi g\u0103si \u00een acest articol un ghid complet cu toate informa\u021biile necesare pentru a putea eviden\u021bia aceast\u0103 aplica\u021bie \u0219i a o utiliza f\u0103r\u0103 mari complica\u021bii pe dispozitivul iOS.<\/p>\n\n\n<div class=\"wp-block-image\">\n<figure class=\"aligncenter size-full\"><a href=\"https:\/\/tutuapps.online\/wp-content\/uploads\/2022\/08\/Telecharger-Aptoide-pour-iOS-iPhone-iPad.png\"><img wpfc-lazyload-disable=\"true\" decoding=\"async\" width=\"640\" height=\"380\" data-src=\"https:\/\/tutuapps.online\/wp-content\/uploads\/2022\/08\/Telecharger-Aptoide-pour-iOS-iPhone-iPad.png\" alt=\"Desc\u0103rca\u021bi Aptoide pentru iOS\" class=\"wp-image-2319 lazyload\" data-srcset=\"https:\/\/tutuapps.online\/wp-content\/uploads\/2022\/08\/Telecharger-Aptoide-pour-iOS-iPhone-iPad.png 640w, https:\/\/tutuapps.online\/wp-content\/uploads\/2022\/08\/Telecharger-Aptoide-pour-iOS-iPhone-iPad-300x178.png 300w\" data-sizes=\"(max-width: 640px) 100vw, 640px\" src=\"data:image\/svg+xml;base64,PHN2ZyB3aWR0aD0iMSIgaGVpZ2h0PSIxIiB4bWxucz0iaHR0cDovL3d3dy53My5vcmcvMjAwMC9zdmciPjwvc3ZnPg==\" style=\"--smush-placeholder-width: 640px; --smush-placeholder-aspect-ratio: 640\/380;\" \/><\/a><\/figure>\n<\/div>\n\n\n<div class=\"wp-block-buttons is-content-justification-center is-layout-flex wp-container-core-buttons-is-layout-16018d1d wp-block-buttons-is-layout-flex\">\n<div class=\"wp-block-button\"><a class=\"wp-block-button__link\" href=\"https:\/\/tutuapps.online\/ro\/emulateur-gameboy-gba4ios\/(abre en una nueva pesta\u00f1a)\/\"><strong><em>\u25b7\u25b7\u25b7 Recomandat pentru tine: Emulator Gameboy - GBA4iOS Descarc\u0103 pentru iPhone (iOS)<\/em><\/strong><\/a><\/div>\n<\/div>\n\n\n\n<p>Este normal ca mul\u021bi oameni s\u0103 nu fie foarte familiariza\u021bi cu acest tip de aplica\u021bie sau magazin alternativ, a\u0219a c\u0103, pe l\u00e2ng\u0103 faptul c\u0103 v\u0103 vom ar\u0103ta cum s\u0103 o desc\u0103rca\u021bi \u0219i s\u0103 o instala\u021bi pe dispozitivul dvs., v\u0103 vom oferi mai multe informa\u021bii despre Aptoide pentru iOS (iPhone \u0219i iPad).<\/p>\n\n\n\n<h2 class=\"wp-block-heading\">Caracteristici ale Aptoide<\/h2>\n\n\n\n<p>Unul dintre primele detalii pe care ar trebui s\u0103 le \u0219ti\u021bi despre aceast\u0103 aplica\u021bie este c\u0103 este un <strong>magazin de aplica\u021bii ter\u021be<\/strong>Dar \u00een cazul Aptoide, putem g\u0103si milioane de aplica\u021bii gratuite care sunt disponibile pentru desc\u0103rcare. Putem g\u0103si chiar \u0219i un num\u0103r mare de aplica\u021bii pl\u0103tite pentru Android care sunt complet gratuite.<\/p>\n\n\n\n<p>Unul dintre cele mai mari avantaje ale sale, pe l\u00e2ng\u0103 num\u0103rul mare de aplica\u021bii disponibile, este faptul c\u0103 ne permite s\u0103 <strong>desc\u0103rca\u021bi gratuit aplica\u021bii pl\u0103tite,<\/strong> care este una dintre cele mai populare caracteristici ale acestei aplica\u021bii. Acesta fiind principalul motiv pentru care putem spune c\u0103 exist\u0103 un num\u0103r mare de utilizatori care sunt interesa\u021bi s\u0103 \u00eenve\u021be cum s\u0103 descarce Aptoide pentru iOS (iPhone \u0219i iPad) f\u0103r\u0103 complica\u021bii \u0219i probleme.<\/p>\n\n\n\n<h2 class=\"wp-block-heading\">Pa\u0219i pentru a desc\u0103rca Aptoide pentru iOS<\/h2>\n\n\n\n<p>A\u0219a cum am men\u021bionat mai sus, \u00een acest articol dorim s\u0103 v\u0103 oferim absolut toate informa\u021biile de care a\u021bi putea avea nevoie pentru a desc\u0103rca Aptoide cu u\u0219urin\u021b\u0103 \u0219i f\u0103r\u0103 complica\u021bii majore, a\u0219a c\u0103 ve\u021bi fi ferici\u021bi s\u0103 \u0219ti\u021bi c\u0103 tot ce va trebui s\u0103 face\u021bi este s\u0103 urma\u021bi o serie de pa\u0219i destul de simpli.<\/p>\n\n\n\n<p>Iat\u0103 care sunt pa\u0219ii pentru a desc\u0103rca Aptoide pentru iOS (iPhone \u0219i iPad) \u00een doar c\u00e2teva minute:<\/p>\n\n\n\n<ol class=\"wp-block-list\" type=\"1\"><li>Dup\u0103 cum v\u0103 pute\u021bi imagina, primul lucru pe care trebuie s\u0103-l face\u021bi este s\u0103 desc\u0103rca\u021bi Aptoide pe dispozitivul iOS. \u021aine\u021bi cont de faptul c\u0103 aceasta este o aplica\u021bie pentru Android, deci pot exista probleme sau poate fi aproape imposibil s\u0103 ob\u021bine\u021bi o versiune pentru iOS care s\u0103 func\u021bioneze cu adev\u0103rat, v\u0103 recomand\u0103m s\u0103 \u00eencerca\u021bi s\u0103 desc\u0103rca\u021bi de pe un site de \u00eencredere.<\/li><li>Urm\u0103torul lucru pe care trebuie s\u0103 \u00eel face\u021bi este s\u0103 selecta\u021bi fi\u0219ierul pe care l-a\u021bi desc\u0103rcat mai devreme pentru a \u00eencepe procesul de instalare pe computerul dumneavoastr\u0103.<\/li><li>Dup\u0103 ce a\u021bi f\u0103cut acest lucru, va trebui s\u0103 a\u0219tepta\u021bi ca procesul de instalare s\u0103 se finalizeze cu succes, astfel \u00eenc\u00e2t s\u0103 poat\u0103 fi instalat pe dispozitivul iOS.<\/li><li>Dup\u0103 ce instalarea este finalizat\u0103, ve\u021bi vedea pictograma Aptoide pe ecranul principal al dispozitivului iOS.<\/li><li>Ap\u0103sa\u021bi pictograma aplica\u021biei pentru a o lansa.<\/li><\/ol>\n\n\n\n<p>\u00cen teorie, asta este tot ce trebuie s\u0103 face\u021bi pentru ca instalarea s\u0103 fie complet\u0103, dar, a\u0219a cum am men\u021bionat mai sus, ob\u021binerea unei versiuni func\u021bionale \u0219i fiabile a Aptoide pentru iOS este o afacere complicat\u0103, a\u0219a c\u0103 dorim s\u0103 v\u0103 \u00eemp\u0103rt\u0103\u0219im c\u00e2teva informa\u021bii suplimentare despre posibilit\u0103\u021bile de instalare a aplica\u021biei pe dispozitivul dvs.<\/p>\n\n\n\n<h2 class=\"wp-block-heading\">Metoda alternativ\u0103 de desc\u0103rcare<\/h2>\n\n\n\n<p>Am men\u021bionat deja c\u0103 op\u021biunea anterioar\u0103 de a desc\u0103rca Aptoide pentru iOS (iPhone \u0219i iPad) ar putea s\u0103 nu func\u021bioneze \u00een multe ocazii, a\u0219a c\u0103 am vrut s\u0103 \u00eemp\u0103rt\u0103\u0219im cu voi o serie de op\u021biuni alternative pe care credem c\u0103 ar trebui s\u0103 le lua\u021bi \u00een considerare pentru a putea efectua desc\u0103rcarea \u0219i instalarea f\u0103r\u0103 complica\u021bii majore \u0219i printr-o metod\u0103 care chiar func\u021bioneaz\u0103.<\/p>\n\n\n\n<p>\u00cen acest caz, cea mai recomandat\u0103 op\u021biune ar fi s\u0103 folosi\u021bi <strong>Cydia<\/strong> \u00een cazul \u00een care Aptoide nu func\u021bioneaz\u0103 pentru tine. Cydia este un magazin de aplica\u021bii ter\u021be care v\u0103 permite, de asemenea, s\u0103 instala\u021bi gratuit multe aplica\u021bii pl\u0103tite. De asemenea, ofer\u0103 multe aplica\u021bii interesante care nu sunt disponibile \u00een App Store, ceea ce o face o op\u021biune excelent\u0103 pentru a m\u0103ri catalogul de aplica\u021bii pe care le pute\u021bi instala pe dispozitivul dvs.<\/p>\n\n\n\n<p>Cu toate acestea, trebuie s\u0103 \u0219tii c\u0103 pentru a utiliza Cydia pe dispozitivul t\u0103u, va trebui s\u0103 <strong>jailbreak iOS<\/strong>pentru a putea instala \u0219i rula aplica\u021bia f\u0103r\u0103 complica\u021bii majore. Pe de alt\u0103 parte, trebuie s\u0103 re\u021bine\u021bi c\u0103 jailbreak-ul dispozitivului dvs. este un motiv de suspendare a garan\u021biei. Prin urmare, este o procedur\u0103 pe care trebuie s\u0103 o efectua\u021bi pe propriul risc \u0219i s\u0103 fi\u021bi con\u0219tien\u021bi c\u0103 pot ap\u0103rea unele complica\u021bii.<\/p>\n\n\n\n<p>Acum ave\u021bi mai multe informa\u021bii despre cum s\u0103 desc\u0103rca\u021bi Aptoide pentru iOS (iPhone \u0219i iPad), a\u0219a c\u0103 ar trebui s\u0103 \u0219ti\u021bi un pic mai bine cum s\u0103 utiliza\u021bi acest magazin de aplica\u021bii ter\u021b\u0103 parte pe dispozitivul dumneavoastr\u0103. \u00cen cazul \u00een care \u00eent\u00e2mpina\u021bi probleme la desc\u0103rcarea Aptoide, v\u0103 recomand\u0103m s\u0103 urma\u021bi metoda alternativ\u0103 men\u021bionat\u0103 mai sus \u0219i s\u0103 utiliza\u021bi \u00een schimb magazinul Cydia, care este, de asemenea, destul de popular \u0219i se poate l\u0103uda cu o calitate ridicat\u0103.<\/p>\n\n\n\n<p>iOS este un sistem mult mai \u00eenchis dec\u00e2t Android, a\u0219a c\u0103 este important s\u0103 subliniem c\u0103 op\u021biunile alternative sunt mult mai limitate, acesta fiind unul dintre principalele motive pentru care mul\u021bi oameni aleg s\u0103 foloseasc\u0103 dispozitive Android \u00een detrimentul dispozitivelor iOS. Cu toate acestea, suntem siguri c\u0103 informa\u021biile pe care vi le-am \u00eemp\u0103rt\u0103\u0219it \u00een acest articol v\u0103 pot fi de mare ajutor.<\/p>\n\n\n\n<div style=\"height:20px\" aria-hidden=\"true\" class=\"wp-block-spacer\"><\/div>","protected":false},"excerpt":{"rendered":"<p>Dans cet article, nous allons vous montrer tout ce dont vous avez besoin pour T\u00e9l\u00e9charger Aptoide pour iOS (iPhone &amp; iPad), car c&rsquo;est l&rsquo;une des applications les plus utiles pour les personnes qui veulent profiter d&rsquo;un grand catalogue d&rsquo;applications sur leur appareil iOS, qui ne sont pas peu de gens. La v\u00e9rit\u00e9 est qu&rsquo;Aptoide est &#8230; <a title=\"T\u00e9l\u00e9charger Aptoide pour iOS (iPhone &#038; iPad)\" class=\"read-more\" href=\"https:\/\/tutuapps.online\/ro\/download-aptoide-for-ios-2\/\" aria-label=\"More on T\u00e9l\u00e9charger Aptoide pour iOS (iPhone &#038; iPad)\">Cite\u0219te mai mult<\/a><\/p>","protected":false},"author":1,"featured_media":2319,"parent":0,"menu_order":0,"comment_status":"closed","ping_status":"closed","template":"","meta":{"generate_page_header":"","footnotes":""},"class_list":["post-2318","page","type-page","status-publish","has-post-thumbnail"],"yoast_head":"<!-- This site is optimized with the Yoast SEO plugin v26.5 - https:\/\/yoast.com\/wordpress\/plugins\/seo\/ -->\n<title>\u25b7 T\u00e9l\u00e9charger Aptoide pour iOS (iPhone &amp; iPad) \u3010 \u221a 2026 \u3011<\/title>\n<meta name=\"description\" content=\"I\u27a8 T\u00e9l\u00e9charger Aptoide pour iOS (iPhone &amp; iPad) \u2705 Nous allons vous expliquer tout ce que vous devez faire pour que vous puissiez...\" \/>\n<meta name=\"robots\" content=\"index, follow, max-snippet:-1, max-image-preview:large, max-video-preview:-1\" \/>\n<link rel=\"canonical\" href=\"https:\/\/tutuapps.online\/ro\/download-aptoide-for-ios-2\/\" \/>\n<meta property=\"og:locale\" content=\"ro_RO\" \/>\n<meta property=\"og:type\" content=\"article\" \/>\n<meta property=\"og:title\" content=\"\u25b7 T\u00e9l\u00e9charger Aptoide pour iOS (iPhone &amp; iPad) \u3010 \u221a 2026 \u3011\" \/>\n<meta property=\"og:description\" content=\"I\u27a8 T\u00e9l\u00e9charger Aptoide pour iOS (iPhone &amp; iPad) \u2705 Nous allons vous expliquer tout ce que vous devez faire pour que vous puissiez...\" \/>\n<meta property=\"og:url\" content=\"https:\/\/tutuapps.online\/ro\/download-aptoide-for-ios-2\/\" \/>\n<meta property=\"og:site_name\" content=\"TutuApps.online\" \/>\n<meta property=\"og:image\" content=\"https:\/\/tutuapps.online\/wp-content\/uploads\/2022\/08\/Telecharger-Aptoide-pour-iOS-iPhone-iPad.png\" \/>\n\t<meta property=\"og:image:width\" content=\"640\" \/>\n\t<meta property=\"og:image:height\" content=\"380\" \/>\n\t<meta property=\"og:image:type\" content=\"image\/png\" \/>\n<meta name=\"twitter:card\" content=\"summary_large_image\" \/>\n<meta name=\"twitter:label1\" content=\"Timp estimat pentru citire\" \/>\n\t<meta name=\"twitter:data1\" content=\"5 minute\" \/>\n<script type=\"application\/ld+json\" class=\"yoast-schema-graph\">{\"@context\":\"https:\/\/schema.org\",\"@graph\":[{\"@type\":\"WebPage\",\"@id\":\"https:\/\/tutuapps.online\/telecharger-aptoide-pour-ios\/\",\"url\":\"https:\/\/tutuapps.online\/telecharger-aptoide-pour-ios\/\",\"name\":\"\u25b7 T\u00e9l\u00e9charger Aptoide pour iOS (iPhone & iPad) \u3010 \u221a 2026 \u3011\",\"isPartOf\":{\"@id\":\"https:\/\/tutuapps.online\/#website\"},\"primaryImageOfPage\":{\"@id\":\"https:\/\/tutuapps.online\/telecharger-aptoide-pour-ios\/#primaryimage\"},\"image\":{\"@id\":\"https:\/\/tutuapps.online\/telecharger-aptoide-pour-ios\/#primaryimage\"},\"thumbnailUrl\":\"https:\/\/tutuapps.online\/wp-content\/uploads\/2022\/08\/Telecharger-Aptoide-pour-iOS-iPhone-iPad.png\",\"datePublished\":\"2022-09-02T21:13:00+00:00\",\"description\":\"I\u27a8 T\u00e9l\u00e9charger Aptoide pour iOS (iPhone & iPad) \u2705 Nous allons vous expliquer tout ce que vous devez faire pour que vous puissiez...\",\"breadcrumb\":{\"@id\":\"https:\/\/tutuapps.online\/telecharger-aptoide-pour-ios\/#breadcrumb\"},\"inLanguage\":\"ro-RO\",\"potentialAction\":[{\"@type\":\"ReadAction\",\"target\":[\"https:\/\/tutuapps.online\/telecharger-aptoide-pour-ios\/\"]}]},{\"@type\":\"ImageObject\",\"inLanguage\":\"ro-RO\",\"@id\":\"https:\/\/tutuapps.online\/telecharger-aptoide-pour-ios\/#primaryimage\",\"url\":\"https:\/\/tutuapps.online\/wp-content\/uploads\/2022\/08\/Telecharger-Aptoide-pour-iOS-iPhone-iPad.png\",\"contentUrl\":\"https:\/\/tutuapps.online\/wp-content\/uploads\/2022\/08\/Telecharger-Aptoide-pour-iOS-iPhone-iPad.png\",\"width\":640,\"height\":380,\"caption\":\"T\u00e9l\u00e9charger Aptoide pour iOS (iPhone & iPad)\"},{\"@type\":\"BreadcrumbList\",\"@id\":\"https:\/\/tutuapps.online\/telecharger-aptoide-pour-ios\/#breadcrumb\",\"itemListElement\":[{\"@type\":\"ListItem\",\"position\":1,\"name\":\"Portada\",\"item\":\"https:\/\/tutuapps.online\/\"},{\"@type\":\"ListItem\",\"position\":2,\"name\":\"T\u00e9l\u00e9charger Aptoide pour iOS (iPhone &#038; iPad)\"}]},{\"@type\":\"WebSite\",\"@id\":\"https:\/\/tutuapps.online\/#website\",\"url\":\"https:\/\/tutuapps.online\/\",\"name\":\"TutuApps.online\",\"description\":\"T\u00e9l\u00e9charger pour iOS, Android, PC\",\"publisher\":{\"@id\":\"https:\/\/tutuapps.online\/#organization\"},\"potentialAction\":[{\"@type\":\"SearchAction\",\"target\":{\"@type\":\"EntryPoint\",\"urlTemplate\":\"https:\/\/tutuapps.online\/?s={search_term_string}\"},\"query-input\":{\"@type\":\"PropertyValueSpecification\",\"valueRequired\":true,\"valueName\":\"search_term_string\"}}],\"inLanguage\":\"ro-RO\"},{\"@type\":\"Organization\",\"@id\":\"https:\/\/tutuapps.online\/#organization\",\"name\":\"Tutuapps Online\",\"url\":\"https:\/\/tutuapps.online\/\",\"logo\":{\"@type\":\"ImageObject\",\"inLanguage\":\"ro-RO\",\"@id\":\"https:\/\/tutuapps.online\/#\/schema\/logo\/image\/\",\"url\":\"https:\/\/tutuapps.online\/wp-content\/uploads\/2022\/01\/tutuapps-online.png\",\"contentUrl\":\"https:\/\/tutuapps.online\/wp-content\/uploads\/2022\/01\/tutuapps-online.png\",\"width\":337,\"height\":94,\"caption\":\"Tutuapps Online\"},\"image\":{\"@id\":\"https:\/\/tutuapps.online\/#\/schema\/logo\/image\/\"}}]}<\/script>\n<!-- \/ Yoast SEO plugin. -->","yoast_head_json":{"title":"\u25b7 T\u00e9l\u00e9charger Aptoide pour iOS (iPhone & iPad) \u3010 \u221a 2026 \u3011","description":"I\u27a8 T\u00e9l\u00e9charger Aptoide pour iOS (iPhone & iPad) \u2705 Nous allons vous expliquer tout ce que vous devez faire pour que vous puissiez...","robots":{"index":"index","follow":"follow","max-snippet":"max-snippet:-1","max-image-preview":"max-image-preview:large","max-video-preview":"max-video-preview:-1"},"canonical":"https:\/\/tutuapps.online\/ro\/download-aptoide-for-ios-2\/","og_locale":"ro_RO","og_type":"article","og_title":"\u25b7 T\u00e9l\u00e9charger Aptoide pour iOS (iPhone & iPad) \u3010 \u221a 2026 \u3011","og_description":"I\u27a8 T\u00e9l\u00e9charger Aptoide pour iOS (iPhone & iPad) \u2705 Nous allons vous expliquer tout ce que vous devez faire pour que vous puissiez...","og_url":"https:\/\/tutuapps.online\/ro\/download-aptoide-for-ios-2\/","og_site_name":"TutuApps.online","og_image":[{"width":640,"height":380,"url":"https:\/\/tutuapps.online\/wp-content\/uploads\/2022\/08\/Telecharger-Aptoide-pour-iOS-iPhone-iPad.png","type":"image\/png"}],"twitter_card":"summary_large_image","twitter_misc":{"Timp estimat pentru citire":"5 minute"},"schema":{"@context":"https:\/\/schema.org","@graph":[{"@type":"WebPage","@id":"https:\/\/tutuapps.online\/telecharger-aptoide-pour-ios\/","url":"https:\/\/tutuapps.online\/telecharger-aptoide-pour-ios\/","name":"\u25b7 T\u00e9l\u00e9charger Aptoide pour iOS (iPhone & iPad) \u3010 \u221a 2026 \u3011","isPartOf":{"@id":"https:\/\/tutuapps.online\/#website"},"primaryImageOfPage":{"@id":"https:\/\/tutuapps.online\/telecharger-aptoide-pour-ios\/#primaryimage"},"image":{"@id":"https:\/\/tutuapps.online\/telecharger-aptoide-pour-ios\/#primaryimage"},"thumbnailUrl":"https:\/\/tutuapps.online\/wp-content\/uploads\/2022\/08\/Telecharger-Aptoide-pour-iOS-iPhone-iPad.png","datePublished":"2022-09-02T21:13:00+00:00","description":"I\u27a8 T\u00e9l\u00e9charger Aptoide pour iOS (iPhone & iPad) \u2705 Nous allons vous expliquer tout ce que vous devez faire pour que vous puissiez...","breadcrumb":{"@id":"https:\/\/tutuapps.online\/telecharger-aptoide-pour-ios\/#breadcrumb"},"inLanguage":"ro-RO","potentialAction":[{"@type":"ReadAction","target":["https:\/\/tutuapps.online\/telecharger-aptoide-pour-ios\/"]}]},{"@type":"ImageObject","inLanguage":"ro-RO","@id":"https:\/\/tutuapps.online\/telecharger-aptoide-pour-ios\/#primaryimage","url":"https:\/\/tutuapps.online\/wp-content\/uploads\/2022\/08\/Telecharger-Aptoide-pour-iOS-iPhone-iPad.png","contentUrl":"https:\/\/tutuapps.online\/wp-content\/uploads\/2022\/08\/Telecharger-Aptoide-pour-iOS-iPhone-iPad.png","width":640,"height":380,"caption":"T\u00e9l\u00e9charger Aptoide pour iOS (iPhone & iPad)"},{"@type":"BreadcrumbList","@id":"https:\/\/tutuapps.online\/telecharger-aptoide-pour-ios\/#breadcrumb","itemListElement":[{"@type":"ListItem","position":1,"name":"Portada","item":"https:\/\/tutuapps.online\/"},{"@type":"ListItem","position":2,"name":"T\u00e9l\u00e9charger Aptoide pour iOS (iPhone &#038; iPad)"}]},{"@type":"WebSite","@id":"https:\/\/tutuapps.online\/#website","url":"https:\/\/tutuapps.online\/","name":"TutuApps.online","description":"T\u00e9l\u00e9charger pour iOS, Android, PC","publisher":{"@id":"https:\/\/tutuapps.online\/#organization"},"potentialAction":[{"@type":"SearchAction","target":{"@type":"EntryPoint","urlTemplate":"https:\/\/tutuapps.online\/?s={search_term_string}"},"query-input":{"@type":"PropertyValueSpecification","valueRequired":true,"valueName":"search_term_string"}}],"inLanguage":"ro-RO"},{"@type":"Organization","@id":"https:\/\/tutuapps.online\/#organization","name":"Tutuapps Online","url":"https:\/\/tutuapps.online\/","logo":{"@type":"ImageObject","inLanguage":"ro-RO","@id":"https:\/\/tutuapps.online\/#\/schema\/logo\/image\/","url":"https:\/\/tutuapps.online\/wp-content\/uploads\/2022\/01\/tutuapps-online.png","contentUrl":"https:\/\/tutuapps.online\/wp-content\/uploads\/2022\/01\/tutuapps-online.png","width":337,"height":94,"caption":"Tutuapps Online"},"image":{"@id":"https:\/\/tutuapps.online\/#\/schema\/logo\/image\/"}}]}},"_links":{"self":[{"href":"https:\/\/tutuapps.online\/ro\/wp-json\/wp\/v2\/pages\/2318","targetHints":{"allow":["GET"]}}],"collection":[{"href":"https:\/\/tutuapps.online\/ro\/wp-json\/wp\/v2\/pages"}],"about":[{"href":"https:\/\/tutuapps.online\/ro\/wp-json\/wp\/v2\/types\/page"}],"author":[{"embeddable":true,"href":"https:\/\/tutuapps.online\/ro\/wp-json\/wp\/v2\/users\/1"}],"replies":[{"embeddable":true,"href":"https:\/\/tutuapps.online\/ro\/wp-json\/wp\/v2\/comments?post=2318"}],"version-history":[{"count":0,"href":"https:\/\/tutuapps.online\/ro\/wp-json\/wp\/v2\/pages\/2318\/revisions"}],"wp:featuredmedia":[{"embeddable":true,"href":"https:\/\/tutuapps.online\/ro\/wp-json\/wp\/v2\/media\/2319"}],"wp:attachment":[{"href":"https:\/\/tutuapps.online\/ro\/wp-json\/wp\/v2\/media?parent=2318"}],"curies":[{"name":"wp","href":"https:\/\/api.w.org\/{rel}","templated":true}]}}