{"id":226,"date":"2018-08-28T14:14:44","date_gmt":"2018-08-28T14:14:44","guid":{"rendered":"http:\/\/tutuapps.online\/?page_id=226"},"modified":"2023-10-11T15:00:11","modified_gmt":"2023-10-11T15:00:11","slug":"vip","status":"publish","type":"page","link":"https:\/\/tutuapps.online\/ro\/vip\/","title":{"rendered":"TutuApp VIP Descarc\u0103 gratis"},"content":{"rendered":"<p>TutuApp este unul dintre cele mai populare magazine de aplica\u021bii pentru utilizatorii de iOS. Este un magazin de aplica\u021bii ter\u021be \u00een limba chinez\u0103 care permite utilizatorilor s\u0103 descarce toate aplica\u021biile \u0219i jocurile lor preferate.<\/p>\n\n\n\n<p>TutuApp con\u021bine una dintre cele mai mari biblioteci de jocuri \u0219i aplica\u021bii, de asemenea, con\u021bine toate versiunile modificate ale aplica\u021biilor, unele dintre cele mai desc\u0103rcate versiuni fiind PokeGo++, <a href=\"https:\/\/tutuapps.online\/ro\/snapchat-plus\/\">Snapchat++<\/a>Facebook++, <a href=\"https:\/\/tutuapps.online\/ro\/spotify-plus\/\">Spotify++<\/a>, <a href=\"https:\/\/tutuapps.online\/ro\/instagram-plus\/\">Instagram++<\/a>.<\/p>\n\n\n\n<p>TutuApp nu este disponibil pentru desc\u0103rcare pe iOS App Store \u0219i Play Store pentru Android; \u00een schimb, accesa\u021bi site-ul s\u0103u oficial \u0219i ve\u021bi avea dou\u0103 versiuni disponibile pentru desc\u0103rcare, versiunea normal\u0103 \u0219i versiunea VIP.<\/p>\n\n\n<div class=\"wp-block-image\">\n<figure class=\"aligncenter\"><a href=\"https:\/\/tutuapps.online\/wp-content\/uploads\/2018\/08\/tutuapp-vip.png\"><img wpfc-lazyload-disable=\"true\" decoding=\"async\" width=\"210\" height=\"232\" data-src=\"https:\/\/tutuapps.online\/wp-content\/uploads\/2018\/08\/tutuapp-vip.png\" alt=\"tutuapp-vip\" class=\"wp-image-228 lazyload\" src=\"data:image\/svg+xml;base64,PHN2ZyB3aWR0aD0iMSIgaGVpZ2h0PSIxIiB4bWxucz0iaHR0cDovL3d3dy53My5vcmcvMjAwMC9zdmciPjwvc3ZnPg==\" style=\"--smush-placeholder-width: 210px; --smush-placeholder-aspect-ratio: 210\/232;\" \/><\/a><\/figure>\n<\/div>\n\n\n<div class=\"wp-block-button aligncenter\"><a class=\"wp-block-button__link wp-element-button\" href=\"https:\/\/tutuapps.online\/ro\/tutuapp-nu-functioneaza\/\"><strong><em>&gt;&gt; TutuAPP &lt;&lt;<\/em><\/strong><\/a><\/div>\n\n\n\n<p><a href=\"https:\/\/tutuapps.online\/ro\/\"><strong>Tutuapp<\/strong><\/a> vip free, este o versiune mai elegant\u0103 dec\u00e2t cea normal\u0103. Este complet gratuit\u0103 \u0219i v\u0103 ofer\u0103 gratuit toate aplica\u021biile premium, iar func\u021bionalitatea de cump\u0103r\u0103turi \u00een aplica\u021bie este complet deblocat\u0103 atunci c\u00e2nd desc\u0103rca\u021bi aplica\u021bii.<\/p>\n\n\n\n<p>Are o interfa\u021b\u0103 de utilizator foarte inteligent\u0103, care v\u0103 permite s\u0103 v\u0103 g\u0103si\u021bi rapid aplica\u021biile preferate \u0219i ofer\u0103 desc\u0103rc\u0103ri de mare vitez\u0103, cu TutuApp VIP, toate aplica\u021biile preferate sunt la doar c\u00e2teva clicuri distan\u021b\u0103.<\/p>\n\n\n\n<p>TutuApp VIP este o modalitate convenabil\u0103 \u0219i u\u0219oar\u0103 de a desc\u0103rca aplica\u021bii \u0219i jocuri \u0219i ofer\u0103 func\u021bii de neegalat, cum ar fi un cur\u0103\u021b\u0103tor \u00eencorporat care cur\u0103\u021b\u0103 automat memoria cache, astfel \u00eenc\u00e2t s\u0103 nu ocupe spa\u021biu pe dispozitivul dumneavoastr\u0103.<\/p>\n\n\n\n<p>TutuApp VIP este disponibil pentru desc\u0103rcare pe toate platformele majore, cum ar fi iOS, Android, Windows, MacOS, etc.<\/p>\n\n\n\n<p>Not\u0103: Utilizatorii de Android pot utiliza aplica\u021bia <a href=\"https:\/\/tutuapps.online\/ro\/android\/\"><strong>desc\u0103rca\u021bi aici<\/strong><\/a>. Utilizatorii de PC-uri pot utiliza <a href=\"https:\/\/tutuapps.online\/ro\/pc\/\"><strong>desc\u0103rca\u021bi aici<\/strong><\/a>.<\/p>\n\n\n\n<h2 class=\"wp-block-heading\">Descarc\u0103 TutuApp VIP pe dispozitivul t\u0103u iOS<\/h2>\n\n\n\n<ol class=\"wp-block-list\">\n<li>Deschide\u021bi Safari \u0219i desc\u0103rca\u021bi TutuApp VIP de pe site-ul s\u0103u oficial.<\/li>\n\n\n\n<li>A\u0219tepta\u021bi p\u00e2n\u0103 c\u00e2nd desc\u0103rcarea este complet\u0103.<\/li>\n\n\n\n<li>Acum merge\u021bi la Settings -&gt; General Settings -&gt; Device Management -&gt; face\u021bi clic pe \"Trust TutuApp VIP\".<\/li>\n\n\n\n<li>Instala\u021bi TutuApp, este posibil s\u0103 fie necesar s\u0103 furniza\u021bi parola \u00een func\u021bie de set\u0103rile dispozitivului.<\/li>\n\n\n\n<li>\u00cencepe\u021bi \u0219i desc\u0103rca\u021bi gratuit tot felul de aplica\u021bii premium.<\/li>\n\n\n\n<li><strong>Compatibilitate cu iOS:<\/strong>\u00a0TutuApp VIP este compatibil cu toate dispozitivele iOS, inclusiv iPhone, iPad \u0219i iPod Touch.<\/li>\n<\/ol>\n\n\n\n<p>Dac\u0103 dori\u021bi s\u0103 afla\u021bi mai multe, <a href=\"https:\/\/tutuapps.online\/ro\/ios\/\" target=\"_blank\" rel=\"noreferrer noopener\" aria-label=\"Urm\u0103ri\u021bi acest articol (Video inclus) (se deschide \u00eentr-o fil\u0103 nou\u0103)\">urm\u0103ri\u021bi acest articol (Video inclus)<\/a><\/p>\n\n\n\n<div style=\"height:39px\" aria-hidden=\"true\" class=\"wp-block-spacer\"><\/div>\n\n\n\n<h2 class=\"wp-block-heading\">Faq \" \u00centreb\u0103ri frecvente Tutuapp Vip Free Download<\/h2>\n\n\n\n<h3 class=\"wp-block-heading\"><strong>Este aplica\u021bia sigur\u0103?<\/strong><\/h3>\n\n\n\n<p>Tutuapp vip este \u00een continu\u0103 dezvoltare pentru a v\u0103 asigura 100% toate desc\u0103rc\u0103rile, este actualizat \u00een mod constant. Cu toate acestea, recomand\u0103m \u00eentotdeauna utilizarea propriului nostru software antivirus ca m\u0103sur\u0103 de securitate suplimentar\u0103.<\/p>\n\n\n\n<p>Num\u0103rul s\u0103u mare de utilizatori din \u00eentreaga lume garanteaz\u0103 securitatea Tutuapp .<\/p>\n\n\n\n<h3 class=\"wp-block-heading\"><strong>Care este diferen\u021ba dintre Tutuapp Free \u0219i versiunea VIP?<\/strong><\/h3>\n\n\n\n<p>Ambele versiuni au acces la acelea\u0219i privilegii. Singura diferen\u021b\u0103 este c\u0103 \u00een versiunea gratuit\u0103 vom avea ocazional publicitate, iar \u00een Vip nu.<\/p>\n\n\n\n<p>\u00cen plus, \u00een versiunea VIP, pute\u021bi avea aceste privilegii pe orice dispozitiv pe care \u00eel avem (PC, Mac, mobil, Ipad, Iphone, etc.). V\u0103 recomand\u0103m s\u0103 v\u0103 crea\u021bi un cont VIP pentru a v\u0103 conecta \u0219i a v\u0103 folosi abonamentul pe orice dispozitiv.<\/p>\n\n\n\n<h3 class=\"wp-block-heading\"><strong>Pe ce dispozitive poate fi utilizat?<\/strong><\/h3>\n\n\n\n<p>\u00cen prezent, poate fi utilizat pe mai multe dispozitive (Android, Iphone, Mac, Pc, Ipad, etc.)<\/p>\n\n\n\n<h3 class=\"wp-block-heading\"><strong>Cum se instaleaz\u0103 aplica\u021biile de la TutuApp?<\/strong><\/h3>\n\n\n\n<p>Primul lucru pe care trebuie s\u0103-l face\u021bi este s\u0103 deschide\u021bi aplica\u021bia \u0219i s\u0103 r\u0103sfoi\u021bi categoriile sale sau s\u0103 c\u0103uta\u021bi \u00een motorul de c\u0103utare.<\/p>\n\n\n\n<p>Dup\u0103 ce am localizat aplica\u021bia sau jocul dorit, localiz\u0103m butonul \"Install\" sau \"Install\" \u0219i facem clic pe el, desc\u0103rcarea va \u00eencepe automat. Indiferent de dispozitivul pe care \u00eel ave\u021bi (Apple iPhone, PC, Android, etc.), vom urma \u00eentotdeauna aceea\u0219i procedur\u0103.<\/p>\n\n\n\n<h3 class=\"wp-block-heading\"><strong>Ce aplica\u021bii pot desc\u0103rca?<\/strong><\/h3>\n\n\n\n<ol class=\"wp-block-list\">\n<li><strong>Pok\u00e9mon GO: <\/strong>jocul tipic de realitate augmentat\u0103 cu hack-uri pe care le po\u021bi folosi f\u0103r\u0103 s\u0103 fii interzis.<\/li>\n\n\n\n<li><strong>Instagram ++<\/strong> <strong>: <\/strong>re\u021bea social\u0103 unde pute\u021bi accesa mai multe op\u021biuni privind fotografiile altor utilizatori \u0219i chiar \u00eenc\u0103rca videoclipuri.<\/li>\n\n\n\n<li><strong>Clash Royale :<\/strong> o versiune piratat\u0103 cu pietre pre\u021bioase \u0219i un elixir infinit pentru a-\u021bi \u00eenvinge mai u\u0219or rivalii.<\/li>\n\n\n\n<li><strong>Spotify ++<\/strong> <strong>:<\/strong> cu func\u021bionalitate \u00eembun\u0103t\u0103\u021bit\u0103 \u0219i blocarea reclamelor.<\/li>\n\n\n\n<li><strong>WhatsApp ++ : <\/strong>cu op\u021biuni de confiden\u021bialitate mult mai bune \u0219i diverse caracteristici \u00eembun\u0103t\u0103\u021bite.<\/li>\n\n\n\n<li><strong>Facebook ++ :<\/strong> o versiune care include op\u021biunea Messenger, astfel \u00eenc\u00e2t s\u0103 nu mai fie nevoie s\u0103 utiliza\u021bi dou\u0103 aplica\u021bii diferite.<\/li>\n\n\n\n<li><a rel=\"noreferrer noopener\" aria-label=\"Deezer ++ (se deschide \u00eentr-o fil\u0103 nou\u0103)\" href=\"https:\/\/tutuapps.online\/ro\/deezer-plus\/\" target=\"_blank\"><strong>Deezer ++<\/strong><\/a><strong> :<\/strong> Una dintre cele mai populare aplica\u021bii de streaming de muzic\u0103, cu func\u021bii \u00eembun\u0103t\u0103\u021bite.<\/li>\n<\/ol>\n\n\n\n<h3 class=\"wp-block-heading\"><strong>Ce este Tutuapp helper?<\/strong><\/h3>\n\n\n\n<p>Alternativele la TutuApp se numesc, de asemenea, alternative la Tutu Helper. Dac\u0103, din anumite motive, nu pute\u021bi accesa asistentul Tutuapp, ve\u021bi putea accesa \u00een continuare alternativele.<\/p>\n\n\n\n<p><a href=\"https:\/\/tutuapps.online\/ro\/aplicatii-precum-tutuapp\/\" target=\"_blank\" rel=\"noreferrer noopener\" aria-label=\"Mai multe informa\u021bii aici (se deschide \u00eentr-o fil\u0103 nou\u0103)\">Mai multe informa\u021bii aici<\/a><\/p>\n\n\n\n<h3 class=\"wp-block-heading\"><strong>Exist\u0103 o reducere dac\u0103 \u00eemi re\u00eennoiesc calitatea de membru VIP?<\/strong><\/h3>\n\n\n\n<p>Da, dac\u0103 mai ave\u021bi mai pu\u021bin de 60 de zile pentru a v\u0103 re\u00eennoi abonamentul, pute\u021bi ob\u021bine o reducere de 10%.<\/p>\n\n\n\n<h3 class=\"wp-block-heading\"><strong>Cum se deblocheaz\u0103 aplica\u021biile<\/strong> <strong>?<\/strong><\/h3>\n\n\n\n<p>Uneori, la c\u00e2teva zile dup\u0103 ce aplica\u021bia a fost desc\u0103rcat\u0103, Apple anuleaz\u0103 certificatul aplica\u021biei. Pute\u021bi evita acest lucru \u00eentr-un mod foarte simplu, acces\u00e2nd \u0219i conect\u00e2ndu-v\u0103 cu un VPN pentru a proteja certificatul aplica\u021biei. <\/p>\n\n\n\n<div style=\"height:20px\" aria-hidden=\"true\" class=\"wp-block-spacer\"><\/div>\n\n\n\n<h3 class=\"wp-block-heading\"><strong>Mai multe informa\u021bii<\/strong> :<\/h3>\n\n\n\n<figure class=\"wp-block-table is-style-regular\"><table><tbody><tr><td>Aplica\u021bie&nbsp;<\/td><td>Tutuapp<\/td><\/tr><tr><td>Premii<\/td><td>Gratuit - Vip 12.99 $<\/td><\/tr><tr><td>Pute\u021bi instala aplica\u021bii \u0219i jocuri precum<\/td><td>Spotify - Pokemom Go - Facebook - Deezer etc.<\/td><\/tr><tr><td>Dezvoltator de aplica\u021bii<\/td><td>Tutuapp Inc<\/td><\/tr><tr><td>Cel mai recent Android - Cea mai recent\u0103 versiune<\/td><td>Android 3.4.1.<\/td><\/tr><tr><td>Cea mai recent\u0103 versiune iOS- Cea mai recent\u0103 versiune <\/td><td>iOS 13<\/td><\/tr><tr><td>Dispozitive  <\/td><td>Android \/ iOS \/ Iphone \/ Ipad<\/td><\/tr><tr><td>Desc\u0103rcare \u0219i instalare<\/td><td>Pe Google Play \u0219i Apple Store<\/td><\/tr><tr><td>Desc\u0103rca\u021bi aplica\u021bia<\/td><td><a href=\"https:\/\/tutuapps.online\/ro\/descarcati-tutuapp\/\" target=\"_blank\" rel=\"noreferrer noopener\" aria-label=\"Mai multe informa\u021bii aici (se deschide \u00eentr-o fil\u0103 nou\u0103)\">Mai multe informa\u021bii aici<\/a><\/td><\/tr><tr><td>Alternative<\/td><td>Aptoide, MoboGenie, Blackmart Alpha, etc.&nbsp;   <\/td><\/tr><tr><td><\/td><td><a href=\"https:\/\/tutuapps.online\/ro\/aplicatii-precum-tutuapp\/\"><strong>Vezi alte alternative<\/strong><\/a><strong> la aplica\u021bia tutu<\/strong><\/td><\/tr><\/tbody><\/table><\/figure>\n\n\n\n<div style=\"height:20px\" aria-hidden=\"true\" class=\"wp-block-spacer\"><\/div>\n\n\n\n<p><strong>S-ar putea s\u0103 v\u0103 intereseze \u0219i<\/strong><\/p>\n\n\n\n<p><strong><a rel=\"noreferrer noopener\" href=\"https:\/\/tutuapps.online\/ro\/ios\/\" target=\"_blank\">TutuApp iOS<\/a><\/strong><\/p>\n\n\n\n<p><a rel=\"noreferrer noopener\" href=\"https:\/\/tutuapps.online\/ro\/\" target=\"_blank\"><strong>TutuApp | Android \/ iOS<\/strong><\/a><\/p>\n\n\n\n<p><a rel=\"noreferrer noopener\" href=\"https:\/\/tutuapps.online\/ro\/apk\/\" target=\"_blank\"><strong>TutuApp APK<\/strong><\/a><\/p>\n\n\n\n<p><a rel=\"noreferrer noopener\" href=\"https:\/\/tutuapps.online\/ro\/tutuapp-nu-functioneaza\/\" target=\"_blank\"><strong>TutuApp nu func\u021bioneaz\u0103?<\/strong><\/a><\/p>\n\n\n\n<p><a rel=\"noreferrer noopener\" href=\"https:\/\/tutuapps.online\/ro\/pokemon-go\/\" target=\"_blank\"><strong>TutuApp Pok\u00e9mon GO<\/strong><\/a><\/p>\n\n\n\n<p><a rel=\"noreferrer noopener\" href=\"https:\/\/tutuapps.online\/ro\/regulat\/\" target=\"_blank\"><strong>TutuApp Regular<\/strong><\/a><\/p>\n\n\n\n<div style=\"height:20px\" aria-hidden=\"true\" class=\"wp-block-spacer\"><\/div>","protected":false},"excerpt":{"rendered":"<p>TutuApp este unul dintre cele mai populare magazine de aplica\u021bii pentru utilizatorii de iOS. Este un magazin de aplica\u021bii ter\u021be \u00een limba chinez\u0103 care permite utilizatorilor s\u0103 descarce toate aplica\u021biile \u0219i jocurile lor preferate. TutuApp con\u021bine una dintre cele mai mari biblioteci de jocuri \u0219i aplica\u021bii, con\u021bine, de asemenea, toate versiunile modificate ale aplica\u021biilor, unele dintre cele mai ... <a title=\"TutuApp VIP Descarc\u0103 gratis\" class=\"read-more\" href=\"https:\/\/tutuapps.online\/ro\/vip\/\" aria-label=\"Mai multe despre TutuApp VIP Descarc\u0103 gratis\">Cite\u0219te mai mult<\/a><\/p>","protected":false},"author":1,"featured_media":1705,"parent":0,"menu_order":0,"comment_status":"closed","ping_status":"closed","template":"","meta":{"generate_page_header":"","footnotes":""},"class_list":["post-226","page","type-page","status-publish","has-post-thumbnail"],"yoast_head":"<!-- This site is optimized with the Yoast SEO plugin v26.5 - https:\/\/yoast.com\/wordpress\/plugins\/seo\/ -->\n<title>\u25b7 TUTUAPP VIP Download Free \u3010 \u221a 2026 \u3011<\/title>\n<meta name=\"description\" content=\"I\u27a8 TutuApp VIP t\u00e9l\u00e9chargement gratuit, est l&#039;un des magasins d&#039;applications les plus populaires pour les utilisateurs iOS \u2705 T\u00e9l\u00e9charger ...\" \/>\n<meta name=\"robots\" content=\"index, follow, max-snippet:-1, max-image-preview:large, max-video-preview:-1\" \/>\n<link rel=\"canonical\" href=\"https:\/\/tutuapps.online\/ro\/vip\/\" \/>\n<meta property=\"og:locale\" content=\"ro_RO\" \/>\n<meta property=\"og:type\" content=\"article\" \/>\n<meta property=\"og:title\" content=\"\u25b7 TUTUAPP VIP Download Free \u3010 \u221a 2026 \u3011\" \/>\n<meta property=\"og:description\" content=\"I\u27a8 TutuApp VIP t\u00e9l\u00e9chargement gratuit, est l&#039;un des magasins d&#039;applications les plus populaires pour les utilisateurs iOS \u2705 T\u00e9l\u00e9charger ...\" \/>\n<meta property=\"og:url\" content=\"https:\/\/tutuapps.online\/ro\/vip\/\" \/>\n<meta property=\"og:site_name\" content=\"TutuApps.online\" \/>\n<meta property=\"article:modified_time\" content=\"2023-10-11T15:00:11+00:00\" \/>\n<meta property=\"og:image\" content=\"https:\/\/tutuapps.online\/wp-content\/uploads\/2020\/03\/tutuapp-vip-telecharger.png\" \/>\n\t<meta property=\"og:image:width\" content=\"175\" \/>\n\t<meta property=\"og:image:height\" content=\"226\" \/>\n\t<meta property=\"og:image:type\" content=\"image\/png\" \/>\n<meta name=\"twitter:card\" content=\"summary_large_image\" \/>\n<meta name=\"twitter:label1\" content=\"Timp estimat pentru citire\" \/>\n\t<meta name=\"twitter:data1\" content=\"5 minute\" \/>\n<script type=\"application\/ld+json\" class=\"yoast-schema-graph\">{\"@context\":\"https:\/\/schema.org\",\"@graph\":[{\"@type\":\"WebPage\",\"@id\":\"https:\/\/tutuapps.online\/vip\/\",\"url\":\"https:\/\/tutuapps.online\/vip\/\",\"name\":\"\u25b7 TUTUAPP VIP Download Free \u3010 \u221a 2026 \u3011\",\"isPartOf\":{\"@id\":\"https:\/\/tutuapps.online\/#website\"},\"primaryImageOfPage\":{\"@id\":\"https:\/\/tutuapps.online\/vip\/#primaryimage\"},\"image\":{\"@id\":\"https:\/\/tutuapps.online\/vip\/#primaryimage\"},\"thumbnailUrl\":\"https:\/\/tutuapps.online\/wp-content\/uploads\/2020\/03\/tutuapp-vip-telecharger.png\",\"datePublished\":\"2018-08-28T14:14:44+00:00\",\"dateModified\":\"2023-10-11T15:00:11+00:00\",\"description\":\"I\u27a8 TutuApp VIP t\u00e9l\u00e9chargement gratuit, est l'un des magasins d'applications les plus populaires pour les utilisateurs iOS \u2705 T\u00e9l\u00e9charger ...\",\"breadcrumb\":{\"@id\":\"https:\/\/tutuapps.online\/vip\/#breadcrumb\"},\"inLanguage\":\"ro-RO\",\"potentialAction\":[{\"@type\":\"ReadAction\",\"target\":[\"https:\/\/tutuapps.online\/vip\/\"]}]},{\"@type\":\"ImageObject\",\"inLanguage\":\"ro-RO\",\"@id\":\"https:\/\/tutuapps.online\/vip\/#primaryimage\",\"url\":\"https:\/\/tutuapps.online\/wp-content\/uploads\/2020\/03\/tutuapp-vip-telecharger.png\",\"contentUrl\":\"https:\/\/tutuapps.online\/wp-content\/uploads\/2020\/03\/tutuapp-vip-telecharger.png\",\"width\":175,\"height\":226,\"caption\":\"tutuapp-vip-telecharger\"},{\"@type\":\"BreadcrumbList\",\"@id\":\"https:\/\/tutuapps.online\/vip\/#breadcrumb\",\"itemListElement\":[{\"@type\":\"ListItem\",\"position\":1,\"name\":\"Portada\",\"item\":\"https:\/\/tutuapps.online\/\"},{\"@type\":\"ListItem\",\"position\":2,\"name\":\"TutuApp VIP Download Free\"}]},{\"@type\":\"WebSite\",\"@id\":\"https:\/\/tutuapps.online\/#website\",\"url\":\"https:\/\/tutuapps.online\/\",\"name\":\"TutuApps.online\",\"description\":\"T\u00e9l\u00e9charger pour iOS, Android, PC\",\"publisher\":{\"@id\":\"https:\/\/tutuapps.online\/#organization\"},\"potentialAction\":[{\"@type\":\"SearchAction\",\"target\":{\"@type\":\"EntryPoint\",\"urlTemplate\":\"https:\/\/tutuapps.online\/?s={search_term_string}\"},\"query-input\":{\"@type\":\"PropertyValueSpecification\",\"valueRequired\":true,\"valueName\":\"search_term_string\"}}],\"inLanguage\":\"ro-RO\"},{\"@type\":\"Organization\",\"@id\":\"https:\/\/tutuapps.online\/#organization\",\"name\":\"Tutuapps Online\",\"url\":\"https:\/\/tutuapps.online\/\",\"logo\":{\"@type\":\"ImageObject\",\"inLanguage\":\"ro-RO\",\"@id\":\"https:\/\/tutuapps.online\/#\/schema\/logo\/image\/\",\"url\":\"https:\/\/tutuapps.online\/wp-content\/uploads\/2022\/01\/tutuapps-online.png\",\"contentUrl\":\"https:\/\/tutuapps.online\/wp-content\/uploads\/2022\/01\/tutuapps-online.png\",\"width\":337,\"height\":94,\"caption\":\"Tutuapps Online\"},\"image\":{\"@id\":\"https:\/\/tutuapps.online\/#\/schema\/logo\/image\/\"}}]}<\/script>\n<!-- \/ Yoast SEO plugin. -->","yoast_head_json":{"title":"\u25b7 TUTUAPP VIP Download Free \u3010 \u221a 2026 \u3011","description":"I\u27a8 TutuApp VIP t\u00e9l\u00e9chargement gratuit, est l'un des magasins d'applications les plus populaires pour les utilisateurs iOS \u2705 T\u00e9l\u00e9charger ...","robots":{"index":"index","follow":"follow","max-snippet":"max-snippet:-1","max-image-preview":"max-image-preview:large","max-video-preview":"max-video-preview:-1"},"canonical":"https:\/\/tutuapps.online\/ro\/vip\/","og_locale":"ro_RO","og_type":"article","og_title":"\u25b7 TUTUAPP VIP Download Free \u3010 \u221a 2026 \u3011","og_description":"I\u27a8 TutuApp VIP t\u00e9l\u00e9chargement gratuit, est l'un des magasins d'applications les plus populaires pour les utilisateurs iOS \u2705 T\u00e9l\u00e9charger ...","og_url":"https:\/\/tutuapps.online\/ro\/vip\/","og_site_name":"TutuApps.online","article_modified_time":"2023-10-11T15:00:11+00:00","og_image":[{"width":175,"height":226,"url":"https:\/\/tutuapps.online\/wp-content\/uploads\/2020\/03\/tutuapp-vip-telecharger.png","type":"image\/png"}],"twitter_card":"summary_large_image","twitter_misc":{"Timp estimat pentru citire":"5 minute"},"schema":{"@context":"https:\/\/schema.org","@graph":[{"@type":"WebPage","@id":"https:\/\/tutuapps.online\/vip\/","url":"https:\/\/tutuapps.online\/vip\/","name":"\u25b7 TUTUAPP VIP Download Free \u3010 \u221a 2026 \u3011","isPartOf":{"@id":"https:\/\/tutuapps.online\/#website"},"primaryImageOfPage":{"@id":"https:\/\/tutuapps.online\/vip\/#primaryimage"},"image":{"@id":"https:\/\/tutuapps.online\/vip\/#primaryimage"},"thumbnailUrl":"https:\/\/tutuapps.online\/wp-content\/uploads\/2020\/03\/tutuapp-vip-telecharger.png","datePublished":"2018-08-28T14:14:44+00:00","dateModified":"2023-10-11T15:00:11+00:00","description":"I\u27a8 TutuApp VIP t\u00e9l\u00e9chargement gratuit, est l'un des magasins d'applications les plus populaires pour les utilisateurs iOS \u2705 T\u00e9l\u00e9charger ...","breadcrumb":{"@id":"https:\/\/tutuapps.online\/vip\/#breadcrumb"},"inLanguage":"ro-RO","potentialAction":[{"@type":"ReadAction","target":["https:\/\/tutuapps.online\/vip\/"]}]},{"@type":"ImageObject","inLanguage":"ro-RO","@id":"https:\/\/tutuapps.online\/vip\/#primaryimage","url":"https:\/\/tutuapps.online\/wp-content\/uploads\/2020\/03\/tutuapp-vip-telecharger.png","contentUrl":"https:\/\/tutuapps.online\/wp-content\/uploads\/2020\/03\/tutuapp-vip-telecharger.png","width":175,"height":226,"caption":"tutuapp-vip-telecharger"},{"@type":"BreadcrumbList","@id":"https:\/\/tutuapps.online\/vip\/#breadcrumb","itemListElement":[{"@type":"ListItem","position":1,"name":"Portada","item":"https:\/\/tutuapps.online\/"},{"@type":"ListItem","position":2,"name":"TutuApp VIP Download Free"}]},{"@type":"WebSite","@id":"https:\/\/tutuapps.online\/#website","url":"https:\/\/tutuapps.online\/","name":"TutuApps.online","description":"T\u00e9l\u00e9charger pour iOS, Android, PC","publisher":{"@id":"https:\/\/tutuapps.online\/#organization"},"potentialAction":[{"@type":"SearchAction","target":{"@type":"EntryPoint","urlTemplate":"https:\/\/tutuapps.online\/?s={search_term_string}"},"query-input":{"@type":"PropertyValueSpecification","valueRequired":true,"valueName":"search_term_string"}}],"inLanguage":"ro-RO"},{"@type":"Organization","@id":"https:\/\/tutuapps.online\/#organization","name":"Tutuapps Online","url":"https:\/\/tutuapps.online\/","logo":{"@type":"ImageObject","inLanguage":"ro-RO","@id":"https:\/\/tutuapps.online\/#\/schema\/logo\/image\/","url":"https:\/\/tutuapps.online\/wp-content\/uploads\/2022\/01\/tutuapps-online.png","contentUrl":"https:\/\/tutuapps.online\/wp-content\/uploads\/2022\/01\/tutuapps-online.png","width":337,"height":94,"caption":"Tutuapps Online"},"image":{"@id":"https:\/\/tutuapps.online\/#\/schema\/logo\/image\/"}}]}},"_links":{"self":[{"href":"https:\/\/tutuapps.online\/ro\/wp-json\/wp\/v2\/pages\/226","targetHints":{"allow":["GET"]}}],"collection":[{"href":"https:\/\/tutuapps.online\/ro\/wp-json\/wp\/v2\/pages"}],"about":[{"href":"https:\/\/tutuapps.online\/ro\/wp-json\/wp\/v2\/types\/page"}],"author":[{"embeddable":true,"href":"https:\/\/tutuapps.online\/ro\/wp-json\/wp\/v2\/users\/1"}],"replies":[{"embeddable":true,"href":"https:\/\/tutuapps.online\/ro\/wp-json\/wp\/v2\/comments?post=226"}],"version-history":[{"count":3,"href":"https:\/\/tutuapps.online\/ro\/wp-json\/wp\/v2\/pages\/226\/revisions"}],"predecessor-version":[{"id":2668,"href":"https:\/\/tutuapps.online\/ro\/wp-json\/wp\/v2\/pages\/226\/revisions\/2668"}],"wp:featuredmedia":[{"embeddable":true,"href":"https:\/\/tutuapps.online\/ro\/wp-json\/wp\/v2\/media\/1705"}],"wp:attachment":[{"href":"https:\/\/tutuapps.online\/ro\/wp-json\/wp\/v2\/media?parent=226"}],"curies":[{"name":"wp","href":"https:\/\/api.w.org\/{rel}","templated":true}]}}