{"id":203,"date":"2018-08-28T10:10:52","date_gmt":"2018-08-28T10:10:52","guid":{"rendered":"http:\/\/tutuapps.online\/?page_id=203"},"modified":"2021-04-06T13:11:34","modified_gmt":"2021-04-06T13:11:34","slug":"gratuit","status":"publish","type":"page","link":"https:\/\/tutuapps.online\/ro\/gratuit\/","title":{"rendered":"TutuApp Gratuit"},"content":{"rendered":"<p>TutuApp nu este un mister pentru to\u021bi cei c\u0103rora le place s\u0103 descarce gratuit aplica\u021biile \u0219i jocurile preferate. TutuApp este un magazin de aplica\u021bii ter\u021be.<\/p>\n<p>Acesta ofer\u0103 tot felul de aplica\u021bii, jocuri, c\u0103r\u021bi electronice, filme \u0219i multe altele. Este o aplica\u021bie chinez\u0103, astfel c\u0103 unele dintre versiunile sale ini\u021biale erau \u00een limba chinez\u0103, astfel \u00eenc\u00e2t utilizatorul trebuia s\u0103 foloseasc\u0103 Google Translate pentru a \u00een\u021belege set\u0103rile, dar cea mai recent\u0103 versiune a <a href=\"https:\/\/tutuapps.online\/ro\/\"><strong>TutuApp<\/strong><\/a> ofer\u0103 un magazin cuprinz\u0103tor de aplica\u021bii \u00een limba englez\u0103.<\/p>\n<p>Nu este necesar s\u0103 v\u0103 furniza\u021bi ID-ul Apple sau s\u0103 crea\u021bi un nou ID \u00een TutuApp pentru a desc\u0103rca aplica\u021bii. Pentru a desc\u0103rca TutuApp, nu trebuie s\u0103 v\u0103 roti\u021bi dispozitivul Android sau s\u0103 face\u021bi jailbreak la dispozitivul iOS.<\/p>\n<p><img wpfc-lazyload-disable=\"true\" decoding=\"async\" class=\"aligncenter wp-image-207 size-full lazyload\" data-src=\"https:\/\/tutuapps.online\/wp-content\/uploads\/2018\/08\/tutuapp-free.png\" alt=\"tutuapp-free\" width=\"210\" height=\"232\" src=\"data:image\/svg+xml;base64,PHN2ZyB3aWR0aD0iMSIgaGVpZ2h0PSIxIiB4bWxucz0iaHR0cDovL3d3dy53My5vcmcvMjAwMC9zdmciPjwvc3ZnPg==\" style=\"--smush-placeholder-width: 210px; --smush-placeholder-aspect-ratio: 210\/232;\"><\/p>\n<p>Acesta este un mod foarte eficient \u0219i eficace de a desc\u0103rca gratuit toate aplica\u021biile pl\u0103tite, toate func\u021biile de cump\u0103rare TutuApp sunt deblocate atunci c\u00e2nd desc\u0103rca\u021bi de pe TutuApp, deci nu este nevoie s\u0103 pl\u0103ti\u021bi niciun cent.<\/p>\n<p>Deoarece TutuApp ofer\u0103 totul gratuit, utilizatorul economise\u0219te o mul\u021bime de bani. TutuApp este foarte simplu \u0219i u\u0219or de utilizat, iar dumneavoastr\u0103 pute\u021bi desc\u0103rca aplica\u021biile preferate cu c\u00e2teva clicuri.<\/p>\n<p>Dezvoltatorii TutuApp se asigur\u0103 c\u0103 utilizatorul este mul\u021bumit de utilizarea magazinului \u0219i c\u0103 poate c\u0103uta gratuit aplica\u021biile preferate; \u00een fiecare zi sunt ad\u0103ugate mai multe aplica\u021bii la TutuApp.<\/p>\n<p>Pute\u021bi g\u0103si toate versiunile modificate ale aplica\u021biilor \u00een TutuApp absolut gratuit. Acest magazin de aplica\u021bii ter\u021be este disponibil gratuit pe toate platformele de operare majore, cum ar fi<a href=\"https:\/\/tutuapps.online\/ro\/android\/\"><strong>Android<\/strong><\/a>, <a href=\"https:\/\/tutuapps.online\/ro\/ios\/\"><strong>iOS<\/strong><\/a>, <a href=\"https:\/\/tutuapps.online\/ro\/pc\/\"><strong>Windows<\/strong><\/a> \u0219i multe altele.<\/p>\n<h2>Desc\u0103rca\u021bi gratuit TutuApp pe un dispozitiv iOS.<\/h2>\n<ul>\n<li>Deschide\u021bi Safari \u0219i c\u0103uta\u021bi TutuApp.<\/li>\n<li><a href=\"https:\/\/tutuapps.online\/ro\/descarcati-tutuapp\/\"><strong>Desc\u0103rca\u021bi cea mai recent\u0103 versiune de TutuApp<\/strong><\/a> (iPhone \/ iPad \/ iPod Touch).<\/li>\n<li>Deschide\u021bi Settings -&gt; General Settings -&gt; Device Management -&gt; face\u021bi clic pe \"Trust TutuApp\".<\/li>\n<li>Instala\u021bi magazinul de aplica\u021bii TutuApp.<\/li>\n<li>Lansa\u021bi TutuApp \u0219i desc\u0103rca\u021bi gratuit toate aplica\u021biile dvs. preferate.<\/li>\n<\/ul>\n<p><span style=\"color: #181c3e;\"><strong>S-ar putea s\u0103 v\u0103 intereseze \u0219i<\/strong><\/span><\/p>\n<ul>\n<li class=\"entry-title\"><a href=\"https:\/\/tutuapps.online\/ro\/descarcati-tutuapp\/\" target=\"_blank\" rel=\"noopener noreferrer\"><strong>Desc\u0103rca\u021bi TutuApp<\/strong><\/a><\/li>\n<li class=\"entry-title\"><a href=\"https:\/\/tutuapps.online\/ro\/deezer-plus\/\" target=\"_blank\" rel=\"noopener noreferrer\"><strong>TutuApp Deezer++<\/strong><\/a><\/li>\n<li><strong><a href=\"https:\/\/tutuapps.online\/ro\/ios\/\" target=\"_blank\" rel=\"noopener noreferrer\">TutuApp iOS<\/a><\/strong><\/li>\n<li><a href=\"https:\/\/tutuapps.online\/ro\/aplicatii-precum-tutuapp\/\" target=\"_blank\" rel=\"noopener noreferrer\"><strong>Aplica\u021bii precum TutuApp<\/strong><\/a><\/li>\n<li><a href=\"https:\/\/tutuapps.online\/ro\/\" target=\"_blank\" rel=\"noopener noreferrer\"><strong>TutuApp | Android \/ iOS<\/strong><\/a><\/li>\n<li><a href=\"https:\/\/tutuapps.online\/ro\/apk\/\" target=\"_blank\" rel=\"noopener noreferrer\"><strong>TutuApp APK<\/strong><\/a><\/li>\n<li><a href=\"https:\/\/tutuapps.online\/ro\/tutuapp-nu-functioneaza\/\" target=\"_blank\" rel=\"noopener noreferrer\"><strong>TutuApp nu func\u021bioneaz\u0103?<\/strong><\/a><\/li>\n<li><a href=\"https:\/\/tutuapps.online\/ro\/pokemon-go\/\" target=\"_blank\" rel=\"noopener noreferrer\"><strong>TutuApp Pok\u00e9mon GO<\/strong><\/a><\/li>\n<li><a href=\"https:\/\/tutuapps.online\/ro\/regulat\/\" target=\"_blank\" rel=\"noopener noreferrer\"><strong>TutuApp Regular<\/strong><\/a><\/li>\n<li><a href=\"https:\/\/tutuapps.online\/ro\/vip\/\" target=\"_blank\" rel=\"noopener noreferrer\"><strong>TutuApp VIP<\/strong><\/a><\/li>\n<li><a href=\"https:\/\/tutuapps.online\/ro\/android\/\" target=\"_blank\" rel=\"noopener noreferrer\"><strong>TutuApp Android<\/strong><\/a><\/li>\n<li><a href=\"https:\/\/tutuapps.online\/ro\/tutu-helper\/\" target=\"_blank\" rel=\"noopener noreferrer\"><strong>Tutu Helper<\/strong><\/a><\/li>\n<li><a href=\"https:\/\/tutuapps.online\/ro\/spotify-plus\/\" target=\"_blank\" rel=\"noopener noreferrer\"><strong>Spotify++<\/strong><\/a><\/li>\n<li><a href=\"https:\/\/tutuapps.online\/ro\/nesstool\/\" target=\"_blank\" rel=\"noopener noreferrer\"><strong>NessTool<\/strong><\/a><\/li>\n<li><a href=\"https:\/\/tutuapps.online\/ro\/pc\/\" target=\"_blank\" rel=\"noopener noreferrer\"><strong>TutuApp PC<\/strong><\/a><\/li>\n<\/ul>","protected":false},"excerpt":{"rendered":"<p>TutuApp n&rsquo;est pas un myst\u00e8re pour tous ceux qui aiment t\u00e9l\u00e9charger gratuitement leurs applications et jeux pr\u00e9f\u00e9r\u00e9s. TutuApp est un magasin d&rsquo;applications tiers. Il offre toutes sortes d&rsquo;applications, jeux, livres \u00e9lectroniques, films et bien plus encore. C&rsquo;est une application chinoise, donc certaines de ses versions initiales \u00e9taient en chinois, donc l&rsquo;utilisateur avait besoin d&rsquo;utiliser Google &#8230; <a title=\"TutuApp Gratuit\" class=\"read-more\" href=\"https:\/\/tutuapps.online\/ro\/gratuit\/\" aria-label=\"More on TutuApp Gratuit\">Cite\u0219te mai mult<\/a><\/p>","protected":false},"author":1,"featured_media":2389,"parent":0,"menu_order":0,"comment_status":"closed","ping_status":"closed","template":"","meta":{"generate_page_header":"","footnotes":""},"class_list":["post-203","page","type-page","status-publish","has-post-thumbnail"],"yoast_head":"<!-- This site is optimized with the Yoast SEO plugin v26.5 - https:\/\/yoast.com\/wordpress\/plugins\/seo\/ -->\n<title>\u25b7 T\u00e9l\u00e9charger TUTUAPP Gratuit \u3010 \u221a 2026 \u3011<\/title>\n<meta name=\"description\" content=\"I\u27a8 TutuApp n&#039;est pas un myst\u00e8re pour tous ceux qui aiment t\u00e9l\u00e9charger gratuitement leurs applications et jeux pr\u00e9f\u00e9r\u00e9s \u2705 TutuApp est un ...\" \/>\n<meta name=\"robots\" content=\"index, follow, max-snippet:-1, max-image-preview:large, max-video-preview:-1\" \/>\n<link rel=\"canonical\" href=\"https:\/\/tutuapps.online\/ro\/gratuit\/\" \/>\n<meta property=\"og:locale\" content=\"ro_RO\" \/>\n<meta property=\"og:type\" content=\"article\" \/>\n<meta property=\"og:title\" content=\"\u25b7 T\u00e9l\u00e9charger TUTUAPP Gratuit \u3010 \u221a 2026 \u3011\" \/>\n<meta property=\"og:description\" content=\"I\u27a8 TutuApp n&#039;est pas un myst\u00e8re pour tous ceux qui aiment t\u00e9l\u00e9charger gratuitement leurs applications et jeux pr\u00e9f\u00e9r\u00e9s \u2705 TutuApp est un ...\" \/>\n<meta property=\"og:url\" content=\"https:\/\/tutuapps.online\/ro\/gratuit\/\" \/>\n<meta property=\"og:site_name\" content=\"TutuApps.online\" \/>\n<meta property=\"article:modified_time\" content=\"2021-04-06T13:11:34+00:00\" \/>\n<meta property=\"og:image\" content=\"https:\/\/tutuapps.online\/wp-content\/uploads\/2018\/08\/tutuapp-free.png\" \/>\n<meta name=\"twitter:card\" content=\"summary_large_image\" \/>\n<meta name=\"twitter:label1\" content=\"Timp estimat pentru citire\" \/>\n\t<meta name=\"twitter:data1\" content=\"2 minute\" \/>\n<script type=\"application\/ld+json\" class=\"yoast-schema-graph\">{\"@context\":\"https:\/\/schema.org\",\"@graph\":[{\"@type\":\"WebPage\",\"@id\":\"https:\/\/tutuapps.online\/gratuit\/\",\"url\":\"https:\/\/tutuapps.online\/gratuit\/\",\"name\":\"\u25b7 T\u00e9l\u00e9charger TUTUAPP Gratuit \u3010 \u221a 2026 \u3011\",\"isPartOf\":{\"@id\":\"https:\/\/tutuapps.online\/#website\"},\"primaryImageOfPage\":{\"@id\":\"https:\/\/tutuapps.online\/gratuit\/#primaryimage\"},\"image\":{\"@id\":\"https:\/\/tutuapps.online\/gratuit\/#primaryimage\"},\"thumbnailUrl\":\"https:\/\/tutuapps.online\/wp-content\/uploads\/2023\/04\/tutuapp-gratuit.png\",\"datePublished\":\"2018-08-28T10:10:52+00:00\",\"dateModified\":\"2021-04-06T13:11:34+00:00\",\"description\":\"I\u27a8 TutuApp n'est pas un myst\u00e8re pour tous ceux qui aiment t\u00e9l\u00e9charger gratuitement leurs applications et jeux pr\u00e9f\u00e9r\u00e9s \u2705 TutuApp est un ...\",\"breadcrumb\":{\"@id\":\"https:\/\/tutuapps.online\/gratuit\/#breadcrumb\"},\"inLanguage\":\"ro-RO\",\"potentialAction\":[{\"@type\":\"ReadAction\",\"target\":[\"https:\/\/tutuapps.online\/gratuit\/\"]}]},{\"@type\":\"ImageObject\",\"inLanguage\":\"ro-RO\",\"@id\":\"https:\/\/tutuapps.online\/gratuit\/#primaryimage\",\"url\":\"https:\/\/tutuapps.online\/wp-content\/uploads\/2023\/04\/tutuapp-gratuit.png\",\"contentUrl\":\"https:\/\/tutuapps.online\/wp-content\/uploads\/2023\/04\/tutuapp-gratuit.png\",\"width\":275,\"height\":576},{\"@type\":\"BreadcrumbList\",\"@id\":\"https:\/\/tutuapps.online\/gratuit\/#breadcrumb\",\"itemListElement\":[{\"@type\":\"ListItem\",\"position\":1,\"name\":\"Portada\",\"item\":\"https:\/\/tutuapps.online\/\"},{\"@type\":\"ListItem\",\"position\":2,\"name\":\"TutuApp Gratuit\"}]},{\"@type\":\"WebSite\",\"@id\":\"https:\/\/tutuapps.online\/#website\",\"url\":\"https:\/\/tutuapps.online\/\",\"name\":\"TutuApps.online\",\"description\":\"T\u00e9l\u00e9charger pour iOS, Android, PC\",\"publisher\":{\"@id\":\"https:\/\/tutuapps.online\/#organization\"},\"potentialAction\":[{\"@type\":\"SearchAction\",\"target\":{\"@type\":\"EntryPoint\",\"urlTemplate\":\"https:\/\/tutuapps.online\/?s={search_term_string}\"},\"query-input\":{\"@type\":\"PropertyValueSpecification\",\"valueRequired\":true,\"valueName\":\"search_term_string\"}}],\"inLanguage\":\"ro-RO\"},{\"@type\":\"Organization\",\"@id\":\"https:\/\/tutuapps.online\/#organization\",\"name\":\"Tutuapps Online\",\"url\":\"https:\/\/tutuapps.online\/\",\"logo\":{\"@type\":\"ImageObject\",\"inLanguage\":\"ro-RO\",\"@id\":\"https:\/\/tutuapps.online\/#\/schema\/logo\/image\/\",\"url\":\"https:\/\/tutuapps.online\/wp-content\/uploads\/2022\/01\/tutuapps-online.png\",\"contentUrl\":\"https:\/\/tutuapps.online\/wp-content\/uploads\/2022\/01\/tutuapps-online.png\",\"width\":337,\"height\":94,\"caption\":\"Tutuapps Online\"},\"image\":{\"@id\":\"https:\/\/tutuapps.online\/#\/schema\/logo\/image\/\"}}]}<\/script>\n<!-- \/ Yoast SEO plugin. -->","yoast_head_json":{"title":"\u25b7 T\u00e9l\u00e9charger TUTUAPP Gratuit \u3010 \u221a 2026 \u3011","description":"I\u27a8 TutuApp n'est pas un myst\u00e8re pour tous ceux qui aiment t\u00e9l\u00e9charger gratuitement leurs applications et jeux pr\u00e9f\u00e9r\u00e9s \u2705 TutuApp est un ...","robots":{"index":"index","follow":"follow","max-snippet":"max-snippet:-1","max-image-preview":"max-image-preview:large","max-video-preview":"max-video-preview:-1"},"canonical":"https:\/\/tutuapps.online\/ro\/gratuit\/","og_locale":"ro_RO","og_type":"article","og_title":"\u25b7 T\u00e9l\u00e9charger TUTUAPP Gratuit \u3010 \u221a 2026 \u3011","og_description":"I\u27a8 TutuApp n'est pas un myst\u00e8re pour tous ceux qui aiment t\u00e9l\u00e9charger gratuitement leurs applications et jeux pr\u00e9f\u00e9r\u00e9s \u2705 TutuApp est un ...","og_url":"https:\/\/tutuapps.online\/ro\/gratuit\/","og_site_name":"TutuApps.online","article_modified_time":"2021-04-06T13:11:34+00:00","og_image":[{"url":"https:\/\/tutuapps.online\/wp-content\/uploads\/2018\/08\/tutuapp-free.png","type":"","width":"","height":""}],"twitter_card":"summary_large_image","twitter_misc":{"Timp estimat pentru citire":"2 minute"},"schema":{"@context":"https:\/\/schema.org","@graph":[{"@type":"WebPage","@id":"https:\/\/tutuapps.online\/gratuit\/","url":"https:\/\/tutuapps.online\/gratuit\/","name":"\u25b7 T\u00e9l\u00e9charger TUTUAPP Gratuit \u3010 \u221a 2026 \u3011","isPartOf":{"@id":"https:\/\/tutuapps.online\/#website"},"primaryImageOfPage":{"@id":"https:\/\/tutuapps.online\/gratuit\/#primaryimage"},"image":{"@id":"https:\/\/tutuapps.online\/gratuit\/#primaryimage"},"thumbnailUrl":"https:\/\/tutuapps.online\/wp-content\/uploads\/2023\/04\/tutuapp-gratuit.png","datePublished":"2018-08-28T10:10:52+00:00","dateModified":"2021-04-06T13:11:34+00:00","description":"I\u27a8 TutuApp n'est pas un myst\u00e8re pour tous ceux qui aiment t\u00e9l\u00e9charger gratuitement leurs applications et jeux pr\u00e9f\u00e9r\u00e9s \u2705 TutuApp est un ...","breadcrumb":{"@id":"https:\/\/tutuapps.online\/gratuit\/#breadcrumb"},"inLanguage":"ro-RO","potentialAction":[{"@type":"ReadAction","target":["https:\/\/tutuapps.online\/gratuit\/"]}]},{"@type":"ImageObject","inLanguage":"ro-RO","@id":"https:\/\/tutuapps.online\/gratuit\/#primaryimage","url":"https:\/\/tutuapps.online\/wp-content\/uploads\/2023\/04\/tutuapp-gratuit.png","contentUrl":"https:\/\/tutuapps.online\/wp-content\/uploads\/2023\/04\/tutuapp-gratuit.png","width":275,"height":576},{"@type":"BreadcrumbList","@id":"https:\/\/tutuapps.online\/gratuit\/#breadcrumb","itemListElement":[{"@type":"ListItem","position":1,"name":"Portada","item":"https:\/\/tutuapps.online\/"},{"@type":"ListItem","position":2,"name":"TutuApp Gratuit"}]},{"@type":"WebSite","@id":"https:\/\/tutuapps.online\/#website","url":"https:\/\/tutuapps.online\/","name":"TutuApps.online","description":"T\u00e9l\u00e9charger pour iOS, Android, PC","publisher":{"@id":"https:\/\/tutuapps.online\/#organization"},"potentialAction":[{"@type":"SearchAction","target":{"@type":"EntryPoint","urlTemplate":"https:\/\/tutuapps.online\/?s={search_term_string}"},"query-input":{"@type":"PropertyValueSpecification","valueRequired":true,"valueName":"search_term_string"}}],"inLanguage":"ro-RO"},{"@type":"Organization","@id":"https:\/\/tutuapps.online\/#organization","name":"Tutuapps Online","url":"https:\/\/tutuapps.online\/","logo":{"@type":"ImageObject","inLanguage":"ro-RO","@id":"https:\/\/tutuapps.online\/#\/schema\/logo\/image\/","url":"https:\/\/tutuapps.online\/wp-content\/uploads\/2022\/01\/tutuapps-online.png","contentUrl":"https:\/\/tutuapps.online\/wp-content\/uploads\/2022\/01\/tutuapps-online.png","width":337,"height":94,"caption":"Tutuapps Online"},"image":{"@id":"https:\/\/tutuapps.online\/#\/schema\/logo\/image\/"}}]}},"_links":{"self":[{"href":"https:\/\/tutuapps.online\/ro\/wp-json\/wp\/v2\/pages\/203","targetHints":{"allow":["GET"]}}],"collection":[{"href":"https:\/\/tutuapps.online\/ro\/wp-json\/wp\/v2\/pages"}],"about":[{"href":"https:\/\/tutuapps.online\/ro\/wp-json\/wp\/v2\/types\/page"}],"author":[{"embeddable":true,"href":"https:\/\/tutuapps.online\/ro\/wp-json\/wp\/v2\/users\/1"}],"replies":[{"embeddable":true,"href":"https:\/\/tutuapps.online\/ro\/wp-json\/wp\/v2\/comments?post=203"}],"version-history":[{"count":0,"href":"https:\/\/tutuapps.online\/ro\/wp-json\/wp\/v2\/pages\/203\/revisions"}],"wp:featuredmedia":[{"embeddable":true,"href":"https:\/\/tutuapps.online\/ro\/wp-json\/wp\/v2\/media\/2389"}],"wp:attachment":[{"href":"https:\/\/tutuapps.online\/ro\/wp-json\/wp\/v2\/media?parent=203"}],"curies":[{"name":"wp","href":"https:\/\/api.w.org\/{rel}","templated":true}]}}