{"id":166,"date":"2018-08-27T14:32:24","date_gmt":"2018-08-27T14:32:24","guid":{"rendered":"http:\/\/tutuapps.online\/?page_id=166"},"modified":"2023-10-11T14:51:16","modified_gmt":"2023-10-11T14:51:16","slug":"spotify-plus","status":"publish","type":"page","link":"https:\/\/tutuapps.online\/ro\/spotify-plus\/","title":{"rendered":"Spotify++"},"content":{"rendered":"<p>Spotify este una dintre cele mai bune surse de streaming de muzic\u0103. Exist\u0103 dou\u0103 tipuri de Spotify disponibile pentru utilizatori: unul este gratuit \u0219i cel\u0103lalt este premium.<\/p>\n<p>\u00cen versiunea gratuit\u0103 pute\u021bi asculta muzica dvs. preferat\u0103 cu mult\u0103 publicitate, iar \u00een versiunea premium v\u0103 pute\u021bi bucura de muzic\u0103 f\u0103r\u0103 publicitate, cu unele beneficii suplimentare ale versiunii premium.<\/p>\n<p>\u00cen versiunea gratuit\u0103, exist\u0103 o limit\u0103 de ascultare a melodiilor offline \u0219i \u00een momentul red\u0103rii, \u00een timp ce pentru versiunea premium, care cost\u0103 aproximativ 9,99 $ pe lun\u0103 (8,57 eur\/lun\u0103), nu exist\u0103 nicio limit\u0103.<\/p>\n<p><img wpfc-lazyload-disable=\"true\" decoding=\"async\" class=\"aligncenter wp-image-171 size-full lazyload\" data-src=\"https:\/\/tutuapps.online\/wp-content\/uploads\/2018\/08\/spotify-plus.png\" alt=\"spotify ++\" width=\"150\" height=\"150\" src=\"data:image\/svg+xml;base64,PHN2ZyB3aWR0aD0iMSIgaGVpZ2h0PSIxIiB4bWxucz0iaHR0cDovL3d3dy53My5vcmcvMjAwMC9zdmciPjwvc3ZnPg==\" style=\"--smush-placeholder-width: 150px; --smush-placeholder-aspect-ratio: 150\/150;\" \/><\/p>\n<p>Cu toate acestea, nu trebuie s\u0103 v\u0103 face\u021bi griji cu privire la taxa lunar\u0103 pentru versiunea premium, deoarece v\u0103 \u00eemp\u0103rt\u0103\u0219im un tweak pentru iOS. Spotify++ este o modificare care v\u0103 poate ajuta s\u0103 v\u0103 bucura\u021bi gratuit de versiunea premium a Spotify.<\/p>\n<p>Acesta este dezvoltat de un dezvoltator ter\u021b, deci nu este disponibil oficial \u0219i vom \u00eemp\u0103rt\u0103\u0219i cu voi to\u021bi o metod\u0103 complet\u0103 de desc\u0103rcare.<\/p>\n<h2>Descarc\u0103 Spotify++ folosind TutuApp<\/h2>\n<p>Deci, aici v\u0103 prezent\u0103m o metod\u0103 de a desc\u0103rca Spotify++ folosind magazinul TutuApp. Acum, f\u0103r\u0103 s\u0103 mai pierdem timpul, s\u0103 v\u0103 ar\u0103t\u0103m pa\u0219ii:<\/p>\n<ul>\n<li>\u00cen primul r\u00e2nd, trebuie s\u0103 deschide\u021bi <a href=\"https:\/\/tutuapps.online\/ro\/\"><strong>TutuApp<\/strong><\/a>\u00a0<\/li>\n<li>Apoi, accesa\u021bi bara de c\u0103utare \u0219i c\u0103uta\u021bi Spotify++.<img wpfc-lazyload-disable=\"true\" decoding=\"async\" class=\"aligncenter wp-image-173 size-full lazyload\" data-src=\"https:\/\/tutuapps.online\/wp-content\/uploads\/2018\/08\/spotify-tutuapp.png\" alt=\"tutuapp-spotify-gratuit\" width=\"290\" height=\"581\" data-srcset=\"https:\/\/tutuapps.online\/wp-content\/uploads\/2018\/08\/spotify-tutuapp.png 290w, https:\/\/tutuapps.online\/wp-content\/uploads\/2018\/08\/spotify-tutuapp-150x300.png 150w\" data-sizes=\"(max-width: 290px) 100vw, 290px\" src=\"data:image\/svg+xml;base64,PHN2ZyB3aWR0aD0iMSIgaGVpZ2h0PSIxIiB4bWxucz0iaHR0cDovL3d3dy53My5vcmcvMjAwMC9zdmciPjwvc3ZnPg==\" style=\"--smush-placeholder-width: 290px; --smush-placeholder-aspect-ratio: 290\/581;\" \/><\/li>\n<li>Face\u021bi clic pe pictograma Spotify++ \u0219i apoi pe butonul \"Get it Free\".<\/li>\n<li>A\u0219tepta\u021bi p\u00e2n\u0103 c\u00e2nd este complet instalat pe telefon.<\/li>\n<li>Accesa\u021bi Settings -&gt; General -&gt; Device &amp; Profile Management -&gt; Check for Spotify certificate -&gt; \"Trust this application\".<\/li>\n<li>Acum ve\u021bi avea pictograma Spotfiy++ pe ecranul de pornire, ceea ce \u00eenseamn\u0103 c\u0103 \u00eel pute\u021bi utiliza gratuit.<\/li>\n<\/ul>\n<h2>Spotify++ ios<\/h2>\n<p><strong>Spotify++ iOS<\/strong> este o versiune modificat\u0103 a aplica\u021biei Spotify, conceput\u0103 special pentru utilizatorii de iOS. Iat\u0103 c\u00e2teva dintre caracteristicile incluse \u00een Spotify++ iOS:<\/p>\n<ul>\n<li><strong>Desc\u0103rcarea de muzic\u0103 offline<\/strong> - V\u0103 pute\u021bi desc\u0103rca melodiile preferate \u0219i le pute\u021bi asculta offline, chiar \u0219i f\u0103r\u0103 o conexiune la internet.<\/li>\n<li><strong>\u00cendep\u0103rta\u021bi publicitatea<\/strong> - Spune\u021bi adio \u00eentreruperilor comerciale \u0219i bucura\u021bi-v\u0103 de muzic\u0103 f\u0103r\u0103 \u00eentreruperi.<\/li>\n<li><strong>Calitate audio \u00eembun\u0103t\u0103\u021bit\u0103<\/strong> - Spotify++ iOS v\u0103 permite s\u0103 v\u0103 bucura\u021bi de o calitate audio mai bun\u0103 pentru o experien\u021b\u0103 de ascultare optim\u0103.<\/li>\n<li><strong>Acces nelimitat la s\u0103rituri pe pist\u0103<\/strong> - Pute\u021bi trece de la o melodie la alta de c\u00e2te ori dori\u021bi, f\u0103r\u0103 restric\u021bii.<\/li>\n<li><strong>Mod de repetare nelimitat<\/strong> - Pute\u021bi repeta la nesf\u00e2r\u0219it melodiile preferate pentru o pl\u0103cere nesf\u00e2r\u0219it\u0103 de ascultare.<\/li>\n<li><strong>Interfa\u021b\u0103 utilizator personalizabil\u0103<\/strong> - Personaliza\u021bi aspectul Spotify++ iOS \u00een func\u021bie de preferin\u021bele dumneavoastr\u0103, cu ajutorul temelor \u0219i al op\u021biunilor avansate de personalizare.<\/li>\n<\/ul>\n<h2>Concluzie<\/h2>\n<p>Un lucru pe care trebuie s\u0103 \u00eel re\u021bine\u021bi este c\u0103 este posibil s\u0103 nu fie disponibil pe via\u021b\u0103, deoarece Apple \u00eel poate revoca \u00een orice moment. Pentru a \u00eempiedica revocarea acesteia, utiliza\u021bi aplica\u021bia anti-revocare a <strong><a href=\"https:\/\/tutuapps.online\/ro\/nesstool\/\">NessTool<\/a><\/strong>.<\/p>\n<p>Dac\u0103 cunoa\u0219te\u021bi un iubitor de muzic\u0103, atunci \u00eemp\u0103rt\u0103\u0219i\u021bi-i aceast\u0103 aplica\u021bie \u00eembun\u0103t\u0103\u021bit\u0103, \u00eei pute\u021bi economisi o mul\u021bime de bani.<\/p>\n<p><span style=\"color: #181c3e;\"><strong>S-ar putea s\u0103 v\u0103 intereseze \u0219i<\/strong><\/span><\/p>\n<ul>\n<li class=\"entry-title\"><a href=\"https:\/\/tutuapps.online\/ro\/descarcati-tutuapp\/\" target=\"_blank\" rel=\"noopener noreferrer\"><strong>Desc\u0103rca\u021bi TutuApp<\/strong><\/a><\/li>\n<li class=\"entry-title\"><a href=\"https:\/\/tutuapps.online\/ro\/deezer-plus\/\" target=\"_blank\" rel=\"noopener noreferrer\"><strong>TutuApp Deezer++<\/strong><\/a><\/li>\n<li><strong><a href=\"https:\/\/tutuapps.online\/ro\/ios\/\" target=\"_blank\" rel=\"noopener noreferrer\">TutuApp iOS<\/a><\/strong><\/li>\n<li><a href=\"https:\/\/tutuapps.online\/ro\/aplicatii-precum-tutuapp\/\" target=\"_blank\" rel=\"noopener noreferrer\"><strong>Aplica\u021bii precum TutuApp<\/strong><\/a><\/li>\n<li><a href=\"https:\/\/tutuapps.online\/ro\/\" target=\"_blank\" rel=\"noopener noreferrer\"><strong>TutuApp | Android \/ iOS<\/strong><\/a><\/li>\n<li><a href=\"https:\/\/tutuapps.online\/ro\/apk\/\" target=\"_blank\" rel=\"noopener noreferrer\"><strong>TutuApp APK<\/strong><\/a><\/li>\n<li><a href=\"https:\/\/tutuapps.online\/ro\/tutuapp-nu-functioneaza\/\" target=\"_blank\" rel=\"noopener noreferrer\"><strong>TutuApp nu func\u021bioneaz\u0103?<\/strong><\/a><\/li>\n<li><a href=\"https:\/\/tutuapps.online\/ro\/pokemon-go\/\" target=\"_blank\" rel=\"noopener noreferrer\"><strong>TutuApp Pok\u00e9mon GO<\/strong><\/a><\/li>\n<li><a href=\"https:\/\/tutuapps.online\/ro\/regulat\/\" target=\"_blank\" rel=\"noopener noreferrer\"><strong>TutuApp Regular<\/strong><\/a><\/li>\n<li><a href=\"https:\/\/tutuapps.online\/ro\/vip\/\" target=\"_blank\" rel=\"noopener noreferrer\"><strong>TutuApp VIP<\/strong><\/a><\/li>\n<li><a href=\"https:\/\/tutuapps.online\/ro\/android\/\" target=\"_blank\" rel=\"noopener noreferrer\"><strong>TutuApp Android<\/strong><\/a><\/li>\n<li><a href=\"https:\/\/tutuapps.online\/ro\/tutu-helper\/\" target=\"_blank\" rel=\"noopener noreferrer\"><strong>Tutu Helper<\/strong><\/a><\/li>\n<\/ul>\n\n\n<div style=\"height:20px\" aria-hidden=\"true\" class=\"wp-block-spacer\"><\/div>","protected":false},"excerpt":{"rendered":"<p>Spotify este una dintre cele mai bune surse de streaming de muzic\u0103. Exist\u0103 dou\u0103 tipuri de Spotify disponibile pentru utilizatori: unul este gratuit \u0219i cel\u0103lalt este Premium. \u00cen versiunea gratuit\u0103, v\u0103 pute\u021bi asculta muzica preferat\u0103 cu mult\u0103 publicitate, iar \u00een versiunea Premium, v\u0103 pute\u021bi bucura de muzic\u0103 f\u0103r\u0103 publicitate ... <a title=\"Spotify++\" class=\"read-more\" href=\"https:\/\/tutuapps.online\/ro\/spotify-plus\/\" aria-label=\"Mai multe pe Spotify++\">Cite\u0219te mai mult<\/a><\/p>","protected":false},"author":1,"featured_media":1612,"parent":0,"menu_order":0,"comment_status":"closed","ping_status":"closed","template":"","meta":{"generate_page_header":"","footnotes":""},"class_list":["post-166","page","type-page","status-publish","has-post-thumbnail"],"yoast_head":"<!-- This site is optimized with the Yoast SEO plugin v26.5 - https:\/\/yoast.com\/wordpress\/plugins\/seo\/ -->\n<title>\u25b7 T\u00e9l\u00e9charger SPOTIFY++ \u3010 iOS \u221a 2026 \u3011<\/title>\n<meta name=\"description\" content=\"I\u27a8 Spotify++ | Spotify est l&#039;une des meilleures sources de musique en streaming \u2705 Il existe deux types de Spotify disponibles pour les ...\" \/>\n<meta name=\"robots\" content=\"index, follow, max-snippet:-1, max-image-preview:large, max-video-preview:-1\" \/>\n<link rel=\"canonical\" href=\"https:\/\/tutuapps.online\/ro\/spotify-plus\/\" \/>\n<meta property=\"og:locale\" content=\"ro_RO\" \/>\n<meta property=\"og:type\" content=\"article\" \/>\n<meta property=\"og:title\" content=\"\u25b7 T\u00e9l\u00e9charger SPOTIFY++ \u3010 iOS \u221a 2026 \u3011\" \/>\n<meta property=\"og:description\" content=\"I\u27a8 Spotify++ | Spotify est l&#039;une des meilleures sources de musique en streaming \u2705 Il existe deux types de Spotify disponibles pour les ...\" \/>\n<meta property=\"og:url\" content=\"https:\/\/tutuapps.online\/ro\/spotify-plus\/\" \/>\n<meta property=\"og:site_name\" content=\"TutuApps.online\" \/>\n<meta property=\"article:modified_time\" content=\"2023-10-11T14:51:16+00:00\" \/>\n<meta property=\"og:image\" content=\"https:\/\/tutuapps.online\/wp-content\/uploads\/2020\/02\/spotify-.png\" \/>\n\t<meta property=\"og:image:width\" content=\"154\" \/>\n\t<meta property=\"og:image:height\" content=\"154\" \/>\n\t<meta property=\"og:image:type\" content=\"image\/png\" \/>\n<meta name=\"twitter:card\" content=\"summary_large_image\" \/>\n<meta name=\"twitter:label1\" content=\"Timp estimat pentru citire\" \/>\n\t<meta name=\"twitter:data1\" content=\"3 minute\" \/>\n<script type=\"application\/ld+json\" class=\"yoast-schema-graph\">{\"@context\":\"https:\/\/schema.org\",\"@graph\":[{\"@type\":\"WebPage\",\"@id\":\"https:\/\/tutuapps.online\/spotify-plus\/\",\"url\":\"https:\/\/tutuapps.online\/spotify-plus\/\",\"name\":\"\u25b7 T\u00e9l\u00e9charger SPOTIFY++ \u3010 iOS \u221a 2026 \u3011\",\"isPartOf\":{\"@id\":\"https:\/\/tutuapps.online\/#website\"},\"primaryImageOfPage\":{\"@id\":\"https:\/\/tutuapps.online\/spotify-plus\/#primaryimage\"},\"image\":{\"@id\":\"https:\/\/tutuapps.online\/spotify-plus\/#primaryimage\"},\"thumbnailUrl\":\"https:\/\/tutuapps.online\/wp-content\/uploads\/2020\/02\/spotify-.png\",\"datePublished\":\"2018-08-27T14:32:24+00:00\",\"dateModified\":\"2023-10-11T14:51:16+00:00\",\"description\":\"I\u27a8 Spotify++ | Spotify est l'une des meilleures sources de musique en streaming \u2705 Il existe deux types de Spotify disponibles pour les ...\",\"breadcrumb\":{\"@id\":\"https:\/\/tutuapps.online\/spotify-plus\/#breadcrumb\"},\"inLanguage\":\"ro-RO\",\"potentialAction\":[{\"@type\":\"ReadAction\",\"target\":[\"https:\/\/tutuapps.online\/spotify-plus\/\"]}]},{\"@type\":\"ImageObject\",\"inLanguage\":\"ro-RO\",\"@id\":\"https:\/\/tutuapps.online\/spotify-plus\/#primaryimage\",\"url\":\"https:\/\/tutuapps.online\/wp-content\/uploads\/2020\/02\/spotify-.png\",\"contentUrl\":\"https:\/\/tutuapps.online\/wp-content\/uploads\/2020\/02\/spotify-.png\",\"width\":154,\"height\":154,\"caption\":\"spotify++\"},{\"@type\":\"BreadcrumbList\",\"@id\":\"https:\/\/tutuapps.online\/spotify-plus\/#breadcrumb\",\"itemListElement\":[{\"@type\":\"ListItem\",\"position\":1,\"name\":\"Portada\",\"item\":\"https:\/\/tutuapps.online\/\"},{\"@type\":\"ListItem\",\"position\":2,\"name\":\"Spotify++\"}]},{\"@type\":\"WebSite\",\"@id\":\"https:\/\/tutuapps.online\/#website\",\"url\":\"https:\/\/tutuapps.online\/\",\"name\":\"TutuApps.online\",\"description\":\"T\u00e9l\u00e9charger pour iOS, Android, PC\",\"publisher\":{\"@id\":\"https:\/\/tutuapps.online\/#organization\"},\"potentialAction\":[{\"@type\":\"SearchAction\",\"target\":{\"@type\":\"EntryPoint\",\"urlTemplate\":\"https:\/\/tutuapps.online\/?s={search_term_string}\"},\"query-input\":{\"@type\":\"PropertyValueSpecification\",\"valueRequired\":true,\"valueName\":\"search_term_string\"}}],\"inLanguage\":\"ro-RO\"},{\"@type\":\"Organization\",\"@id\":\"https:\/\/tutuapps.online\/#organization\",\"name\":\"Tutuapps Online\",\"url\":\"https:\/\/tutuapps.online\/\",\"logo\":{\"@type\":\"ImageObject\",\"inLanguage\":\"ro-RO\",\"@id\":\"https:\/\/tutuapps.online\/#\/schema\/logo\/image\/\",\"url\":\"https:\/\/tutuapps.online\/wp-content\/uploads\/2022\/01\/tutuapps-online.png\",\"contentUrl\":\"https:\/\/tutuapps.online\/wp-content\/uploads\/2022\/01\/tutuapps-online.png\",\"width\":337,\"height\":94,\"caption\":\"Tutuapps Online\"},\"image\":{\"@id\":\"https:\/\/tutuapps.online\/#\/schema\/logo\/image\/\"}}]}<\/script>\n<!-- \/ Yoast SEO plugin. -->","yoast_head_json":{"title":"\u25b7 T\u00e9l\u00e9charger SPOTIFY++ \u3010 iOS \u221a 2026 \u3011","description":"I\u27a8 Spotify++ | Spotify est l'une des meilleures sources de musique en streaming \u2705 Il existe deux types de Spotify disponibles pour les ...","robots":{"index":"index","follow":"follow","max-snippet":"max-snippet:-1","max-image-preview":"max-image-preview:large","max-video-preview":"max-video-preview:-1"},"canonical":"https:\/\/tutuapps.online\/ro\/spotify-plus\/","og_locale":"ro_RO","og_type":"article","og_title":"\u25b7 T\u00e9l\u00e9charger SPOTIFY++ \u3010 iOS \u221a 2026 \u3011","og_description":"I\u27a8 Spotify++ | Spotify est l'une des meilleures sources de musique en streaming \u2705 Il existe deux types de Spotify disponibles pour les ...","og_url":"https:\/\/tutuapps.online\/ro\/spotify-plus\/","og_site_name":"TutuApps.online","article_modified_time":"2023-10-11T14:51:16+00:00","og_image":[{"width":154,"height":154,"url":"https:\/\/tutuapps.online\/wp-content\/uploads\/2020\/02\/spotify-.png","type":"image\/png"}],"twitter_card":"summary_large_image","twitter_misc":{"Timp estimat pentru citire":"3 minute"},"schema":{"@context":"https:\/\/schema.org","@graph":[{"@type":"WebPage","@id":"https:\/\/tutuapps.online\/spotify-plus\/","url":"https:\/\/tutuapps.online\/spotify-plus\/","name":"\u25b7 T\u00e9l\u00e9charger SPOTIFY++ \u3010 iOS \u221a 2026 \u3011","isPartOf":{"@id":"https:\/\/tutuapps.online\/#website"},"primaryImageOfPage":{"@id":"https:\/\/tutuapps.online\/spotify-plus\/#primaryimage"},"image":{"@id":"https:\/\/tutuapps.online\/spotify-plus\/#primaryimage"},"thumbnailUrl":"https:\/\/tutuapps.online\/wp-content\/uploads\/2020\/02\/spotify-.png","datePublished":"2018-08-27T14:32:24+00:00","dateModified":"2023-10-11T14:51:16+00:00","description":"I\u27a8 Spotify++ | Spotify est l'une des meilleures sources de musique en streaming \u2705 Il existe deux types de Spotify disponibles pour les ...","breadcrumb":{"@id":"https:\/\/tutuapps.online\/spotify-plus\/#breadcrumb"},"inLanguage":"ro-RO","potentialAction":[{"@type":"ReadAction","target":["https:\/\/tutuapps.online\/spotify-plus\/"]}]},{"@type":"ImageObject","inLanguage":"ro-RO","@id":"https:\/\/tutuapps.online\/spotify-plus\/#primaryimage","url":"https:\/\/tutuapps.online\/wp-content\/uploads\/2020\/02\/spotify-.png","contentUrl":"https:\/\/tutuapps.online\/wp-content\/uploads\/2020\/02\/spotify-.png","width":154,"height":154,"caption":"spotify++"},{"@type":"BreadcrumbList","@id":"https:\/\/tutuapps.online\/spotify-plus\/#breadcrumb","itemListElement":[{"@type":"ListItem","position":1,"name":"Portada","item":"https:\/\/tutuapps.online\/"},{"@type":"ListItem","position":2,"name":"Spotify++"}]},{"@type":"WebSite","@id":"https:\/\/tutuapps.online\/#website","url":"https:\/\/tutuapps.online\/","name":"TutuApps.online","description":"T\u00e9l\u00e9charger pour iOS, Android, PC","publisher":{"@id":"https:\/\/tutuapps.online\/#organization"},"potentialAction":[{"@type":"SearchAction","target":{"@type":"EntryPoint","urlTemplate":"https:\/\/tutuapps.online\/?s={search_term_string}"},"query-input":{"@type":"PropertyValueSpecification","valueRequired":true,"valueName":"search_term_string"}}],"inLanguage":"ro-RO"},{"@type":"Organization","@id":"https:\/\/tutuapps.online\/#organization","name":"Tutuapps Online","url":"https:\/\/tutuapps.online\/","logo":{"@type":"ImageObject","inLanguage":"ro-RO","@id":"https:\/\/tutuapps.online\/#\/schema\/logo\/image\/","url":"https:\/\/tutuapps.online\/wp-content\/uploads\/2022\/01\/tutuapps-online.png","contentUrl":"https:\/\/tutuapps.online\/wp-content\/uploads\/2022\/01\/tutuapps-online.png","width":337,"height":94,"caption":"Tutuapps Online"},"image":{"@id":"https:\/\/tutuapps.online\/#\/schema\/logo\/image\/"}}]}},"_links":{"self":[{"href":"https:\/\/tutuapps.online\/ro\/wp-json\/wp\/v2\/pages\/166","targetHints":{"allow":["GET"]}}],"collection":[{"href":"https:\/\/tutuapps.online\/ro\/wp-json\/wp\/v2\/pages"}],"about":[{"href":"https:\/\/tutuapps.online\/ro\/wp-json\/wp\/v2\/types\/page"}],"author":[{"embeddable":true,"href":"https:\/\/tutuapps.online\/ro\/wp-json\/wp\/v2\/users\/1"}],"replies":[{"embeddable":true,"href":"https:\/\/tutuapps.online\/ro\/wp-json\/wp\/v2\/comments?post=166"}],"version-history":[{"count":1,"href":"https:\/\/tutuapps.online\/ro\/wp-json\/wp\/v2\/pages\/166\/revisions"}],"predecessor-version":[{"id":2661,"href":"https:\/\/tutuapps.online\/ro\/wp-json\/wp\/v2\/pages\/166\/revisions\/2661"}],"wp:featuredmedia":[{"embeddable":true,"href":"https:\/\/tutuapps.online\/ro\/wp-json\/wp\/v2\/media\/1612"}],"wp:attachment":[{"href":"https:\/\/tutuapps.online\/ro\/wp-json\/wp\/v2\/media?parent=166"}],"curies":[{"name":"wp","href":"https:\/\/api.w.org\/{rel}","templated":true}]}}