{"id":16,"date":"2018-08-21T18:55:59","date_gmt":"2018-08-21T18:55:59","guid":{"rendered":"http:\/\/tutuapps.online\/?page_id=16"},"modified":"2022-01-13T01:51:04","modified_gmt":"2022-01-13T01:51:04","slug":"me-contacter","status":"publish","type":"page","link":"https:\/\/tutuapps.online\/ro\/contactati-ma\/","title":{"rendered":"Contacta\u021bi"},"content":{"rendered":"<p style=\"text-align: left;\"><a href=\"https:\/\/tutuapps.online\/wp-content\/uploads\/2018\/08\/email-tutuapps-online.png\"><img decoding=\"async\" class=\"size-full wp-image-19 alignleft lazyload\" data-src=\"https:\/\/tutuapps.online\/wp-content\/uploads\/2018\/08\/email-tutuapps-online.png\" alt=\"email-tutuapps-online\" width=\"190\" height=\"190\" data-srcset=\"https:\/\/tutuapps.online\/wp-content\/uploads\/2018\/08\/email-tutuapps-online.png 190w, https:\/\/tutuapps.online\/wp-content\/uploads\/2018\/08\/email-tutuapps-online-150x150.png 150w\" data-sizes=\"(max-width: 190px) 100vw, 190px\" src=\"data:image\/svg+xml;base64,PHN2ZyB3aWR0aD0iMSIgaGVpZ2h0PSIxIiB4bWxucz0iaHR0cDovL3d3dy53My5vcmcvMjAwMC9zdmciPjwvc3ZnPg==\" style=\"--smush-placeholder-width: 190px; --smush-placeholder-aspect-ratio: 190\/190;\" \/><\/a><\/p>\n<p style=\"text-align: left;\">Dac\u0103 dori\u021bi s\u0103 contacta\u021bi echipa noastr\u0103, o pute\u021bi face la urm\u0103toarea adres\u0103:<\/p>\n<p><span style=\"color: #5dca89;\"><strong>tutuappsonline@gmail.com<\/strong><\/span><\/p>\n<p>V\u0103 vom contacta \u00een cel mai scurt timp posibil. V\u0103 mul\u021bumesc foarte mult.<\/p>","protected":false},"excerpt":{"rendered":"<p>Dac\u0103 dori\u021bi s\u0103 contacta\u021bi echipa noastr\u0103, o pute\u021bi face la urm\u0103toarea adres\u0103: tutuappsonline@gmail.com V\u0103 vom r\u0103spunde c\u00e2t mai cur\u00e2nd posibil. V\u0103 mul\u021bumim foarte mult.<\/p>","protected":false},"author":1,"featured_media":2402,"parent":0,"menu_order":0,"comment_status":"closed","ping_status":"open","template":"","meta":{"generate_page_header":"","footnotes":""},"class_list":["post-16","page","type-page","status-publish","has-post-thumbnail"],"yoast_head":"<!-- This site is optimized with the Yoast SEO plugin v26.5 - https:\/\/yoast.com\/wordpress\/plugins\/seo\/ -->\n<title>Contact - Tutuapps.online<\/title>\n<meta name=\"description\" content=\"Si vous souhaitez contacter notre \u00e9quipe, vous pouvez le faire \u00e0 l&#039;adresse suivante:tutuappsonline@gmail.com. Nous vous contacterons dans...\" \/>\n<meta name=\"robots\" content=\"noindex, follow\" \/>\n<meta property=\"og:locale\" content=\"ro_RO\" \/>\n<meta property=\"og:type\" content=\"article\" \/>\n<meta property=\"og:title\" content=\"Contact - Tutuapps.online\" \/>\n<meta property=\"og:description\" content=\"Si vous souhaitez contacter notre \u00e9quipe, vous pouvez le faire \u00e0 l&#039;adresse suivante:tutuappsonline@gmail.com. Nous vous contacterons dans...\" \/>\n<meta property=\"og:url\" content=\"https:\/\/tutuapps.online\/ro\/contactati-ma\/\" \/>\n<meta property=\"og:site_name\" content=\"TutuApps.online\" \/>\n<meta property=\"article:modified_time\" content=\"2022-01-13T01:51:04+00:00\" \/>\n<meta property=\"og:image\" content=\"https:\/\/tutuapps.online\/wp-content\/uploads\/2018\/08\/email-tutuapps-online.png\" \/>\n<meta name=\"twitter:card\" content=\"summary_large_image\" \/>\n<meta name=\"twitter:label1\" content=\"Timp estimat pentru citire\" \/>\n\t<meta name=\"twitter:data1\" content=\"1 minut\" \/>\n<script type=\"application\/ld+json\" class=\"yoast-schema-graph\">{\"@context\":\"https:\/\/schema.org\",\"@graph\":[{\"@type\":\"WebPage\",\"@id\":\"https:\/\/tutuapps.online\/me-contacter\/\",\"url\":\"https:\/\/tutuapps.online\/me-contacter\/\",\"name\":\"Contact - Tutuapps.online\",\"isPartOf\":{\"@id\":\"https:\/\/tutuapps.online\/#website\"},\"primaryImageOfPage\":{\"@id\":\"https:\/\/tutuapps.online\/me-contacter\/#primaryimage\"},\"image\":{\"@id\":\"https:\/\/tutuapps.online\/me-contacter\/#primaryimage\"},\"thumbnailUrl\":\"https:\/\/tutuapps.online\/wp-content\/uploads\/2023\/04\/contact.jpg\",\"datePublished\":\"2018-08-21T18:55:59+00:00\",\"dateModified\":\"2022-01-13T01:51:04+00:00\",\"description\":\"Si vous souhaitez contacter notre \u00e9quipe, vous pouvez le faire \u00e0 l'adresse suivante:tutuappsonline@gmail.com. Nous vous contacterons dans...\",\"breadcrumb\":{\"@id\":\"https:\/\/tutuapps.online\/me-contacter\/#breadcrumb\"},\"inLanguage\":\"ro-RO\",\"potentialAction\":[{\"@type\":\"ReadAction\",\"target\":[\"https:\/\/tutuapps.online\/me-contacter\/\"]}]},{\"@type\":\"ImageObject\",\"inLanguage\":\"ro-RO\",\"@id\":\"https:\/\/tutuapps.online\/me-contacter\/#primaryimage\",\"url\":\"https:\/\/tutuapps.online\/wp-content\/uploads\/2023\/04\/contact.jpg\",\"contentUrl\":\"https:\/\/tutuapps.online\/wp-content\/uploads\/2023\/04\/contact.jpg\",\"width\":921,\"height\":672},{\"@type\":\"BreadcrumbList\",\"@id\":\"https:\/\/tutuapps.online\/me-contacter\/#breadcrumb\",\"itemListElement\":[{\"@type\":\"ListItem\",\"position\":1,\"name\":\"Portada\",\"item\":\"https:\/\/tutuapps.online\/\"},{\"@type\":\"ListItem\",\"position\":2,\"name\":\"Contact\"}]},{\"@type\":\"WebSite\",\"@id\":\"https:\/\/tutuapps.online\/#website\",\"url\":\"https:\/\/tutuapps.online\/\",\"name\":\"TutuApps.online\",\"description\":\"T\u00e9l\u00e9charger pour iOS, Android, PC\",\"publisher\":{\"@id\":\"https:\/\/tutuapps.online\/#organization\"},\"potentialAction\":[{\"@type\":\"SearchAction\",\"target\":{\"@type\":\"EntryPoint\",\"urlTemplate\":\"https:\/\/tutuapps.online\/?s={search_term_string}\"},\"query-input\":{\"@type\":\"PropertyValueSpecification\",\"valueRequired\":true,\"valueName\":\"search_term_string\"}}],\"inLanguage\":\"ro-RO\"},{\"@type\":\"Organization\",\"@id\":\"https:\/\/tutuapps.online\/#organization\",\"name\":\"Tutuapps Online\",\"url\":\"https:\/\/tutuapps.online\/\",\"logo\":{\"@type\":\"ImageObject\",\"inLanguage\":\"ro-RO\",\"@id\":\"https:\/\/tutuapps.online\/#\/schema\/logo\/image\/\",\"url\":\"https:\/\/tutuapps.online\/wp-content\/uploads\/2022\/01\/tutuapps-online.png\",\"contentUrl\":\"https:\/\/tutuapps.online\/wp-content\/uploads\/2022\/01\/tutuapps-online.png\",\"width\":337,\"height\":94,\"caption\":\"Tutuapps Online\"},\"image\":{\"@id\":\"https:\/\/tutuapps.online\/#\/schema\/logo\/image\/\"}}]}<\/script>\n<!-- \/ Yoast SEO plugin. -->","yoast_head_json":{"title":"Contact - Tutuapps.online","description":"Si vous souhaitez contacter notre \u00e9quipe, vous pouvez le faire \u00e0 l'adresse suivante:tutuappsonline@gmail.com. Nous vous contacterons dans...","robots":{"index":"noindex","follow":"follow"},"og_locale":"ro_RO","og_type":"article","og_title":"Contact - Tutuapps.online","og_description":"Si vous souhaitez contacter notre \u00e9quipe, vous pouvez le faire \u00e0 l'adresse suivante:tutuappsonline@gmail.com. Nous vous contacterons dans...","og_url":"https:\/\/tutuapps.online\/ro\/contactati-ma\/","og_site_name":"TutuApps.online","article_modified_time":"2022-01-13T01:51:04+00:00","og_image":[{"url":"https:\/\/tutuapps.online\/wp-content\/uploads\/2018\/08\/email-tutuapps-online.png","type":"","width":"","height":""}],"twitter_card":"summary_large_image","twitter_misc":{"Timp estimat pentru citire":"1 minut"},"schema":{"@context":"https:\/\/schema.org","@graph":[{"@type":"WebPage","@id":"https:\/\/tutuapps.online\/me-contacter\/","url":"https:\/\/tutuapps.online\/me-contacter\/","name":"Contact - Tutuapps.online","isPartOf":{"@id":"https:\/\/tutuapps.online\/#website"},"primaryImageOfPage":{"@id":"https:\/\/tutuapps.online\/me-contacter\/#primaryimage"},"image":{"@id":"https:\/\/tutuapps.online\/me-contacter\/#primaryimage"},"thumbnailUrl":"https:\/\/tutuapps.online\/wp-content\/uploads\/2023\/04\/contact.jpg","datePublished":"2018-08-21T18:55:59+00:00","dateModified":"2022-01-13T01:51:04+00:00","description":"Si vous souhaitez contacter notre \u00e9quipe, vous pouvez le faire \u00e0 l'adresse suivante:tutuappsonline@gmail.com. Nous vous contacterons dans...","breadcrumb":{"@id":"https:\/\/tutuapps.online\/me-contacter\/#breadcrumb"},"inLanguage":"ro-RO","potentialAction":[{"@type":"ReadAction","target":["https:\/\/tutuapps.online\/me-contacter\/"]}]},{"@type":"ImageObject","inLanguage":"ro-RO","@id":"https:\/\/tutuapps.online\/me-contacter\/#primaryimage","url":"https:\/\/tutuapps.online\/wp-content\/uploads\/2023\/04\/contact.jpg","contentUrl":"https:\/\/tutuapps.online\/wp-content\/uploads\/2023\/04\/contact.jpg","width":921,"height":672},{"@type":"BreadcrumbList","@id":"https:\/\/tutuapps.online\/me-contacter\/#breadcrumb","itemListElement":[{"@type":"ListItem","position":1,"name":"Portada","item":"https:\/\/tutuapps.online\/"},{"@type":"ListItem","position":2,"name":"Contact"}]},{"@type":"WebSite","@id":"https:\/\/tutuapps.online\/#website","url":"https:\/\/tutuapps.online\/","name":"TutuApps.online","description":"T\u00e9l\u00e9charger pour iOS, Android, PC","publisher":{"@id":"https:\/\/tutuapps.online\/#organization"},"potentialAction":[{"@type":"SearchAction","target":{"@type":"EntryPoint","urlTemplate":"https:\/\/tutuapps.online\/?s={search_term_string}"},"query-input":{"@type":"PropertyValueSpecification","valueRequired":true,"valueName":"search_term_string"}}],"inLanguage":"ro-RO"},{"@type":"Organization","@id":"https:\/\/tutuapps.online\/#organization","name":"Tutuapps Online","url":"https:\/\/tutuapps.online\/","logo":{"@type":"ImageObject","inLanguage":"ro-RO","@id":"https:\/\/tutuapps.online\/#\/schema\/logo\/image\/","url":"https:\/\/tutuapps.online\/wp-content\/uploads\/2022\/01\/tutuapps-online.png","contentUrl":"https:\/\/tutuapps.online\/wp-content\/uploads\/2022\/01\/tutuapps-online.png","width":337,"height":94,"caption":"Tutuapps Online"},"image":{"@id":"https:\/\/tutuapps.online\/#\/schema\/logo\/image\/"}}]}},"_links":{"self":[{"href":"https:\/\/tutuapps.online\/ro\/wp-json\/wp\/v2\/pages\/16","targetHints":{"allow":["GET"]}}],"collection":[{"href":"https:\/\/tutuapps.online\/ro\/wp-json\/wp\/v2\/pages"}],"about":[{"href":"https:\/\/tutuapps.online\/ro\/wp-json\/wp\/v2\/types\/page"}],"author":[{"embeddable":true,"href":"https:\/\/tutuapps.online\/ro\/wp-json\/wp\/v2\/users\/1"}],"replies":[{"embeddable":true,"href":"https:\/\/tutuapps.online\/ro\/wp-json\/wp\/v2\/comments?post=16"}],"version-history":[{"count":0,"href":"https:\/\/tutuapps.online\/ro\/wp-json\/wp\/v2\/pages\/16\/revisions"}],"wp:featuredmedia":[{"embeddable":true,"href":"https:\/\/tutuapps.online\/ro\/wp-json\/wp\/v2\/media\/2402"}],"wp:attachment":[{"href":"https:\/\/tutuapps.online\/ro\/wp-json\/wp\/v2\/media?parent=16"}],"curies":[{"name":"wp","href":"https:\/\/api.w.org\/{rel}","templated":true}]}}