{"id":153,"date":"2018-08-24T18:46:21","date_gmt":"2018-08-24T18:46:21","guid":{"rendered":"http:\/\/tutuapps.online\/?page_id=153"},"modified":"2021-04-06T13:09:06","modified_gmt":"2021-04-06T13:09:06","slug":"instagram-plus","status":"publish","type":"page","link":"https:\/\/tutuapps.online\/ro\/instagram-plus\/","title":{"rendered":"TutuApp Instagram++"},"content":{"rendered":"<p>Instagram este una dintre cele mai utilizate aplica\u021bii de social media de c\u0103tre milioane de utilizatori pentru a interac\u021biona \u0219i a \u00eemp\u0103rt\u0103\u0219i activit\u0103\u021bile lor sociale, iar oamenii folosesc Instagram chiar \u0219i pentru a-\u0219i dezvolta afacerile, c\u00e2\u0219tig\u00e2nd tot mai mul\u021bi clien\u021bi \u00een fiecare zi.<\/p>\n<p>Instagram este una dintre cele mai bune aplica\u021bii de socializare, dar nu ofer\u0103 utilizatorilor s\u0103i toate func\u021biile pe care le poate oferi, a\u0219a c\u0103 utilizatorii pot alege s\u0103 descarce aceast\u0103 versiune modificat\u0103 de Instagram++.<\/p>\n<p>Instagram++ nu este disponibil pentru desc\u0103rcare \u00een App Store oficial \u0219i nici \u00een Play Store pentru utilizatorii de iOS \u0219i Android, deoarece aceste magazine de aplica\u021bii nu permit desc\u0103rcarea de aplica\u021bii modificate.<\/p>\n<p><img wpfc-lazyload-disable=\"true\" decoding=\"async\" class=\"aligncenter size-full wp-image-154 lazyload\" data-src=\"https:\/\/tutuapps.online\/wp-content\/uploads\/2018\/08\/instagram-plus.png\" alt=\"instagram-plus\" width=\"210\" height=\"232\" src=\"data:image\/svg+xml;base64,PHN2ZyB3aWR0aD0iMSIgaGVpZ2h0PSIxIiB4bWxucz0iaHR0cDovL3d3dy53My5vcmcvMjAwMC9zdmciPjwvc3ZnPg==\" style=\"--smush-placeholder-width: 210px; --smush-placeholder-aspect-ratio: 210\/232;\"><\/p>\n<p>Instagram++ ofer\u0103 multe caracteristici pe care versiunea original\u0103 a aplica\u021biei nu le are, cum ar fi posibilitatea de a alege \u00eentre feed-ul complet \u0219i miniaturi, pute\u021bi ascunde Bio-ul din profilul dvs.<\/p>\n<p>\u00cen plus, permite utilizatorului s\u0103 ascund\u0103 comentariile din \u00eentregul feed \u0219i poate chiar s\u0103 pun\u0103 imagini de \u00eenalt\u0103 calitate ca miniaturi. \u0218i acestea sunt doar c\u00e2teva dintre caracteristicile pe care le ofer\u0103.<\/p>\n<p>Instagram++ este disponibil pentru desc\u0103rcare \u00een magazinul de aplica\u021bii <a href=\"https:\/\/tutuapps.online\/ro\/\"><strong>TutuApp<\/strong><\/a>. Magazinul TutuApp nu este un mister pentru to\u021bi utilizatorii de iOS \u0219i Android c\u0103rora le place s\u0103 \u00ee\u0219i descarce gratuit aplica\u021biile \u0219i jocurile preferate.<\/p>\n<p>Magazinul TutuApp are o interfa\u021b\u0103 foarte u\u0219or de utilizat, ceea ce face ca navigarea prin categorii s\u0103 fie o experien\u021b\u0103 pl\u0103cut\u0103 pentru utilizator, pentru a g\u0103si aplica\u021biile \u0219i jocurile preferate.<\/p>\n<p>TutuApp devine \u00eencet-\u00eencet una dintre cele mai mari pie\u021be de aplica\u021bii pe care trebuie s\u0103 le viza\u021bi. Aceast\u0103 pia\u021b\u0103 de aplica\u021bii este ceva ce trebuie s\u0103 ave\u021bi pe dispozitiv dac\u0103 nu dori\u021bi s\u0103 pierde\u021bi timp pe internet c\u0103ut\u00e2nd aplica\u021biile preferate.<\/p>\n<h2>Instala\u021bi Instagram++ de TutuApp.<\/h2>\n<ol>\n<li>Deschide\u021bi browserul Safari \u0219i <a href=\"https:\/\/tutuapps.online\/ro\/descarcati-tutuapp\/\"><strong>desc\u0103rca\u021bi programul de instalare TutuApp<\/strong><\/a>.<\/li>\n<li>A\u0219tepta\u021bi p\u00e2n\u0103 c\u00e2nd desc\u0103rcarea este complet\u0103.<\/li>\n<li>Merge\u021bi la Settings -&gt; General Settings -&gt; Device Management -&gt; face\u021bi clic pe \"Trust TutuApp\".<\/li>\n<li>Lansa\u021bi magazinul de aplica\u021bii TutuApp.<\/li>\n<li>C\u0103uta\u021bi Instagram++ \u0219i alege\u021bi prima sugestie pe care v-o ofer\u0103.<\/li>\n<li>Este posibil s\u0103 trebuiasc\u0103 s\u0103 merge\u021bi la \"Set\u0103ri\" \u0219i s\u0103 ave\u021bi \u00eencredere \u0219i \u00een \"Instagram++\".<\/li>\n<li>Desc\u0103rca\u021bi Instagram++ \u0219i bucura\u021bi-v\u0103 de caracteristicile sale.<\/li>\n<\/ol>\n<p><span style=\"color: #181c3e;\"><strong>S-ar putea s\u0103 v\u0103 intereseze \u0219i<\/strong><\/span><\/p>\n<ul>\n<li class=\"entry-title\"><a href=\"https:\/\/tutuapps.online\/ro\/descarcati-tutuapp\/\" target=\"_blank\" rel=\"noopener noreferrer\"><strong>Desc\u0103rca\u021bi TutuApp<\/strong><\/a><\/li>\n<li class=\"entry-title\"><a href=\"https:\/\/tutuapps.online\/ro\/deezer-plus\/\" target=\"_blank\" rel=\"noopener noreferrer\"><strong>TutuApp Deezer++<\/strong><\/a><\/li>\n<li><strong><a href=\"https:\/\/tutuapps.online\/ro\/ios\/\" target=\"_blank\" rel=\"noopener noreferrer\">TutuApp iOS<\/a><\/strong><\/li>\n<li><a href=\"https:\/\/tutuapps.online\/ro\/aplicatii-precum-tutuapp\/\" target=\"_blank\" rel=\"noopener noreferrer\"><strong>Aplica\u021bii precum TutuApp<\/strong><\/a><\/li>\n<li><a href=\"https:\/\/tutuapps.online\/ro\/\" target=\"_blank\" rel=\"noopener noreferrer\"><strong>TutuApp | Android \/ iOS<\/strong><\/a><\/li>\n<li><a href=\"https:\/\/tutuapps.online\/ro\/apk\/\" target=\"_blank\" rel=\"noopener noreferrer\"><strong>TutuApp APK<\/strong><\/a><\/li>\n<li><a href=\"https:\/\/tutuapps.online\/ro\/tutuapp-nu-functioneaza\/\" target=\"_blank\" rel=\"noopener noreferrer\"><strong>TutuApp nu func\u021bioneaz\u0103?<\/strong><\/a><\/li>\n<li><a href=\"https:\/\/tutuapps.online\/ro\/pokemon-go\/\" target=\"_blank\" rel=\"noopener noreferrer\"><strong>TutuApp Pok\u00e9mon GO<\/strong><\/a><\/li>\n<li><a href=\"https:\/\/tutuapps.online\/ro\/regulat\/\" target=\"_blank\" rel=\"noopener noreferrer\"><strong>TutuApp Regular<\/strong><\/a><\/li>\n<li><a href=\"https:\/\/tutuapps.online\/ro\/vip\/\" target=\"_blank\" rel=\"noopener noreferrer\"><strong>TutuApp VIP<\/strong><\/a><\/li>\n<li><a href=\"https:\/\/tutuapps.online\/ro\/android\/\" target=\"_blank\" rel=\"noopener noreferrer\"><strong>TutuApp Android<\/strong><\/a><\/li>\n<li><a href=\"https:\/\/tutuapps.online\/ro\/tutu-helper\/\" target=\"_blank\" rel=\"noopener noreferrer\"><strong>Tutu Helper<\/strong><\/a><\/li>\n<li><a href=\"https:\/\/tutuapps.online\/ro\/spotify-plus\/\" target=\"_blank\" rel=\"noopener noreferrer\"><strong>Spotify++<\/strong><\/a><\/li>\n<li><a href=\"https:\/\/tutuapps.online\/ro\/nesstool\/\" target=\"_blank\" rel=\"noopener noreferrer\"><strong>NessTool<\/strong><\/a><\/li>\n<li><a href=\"https:\/\/tutuapps.online\/ro\/pc\/\" target=\"_blank\" rel=\"noopener noreferrer\"><strong>TutuApp PC<\/strong><\/a><\/li>\n<li><a href=\"https:\/\/tutuapps.online\/ro\/gratuit\/\" target=\"_blank\" rel=\"noopener noreferrer\"><strong>TutuApp Gratuit<\/strong><\/a><\/li>\n<li><a href=\"https:\/\/tutuapps.online\/ro\/ios-11-4\/\" target=\"_blank\" rel=\"noopener noreferrer\"><strong>TutuApp iOS 11.4<\/strong><\/a><\/li>\n<li><a href=\"https:\/\/tutuapps.online\/ro\/pokesniper\/\" target=\"_blank\" rel=\"noopener noreferrer\"><strong>Pokesniper APK<\/strong><\/a><\/li>\n<li><a href=\"https:\/\/tutuapps.online\/ro\/minecraft-pe\/\" target=\"_blank\" rel=\"noopener noreferrer\"><strong>TutuApp Minecraft PE<\/strong><\/a><\/li>\n<\/ul>\n\n\n<div style=\"height:20px\" aria-hidden=\"true\" class=\"wp-block-spacer\"><\/div>","protected":false},"excerpt":{"rendered":"<p>Instagram est l&rsquo;une des applications de m\u00e9dias sociaux les plus utilis\u00e9es par des millions d&rsquo;utilisateurs pour interagir et partager leurs activit\u00e9s sociales, les gens utilisent m\u00eame Instagram pour faire cro\u00eetre leur entreprise en faisant de plus en plus de clients chaque jour. Instagram est l&rsquo;une des meilleures applications de r\u00e9seautage social, mais il ne fournit &#8230; <a title=\"TutuApp Instagram++\" class=\"read-more\" href=\"https:\/\/tutuapps.online\/ro\/instagram-plus\/\" aria-label=\"More on TutuApp Instagram++\">Cite\u0219te mai mult<\/a><\/p>","protected":false},"author":1,"featured_media":2393,"parent":0,"menu_order":0,"comment_status":"closed","ping_status":"closed","template":"","meta":{"generate_page_header":"","footnotes":""},"class_list":["post-153","page","type-page","status-publish","has-post-thumbnail"],"yoast_head":"<!-- This site is optimized with the Yoast SEO plugin v26.5 - https:\/\/yoast.com\/wordpress\/plugins\/seo\/ -->\n<title>\u25b7 T\u00e9l\u00e9charger INSTAGRAM++ | Tutuapp \u3010 \u221a 2026 \u3011<\/title>\n<meta name=\"description\" content=\"I\u27a8 Instagram est une application utilis\u00e9e par des millions d&#039;utilisateurs pour interagir, partager leurs photos et ... \u2705 IT\u00e9l\u00e9charger ...\" \/>\n<meta name=\"robots\" content=\"index, follow, max-snippet:-1, max-image-preview:large, max-video-preview:-1\" \/>\n<link rel=\"canonical\" href=\"https:\/\/tutuapps.online\/ro\/instagram-plus\/\" \/>\n<meta property=\"og:locale\" content=\"ro_RO\" \/>\n<meta property=\"og:type\" content=\"article\" \/>\n<meta property=\"og:title\" content=\"\u25b7 T\u00e9l\u00e9charger INSTAGRAM++ | Tutuapp \u3010 \u221a 2026 \u3011\" \/>\n<meta property=\"og:description\" content=\"I\u27a8 Instagram est une application utilis\u00e9e par des millions d&#039;utilisateurs pour interagir, partager leurs photos et ... \u2705 IT\u00e9l\u00e9charger ...\" \/>\n<meta property=\"og:url\" content=\"https:\/\/tutuapps.online\/ro\/instagram-plus\/\" \/>\n<meta property=\"og:site_name\" content=\"TutuApps.online\" \/>\n<meta property=\"article:modified_time\" content=\"2021-04-06T13:09:06+00:00\" \/>\n<meta property=\"og:image\" content=\"https:\/\/tutuapps.online\/wp-content\/uploads\/2018\/08\/instagram-plus.png\" \/>\n<meta name=\"twitter:card\" content=\"summary_large_image\" \/>\n<meta name=\"twitter:label1\" content=\"Timp estimat pentru citire\" \/>\n\t<meta name=\"twitter:data1\" content=\"2 minute\" \/>\n<script type=\"application\/ld+json\" class=\"yoast-schema-graph\">{\"@context\":\"https:\/\/schema.org\",\"@graph\":[{\"@type\":\"WebPage\",\"@id\":\"https:\/\/tutuapps.online\/instagram-plus\/\",\"url\":\"https:\/\/tutuapps.online\/instagram-plus\/\",\"name\":\"\u25b7 T\u00e9l\u00e9charger INSTAGRAM++ | Tutuapp \u3010 \u221a 2026 \u3011\",\"isPartOf\":{\"@id\":\"https:\/\/tutuapps.online\/#website\"},\"primaryImageOfPage\":{\"@id\":\"https:\/\/tutuapps.online\/instagram-plus\/#primaryimage\"},\"image\":{\"@id\":\"https:\/\/tutuapps.online\/instagram-plus\/#primaryimage\"},\"thumbnailUrl\":\"https:\/\/tutuapps.online\/wp-content\/uploads\/2023\/04\/tutuapp-instagram.jpg\",\"datePublished\":\"2018-08-24T18:46:21+00:00\",\"dateModified\":\"2021-04-06T13:09:06+00:00\",\"description\":\"I\u27a8 Instagram est une application utilis\u00e9e par des millions d'utilisateurs pour interagir, partager leurs photos et ... \u2705 IT\u00e9l\u00e9charger ...\",\"breadcrumb\":{\"@id\":\"https:\/\/tutuapps.online\/instagram-plus\/#breadcrumb\"},\"inLanguage\":\"ro-RO\",\"potentialAction\":[{\"@type\":\"ReadAction\",\"target\":[\"https:\/\/tutuapps.online\/instagram-plus\/\"]}]},{\"@type\":\"ImageObject\",\"inLanguage\":\"ro-RO\",\"@id\":\"https:\/\/tutuapps.online\/instagram-plus\/#primaryimage\",\"url\":\"https:\/\/tutuapps.online\/wp-content\/uploads\/2023\/04\/tutuapp-instagram.jpg\",\"contentUrl\":\"https:\/\/tutuapps.online\/wp-content\/uploads\/2023\/04\/tutuapp-instagram.jpg\",\"width\":540,\"height\":303},{\"@type\":\"BreadcrumbList\",\"@id\":\"https:\/\/tutuapps.online\/instagram-plus\/#breadcrumb\",\"itemListElement\":[{\"@type\":\"ListItem\",\"position\":1,\"name\":\"Portada\",\"item\":\"https:\/\/tutuapps.online\/\"},{\"@type\":\"ListItem\",\"position\":2,\"name\":\"TutuApp Instagram++\"}]},{\"@type\":\"WebSite\",\"@id\":\"https:\/\/tutuapps.online\/#website\",\"url\":\"https:\/\/tutuapps.online\/\",\"name\":\"TutuApps.online\",\"description\":\"T\u00e9l\u00e9charger pour iOS, Android, PC\",\"publisher\":{\"@id\":\"https:\/\/tutuapps.online\/#organization\"},\"potentialAction\":[{\"@type\":\"SearchAction\",\"target\":{\"@type\":\"EntryPoint\",\"urlTemplate\":\"https:\/\/tutuapps.online\/?s={search_term_string}\"},\"query-input\":{\"@type\":\"PropertyValueSpecification\",\"valueRequired\":true,\"valueName\":\"search_term_string\"}}],\"inLanguage\":\"ro-RO\"},{\"@type\":\"Organization\",\"@id\":\"https:\/\/tutuapps.online\/#organization\",\"name\":\"Tutuapps Online\",\"url\":\"https:\/\/tutuapps.online\/\",\"logo\":{\"@type\":\"ImageObject\",\"inLanguage\":\"ro-RO\",\"@id\":\"https:\/\/tutuapps.online\/#\/schema\/logo\/image\/\",\"url\":\"https:\/\/tutuapps.online\/wp-content\/uploads\/2022\/01\/tutuapps-online.png\",\"contentUrl\":\"https:\/\/tutuapps.online\/wp-content\/uploads\/2022\/01\/tutuapps-online.png\",\"width\":337,\"height\":94,\"caption\":\"Tutuapps Online\"},\"image\":{\"@id\":\"https:\/\/tutuapps.online\/#\/schema\/logo\/image\/\"}}]}<\/script>\n<!-- \/ Yoast SEO plugin. -->","yoast_head_json":{"title":"\u25b7 T\u00e9l\u00e9charger INSTAGRAM++ | Tutuapp \u3010 \u221a 2026 \u3011","description":"I\u27a8 Instagram est une application utilis\u00e9e par des millions d'utilisateurs pour interagir, partager leurs photos et ... \u2705 IT\u00e9l\u00e9charger ...","robots":{"index":"index","follow":"follow","max-snippet":"max-snippet:-1","max-image-preview":"max-image-preview:large","max-video-preview":"max-video-preview:-1"},"canonical":"https:\/\/tutuapps.online\/ro\/instagram-plus\/","og_locale":"ro_RO","og_type":"article","og_title":"\u25b7 T\u00e9l\u00e9charger INSTAGRAM++ | Tutuapp \u3010 \u221a 2026 \u3011","og_description":"I\u27a8 Instagram est une application utilis\u00e9e par des millions d'utilisateurs pour interagir, partager leurs photos et ... \u2705 IT\u00e9l\u00e9charger ...","og_url":"https:\/\/tutuapps.online\/ro\/instagram-plus\/","og_site_name":"TutuApps.online","article_modified_time":"2021-04-06T13:09:06+00:00","og_image":[{"url":"https:\/\/tutuapps.online\/wp-content\/uploads\/2018\/08\/instagram-plus.png","type":"","width":"","height":""}],"twitter_card":"summary_large_image","twitter_misc":{"Timp estimat pentru citire":"2 minute"},"schema":{"@context":"https:\/\/schema.org","@graph":[{"@type":"WebPage","@id":"https:\/\/tutuapps.online\/instagram-plus\/","url":"https:\/\/tutuapps.online\/instagram-plus\/","name":"\u25b7 T\u00e9l\u00e9charger INSTAGRAM++ | Tutuapp \u3010 \u221a 2026 \u3011","isPartOf":{"@id":"https:\/\/tutuapps.online\/#website"},"primaryImageOfPage":{"@id":"https:\/\/tutuapps.online\/instagram-plus\/#primaryimage"},"image":{"@id":"https:\/\/tutuapps.online\/instagram-plus\/#primaryimage"},"thumbnailUrl":"https:\/\/tutuapps.online\/wp-content\/uploads\/2023\/04\/tutuapp-instagram.jpg","datePublished":"2018-08-24T18:46:21+00:00","dateModified":"2021-04-06T13:09:06+00:00","description":"I\u27a8 Instagram est une application utilis\u00e9e par des millions d'utilisateurs pour interagir, partager leurs photos et ... \u2705 IT\u00e9l\u00e9charger ...","breadcrumb":{"@id":"https:\/\/tutuapps.online\/instagram-plus\/#breadcrumb"},"inLanguage":"ro-RO","potentialAction":[{"@type":"ReadAction","target":["https:\/\/tutuapps.online\/instagram-plus\/"]}]},{"@type":"ImageObject","inLanguage":"ro-RO","@id":"https:\/\/tutuapps.online\/instagram-plus\/#primaryimage","url":"https:\/\/tutuapps.online\/wp-content\/uploads\/2023\/04\/tutuapp-instagram.jpg","contentUrl":"https:\/\/tutuapps.online\/wp-content\/uploads\/2023\/04\/tutuapp-instagram.jpg","width":540,"height":303},{"@type":"BreadcrumbList","@id":"https:\/\/tutuapps.online\/instagram-plus\/#breadcrumb","itemListElement":[{"@type":"ListItem","position":1,"name":"Portada","item":"https:\/\/tutuapps.online\/"},{"@type":"ListItem","position":2,"name":"TutuApp Instagram++"}]},{"@type":"WebSite","@id":"https:\/\/tutuapps.online\/#website","url":"https:\/\/tutuapps.online\/","name":"TutuApps.online","description":"T\u00e9l\u00e9charger pour iOS, Android, PC","publisher":{"@id":"https:\/\/tutuapps.online\/#organization"},"potentialAction":[{"@type":"SearchAction","target":{"@type":"EntryPoint","urlTemplate":"https:\/\/tutuapps.online\/?s={search_term_string}"},"query-input":{"@type":"PropertyValueSpecification","valueRequired":true,"valueName":"search_term_string"}}],"inLanguage":"ro-RO"},{"@type":"Organization","@id":"https:\/\/tutuapps.online\/#organization","name":"Tutuapps Online","url":"https:\/\/tutuapps.online\/","logo":{"@type":"ImageObject","inLanguage":"ro-RO","@id":"https:\/\/tutuapps.online\/#\/schema\/logo\/image\/","url":"https:\/\/tutuapps.online\/wp-content\/uploads\/2022\/01\/tutuapps-online.png","contentUrl":"https:\/\/tutuapps.online\/wp-content\/uploads\/2022\/01\/tutuapps-online.png","width":337,"height":94,"caption":"Tutuapps Online"},"image":{"@id":"https:\/\/tutuapps.online\/#\/schema\/logo\/image\/"}}]}},"_links":{"self":[{"href":"https:\/\/tutuapps.online\/ro\/wp-json\/wp\/v2\/pages\/153","targetHints":{"allow":["GET"]}}],"collection":[{"href":"https:\/\/tutuapps.online\/ro\/wp-json\/wp\/v2\/pages"}],"about":[{"href":"https:\/\/tutuapps.online\/ro\/wp-json\/wp\/v2\/types\/page"}],"author":[{"embeddable":true,"href":"https:\/\/tutuapps.online\/ro\/wp-json\/wp\/v2\/users\/1"}],"replies":[{"embeddable":true,"href":"https:\/\/tutuapps.online\/ro\/wp-json\/wp\/v2\/comments?post=153"}],"version-history":[{"count":0,"href":"https:\/\/tutuapps.online\/ro\/wp-json\/wp\/v2\/pages\/153\/revisions"}],"wp:featuredmedia":[{"embeddable":true,"href":"https:\/\/tutuapps.online\/ro\/wp-json\/wp\/v2\/media\/2393"}],"wp:attachment":[{"href":"https:\/\/tutuapps.online\/ro\/wp-json\/wp\/v2\/media?parent=153"}],"curies":[{"name":"wp","href":"https:\/\/api.w.org\/{rel}","templated":true}]}}