{"id":130,"date":"2018-08-23T17:49:34","date_gmt":"2018-08-23T17:49:34","guid":{"rendered":"http:\/\/tutuapps.online\/?page_id=130"},"modified":"2021-04-06T13:05:16","modified_gmt":"2021-04-06T13:05:16","slug":"minecraft-pe","status":"publish","type":"page","link":"https:\/\/tutuapps.online\/ro\/minecraft-pe\/","title":{"rendered":"TutuApp Minecraft PE"},"content":{"rendered":"<p>Minecraft este unul dintre cele mai populare jocuri \u0219i este iubit de milioane de utilizatori. Acesta v\u0103 permite s\u0103 crea\u021bi diferite lucruri folosind blocuri \u00een lumea deschis\u0103 a diferitelor terenuri \u0219i v\u0103 permite s\u0103 v\u0103 face\u021bi un loc sigur pentru supravie\u021buire.<\/p>\n<p>Ini\u021bial, Minecraft a fost dezvoltat \u0219i pentru utilizatorii de Windows, iar apoi a fost dezvoltat\u0103 o edi\u021bie de buzunar pentru utilizatorii de iOS \u0219i Android.<\/p>\n<p>Cu toate acestea, Minecraft Pocket Edition nu este gratuit \u0219i utilizatorul trebuie s\u0103 pl\u0103teasc\u0103 pentru el. Dar nu trebuie s\u0103 pl\u0103ti\u021bi pentru el, deoarece v\u0103 vom \u00eemp\u0103rt\u0103\u0219i o metod\u0103 de a-l desc\u0103rca gratuit. Pute\u021bi desc\u0103rca Minecraft Pocket Edition gratuit folosind <strong>TutuApp Helper<\/strong>.<\/p>\n<p><img wpfc-lazyload-disable=\"true\" decoding=\"async\" class=\"aligncenter size-full wp-image-131 lazyload\" data-src=\"https:\/\/tutuapps.online\/wp-content\/uploads\/2018\/08\/tutuapp-minecraft-pe.png\" alt=\"tutuapp-minecraft-pe\" width=\"210\" height=\"232\" src=\"data:image\/svg+xml;base64,PHN2ZyB3aWR0aD0iMSIgaGVpZ2h0PSIxIiB4bWxucz0iaHR0cDovL3d3dy53My5vcmcvMjAwMC9zdmciPjwvc3ZnPg==\" style=\"--smush-placeholder-width: 210px; --smush-placeholder-aspect-ratio: 210\/232;\"><\/p>\n<h2>Desc\u0103rca\u021bi Minecraft PE \u00een TutuApp<\/h2>\n<p>Iat\u0103 care sunt pa\u0219ii pentru a desc\u0103rca <a href=\"https:\/\/tutuapps.online\/ro\/\">TutuApp<\/a> Minecraft PE, a\u0219a c\u0103, f\u0103r\u0103 s\u0103 mai pierdem timpul, hai s\u0103 v\u0103 ar\u0103t pa\u0219ii:<\/p>\n<ol>\n<li>Mai \u00eent\u00e2i trebuie s\u0103 <a href=\"https:\/\/tutuapps.online\/ro\/descarcati-tutuapp\/\"><strong>desc\u0103rca\u021bi TutuApp<\/strong><\/a> pe dispozitivul dvs., apoi instala\u021bi-l.<\/li>\n<li>Dup\u0103 instalare, trebuie s\u0103 deschide\u021bi TutuApp \u0219i s\u0103 accesa\u021bi bara de c\u0103utare.<\/li>\n<li>Acum trebuie s\u0103 c\u0103uta\u021bi Minecraft PE.<img wpfc-lazyload-disable=\"true\" decoding=\"async\" class=\"aligncenter wp-image-132 size-full lazyload\" data-src=\"https:\/\/tutuapps.online\/wp-content\/uploads\/2018\/08\/minecraft-pocket-edition-tutuapp.png\" alt=\"minecraft-pocket-edition-tutuapp\" width=\"290\" height=\"581\" data-srcset=\"https:\/\/tutuapps.online\/wp-content\/uploads\/2018\/08\/minecraft-pocket-edition-tutuapp.png 290w, https:\/\/tutuapps.online\/wp-content\/uploads\/2018\/08\/minecraft-pocket-edition-tutuapp-150x300.png 150w\" data-sizes=\"(max-width: 290px) 100vw, 290px\" src=\"data:image\/svg+xml;base64,PHN2ZyB3aWR0aD0iMSIgaGVpZ2h0PSIxIiB4bWxucz0iaHR0cDovL3d3dy53My5vcmcvMjAwMC9zdmciPjwvc3ZnPg==\" style=\"--smush-placeholder-width: 290px; --smush-placeholder-aspect-ratio: 290\/581;\" \/><\/li>\n<li>Apoi face\u021bi clic pe pictograma Minecraft PE \u0219i apoi pe butonul verde de desc\u0103rcare.<img wpfc-lazyload-disable=\"true\" decoding=\"async\" class=\"aligncenter size-full wp-image-133 lazyload\" data-src=\"https:\/\/tutuapps.online\/wp-content\/uploads\/2018\/08\/minecraft-pe-tutuapp.png\" alt=\"minecraft-pe-tutuapp\" width=\"290\" height=\"581\" data-srcset=\"https:\/\/tutuapps.online\/wp-content\/uploads\/2018\/08\/minecraft-pe-tutuapp.png 290w, https:\/\/tutuapps.online\/wp-content\/uploads\/2018\/08\/minecraft-pe-tutuapp-150x300.png 150w\" data-sizes=\"(max-width: 290px) 100vw, 290px\" src=\"data:image\/svg+xml;base64,PHN2ZyB3aWR0aD0iMSIgaGVpZ2h0PSIxIiB4bWxucz0iaHR0cDovL3d3dy53My5vcmcvMjAwMC9zdmciPjwvc3ZnPg==\" style=\"--smush-placeholder-width: 290px; --smush-placeholder-aspect-ratio: 290\/581;\" \/><\/li>\n<li>Apoi, va trebui s\u0103 a\u0219tepta\u021bi c\u00e2teva secunde pentru a o desc\u0103rca pe dispozitiv.<\/li>\n<li>Odat\u0103 desc\u0103rcat, pute\u021bi \u00eencepe s\u0103 \u00eel utiliza\u021bi.<\/li>\n<\/ol>\n<h2>Minecraft PE nu func\u021bioneaz\u0103<\/h2>\n<p>Dac\u0103 v\u0103 confrunta\u021bi cu o problem\u0103 de nefunc\u021bionare a Minecraft PE, pute\u021bi urma pa\u0219ii simpli de mai jos pentru a o face s\u0103 func\u021bioneze. Trebuie s\u0103 ave\u021bi \u00eencredere \u00een TutuApp pentru ca Minecraft PE \u0219i TutuApp s\u0103 func\u021bioneze pe dispozitivul dvs.<\/p>\n<p>Prin urmare, urma\u021bi pa\u0219ii de mai jos;<\/p>\n<p>\u00cen primul r\u00e2nd, accesa\u021bi Settings -&gt; General -&gt; Profile -&gt; Profile name -&gt; Trust.<\/p>\n<p>\u00cen plus, pute\u021bi utiliza <a href=\"https:\/\/tutuapps.online\/ro\/nesstool\/\"><strong>NessTool<\/strong><\/a> pentru a evita revocarea certificatului de joc. Acum pute\u021bi \u00eencepe s\u0103 juca\u021bi Minecraft free pocket edition.<\/p>\n<p><span style=\"color: #181c3e;\"><strong>S-ar putea s\u0103 v\u0103 intereseze \u0219i<\/strong><\/span><\/p>\n<ul>\n<li class=\"entry-title\"><a href=\"https:\/\/tutuapps.online\/ro\/descarcati-tutuapp\/\" target=\"_blank\" rel=\"noopener noreferrer\"><strong>Desc\u0103rca\u021bi TutuApp<\/strong><\/a><\/li>\n<li class=\"entry-title\"><a href=\"https:\/\/tutuapps.online\/ro\/deezer-plus\/\" target=\"_blank\" rel=\"noopener noreferrer\"><strong>TutuApp Deezer++<\/strong><\/a><\/li>\n<li><strong><a href=\"https:\/\/tutuapps.online\/ro\/ios\/\" target=\"_blank\" rel=\"noopener noreferrer\">TutuApp iOS<\/a><\/strong><\/li>\n<li><a href=\"https:\/\/tutuapps.online\/ro\/aplicatii-precum-tutuapp\/\" target=\"_blank\" rel=\"noopener noreferrer\"><strong>Aplica\u021bii precum TutuApp<\/strong><\/a><\/li>\n<li><a href=\"https:\/\/tutuapps.online\/ro\/\" target=\"_blank\" rel=\"noopener noreferrer\"><strong>TutuApp | Android \/ iOS<\/strong><\/a><\/li>\n<li><a href=\"https:\/\/tutuapps.online\/ro\/apk\/\" target=\"_blank\" rel=\"noopener noreferrer\"><strong>TutuApp APK<\/strong><\/a><\/li>\n<li><a href=\"https:\/\/tutuapps.online\/ro\/tutuapp-nu-functioneaza\/\" target=\"_blank\" rel=\"noopener noreferrer\"><strong>TutuApp nu func\u021bioneaz\u0103?<\/strong><\/a><\/li>\n<li><a href=\"https:\/\/tutuapps.online\/ro\/pokemon-go\/\" target=\"_blank\" rel=\"noopener noreferrer\"><strong>TutuApp Pok\u00e9mon GO<\/strong><\/a><\/li>\n<li><a href=\"https:\/\/tutuapps.online\/ro\/regulat\/\" target=\"_blank\" rel=\"noopener noreferrer\"><strong>TutuApp Regular<\/strong><\/a><\/li>\n<li><a href=\"https:\/\/tutuapps.online\/ro\/vip\/\" target=\"_blank\" rel=\"noopener noreferrer\"><strong>TutuApp VIP<\/strong><\/a><\/li>\n<li><a href=\"https:\/\/tutuapps.online\/ro\/android\/\" target=\"_blank\" rel=\"noopener noreferrer\"><strong>TutuApp Android<\/strong><\/a><\/li>\n<li><a href=\"https:\/\/tutuapps.online\/ro\/tutu-helper\/\" target=\"_blank\" rel=\"noopener noreferrer\"><strong>Tutu Helper<\/strong><\/a><\/li>\n<li><a href=\"https:\/\/tutuapps.online\/ro\/spotify-plus\/\" target=\"_blank\" rel=\"noopener noreferrer\"><strong>Spotify++<\/strong><\/a><\/li>\n<li><a href=\"https:\/\/tutuapps.online\/ro\/nesstool\/\" target=\"_blank\" rel=\"noopener noreferrer\"><strong>NessTool<\/strong><\/a><\/li>\n<li><a href=\"https:\/\/tutuapps.online\/ro\/pc\/\" target=\"_blank\" rel=\"noopener noreferrer\"><strong>TutuApp PC<\/strong><\/a><\/li>\n<li><a href=\"https:\/\/tutuapps.online\/ro\/gratuit\/\" target=\"_blank\" rel=\"noopener noreferrer\"><strong>TutuApp Gratuit<\/strong><\/a><\/li>\n<li><a href=\"https:\/\/tutuapps.online\/ro\/ios-11-4\/\" target=\"_blank\" rel=\"noopener noreferrer\"><strong>TutuApp iOS 11.4<\/strong><\/a><\/li>\n<li><a href=\"https:\/\/tutuapps.online\/ro\/pokesniper\/\" target=\"_blank\" rel=\"noopener noreferrer\"><strong>Pokesniper APK<\/strong><\/a><\/li>\n<\/ul>\n\n\n<div style=\"height:20px\" aria-hidden=\"true\" class=\"wp-block-spacer\"><\/div>","protected":false},"excerpt":{"rendered":"<p>Minecraft est l&rsquo;un des jeux les plus populaires et aim\u00e9s par des millions d&rsquo;utilisateurs. Il vous permet de cr\u00e9er diff\u00e9rentes choses en utilisant des blocs dans le monde ouvert de terrains vari\u00e9s et vous permet de rendre votre place s\u00fbre pour la survie. Au d\u00e9part, Minecraft a \u00e9galement \u00e9t\u00e9 d\u00e9velopp\u00e9 pour les utilisateurs de Windows, &#8230; <a title=\"TutuApp Minecraft PE\" class=\"read-more\" href=\"https:\/\/tutuapps.online\/ro\/minecraft-pe\/\" aria-label=\"More on TutuApp Minecraft PE\">Cite\u0219te mai mult<\/a><\/p>","protected":false},"author":1,"featured_media":2395,"parent":0,"menu_order":0,"comment_status":"closed","ping_status":"closed","template":"","meta":{"generate_page_header":"","footnotes":""},"class_list":["post-130","page","type-page","status-publish","has-post-thumbnail"],"yoast_head":"<!-- This site is optimized with the Yoast SEO plugin v26.5 - https:\/\/yoast.com\/wordpress\/plugins\/seo\/ -->\n<title>\u25b7 T\u00e9l\u00e9charger MINECRAFT PE | TutuaApp \u3010 \u221a 2026 \u3011<\/title>\n<meta name=\"description\" content=\"I\u27a8 Minecraft PE est l&#039;un des jeux les plus populaires et les plus appr\u00e9ci\u00e9s par des millions d&#039;utilisateurs \u2705 Vous permet de cr\u00e9er ...\" \/>\n<meta name=\"robots\" content=\"index, follow, max-snippet:-1, max-image-preview:large, max-video-preview:-1\" \/>\n<link rel=\"canonical\" href=\"https:\/\/tutuapps.online\/ro\/minecraft-pe\/\" \/>\n<meta property=\"og:locale\" content=\"ro_RO\" \/>\n<meta property=\"og:type\" content=\"article\" \/>\n<meta property=\"og:title\" content=\"\u25b7 T\u00e9l\u00e9charger MINECRAFT PE | TutuaApp \u3010 \u221a 2026 \u3011\" \/>\n<meta property=\"og:description\" content=\"I\u27a8 Minecraft PE est l&#039;un des jeux les plus populaires et les plus appr\u00e9ci\u00e9s par des millions d&#039;utilisateurs \u2705 Vous permet de cr\u00e9er ...\" \/>\n<meta property=\"og:url\" content=\"https:\/\/tutuapps.online\/ro\/minecraft-pe\/\" \/>\n<meta property=\"og:site_name\" content=\"TutuApps.online\" \/>\n<meta property=\"article:modified_time\" content=\"2021-04-06T13:05:16+00:00\" \/>\n<meta property=\"og:image\" content=\"https:\/\/tutuapps.online\/wp-content\/uploads\/2018\/08\/tutuapp-minecraft-pe.png\" \/>\n<meta name=\"twitter:card\" content=\"summary_large_image\" \/>\n<meta name=\"twitter:label1\" content=\"Timp estimat pentru citire\" \/>\n\t<meta name=\"twitter:data1\" content=\"3 minute\" \/>\n<script type=\"application\/ld+json\" class=\"yoast-schema-graph\">{\"@context\":\"https:\/\/schema.org\",\"@graph\":[{\"@type\":\"WebPage\",\"@id\":\"https:\/\/tutuapps.online\/minecraft-pe\/\",\"url\":\"https:\/\/tutuapps.online\/minecraft-pe\/\",\"name\":\"\u25b7 T\u00e9l\u00e9charger MINECRAFT PE | TutuaApp \u3010 \u221a 2026 \u3011\",\"isPartOf\":{\"@id\":\"https:\/\/tutuapps.online\/#website\"},\"primaryImageOfPage\":{\"@id\":\"https:\/\/tutuapps.online\/minecraft-pe\/#primaryimage\"},\"image\":{\"@id\":\"https:\/\/tutuapps.online\/minecraft-pe\/#primaryimage\"},\"thumbnailUrl\":\"https:\/\/tutuapps.online\/wp-content\/uploads\/2023\/04\/tutuapp-minecraft-pe.jpg\",\"datePublished\":\"2018-08-23T17:49:34+00:00\",\"dateModified\":\"2021-04-06T13:05:16+00:00\",\"description\":\"I\u27a8 Minecraft PE est l'un des jeux les plus populaires et les plus appr\u00e9ci\u00e9s par des millions d'utilisateurs \u2705 Vous permet de cr\u00e9er ...\",\"breadcrumb\":{\"@id\":\"https:\/\/tutuapps.online\/minecraft-pe\/#breadcrumb\"},\"inLanguage\":\"ro-RO\",\"potentialAction\":[{\"@type\":\"ReadAction\",\"target\":[\"https:\/\/tutuapps.online\/minecraft-pe\/\"]}]},{\"@type\":\"ImageObject\",\"inLanguage\":\"ro-RO\",\"@id\":\"https:\/\/tutuapps.online\/minecraft-pe\/#primaryimage\",\"url\":\"https:\/\/tutuapps.online\/wp-content\/uploads\/2023\/04\/tutuapp-minecraft-pe.jpg\",\"contentUrl\":\"https:\/\/tutuapps.online\/wp-content\/uploads\/2023\/04\/tutuapp-minecraft-pe.jpg\",\"width\":900,\"height\":505},{\"@type\":\"BreadcrumbList\",\"@id\":\"https:\/\/tutuapps.online\/minecraft-pe\/#breadcrumb\",\"itemListElement\":[{\"@type\":\"ListItem\",\"position\":1,\"name\":\"Portada\",\"item\":\"https:\/\/tutuapps.online\/\"},{\"@type\":\"ListItem\",\"position\":2,\"name\":\"TutuApp Minecraft PE\"}]},{\"@type\":\"WebSite\",\"@id\":\"https:\/\/tutuapps.online\/#website\",\"url\":\"https:\/\/tutuapps.online\/\",\"name\":\"TutuApps.online\",\"description\":\"T\u00e9l\u00e9charger pour iOS, Android, PC\",\"publisher\":{\"@id\":\"https:\/\/tutuapps.online\/#organization\"},\"potentialAction\":[{\"@type\":\"SearchAction\",\"target\":{\"@type\":\"EntryPoint\",\"urlTemplate\":\"https:\/\/tutuapps.online\/?s={search_term_string}\"},\"query-input\":{\"@type\":\"PropertyValueSpecification\",\"valueRequired\":true,\"valueName\":\"search_term_string\"}}],\"inLanguage\":\"ro-RO\"},{\"@type\":\"Organization\",\"@id\":\"https:\/\/tutuapps.online\/#organization\",\"name\":\"Tutuapps Online\",\"url\":\"https:\/\/tutuapps.online\/\",\"logo\":{\"@type\":\"ImageObject\",\"inLanguage\":\"ro-RO\",\"@id\":\"https:\/\/tutuapps.online\/#\/schema\/logo\/image\/\",\"url\":\"https:\/\/tutuapps.online\/wp-content\/uploads\/2022\/01\/tutuapps-online.png\",\"contentUrl\":\"https:\/\/tutuapps.online\/wp-content\/uploads\/2022\/01\/tutuapps-online.png\",\"width\":337,\"height\":94,\"caption\":\"Tutuapps Online\"},\"image\":{\"@id\":\"https:\/\/tutuapps.online\/#\/schema\/logo\/image\/\"}}]}<\/script>\n<!-- \/ Yoast SEO plugin. -->","yoast_head_json":{"title":"\u25b7 T\u00e9l\u00e9charger MINECRAFT PE | TutuaApp \u3010 \u221a 2026 \u3011","description":"I\u27a8 Minecraft PE est l'un des jeux les plus populaires et les plus appr\u00e9ci\u00e9s par des millions d'utilisateurs \u2705 Vous permet de cr\u00e9er ...","robots":{"index":"index","follow":"follow","max-snippet":"max-snippet:-1","max-image-preview":"max-image-preview:large","max-video-preview":"max-video-preview:-1"},"canonical":"https:\/\/tutuapps.online\/ro\/minecraft-pe\/","og_locale":"ro_RO","og_type":"article","og_title":"\u25b7 T\u00e9l\u00e9charger MINECRAFT PE | TutuaApp \u3010 \u221a 2026 \u3011","og_description":"I\u27a8 Minecraft PE est l'un des jeux les plus populaires et les plus appr\u00e9ci\u00e9s par des millions d'utilisateurs \u2705 Vous permet de cr\u00e9er ...","og_url":"https:\/\/tutuapps.online\/ro\/minecraft-pe\/","og_site_name":"TutuApps.online","article_modified_time":"2021-04-06T13:05:16+00:00","og_image":[{"url":"https:\/\/tutuapps.online\/wp-content\/uploads\/2018\/08\/tutuapp-minecraft-pe.png","type":"","width":"","height":""}],"twitter_card":"summary_large_image","twitter_misc":{"Timp estimat pentru citire":"3 minute"},"schema":{"@context":"https:\/\/schema.org","@graph":[{"@type":"WebPage","@id":"https:\/\/tutuapps.online\/minecraft-pe\/","url":"https:\/\/tutuapps.online\/minecraft-pe\/","name":"\u25b7 T\u00e9l\u00e9charger MINECRAFT PE | TutuaApp \u3010 \u221a 2026 \u3011","isPartOf":{"@id":"https:\/\/tutuapps.online\/#website"},"primaryImageOfPage":{"@id":"https:\/\/tutuapps.online\/minecraft-pe\/#primaryimage"},"image":{"@id":"https:\/\/tutuapps.online\/minecraft-pe\/#primaryimage"},"thumbnailUrl":"https:\/\/tutuapps.online\/wp-content\/uploads\/2023\/04\/tutuapp-minecraft-pe.jpg","datePublished":"2018-08-23T17:49:34+00:00","dateModified":"2021-04-06T13:05:16+00:00","description":"I\u27a8 Minecraft PE est l'un des jeux les plus populaires et les plus appr\u00e9ci\u00e9s par des millions d'utilisateurs \u2705 Vous permet de cr\u00e9er ...","breadcrumb":{"@id":"https:\/\/tutuapps.online\/minecraft-pe\/#breadcrumb"},"inLanguage":"ro-RO","potentialAction":[{"@type":"ReadAction","target":["https:\/\/tutuapps.online\/minecraft-pe\/"]}]},{"@type":"ImageObject","inLanguage":"ro-RO","@id":"https:\/\/tutuapps.online\/minecraft-pe\/#primaryimage","url":"https:\/\/tutuapps.online\/wp-content\/uploads\/2023\/04\/tutuapp-minecraft-pe.jpg","contentUrl":"https:\/\/tutuapps.online\/wp-content\/uploads\/2023\/04\/tutuapp-minecraft-pe.jpg","width":900,"height":505},{"@type":"BreadcrumbList","@id":"https:\/\/tutuapps.online\/minecraft-pe\/#breadcrumb","itemListElement":[{"@type":"ListItem","position":1,"name":"Portada","item":"https:\/\/tutuapps.online\/"},{"@type":"ListItem","position":2,"name":"TutuApp Minecraft PE"}]},{"@type":"WebSite","@id":"https:\/\/tutuapps.online\/#website","url":"https:\/\/tutuapps.online\/","name":"TutuApps.online","description":"T\u00e9l\u00e9charger pour iOS, Android, PC","publisher":{"@id":"https:\/\/tutuapps.online\/#organization"},"potentialAction":[{"@type":"SearchAction","target":{"@type":"EntryPoint","urlTemplate":"https:\/\/tutuapps.online\/?s={search_term_string}"},"query-input":{"@type":"PropertyValueSpecification","valueRequired":true,"valueName":"search_term_string"}}],"inLanguage":"ro-RO"},{"@type":"Organization","@id":"https:\/\/tutuapps.online\/#organization","name":"Tutuapps Online","url":"https:\/\/tutuapps.online\/","logo":{"@type":"ImageObject","inLanguage":"ro-RO","@id":"https:\/\/tutuapps.online\/#\/schema\/logo\/image\/","url":"https:\/\/tutuapps.online\/wp-content\/uploads\/2022\/01\/tutuapps-online.png","contentUrl":"https:\/\/tutuapps.online\/wp-content\/uploads\/2022\/01\/tutuapps-online.png","width":337,"height":94,"caption":"Tutuapps Online"},"image":{"@id":"https:\/\/tutuapps.online\/#\/schema\/logo\/image\/"}}]}},"_links":{"self":[{"href":"https:\/\/tutuapps.online\/ro\/wp-json\/wp\/v2\/pages\/130","targetHints":{"allow":["GET"]}}],"collection":[{"href":"https:\/\/tutuapps.online\/ro\/wp-json\/wp\/v2\/pages"}],"about":[{"href":"https:\/\/tutuapps.online\/ro\/wp-json\/wp\/v2\/types\/page"}],"author":[{"embeddable":true,"href":"https:\/\/tutuapps.online\/ro\/wp-json\/wp\/v2\/users\/1"}],"replies":[{"embeddable":true,"href":"https:\/\/tutuapps.online\/ro\/wp-json\/wp\/v2\/comments?post=130"}],"version-history":[{"count":0,"href":"https:\/\/tutuapps.online\/ro\/wp-json\/wp\/v2\/pages\/130\/revisions"}],"wp:featuredmedia":[{"embeddable":true,"href":"https:\/\/tutuapps.online\/ro\/wp-json\/wp\/v2\/media\/2395"}],"wp:attachment":[{"href":"https:\/\/tutuapps.online\/ro\/wp-json\/wp\/v2\/media?parent=130"}],"curies":[{"name":"wp","href":"https:\/\/api.w.org\/{rel}","templated":true}]}}