{"id":105,"date":"2018-08-23T14:49:15","date_gmt":"2018-08-23T14:49:15","guid":{"rendered":"http:\/\/tutuapps.online\/?page_id=105"},"modified":"2021-04-06T13:02:21","modified_gmt":"2021-04-06T13:02:21","slug":"pokesniper","status":"publish","type":"page","link":"https:\/\/tutuapps.online\/ro\/pokesniper\/","title":{"rendered":"Pokesniper APK - Desc\u0103rca\u021bi Pokesniper 2 pentru Android \/ iOS"},"content":{"rendered":"<p>Pokesniper este o aplica\u021bie conceput\u0103 pentru utilizatorii de Android \u0219i iOS pentru a-i ajuta s\u0103 localizeze \u0219i s\u0103 prind\u0103 cu u\u0219urin\u021b\u0103 Pok\u00e9mon f\u0103r\u0103 a fi nevoi\u021bi s\u0103 se deplaseze prin ora\u0219.<\/p>\n<p>Pokesniper are multe alte caracteristici interesante care fac jocul Pokemon Go foarte u\u0219or \u0219i mult mai distractiv.<\/p>\n<h2>Caracteristici ale Pokesniper<\/h2>\n<p>Pokesniper are multe func\u021bii care \u00eei ajut\u0103 pe juc\u0103tori s\u0103 g\u0103seasc\u0103 mai mul\u021bi Pok\u00e9mon, s\u0103 \u00eei prind\u0103 \u0219i s\u0103 \u00ee\u0219i \u00eembun\u0103t\u0103\u021beasc\u0103 reputa\u021bia \u00een fa\u021ba altor juc\u0103tori. Iat\u0103 o scurt\u0103 explica\u021bie a principalelor caracteristici ale Pokesniper:<\/p>\n<p><img wpfc-lazyload-disable=\"true\" decoding=\"async\" class=\"aligncenter wp-image-113 size-full lazyload\" data-src=\"https:\/\/tutuapps.online\/wp-content\/uploads\/2018\/08\/pokesniper.jpg\" alt=\"pokesniper\" width=\"547\" height=\"212\" data-srcset=\"https:\/\/tutuapps.online\/wp-content\/uploads\/2018\/08\/pokesniper.jpg 547w, https:\/\/tutuapps.online\/wp-content\/uploads\/2018\/08\/pokesniper-300x116.jpg 300w\" data-sizes=\"(max-width: 547px) 100vw, 547px\" src=\"data:image\/svg+xml;base64,PHN2ZyB3aWR0aD0iMSIgaGVpZ2h0PSIxIiB4bWxucz0iaHR0cDovL3d3dy53My5vcmcvMjAwMC9zdmciPjwvc3ZnPg==\" style=\"--smush-placeholder-width: 547px; --smush-placeholder-aspect-ratio: 547\/212;\" \/><\/p>\n<ol>\n<li>Po\u021bi localiza Pok\u00e9mon exotici \u00een zona ta \u0219i le po\u021bi afla coordonatele exacte cu Pokesniper.<\/li>\n<li>Te po\u021bi teleporta de la o coordonat\u0103 la alta prin simpla atingere a degetului cu Pokesniper \u0219i po\u021bi prinde pokemoni localiza\u021bi f\u0103r\u0103 s\u0103 fii nevoit s\u0103 mergi.<\/li>\n<li>Pokesniper este sigur de utilizat \u00een compara\u021bie cu alte programe \u0219i aplica\u021bii similare, ceea ce ajut\u0103 la reducerea riscului ca utilizatorii dvs. s\u0103 fie interzi\u0219i \u0219i s\u0103 \u00ee\u0219i piard\u0103 Pok\u00e9mon-urile.<\/li>\n<\/ol>\n<h2>Desc\u0103rca\u021bi Pokesniper APK<\/h2>\n<p>Pokesniper este disponibil pe App Store pentru toate dispozitivele iOS. Dac\u0103 sunte\u021bi un utilizator de Android, urma\u021bi pa\u0219ii de mai jos pentru a desc\u0103rca \u0219i instala fi\u0219ierul apk Pokesniper pe smartphone-ul sau tableta Android.<\/p>\n<h3>Desc\u0103rca\u021bi Pokemon GO prin <a href=\"https:\/\/tutuapps.online\/ro\/\">TutuApp<\/a><\/h3>\n<ol>\n<li><strong><a href=\"https:\/\/www.mediafire.com\/file\/qhbiiyibz82k77c\/POKESNIPER.apk\" target=\"_blank\" rel=\"noopener noreferrer\">Desc\u0103rca\u021bi Pokesniper v.2.0.0.0.0.0 apk<\/a>&nbsp;<\/strong>(ultima versiune).<\/li>\n<li>Localiza\u021bi apk-ul Pokesniper desc\u0103rcat pe smartphone-ul dvs. \u0219i face\u021bi clic pe \"Instalare\".<\/li>\n<li>Aplica\u021bia se va instala automat \u0219i va deschide aplica\u021bia Pokesniper dup\u0103 finalizarea cu succes a procesului de instalare.<\/li>\n<li>Deschide\u021bi aplica\u021bia, acum o pute\u021bi folosi pentru a v\u0103 teleporta avatarul \u00een joc. <a href=\"https:\/\/tutuapps.online\/ro\/pokemon-go\/\">Pokemon GO<\/a> sau folosi\u021bi-o pentru a localiza orice Pok\u00e9mon exotic \u0219i pentru a-l urm\u0103ri.<\/li>\n<li>Dac\u0103 \u00eent\u00e2mpina\u021bi probleme la instalarea apk-ului Pokesniper pe smartphone-ul dumneavoastr\u0103, asigura\u021bi-v\u0103 c\u0103 a\u021bi activat op\u021biunea \"Instalare aplica\u021bii din surse necunoscute\" \u00een set\u0103rile dumneavoastr\u0103.<\/li>\n<\/ol>\n<p><span style=\"color: #181c3e;\"><strong>S-ar putea s\u0103 v\u0103 intereseze \u0219i<\/strong><\/span><\/p>\n<ul>\n<li class=\"entry-title\"><a href=\"https:\/\/tutuapps.online\/ro\/descarcati-tutuapp\/\" target=\"_blank\" rel=\"noopener noreferrer\"><strong>Desc\u0103rca\u021bi TutuApp<\/strong><\/a><\/li>\n<li class=\"entry-title\"><a href=\"https:\/\/tutuapps.online\/ro\/deezer-plus\/\" target=\"_blank\" rel=\"noopener noreferrer\"><strong>TutuApp Deezer++<\/strong><\/a><\/li>\n<li><strong><a href=\"https:\/\/tutuapps.online\/ro\/ios\/\" target=\"_blank\" rel=\"noopener noreferrer\">TutuApp iOS<\/a><\/strong><\/li>\n<li><a href=\"https:\/\/tutuapps.online\/ro\/aplicatii-precum-tutuapp\/\" target=\"_blank\" rel=\"noopener noreferrer\"><strong>Aplica\u021bii precum TutuApp<\/strong><\/a><\/li>\n<li><a href=\"https:\/\/tutuapps.online\/ro\/\" target=\"_blank\" rel=\"noopener noreferrer\"><strong>TutuApp | Android \/ iOS<\/strong><\/a><\/li>\n<li><a href=\"https:\/\/tutuapps.online\/ro\/apk\/\" target=\"_blank\" rel=\"noopener noreferrer\"><strong>TutuApp APK<\/strong><\/a><\/li>\n<li><a href=\"https:\/\/tutuapps.online\/ro\/tutuapp-nu-functioneaza\/\" target=\"_blank\" rel=\"noopener noreferrer\"><strong>TutuApp nu func\u021bioneaz\u0103?<\/strong><\/a><\/li>\n<li><a href=\"https:\/\/tutuapps.online\/ro\/pokemon-go\/\" target=\"_blank\" rel=\"noopener noreferrer\"><strong>TutuApp Pok\u00e9mon GO<\/strong><\/a><\/li>\n<li><a href=\"https:\/\/tutuapps.online\/ro\/regulat\/\" target=\"_blank\" rel=\"noopener noreferrer\"><strong>TutuApp Regular<\/strong><\/a><\/li>\n<li><a href=\"https:\/\/tutuapps.online\/ro\/vip\/\" target=\"_blank\" rel=\"noopener noreferrer\"><strong>TutuApp VIP<\/strong><\/a><\/li>\n<li><a href=\"https:\/\/tutuapps.online\/ro\/android\/\" target=\"_blank\" rel=\"noopener noreferrer\"><strong>TutuApp Android<\/strong><\/a><\/li>\n<li><a href=\"https:\/\/tutuapps.online\/ro\/tutu-helper\/\" target=\"_blank\" rel=\"noopener noreferrer\"><strong>Tutu Helper<\/strong><\/a><\/li>\n<li><a href=\"https:\/\/tutuapps.online\/ro\/spotify-plus\/\" target=\"_blank\" rel=\"noopener noreferrer\"><strong>Spotify++<\/strong><\/a><\/li>\n<li><a href=\"https:\/\/tutuapps.online\/ro\/nesstool\/\" target=\"_blank\" rel=\"noopener noreferrer\"><strong>NessTool<\/strong><\/a><\/li>\n<li><a href=\"https:\/\/tutuapps.online\/ro\/pc\/\" target=\"_blank\" rel=\"noopener noreferrer\"><strong>TutuApp PC<\/strong><\/a><\/li>\n<li><a href=\"https:\/\/tutuapps.online\/ro\/gratuit\/\" target=\"_blank\" rel=\"noopener noreferrer\"><strong>TutuApp Gratuit<\/strong><\/a><\/li>\n<li><a href=\"https:\/\/tutuapps.online\/ro\/ios-11-4\/\" target=\"_blank\" rel=\"noopener noreferrer\"><strong>TutuApp iOS 11.4<\/strong><\/a><\/li>\n<\/ul>\n\n\n<div style=\"height:20px\" aria-hidden=\"true\" class=\"wp-block-spacer\"><\/div>","protected":false},"excerpt":{"rendered":"<p>Pokesniper est une application con\u00e7ue pour les utilisateurs d&rsquo;Android et d&rsquo;iOS pour les aider \u00e0 localiser et attraper facilement Pok\u00e9mon sans avoir \u00e0 se d\u00e9placer dans la ville. Pokesniper a beaucoup plus de caract\u00e9ristiques int\u00e9ressantes qui rendent le jeu de Go Pokemon tr\u00e8s facile et beaucoup plus amusant. Caract\u00e9ristiques du Pokesniper Pokesniper poss\u00e8de de nombreuses &#8230; <a title=\"Pokesniper APK &#8211; T\u00e9l\u00e9charger Pokesniper 2 pour Android \/ iOS\" class=\"read-more\" href=\"https:\/\/tutuapps.online\/ro\/pokesniper\/\" aria-label=\"More on Pokesniper APK &#8211; T\u00e9l\u00e9charger Pokesniper 2 pour Android \/ iOS\">Cite\u0219te mai mult<\/a><\/p>","protected":false},"author":1,"featured_media":2397,"parent":0,"menu_order":0,"comment_status":"closed","ping_status":"closed","template":"","meta":{"generate_page_header":"","footnotes":""},"class_list":["post-105","page","type-page","status-publish","has-post-thumbnail"],"yoast_head":"<!-- This site is optimized with the Yoast SEO plugin v26.5 - https:\/\/yoast.com\/wordpress\/plugins\/seo\/ -->\n<title>\u25b7 T\u00e9l\u00e9charger POKESNIPER 2 APK \u3010 Android \/ iOS \u221a 2026 \u3011<\/title>\n<meta name=\"description\" content=\"I\u27a8 Pokesniper est une application con\u00e7ue pour Android et iOS afin de les aider \u00e0 localiser et \u00e0 capturer facilement des Pok\u00e9mon \u2705 Ici ...\" \/>\n<meta name=\"robots\" content=\"index, follow, max-snippet:-1, max-image-preview:large, max-video-preview:-1\" \/>\n<link rel=\"canonical\" href=\"https:\/\/tutuapps.online\/ro\/pokesniper\/\" \/>\n<meta property=\"og:locale\" content=\"ro_RO\" \/>\n<meta property=\"og:type\" content=\"article\" \/>\n<meta property=\"og:title\" content=\"\u25b7 T\u00e9l\u00e9charger POKESNIPER 2 APK \u3010 Android \/ iOS \u221a 2026 \u3011\" \/>\n<meta property=\"og:description\" content=\"I\u27a8 Pokesniper est une application con\u00e7ue pour Android et iOS afin de les aider \u00e0 localiser et \u00e0 capturer facilement des Pok\u00e9mon \u2705 Ici ...\" \/>\n<meta property=\"og:url\" content=\"https:\/\/tutuapps.online\/ro\/pokesniper\/\" \/>\n<meta property=\"og:site_name\" content=\"TutuApps.online\" \/>\n<meta property=\"article:modified_time\" content=\"2021-04-06T13:02:21+00:00\" \/>\n<meta property=\"og:image\" content=\"https:\/\/tutuapps.online\/wp-content\/uploads\/2018\/08\/pokesniper.jpg\" \/>\n<meta name=\"twitter:card\" content=\"summary_large_image\" \/>\n<meta name=\"twitter:label1\" content=\"Timp estimat pentru citire\" \/>\n\t<meta name=\"twitter:data1\" content=\"2 minute\" \/>\n<script type=\"application\/ld+json\" class=\"yoast-schema-graph\">{\"@context\":\"https:\/\/schema.org\",\"@graph\":[{\"@type\":\"WebPage\",\"@id\":\"https:\/\/tutuapps.online\/pokesniper\/\",\"url\":\"https:\/\/tutuapps.online\/pokesniper\/\",\"name\":\"\u25b7 T\u00e9l\u00e9charger POKESNIPER 2 APK \u3010 Android \/ iOS \u221a 2026 \u3011\",\"isPartOf\":{\"@id\":\"https:\/\/tutuapps.online\/#website\"},\"primaryImageOfPage\":{\"@id\":\"https:\/\/tutuapps.online\/pokesniper\/#primaryimage\"},\"image\":{\"@id\":\"https:\/\/tutuapps.online\/pokesniper\/#primaryimage\"},\"thumbnailUrl\":\"https:\/\/tutuapps.online\/wp-content\/uploads\/2023\/04\/pokesniper-apk-telecharger-pokesniper-2-pour-android-ios.png\",\"datePublished\":\"2018-08-23T14:49:15+00:00\",\"dateModified\":\"2021-04-06T13:02:21+00:00\",\"description\":\"I\u27a8 Pokesniper est une application con\u00e7ue pour Android et iOS afin de les aider \u00e0 localiser et \u00e0 capturer facilement des Pok\u00e9mon \u2705 Ici ...\",\"breadcrumb\":{\"@id\":\"https:\/\/tutuapps.online\/pokesniper\/#breadcrumb\"},\"inLanguage\":\"ro-RO\",\"potentialAction\":[{\"@type\":\"ReadAction\",\"target\":[\"https:\/\/tutuapps.online\/pokesniper\/\"]}]},{\"@type\":\"ImageObject\",\"inLanguage\":\"ro-RO\",\"@id\":\"https:\/\/tutuapps.online\/pokesniper\/#primaryimage\",\"url\":\"https:\/\/tutuapps.online\/wp-content\/uploads\/2023\/04\/pokesniper-apk-telecharger-pokesniper-2-pour-android-ios.png\",\"contentUrl\":\"https:\/\/tutuapps.online\/wp-content\/uploads\/2023\/04\/pokesniper-apk-telecharger-pokesniper-2-pour-android-ios.png\",\"width\":576,\"height\":360},{\"@type\":\"BreadcrumbList\",\"@id\":\"https:\/\/tutuapps.online\/pokesniper\/#breadcrumb\",\"itemListElement\":[{\"@type\":\"ListItem\",\"position\":1,\"name\":\"Portada\",\"item\":\"https:\/\/tutuapps.online\/\"},{\"@type\":\"ListItem\",\"position\":2,\"name\":\"Pokesniper APK &#8211; T\u00e9l\u00e9charger Pokesniper 2 pour Android \/ iOS\"}]},{\"@type\":\"WebSite\",\"@id\":\"https:\/\/tutuapps.online\/#website\",\"url\":\"https:\/\/tutuapps.online\/\",\"name\":\"TutuApps.online\",\"description\":\"T\u00e9l\u00e9charger pour iOS, Android, PC\",\"publisher\":{\"@id\":\"https:\/\/tutuapps.online\/#organization\"},\"potentialAction\":[{\"@type\":\"SearchAction\",\"target\":{\"@type\":\"EntryPoint\",\"urlTemplate\":\"https:\/\/tutuapps.online\/?s={search_term_string}\"},\"query-input\":{\"@type\":\"PropertyValueSpecification\",\"valueRequired\":true,\"valueName\":\"search_term_string\"}}],\"inLanguage\":\"ro-RO\"},{\"@type\":\"Organization\",\"@id\":\"https:\/\/tutuapps.online\/#organization\",\"name\":\"Tutuapps Online\",\"url\":\"https:\/\/tutuapps.online\/\",\"logo\":{\"@type\":\"ImageObject\",\"inLanguage\":\"ro-RO\",\"@id\":\"https:\/\/tutuapps.online\/#\/schema\/logo\/image\/\",\"url\":\"https:\/\/tutuapps.online\/wp-content\/uploads\/2022\/01\/tutuapps-online.png\",\"contentUrl\":\"https:\/\/tutuapps.online\/wp-content\/uploads\/2022\/01\/tutuapps-online.png\",\"width\":337,\"height\":94,\"caption\":\"Tutuapps Online\"},\"image\":{\"@id\":\"https:\/\/tutuapps.online\/#\/schema\/logo\/image\/\"}}]}<\/script>\n<!-- \/ Yoast SEO plugin. -->","yoast_head_json":{"title":"\u25b7 T\u00e9l\u00e9charger POKESNIPER 2 APK \u3010 Android \/ iOS \u221a 2026 \u3011","description":"I\u27a8 Pokesniper est une application con\u00e7ue pour Android et iOS afin de les aider \u00e0 localiser et \u00e0 capturer facilement des Pok\u00e9mon \u2705 Ici ...","robots":{"index":"index","follow":"follow","max-snippet":"max-snippet:-1","max-image-preview":"max-image-preview:large","max-video-preview":"max-video-preview:-1"},"canonical":"https:\/\/tutuapps.online\/ro\/pokesniper\/","og_locale":"ro_RO","og_type":"article","og_title":"\u25b7 T\u00e9l\u00e9charger POKESNIPER 2 APK \u3010 Android \/ iOS \u221a 2026 \u3011","og_description":"I\u27a8 Pokesniper est une application con\u00e7ue pour Android et iOS afin de les aider \u00e0 localiser et \u00e0 capturer facilement des Pok\u00e9mon \u2705 Ici ...","og_url":"https:\/\/tutuapps.online\/ro\/pokesniper\/","og_site_name":"TutuApps.online","article_modified_time":"2021-04-06T13:02:21+00:00","og_image":[{"url":"https:\/\/tutuapps.online\/wp-content\/uploads\/2018\/08\/pokesniper.jpg","type":"","width":"","height":""}],"twitter_card":"summary_large_image","twitter_misc":{"Timp estimat pentru citire":"2 minute"},"schema":{"@context":"https:\/\/schema.org","@graph":[{"@type":"WebPage","@id":"https:\/\/tutuapps.online\/pokesniper\/","url":"https:\/\/tutuapps.online\/pokesniper\/","name":"\u25b7 T\u00e9l\u00e9charger POKESNIPER 2 APK \u3010 Android \/ iOS \u221a 2026 \u3011","isPartOf":{"@id":"https:\/\/tutuapps.online\/#website"},"primaryImageOfPage":{"@id":"https:\/\/tutuapps.online\/pokesniper\/#primaryimage"},"image":{"@id":"https:\/\/tutuapps.online\/pokesniper\/#primaryimage"},"thumbnailUrl":"https:\/\/tutuapps.online\/wp-content\/uploads\/2023\/04\/pokesniper-apk-telecharger-pokesniper-2-pour-android-ios.png","datePublished":"2018-08-23T14:49:15+00:00","dateModified":"2021-04-06T13:02:21+00:00","description":"I\u27a8 Pokesniper est une application con\u00e7ue pour Android et iOS afin de les aider \u00e0 localiser et \u00e0 capturer facilement des Pok\u00e9mon \u2705 Ici ...","breadcrumb":{"@id":"https:\/\/tutuapps.online\/pokesniper\/#breadcrumb"},"inLanguage":"ro-RO","potentialAction":[{"@type":"ReadAction","target":["https:\/\/tutuapps.online\/pokesniper\/"]}]},{"@type":"ImageObject","inLanguage":"ro-RO","@id":"https:\/\/tutuapps.online\/pokesniper\/#primaryimage","url":"https:\/\/tutuapps.online\/wp-content\/uploads\/2023\/04\/pokesniper-apk-telecharger-pokesniper-2-pour-android-ios.png","contentUrl":"https:\/\/tutuapps.online\/wp-content\/uploads\/2023\/04\/pokesniper-apk-telecharger-pokesniper-2-pour-android-ios.png","width":576,"height":360},{"@type":"BreadcrumbList","@id":"https:\/\/tutuapps.online\/pokesniper\/#breadcrumb","itemListElement":[{"@type":"ListItem","position":1,"name":"Portada","item":"https:\/\/tutuapps.online\/"},{"@type":"ListItem","position":2,"name":"Pokesniper APK &#8211; T\u00e9l\u00e9charger Pokesniper 2 pour Android \/ iOS"}]},{"@type":"WebSite","@id":"https:\/\/tutuapps.online\/#website","url":"https:\/\/tutuapps.online\/","name":"TutuApps.online","description":"T\u00e9l\u00e9charger pour iOS, Android, PC","publisher":{"@id":"https:\/\/tutuapps.online\/#organization"},"potentialAction":[{"@type":"SearchAction","target":{"@type":"EntryPoint","urlTemplate":"https:\/\/tutuapps.online\/?s={search_term_string}"},"query-input":{"@type":"PropertyValueSpecification","valueRequired":true,"valueName":"search_term_string"}}],"inLanguage":"ro-RO"},{"@type":"Organization","@id":"https:\/\/tutuapps.online\/#organization","name":"Tutuapps Online","url":"https:\/\/tutuapps.online\/","logo":{"@type":"ImageObject","inLanguage":"ro-RO","@id":"https:\/\/tutuapps.online\/#\/schema\/logo\/image\/","url":"https:\/\/tutuapps.online\/wp-content\/uploads\/2022\/01\/tutuapps-online.png","contentUrl":"https:\/\/tutuapps.online\/wp-content\/uploads\/2022\/01\/tutuapps-online.png","width":337,"height":94,"caption":"Tutuapps Online"},"image":{"@id":"https:\/\/tutuapps.online\/#\/schema\/logo\/image\/"}}]}},"_links":{"self":[{"href":"https:\/\/tutuapps.online\/ro\/wp-json\/wp\/v2\/pages\/105","targetHints":{"allow":["GET"]}}],"collection":[{"href":"https:\/\/tutuapps.online\/ro\/wp-json\/wp\/v2\/pages"}],"about":[{"href":"https:\/\/tutuapps.online\/ro\/wp-json\/wp\/v2\/types\/page"}],"author":[{"embeddable":true,"href":"https:\/\/tutuapps.online\/ro\/wp-json\/wp\/v2\/users\/1"}],"replies":[{"embeddable":true,"href":"https:\/\/tutuapps.online\/ro\/wp-json\/wp\/v2\/comments?post=105"}],"version-history":[{"count":0,"href":"https:\/\/tutuapps.online\/ro\/wp-json\/wp\/v2\/pages\/105\/revisions"}],"wp:featuredmedia":[{"embeddable":true,"href":"https:\/\/tutuapps.online\/ro\/wp-json\/wp\/v2\/media\/2397"}],"wp:attachment":[{"href":"https:\/\/tutuapps.online\/ro\/wp-json\/wp\/v2\/media?parent=105"}],"curies":[{"name":"wp","href":"https:\/\/api.w.org\/{rel}","templated":true}]}}