{"id":86,"date":"2018-08-23T12:26:40","date_gmt":"2018-08-23T12:26:40","guid":{"rendered":"http:\/\/tutuapps.online\/?page_id=86"},"modified":"2021-04-06T12:58:37","modified_gmt":"2021-04-06T12:58:37","slug":"pc","status":"publish","type":"page","link":"https:\/\/tutuapps.online\/es\/pc\/","title":{"rendered":"TutuApp PC"},"content":{"rendered":"<p><strong>TutuApp<\/strong> PC es una de las tiendas de aplicaciones de terceros m\u00e1s conocidas del mundo y su popularidad va en aumento, registrando miles de descargas cada d\u00eda.<\/p>\n\n\n\n<p>TutuApp PC tiene muchas caracter\u00edsticas que lo hacen tan popular como una tienda de aplicaciones de terceros. TutuApp ofrece aplicaciones para casi todos los dispositivos y adem\u00e1s de forma gratuita.<\/p>\n\n\n\n<p>TutuApp se desarroll\u00f3 originalmente para dispositivos Android (<a href=\"https:\/\/tutuapps.online\/es\/android\/\"><strong>Descargar para Android<\/strong><\/a>) y permite a los usuarios descargar y utilizar f\u00e1cilmente aplicaciones de pago; y ahora la tienda de aplicaciones TutuApp est\u00e1 disponible tanto para iOS (<a href=\"https:\/\/tutuapps.online\/es\/ios\/\"><strong>Descargar para iOS<\/strong><\/a>) y para PC con Windows.<\/p>\n\n\n\n<div class=\"wp-block-image\"><figure class=\"aligncenter\"><img wpfc-lazyload-disable=\"true\" decoding=\"async\" width=\"210\" height=\"232\" data-src=\"https:\/\/tutuapps.online\/wp-content\/uploads\/2018\/08\/tutuapp-pc.png\" alt=\"tutuapp-pc\" class=\"wp-image-90 lazyload\" src=\"data:image\/svg+xml;base64,PHN2ZyB3aWR0aD0iMSIgaGVpZ2h0PSIxIiB4bWxucz0iaHR0cDovL3d3dy53My5vcmcvMjAwMC9zdmciPjwvc3ZnPg==\" style=\"--smush-placeholder-width: 210px; --smush-placeholder-aspect-ratio: 210\/232;\" \/><\/figure><\/div>\n\n\n\n<h2 class=\"wp-block-heading\">Caracter\u00edsticas de TutuApp para PC<\/h2>\n\n\n\n<p>A continuaci\u00f3n se muestra una lista de todas las caracter\u00edsticas de TutuApp PC App Store para saber m\u00e1s acerca de por qu\u00e9 esta aplicaci\u00f3n es tan popular.<\/p>\n\n\n\n<ol class=\"wp-block-list\"><li>La tienda de aplicaciones para PC TutuApp est\u00e1 disponible para casi todos los sistemas operativos y TutuApp ofrece aplicaciones para Android, iOS y Windows. Tambi\u00e9n puedes descargar aplicaciones para diferentes sistemas operativos utilizando TutuApp en cualquiera de estos dispositivos.<\/li><li>Todas las aplicaciones que ves en la tienda de aplicaciones TutuApp, as\u00ed como TutuApp, son gratuitas para todos los dispositivos. Puedes descargar todas las aplicaciones de pago de forma gratuita en tu dispositivo y utilizar TutuApp en tu PC para descargar aplicaciones para tus otros dispositivos.<\/li><li>TutuApp para PC tambi\u00e9n ofrece juegos, m\u00fasica y otros contenidos multimedia gratuitos para todos los dispositivos.<\/li><li>No necesitas tener un tel\u00e9fono Android \"rooteado\" o un dispositivo iOS con jailbreak para usar la tienda de aplicaciones TutuApp en tu dispositivo. Se proporcionan 2 versiones separadas para todos los sistemas operativos para que pueda utilizar esta tienda de aplicaciones en casi cualquier dispositivo.<\/li><li>TutuApp est\u00e1 en chino, pero puedes utilizar la aplicaci\u00f3n Google Translate para averiguar qu\u00e9 significan las opciones de la tienda de aplicaciones y navegar f\u00e1cilmente por la aplicaci\u00f3n para encontrar las aplicaciones y juegos que buscas.<\/li><\/ol>\n\n\n\n<h2 class=\"wp-block-heading\">M\u00e9todo de instalaci\u00f3n 1 :<\/h2>\n\n\n\n<p>La siguiente gu\u00eda paso a paso te explicar\u00e1 c\u00f3mo descargar e instalar TutuApp para PC.<\/p>\n\n\n\n<div class=\"wp-block-image\"><figure class=\"aligncenter\"><img wpfc-lazyload-disable=\"true\" decoding=\"async\" width=\"752\" height=\"446\" data-src=\"https:\/\/tutuapps.online\/wp-content\/uploads\/2018\/08\/tutuapp-pour-pc.jpg\" alt=\"tutuapp-para-pc\" class=\"wp-image-88 lazyload\" data-srcset=\"https:\/\/tutuapps.online\/wp-content\/uploads\/2018\/08\/tutuapp-pour-pc.jpg 752w, https:\/\/tutuapps.online\/wp-content\/uploads\/2018\/08\/tutuapp-pour-pc-300x178.jpg 300w\" data-sizes=\"(max-width: 752px) 100vw, 752px\" src=\"data:image\/svg+xml;base64,PHN2ZyB3aWR0aD0iMSIgaGVpZ2h0PSIxIiB4bWxucz0iaHR0cDovL3d3dy53My5vcmcvMjAwMC9zdmciPjwvc3ZnPg==\" style=\"--smush-placeholder-width: 752px; --smush-placeholder-aspect-ratio: 752\/446;\" \/><\/figure><\/div>\n\n\n\n<ol class=\"wp-block-list\"><li><strong><a href=\"https:\/\/tutuapps.online\/es\/descargar-tutuapp\/\">Descargar el archivo .exe<\/a><\/strong>.<\/li><li>La aplicaci\u00f3n descargada aparecer\u00e1 en la barra de notificaciones. Haga clic en ella e inicie el software.<\/li><li>A continuaci\u00f3n, se le presentar\u00e1n instrucciones sobre c\u00f3mo instalar el software en su PC. Siga esta gu\u00eda en l\u00ednea para instalar correctamente el software en su PC.<\/li><li>Acepte todos los \"T\u00e9rminos y condiciones\" y haga clic en \"Hecho\" para completar el \u00faltimo paso de la instalaci\u00f3n.<\/li><li>Una vez completada la instalaci\u00f3n, TutuApp aparecer\u00e1 en tu escritorio. Haz clic en este icono para abrir TutuApp. Despu\u00e9s de abrirlo, puedes navegar por la aplicaci\u00f3n para encontrar tus aplicaciones favoritas.<\/li><\/ol>\n\n\n\n<h2 class=\"wp-block-heading\">M\u00e9todo de instalaci\u00f3n 2 :<\/h2>\n\n\n\n<p>Para descargar la aplicaci\u00f3n TutuApp para PC, siga las instrucciones paso a paso que se indican a continuaci\u00f3n.<\/p>\n\n\n\n<ol class=\"wp-block-list\"><li><a href=\"https:\/\/tutuapps.online\/es\/apk\/\"><strong>Descargar TutuApp.apk<\/strong><\/a>.<\/li><li>Descarga el emulador de Android BlueStacks.<\/li><li>Localiza el instalador de TutuApp.apk descargado de BlueStacks e inst\u00e1lalo en tu ordenador.<\/li><li>Abre la tienda de aplicaciones TutuApp en tu ordenador y utiliza Google Translate para entender qu\u00e9 significan los botones de la aplicaci\u00f3n.<\/li><li>Encuentra las aplicaciones y juegos que quieras en la tienda de aplicaciones para PC de TutuApp y descarga un n\u00famero ilimitado de aplicaciones gratuitas. Tambi\u00e9n puedes utilizar tu PC para descargar aplicaciones y juegos para otros dispositivos.<\/li><\/ol>\n\n\n\n<p><span style=\"color: #181c3e;\"><strong>Tambi\u00e9n le puede interesar<\/strong><\/span><\/p>\n\n\n\n<ul class=\"wp-block-list\"><li><a rel=\"noopener noreferrer\" href=\"https:\/\/tutuapps.online\/es\/descargar-tutuapp\/\" target=\"_blank\"><strong>Descargar TutuApp<\/strong><\/a><\/li><li><a rel=\"noopener noreferrer\" href=\"https:\/\/tutuapps.online\/es\/deezer-plus\/\" target=\"_blank\"><strong>TutuApp Deezer++<\/strong><\/a><\/li><li><strong><a rel=\"noopener noreferrer\" href=\"https:\/\/tutuapps.online\/es\/ios\/\" target=\"_blank\">TutuApp iOS<\/a><\/strong><\/li><li><a rel=\"noopener noreferrer\" href=\"https:\/\/tutuapps.online\/es\/aplicaciones-como-tutuapp\/\" target=\"_blank\"><strong>Aplicaciones como TutuApp<\/strong><\/a><\/li><li><a rel=\"noopener noreferrer\" href=\"https:\/\/tutuapps.online\/es\/\" target=\"_blank\"><strong>TutuApp | Android \/ iOS<\/strong><\/a><\/li><li><a rel=\"noopener noreferrer\" href=\"https:\/\/tutuapps.online\/es\/apk\/\" target=\"_blank\"><strong>TutuApp APK<\/strong><\/a><\/li><li><a rel=\"noopener noreferrer\" href=\"https:\/\/tutuapps.online\/es\/tutuapp-ya-no-funciona\/\" target=\"_blank\"><strong>\u00bfNo funciona TutuApp?<\/strong><\/a><\/li><li><a rel=\"noopener noreferrer\" href=\"https:\/\/tutuapps.online\/es\/pokemon-go\/\" target=\"_blank\"><strong>TutuApp Pok\u00e9mon GO<\/strong><\/a><\/li><li><a rel=\"noopener noreferrer\" href=\"https:\/\/tutuapps.online\/es\/regular\/\" target=\"_blank\"><strong>TutuApp Regular<\/strong><\/a><\/li><li><a rel=\"noopener noreferrer\" href=\"https:\/\/tutuapps.online\/es\/vip\/\" target=\"_blank\"><strong>TutuApp VIP<\/strong><\/a><\/li><li><a rel=\"noopener noreferrer\" href=\"https:\/\/tutuapps.online\/es\/android\/\" target=\"_blank\"><strong>TutuApp Android<\/strong><\/a><\/li><li><a rel=\"noopener noreferrer\" href=\"https:\/\/tutuapps.online\/es\/tutu-helper\/\" target=\"_blank\"><strong>Ayudante de tut\u00fa<\/strong><\/a><\/li><li><a rel=\"noopener noreferrer\" href=\"https:\/\/tutuapps.online\/es\/spotify-plus\/\" target=\"_blank\"><strong>Spotify++<\/strong><\/a><\/li><li><a rel=\"noopener noreferrer\" href=\"https:\/\/tutuapps.online\/es\/nesstool\/\" target=\"_blank\"><strong>NessTool<\/strong><\/a><\/li><\/ul>\n\n\n\n<div style=\"height:20px\" aria-hidden=\"true\" class=\"wp-block-spacer\"><\/div>","protected":false},"excerpt":{"rendered":"<p>TutuApp PC es una de las tiendas de aplicaciones de terceros m\u00e1s conocidas del mundo y su popularidad va en aumento, registrando miles de descargas cada d\u00eda. TutuApp PC tiene muchas caracter\u00edsticas que la hacen tan popular como una tienda de aplicaciones de terceros. TutuApp ofrece aplicaciones para casi todos los dispositivos y adem\u00e1s de forma gratuita. TutuApp fue desarrollado ... <a title=\"TutuApp PC\" class=\"read-more\" href=\"https:\/\/tutuapps.online\/es\/pc\/\" aria-label=\"M\u00e1s informaci\u00f3n sobre TutuApp PC\">Seguir leyendo<\/a><\/p>","protected":false},"author":1,"featured_media":2400,"parent":0,"menu_order":0,"comment_status":"closed","ping_status":"closed","template":"","meta":{"generate_page_header":"","footnotes":""},"class_list":["post-86","page","type-page","status-publish","has-post-thumbnail"],"yoast_head":"<!-- This site is optimized with the Yoast SEO plugin v26.5 - https:\/\/yoast.com\/wordpress\/plugins\/seo\/ -->\n<title>\u25b7 T\u00e9l\u00e9charger TUTUAPP pour PC \u3010 \u221a 2026 \u3011<\/title>\n<meta name=\"description\" content=\"I\u27a8 TutuApp PC est l&#039;un des magasins d&#039;applications tierces les plus populaires au monde et gagne en popularit\u00e9 \u2705 Apprenez ici comment ...\" \/>\n<meta name=\"robots\" content=\"index, follow, max-snippet:-1, max-image-preview:large, max-video-preview:-1\" \/>\n<link rel=\"canonical\" href=\"https:\/\/tutuapps.online\/es\/pc\/\" \/>\n<meta property=\"og:locale\" content=\"es_MX\" \/>\n<meta property=\"og:type\" content=\"article\" \/>\n<meta property=\"og:title\" content=\"\u25b7 T\u00e9l\u00e9charger TUTUAPP pour PC \u3010 \u221a 2026 \u3011\" \/>\n<meta property=\"og:description\" content=\"I\u27a8 TutuApp PC est l&#039;un des magasins d&#039;applications tierces les plus populaires au monde et gagne en popularit\u00e9 \u2705 Apprenez ici comment ...\" \/>\n<meta property=\"og:url\" content=\"https:\/\/tutuapps.online\/es\/pc\/\" \/>\n<meta property=\"og:site_name\" content=\"TutuApps.online\" \/>\n<meta property=\"article:modified_time\" content=\"2021-04-06T12:58:37+00:00\" \/>\n<meta property=\"og:image\" content=\"https:\/\/tutuapps.online\/wp-content\/uploads\/2018\/08\/tutuapp-pc.png\" \/>\n<meta name=\"twitter:card\" content=\"summary_large_image\" \/>\n<meta name=\"twitter:label1\" content=\"Tiempo de lectura\" \/>\n\t<meta name=\"twitter:data1\" content=\"3 minutos\" \/>\n<script type=\"application\/ld+json\" class=\"yoast-schema-graph\">{\"@context\":\"https:\/\/schema.org\",\"@graph\":[{\"@type\":\"WebPage\",\"@id\":\"https:\/\/tutuapps.online\/pc\/\",\"url\":\"https:\/\/tutuapps.online\/pc\/\",\"name\":\"\u25b7 T\u00e9l\u00e9charger TUTUAPP pour PC \u3010 \u221a 2026 \u3011\",\"isPartOf\":{\"@id\":\"https:\/\/tutuapps.online\/#website\"},\"primaryImageOfPage\":{\"@id\":\"https:\/\/tutuapps.online\/pc\/#primaryimage\"},\"image\":{\"@id\":\"https:\/\/tutuapps.online\/pc\/#primaryimage\"},\"thumbnailUrl\":\"https:\/\/tutuapps.online\/wp-content\/uploads\/2023\/04\/tutuapp-pc.jpg\",\"datePublished\":\"2018-08-23T12:26:40+00:00\",\"dateModified\":\"2021-04-06T12:58:37+00:00\",\"description\":\"I\u27a8 TutuApp PC est l'un des magasins d'applications tierces les plus populaires au monde et gagne en popularit\u00e9 \u2705 Apprenez ici comment ...\",\"breadcrumb\":{\"@id\":\"https:\/\/tutuapps.online\/pc\/#breadcrumb\"},\"inLanguage\":\"es\",\"potentialAction\":[{\"@type\":\"ReadAction\",\"target\":[\"https:\/\/tutuapps.online\/pc\/\"]}]},{\"@type\":\"ImageObject\",\"inLanguage\":\"es\",\"@id\":\"https:\/\/tutuapps.online\/pc\/#primaryimage\",\"url\":\"https:\/\/tutuapps.online\/wp-content\/uploads\/2023\/04\/tutuapp-pc.jpg\",\"contentUrl\":\"https:\/\/tutuapps.online\/wp-content\/uploads\/2023\/04\/tutuapp-pc.jpg\",\"width\":1004,\"height\":735},{\"@type\":\"BreadcrumbList\",\"@id\":\"https:\/\/tutuapps.online\/pc\/#breadcrumb\",\"itemListElement\":[{\"@type\":\"ListItem\",\"position\":1,\"name\":\"Portada\",\"item\":\"https:\/\/tutuapps.online\/\"},{\"@type\":\"ListItem\",\"position\":2,\"name\":\"TutuApp PC\"}]},{\"@type\":\"WebSite\",\"@id\":\"https:\/\/tutuapps.online\/#website\",\"url\":\"https:\/\/tutuapps.online\/\",\"name\":\"TutuApps.online\",\"description\":\"T\u00e9l\u00e9charger pour iOS, Android, PC\",\"publisher\":{\"@id\":\"https:\/\/tutuapps.online\/#organization\"},\"potentialAction\":[{\"@type\":\"SearchAction\",\"target\":{\"@type\":\"EntryPoint\",\"urlTemplate\":\"https:\/\/tutuapps.online\/?s={search_term_string}\"},\"query-input\":{\"@type\":\"PropertyValueSpecification\",\"valueRequired\":true,\"valueName\":\"search_term_string\"}}],\"inLanguage\":\"es\"},{\"@type\":\"Organization\",\"@id\":\"https:\/\/tutuapps.online\/#organization\",\"name\":\"Tutuapps Online\",\"url\":\"https:\/\/tutuapps.online\/\",\"logo\":{\"@type\":\"ImageObject\",\"inLanguage\":\"es\",\"@id\":\"https:\/\/tutuapps.online\/#\/schema\/logo\/image\/\",\"url\":\"https:\/\/tutuapps.online\/wp-content\/uploads\/2022\/01\/tutuapps-online.png\",\"contentUrl\":\"https:\/\/tutuapps.online\/wp-content\/uploads\/2022\/01\/tutuapps-online.png\",\"width\":337,\"height\":94,\"caption\":\"Tutuapps Online\"},\"image\":{\"@id\":\"https:\/\/tutuapps.online\/#\/schema\/logo\/image\/\"}}]}<\/script>\n<!-- \/ Yoast SEO plugin. -->","yoast_head_json":{"title":"\u25b7 T\u00e9l\u00e9charger TUTUAPP pour PC \u3010 \u221a 2026 \u3011","description":"I\u27a8 TutuApp PC est l'un des magasins d'applications tierces les plus populaires au monde et gagne en popularit\u00e9 \u2705 Apprenez ici comment ...","robots":{"index":"index","follow":"follow","max-snippet":"max-snippet:-1","max-image-preview":"max-image-preview:large","max-video-preview":"max-video-preview:-1"},"canonical":"https:\/\/tutuapps.online\/es\/pc\/","og_locale":"es_MX","og_type":"article","og_title":"\u25b7 T\u00e9l\u00e9charger TUTUAPP pour PC \u3010 \u221a 2026 \u3011","og_description":"I\u27a8 TutuApp PC est l'un des magasins d'applications tierces les plus populaires au monde et gagne en popularit\u00e9 \u2705 Apprenez ici comment ...","og_url":"https:\/\/tutuapps.online\/es\/pc\/","og_site_name":"TutuApps.online","article_modified_time":"2021-04-06T12:58:37+00:00","og_image":[{"url":"https:\/\/tutuapps.online\/wp-content\/uploads\/2018\/08\/tutuapp-pc.png","type":"","width":"","height":""}],"twitter_card":"summary_large_image","twitter_misc":{"Tiempo de lectura":"3 minutos"},"schema":{"@context":"https:\/\/schema.org","@graph":[{"@type":"WebPage","@id":"https:\/\/tutuapps.online\/pc\/","url":"https:\/\/tutuapps.online\/pc\/","name":"\u25b7 T\u00e9l\u00e9charger TUTUAPP pour PC \u3010 \u221a 2026 \u3011","isPartOf":{"@id":"https:\/\/tutuapps.online\/#website"},"primaryImageOfPage":{"@id":"https:\/\/tutuapps.online\/pc\/#primaryimage"},"image":{"@id":"https:\/\/tutuapps.online\/pc\/#primaryimage"},"thumbnailUrl":"https:\/\/tutuapps.online\/wp-content\/uploads\/2023\/04\/tutuapp-pc.jpg","datePublished":"2018-08-23T12:26:40+00:00","dateModified":"2021-04-06T12:58:37+00:00","description":"I\u27a8 TutuApp PC est l'un des magasins d'applications tierces les plus populaires au monde et gagne en popularit\u00e9 \u2705 Apprenez ici comment ...","breadcrumb":{"@id":"https:\/\/tutuapps.online\/pc\/#breadcrumb"},"inLanguage":"es","potentialAction":[{"@type":"ReadAction","target":["https:\/\/tutuapps.online\/pc\/"]}]},{"@type":"ImageObject","inLanguage":"es","@id":"https:\/\/tutuapps.online\/pc\/#primaryimage","url":"https:\/\/tutuapps.online\/wp-content\/uploads\/2023\/04\/tutuapp-pc.jpg","contentUrl":"https:\/\/tutuapps.online\/wp-content\/uploads\/2023\/04\/tutuapp-pc.jpg","width":1004,"height":735},{"@type":"BreadcrumbList","@id":"https:\/\/tutuapps.online\/pc\/#breadcrumb","itemListElement":[{"@type":"ListItem","position":1,"name":"Portada","item":"https:\/\/tutuapps.online\/"},{"@type":"ListItem","position":2,"name":"TutuApp PC"}]},{"@type":"WebSite","@id":"https:\/\/tutuapps.online\/#website","url":"https:\/\/tutuapps.online\/","name":"TutuApps.online","description":"T\u00e9l\u00e9charger pour iOS, Android, PC","publisher":{"@id":"https:\/\/tutuapps.online\/#organization"},"potentialAction":[{"@type":"SearchAction","target":{"@type":"EntryPoint","urlTemplate":"https:\/\/tutuapps.online\/?s={search_term_string}"},"query-input":{"@type":"PropertyValueSpecification","valueRequired":true,"valueName":"search_term_string"}}],"inLanguage":"es"},{"@type":"Organization","@id":"https:\/\/tutuapps.online\/#organization","name":"Tutuapps Online","url":"https:\/\/tutuapps.online\/","logo":{"@type":"ImageObject","inLanguage":"es","@id":"https:\/\/tutuapps.online\/#\/schema\/logo\/image\/","url":"https:\/\/tutuapps.online\/wp-content\/uploads\/2022\/01\/tutuapps-online.png","contentUrl":"https:\/\/tutuapps.online\/wp-content\/uploads\/2022\/01\/tutuapps-online.png","width":337,"height":94,"caption":"Tutuapps Online"},"image":{"@id":"https:\/\/tutuapps.online\/#\/schema\/logo\/image\/"}}]}},"_links":{"self":[{"href":"https:\/\/tutuapps.online\/es\/wp-json\/wp\/v2\/pages\/86","targetHints":{"allow":["GET"]}}],"collection":[{"href":"https:\/\/tutuapps.online\/es\/wp-json\/wp\/v2\/pages"}],"about":[{"href":"https:\/\/tutuapps.online\/es\/wp-json\/wp\/v2\/types\/page"}],"author":[{"embeddable":true,"href":"https:\/\/tutuapps.online\/es\/wp-json\/wp\/v2\/users\/1"}],"replies":[{"embeddable":true,"href":"https:\/\/tutuapps.online\/es\/wp-json\/wp\/v2\/comments?post=86"}],"version-history":[{"count":0,"href":"https:\/\/tutuapps.online\/es\/wp-json\/wp\/v2\/pages\/86\/revisions"}],"wp:featuredmedia":[{"embeddable":true,"href":"https:\/\/tutuapps.online\/es\/wp-json\/wp\/v2\/media\/2400"}],"wp:attachment":[{"href":"https:\/\/tutuapps.online\/es\/wp-json\/wp\/v2\/media?parent=86"}],"curies":[{"name":"wp","href":"https:\/\/api.w.org\/{rel}","templated":true}]}}