{"id":83,"date":"2018-08-23T11:26:41","date_gmt":"2018-08-23T11:26:41","guid":{"rendered":"http:\/\/tutuapps.online\/?page_id=83"},"modified":"2021-04-06T12:57:57","modified_gmt":"2021-04-06T12:57:57","slug":"android","status":"publish","type":"page","link":"https:\/\/tutuapps.online\/es\/android\/","title":{"rendered":"TutuApp Android"},"content":{"rendered":"<p><a href=\"https:\/\/tutuapps.online\/es\/\"><strong>TutuApp<\/strong><\/a> Android es una de las tiendas de aplicaciones de terceros m\u00e1s populares del mundo, donde puedes encontrar casi cualquier aplicaci\u00f3n popular para tu dispositivo Android.<\/p>\n<p>TutuApp se desarroll\u00f3 originalmente para dispositivos Android, pero ahora est\u00e1 disponible para casi todas las plataformas.<\/p>\n<p>Lo mejor de TutuApp Android, y lo que la diferencia de la tienda oficial de Google, es que todas las aplicaciones que ves en la tienda de aplicaciones de TutuApp est\u00e1n disponibles para su descarga e instalaci\u00f3n gratuitas.<\/p>\n<p><img wpfc-lazyload-disable=\"true\" decoding=\"async\" class=\"aligncenter size-full wp-image-84 lazyload\" data-src=\"https:\/\/tutuapps.online\/wp-content\/uploads\/2018\/08\/tutuapp-android.png\" alt=\"tutuapp-android\" width=\"210\" height=\"232\" src=\"data:image\/svg+xml;base64,PHN2ZyB3aWR0aD0iMSIgaGVpZ2h0PSIxIiB4bWxucz0iaHR0cDovL3d3dy53My5vcmcvMjAwMC9zdmciPjwvc3ZnPg==\" style=\"--smush-placeholder-width: 210px; --smush-placeholder-aspect-ratio: 210\/232;\" \/><\/p>\n<h2>Funciones de TutuApp para Android<\/h2>\n<p>Muchas caracter\u00edsticas hacen de TutuApp una de las mejores tiendas de aplicaciones de terceros del mundo. A continuaci\u00f3n se muestra una lista de las principales caracter\u00edsticas de TutuApp.<\/p>\n<ul>\n<li>TutuApp dispone de una barra de b\u00fasqueda muy precisa que puedes utilizar para encontrar la aplicaci\u00f3n deseada y descargarla sin perder tiempo.<\/li>\n<li>TutuApp proporciona todas las aplicaciones sin coste alguno para sus usuarios, cada aplicaci\u00f3n o juego de la tienda de aplicaciones TutuApp est\u00e1 disponible para su descarga e instalaci\u00f3n gratuitas.<\/li>\n<li>La tienda de aplicaciones Android de TutuApp no s\u00f3lo se limita a aplicaciones y juegos gratuitos, sino que tambi\u00e9n puedes descargar libros electr\u00f3nicos gratis, m\u00fasica gratis y muchos m\u00e1s contenidos multimedia sin tener que pagar por ellos.<\/li>\n<li>No necesitas un dispositivo Android \"rooteado\" para utilizar la tienda de aplicaciones TutuApp en tu smartphone, TutuApp tambi\u00e9n funcionar\u00e1 en un smartphone Android normal.<\/li>\n<li>TutuApp tiene una barra de herramientas que te permite establecer alarmas, recordatorios, acceder o cambiar horarios, etc. TutuApp incluso tiene incorporado un software de limpieza que puede ayudarte a limpiar el exceso de archivos no utilizados, o la memoria RAM para mantener tu dispositivo funcionando sin problemas.<\/li>\n<li>La aplicaci\u00f3n TutuApp s\u00f3lo incluye el idioma chino, por lo que los usuarios tendr\u00e1n que utilizar la aplicaci\u00f3n Google Translate para entender las instrucciones de la aplicaci\u00f3n o ver las im\u00e1genes para comprender qu\u00e9 significan las opciones.<\/li>\n<\/ul>\n<h2>Descargar TutuApp para Android<\/h2>\n<ol>\n<li><a href=\"https:\/\/tutuapps.online\/es\/descargar-tutuapp\/\"><strong>Descargar TutuApp APK<\/strong><\/a>.<\/li>\n<li>Localiza el archivo apk TutuApp descargado utilizando el gestor de archivos.<\/li>\n<li>Instala TutuApp en tu smartphone.<\/li>\n<li>Si tiene problemas para instalar la tienda de aplicaciones TutuApp en su smartphone Android, abra los ajustes del tel\u00e9fono en su dispositivo Android, vaya a \"Seguridad\" y active la opci\u00f3n \"Instalar aplicaciones de or\u00edgenes desconocidos\".<\/li>\n<li>Una vez completado con \u00e9xito el proceso de descarga, abre TutuApp desde el caj\u00f3n de aplicaciones y descarga cualquier aplicaci\u00f3n o juego gratis.<\/li>\n<\/ol>\n<p><span style=\"color: #181c3e;\"><strong>Tambi\u00e9n le puede interesar<\/strong><\/span><\/p>\n<ul>\n<li class=\"entry-title\"><a href=\"https:\/\/tutuapps.online\/es\/descargar-tutuapp\/\" target=\"_blank\" rel=\"noopener noreferrer\"><strong>Descargar TutuApp<\/strong><\/a><\/li>\n<li class=\"entry-title\"><a href=\"https:\/\/tutuapps.online\/es\/deezer-plus\/\" target=\"_blank\" rel=\"noopener noreferrer\"><strong>TutuApp Deezer++<\/strong><\/a><\/li>\n<li><strong><a href=\"https:\/\/tutuapps.online\/es\/ios\/\" target=\"_blank\" rel=\"noopener noreferrer\">TutuApp iOS<\/a><\/strong><\/li>\n<li><a href=\"https:\/\/tutuapps.online\/es\/aplicaciones-como-tutuapp\/\" target=\"_blank\" rel=\"noopener noreferrer\"><strong>Aplicaciones como TutuApp<\/strong><\/a><\/li>\n<li><a href=\"https:\/\/tutuapps.online\/es\/\" target=\"_blank\" rel=\"noopener noreferrer\"><strong>TutuApp | Android \/ iOS<\/strong><\/a><\/li>\n<li><a href=\"https:\/\/tutuapps.online\/es\/apk\/\" target=\"_blank\" rel=\"noopener noreferrer\"><strong>TutuApp APK<\/strong><\/a><\/li>\n<li><a href=\"https:\/\/tutuapps.online\/es\/tutuapp-ya-no-funciona\/\" target=\"_blank\" rel=\"noopener noreferrer\"><strong>\u00bfNo funciona TutuApp?<\/strong><\/a><\/li>\n<li><a href=\"https:\/\/tutuapps.online\/es\/pokemon-go\/\" target=\"_blank\" rel=\"noopener noreferrer\"><strong>TutuApp Pok\u00e9mon GO<\/strong><\/a><\/li>\n<li><a href=\"https:\/\/tutuapps.online\/es\/regular\/\" target=\"_blank\" rel=\"noopener noreferrer\"><strong>TutuApp Regular<\/strong><\/a><\/li>\n<li><a href=\"https:\/\/tutuapps.online\/es\/vip\/\" target=\"_blank\" rel=\"noopener noreferrer\"><strong>TutuApp VIP<\/strong><\/a><\/li>\n<\/ul>\n\n\n<div style=\"height:20px\" aria-hidden=\"true\" class=\"wp-block-spacer\"><\/div>","protected":false},"excerpt":{"rendered":"<p>TutuApp Android est l&rsquo;une des boutiques d&rsquo;applications tierces les plus populaires au monde, o\u00f9 vous pouvez trouver presque toutes les applications populaires pour votre appareil Android. TutuApp a \u00e9t\u00e9 initialement d\u00e9velopp\u00e9 pour les appareils Android, mais est maintenant disponible pour presque toutes les plates-formes. La meilleure chose \u00e0 propos de TutuApp Android, et ce qui &#8230; <a title=\"TutuApp Android\" class=\"read-more\" href=\"https:\/\/tutuapps.online\/es\/android\/\" aria-label=\"More on TutuApp Android\">Seguir leyendo<\/a><\/p>","protected":false},"author":1,"featured_media":1654,"parent":0,"menu_order":0,"comment_status":"closed","ping_status":"closed","template":"","meta":{"generate_page_header":"","footnotes":""},"class_list":["post-83","page","type-page","status-publish","has-post-thumbnail"],"yoast_head":"<!-- This site is optimized with the Yoast SEO plugin v26.5 - https:\/\/yoast.com\/wordpress\/plugins\/seo\/ -->\n<title>\u25b7 T\u00e9l\u00e9charger TUTUAPP pour Android \u3010 \u221a 2026 \u3011<\/title>\n<meta name=\"description\" content=\"I\u27a8 TutuApp Android est l&#039;un des app stores tiers les plus populaires au monde \u2705 Vous pouvez trouver presque toutes les applications que ...\" \/>\n<meta name=\"robots\" content=\"index, follow, max-snippet:-1, max-image-preview:large, max-video-preview:-1\" \/>\n<link rel=\"canonical\" href=\"https:\/\/tutuapps.online\/es\/android\/\" \/>\n<meta property=\"og:locale\" content=\"es_MX\" \/>\n<meta property=\"og:type\" content=\"article\" \/>\n<meta property=\"og:title\" content=\"\u25b7 T\u00e9l\u00e9charger TUTUAPP pour Android \u3010 \u221a 2026 \u3011\" \/>\n<meta property=\"og:description\" content=\"I\u27a8 TutuApp Android est l&#039;un des app stores tiers les plus populaires au monde \u2705 Vous pouvez trouver presque toutes les applications que ...\" \/>\n<meta property=\"og:url\" content=\"https:\/\/tutuapps.online\/es\/android\/\" \/>\n<meta property=\"og:site_name\" content=\"TutuApps.online\" \/>\n<meta property=\"article:modified_time\" content=\"2021-04-06T12:57:57+00:00\" \/>\n<meta property=\"og:image\" content=\"https:\/\/tutuapps.online\/wp-content\/uploads\/2020\/03\/tutuapp-pour-android-devices.png\" \/>\n\t<meta property=\"og:image:width\" content=\"210\" \/>\n\t<meta property=\"og:image:height\" content=\"232\" \/>\n\t<meta property=\"og:image:type\" content=\"image\/png\" \/>\n<meta name=\"twitter:card\" content=\"summary_large_image\" \/>\n<meta name=\"twitter:label1\" content=\"Tiempo de lectura\" \/>\n\t<meta name=\"twitter:data1\" content=\"3 minutos\" \/>\n<script type=\"application\/ld+json\" class=\"yoast-schema-graph\">{\"@context\":\"https:\/\/schema.org\",\"@graph\":[{\"@type\":\"WebPage\",\"@id\":\"https:\/\/tutuapps.online\/android\/\",\"url\":\"https:\/\/tutuapps.online\/android\/\",\"name\":\"\u25b7 T\u00e9l\u00e9charger TUTUAPP pour Android \u3010 \u221a 2026 \u3011\",\"isPartOf\":{\"@id\":\"https:\/\/tutuapps.online\/#website\"},\"primaryImageOfPage\":{\"@id\":\"https:\/\/tutuapps.online\/android\/#primaryimage\"},\"image\":{\"@id\":\"https:\/\/tutuapps.online\/android\/#primaryimage\"},\"thumbnailUrl\":\"https:\/\/tutuapps.online\/wp-content\/uploads\/2020\/03\/tutuapp-pour-android-devices.png\",\"datePublished\":\"2018-08-23T11:26:41+00:00\",\"dateModified\":\"2021-04-06T12:57:57+00:00\",\"description\":\"I\u27a8 TutuApp Android est l'un des app stores tiers les plus populaires au monde \u2705 Vous pouvez trouver presque toutes les applications que ...\",\"breadcrumb\":{\"@id\":\"https:\/\/tutuapps.online\/android\/#breadcrumb\"},\"inLanguage\":\"es\",\"potentialAction\":[{\"@type\":\"ReadAction\",\"target\":[\"https:\/\/tutuapps.online\/android\/\"]}]},{\"@type\":\"ImageObject\",\"inLanguage\":\"es\",\"@id\":\"https:\/\/tutuapps.online\/android\/#primaryimage\",\"url\":\"https:\/\/tutuapps.online\/wp-content\/uploads\/2020\/03\/tutuapp-pour-android-devices.png\",\"contentUrl\":\"https:\/\/tutuapps.online\/wp-content\/uploads\/2020\/03\/tutuapp-pour-android-devices.png\",\"width\":210,\"height\":232,\"caption\":\"tutuapp-pour-android-telecharger\"},{\"@type\":\"BreadcrumbList\",\"@id\":\"https:\/\/tutuapps.online\/android\/#breadcrumb\",\"itemListElement\":[{\"@type\":\"ListItem\",\"position\":1,\"name\":\"Portada\",\"item\":\"https:\/\/tutuapps.online\/\"},{\"@type\":\"ListItem\",\"position\":2,\"name\":\"TutuApp Android\"}]},{\"@type\":\"WebSite\",\"@id\":\"https:\/\/tutuapps.online\/#website\",\"url\":\"https:\/\/tutuapps.online\/\",\"name\":\"TutuApps.online\",\"description\":\"T\u00e9l\u00e9charger pour iOS, Android, PC\",\"publisher\":{\"@id\":\"https:\/\/tutuapps.online\/#organization\"},\"potentialAction\":[{\"@type\":\"SearchAction\",\"target\":{\"@type\":\"EntryPoint\",\"urlTemplate\":\"https:\/\/tutuapps.online\/?s={search_term_string}\"},\"query-input\":{\"@type\":\"PropertyValueSpecification\",\"valueRequired\":true,\"valueName\":\"search_term_string\"}}],\"inLanguage\":\"es\"},{\"@type\":\"Organization\",\"@id\":\"https:\/\/tutuapps.online\/#organization\",\"name\":\"Tutuapps Online\",\"url\":\"https:\/\/tutuapps.online\/\",\"logo\":{\"@type\":\"ImageObject\",\"inLanguage\":\"es\",\"@id\":\"https:\/\/tutuapps.online\/#\/schema\/logo\/image\/\",\"url\":\"https:\/\/tutuapps.online\/wp-content\/uploads\/2022\/01\/tutuapps-online.png\",\"contentUrl\":\"https:\/\/tutuapps.online\/wp-content\/uploads\/2022\/01\/tutuapps-online.png\",\"width\":337,\"height\":94,\"caption\":\"Tutuapps Online\"},\"image\":{\"@id\":\"https:\/\/tutuapps.online\/#\/schema\/logo\/image\/\"}}]}<\/script>\n<!-- \/ Yoast SEO plugin. -->","yoast_head_json":{"title":"\u25b7 T\u00e9l\u00e9charger TUTUAPP pour Android \u3010 \u221a 2026 \u3011","description":"I\u27a8 TutuApp Android est l'un des app stores tiers les plus populaires au monde \u2705 Vous pouvez trouver presque toutes les applications que ...","robots":{"index":"index","follow":"follow","max-snippet":"max-snippet:-1","max-image-preview":"max-image-preview:large","max-video-preview":"max-video-preview:-1"},"canonical":"https:\/\/tutuapps.online\/es\/android\/","og_locale":"es_MX","og_type":"article","og_title":"\u25b7 T\u00e9l\u00e9charger TUTUAPP pour Android \u3010 \u221a 2026 \u3011","og_description":"I\u27a8 TutuApp Android est l'un des app stores tiers les plus populaires au monde \u2705 Vous pouvez trouver presque toutes les applications que ...","og_url":"https:\/\/tutuapps.online\/es\/android\/","og_site_name":"TutuApps.online","article_modified_time":"2021-04-06T12:57:57+00:00","og_image":[{"width":210,"height":232,"url":"https:\/\/tutuapps.online\/wp-content\/uploads\/2020\/03\/tutuapp-pour-android-devices.png","type":"image\/png"}],"twitter_card":"summary_large_image","twitter_misc":{"Tiempo de lectura":"3 minutos"},"schema":{"@context":"https:\/\/schema.org","@graph":[{"@type":"WebPage","@id":"https:\/\/tutuapps.online\/android\/","url":"https:\/\/tutuapps.online\/android\/","name":"\u25b7 T\u00e9l\u00e9charger TUTUAPP pour Android \u3010 \u221a 2026 \u3011","isPartOf":{"@id":"https:\/\/tutuapps.online\/#website"},"primaryImageOfPage":{"@id":"https:\/\/tutuapps.online\/android\/#primaryimage"},"image":{"@id":"https:\/\/tutuapps.online\/android\/#primaryimage"},"thumbnailUrl":"https:\/\/tutuapps.online\/wp-content\/uploads\/2020\/03\/tutuapp-pour-android-devices.png","datePublished":"2018-08-23T11:26:41+00:00","dateModified":"2021-04-06T12:57:57+00:00","description":"I\u27a8 TutuApp Android est l'un des app stores tiers les plus populaires au monde \u2705 Vous pouvez trouver presque toutes les applications que ...","breadcrumb":{"@id":"https:\/\/tutuapps.online\/android\/#breadcrumb"},"inLanguage":"es","potentialAction":[{"@type":"ReadAction","target":["https:\/\/tutuapps.online\/android\/"]}]},{"@type":"ImageObject","inLanguage":"es","@id":"https:\/\/tutuapps.online\/android\/#primaryimage","url":"https:\/\/tutuapps.online\/wp-content\/uploads\/2020\/03\/tutuapp-pour-android-devices.png","contentUrl":"https:\/\/tutuapps.online\/wp-content\/uploads\/2020\/03\/tutuapp-pour-android-devices.png","width":210,"height":232,"caption":"tutuapp-pour-android-telecharger"},{"@type":"BreadcrumbList","@id":"https:\/\/tutuapps.online\/android\/#breadcrumb","itemListElement":[{"@type":"ListItem","position":1,"name":"Portada","item":"https:\/\/tutuapps.online\/"},{"@type":"ListItem","position":2,"name":"TutuApp Android"}]},{"@type":"WebSite","@id":"https:\/\/tutuapps.online\/#website","url":"https:\/\/tutuapps.online\/","name":"TutuApps.online","description":"T\u00e9l\u00e9charger pour iOS, Android, PC","publisher":{"@id":"https:\/\/tutuapps.online\/#organization"},"potentialAction":[{"@type":"SearchAction","target":{"@type":"EntryPoint","urlTemplate":"https:\/\/tutuapps.online\/?s={search_term_string}"},"query-input":{"@type":"PropertyValueSpecification","valueRequired":true,"valueName":"search_term_string"}}],"inLanguage":"es"},{"@type":"Organization","@id":"https:\/\/tutuapps.online\/#organization","name":"Tutuapps Online","url":"https:\/\/tutuapps.online\/","logo":{"@type":"ImageObject","inLanguage":"es","@id":"https:\/\/tutuapps.online\/#\/schema\/logo\/image\/","url":"https:\/\/tutuapps.online\/wp-content\/uploads\/2022\/01\/tutuapps-online.png","contentUrl":"https:\/\/tutuapps.online\/wp-content\/uploads\/2022\/01\/tutuapps-online.png","width":337,"height":94,"caption":"Tutuapps Online"},"image":{"@id":"https:\/\/tutuapps.online\/#\/schema\/logo\/image\/"}}]}},"_links":{"self":[{"href":"https:\/\/tutuapps.online\/es\/wp-json\/wp\/v2\/pages\/83","targetHints":{"allow":["GET"]}}],"collection":[{"href":"https:\/\/tutuapps.online\/es\/wp-json\/wp\/v2\/pages"}],"about":[{"href":"https:\/\/tutuapps.online\/es\/wp-json\/wp\/v2\/types\/page"}],"author":[{"embeddable":true,"href":"https:\/\/tutuapps.online\/es\/wp-json\/wp\/v2\/users\/1"}],"replies":[{"embeddable":true,"href":"https:\/\/tutuapps.online\/es\/wp-json\/wp\/v2\/comments?post=83"}],"version-history":[{"count":0,"href":"https:\/\/tutuapps.online\/es\/wp-json\/wp\/v2\/pages\/83\/revisions"}],"wp:featuredmedia":[{"embeddable":true,"href":"https:\/\/tutuapps.online\/es\/wp-json\/wp\/v2\/media\/1654"}],"wp:attachment":[{"href":"https:\/\/tutuapps.online\/es\/wp-json\/wp\/v2\/media?parent=83"}],"curies":[{"name":"wp","href":"https:\/\/api.w.org\/{rel}","templated":true}]}}