{"id":64,"date":"2018-08-22T18:06:10","date_gmt":"2018-08-22T18:06:10","guid":{"rendered":"http:\/\/tutuapps.online\/?page_id=64"},"modified":"2021-04-06T12:57:21","modified_gmt":"2021-04-06T12:57:21","slug":"apk","status":"publish","type":"page","link":"https:\/\/tutuapps.online\/es\/apk\/","title":{"rendered":"TutuApp APK"},"content":{"rendered":"<p><strong>Descargar TutuApp APK<\/strong>Descarga el APK de la tienda de aplicaciones TutuApp para tu dispositivo Android y descarga un n\u00famero ilimitado de aplicaciones y juegos. <a href=\"https:\/\/tutuapps.online\/es\/\"><strong>TutuApp<\/strong><\/a> es una de las tiendas de aplicaciones de terceros para Android de m\u00e1s r\u00e1pido crecimiento en el mundo.<\/p>\n\n\n\n<p>Hay una larga lista de caracter\u00edsticas sorprendentes que hacen de TutuApp APK una de las aplicaciones de terceros favoritas en el mercado entre sus competidores, pero la mejor parte es que las aplicaciones son gratuitas.<\/p>\n\n\n\n<p>TutuApp APK ha sido desarrollado para proporcionar aplicaciones y juegos gratuitos a los usuarios de dispositivos Android que no quieren pagar por ellos.<\/p>\n\n\n\n<div class=\"wp-block-image\"><figure class=\"aligncenter\"><img wpfc-lazyload-disable=\"true\" decoding=\"async\" width=\"150\" height=\"150\" data-src=\"https:\/\/tutuapps.online\/wp-content\/uploads\/2018\/08\/tutuapp-apk.png\" alt=\"tutuapp-apk\" class=\"wp-image-68 lazyload\" src=\"data:image\/svg+xml;base64,PHN2ZyB3aWR0aD0iMSIgaGVpZ2h0PSIxIiB4bWxucz0iaHR0cDovL3d3dy53My5vcmcvMjAwMC9zdmciPjwvc3ZnPg==\" style=\"--smush-placeholder-width: 150px; --smush-placeholder-aspect-ratio: 150\/150;\" \/><\/figure><\/div>\n\n\n\n<div class=\"wp-block-button aligncenter\"><a class=\"wp-block-button__link\" href=\"https:\/\/tutuapps.online\/es\/tutuapp-ya-no-funciona\/\"><strong><em>Tutuapp no funciona<\/em><\/strong><\/a><\/div>\n\n\n\n<h2 class=\"wp-block-heading\">Caracter\u00edsticas de Tutupp APK<\/h2>\n\n\n\n<p>Echemos un vistazo a todas las caracter\u00edsticas de TutuApp APK en detalle, lea la lista a continuaci\u00f3n para obtener m\u00e1s informaci\u00f3n sobre esta tienda de aplicaciones de terceros.<\/p>\n\n\n\n<ol class=\"wp-block-list\"><li>TutuApp APK es una aplicaci\u00f3n gratuita disponible para todos los dispositivos Android, as\u00ed como todas las aplicaciones que veas en la tienda de aplicaciones de TutuApp, que tambi\u00e9n son gratuitas.<\/li><li>Tambi\u00e9n puedes descargar juegos gratis para tu dispositivo Android a trav\u00e9s de la tienda de aplicaciones TutuApp. Tambi\u00e9n puedes encontrar m\u00fasica y otros contenidos multimedia gratuitos en la tienda de aplicaciones.<\/li><li>TutuApp puede proporcionar aplicaciones y juegos para diferentes sistemas operativos, tambi\u00e9n puede utilizar la aplicaci\u00f3n TutuApp en un dispositivo para descargar aplicaciones a otro dispositivo.<\/li><li>La tienda de aplicaciones TutuApp viene precargada con una barra de herramientas que contiene casi todas las opciones y funciones \u00fatiles. Puedes gestionar recordatorios, temporizadores, relojes, alarmas, etc. utilizando la barra de herramientas integrada.<\/li><li>TutuApp APK tambi\u00e9n tiene una funci\u00f3n de limpieza que se encargar\u00e1 de los archivos adicionales que no se utilizan en su dispositivo Android. Adem\u00e1s, limpiar\u00e1 la memoria RAM, lo que har\u00e1 que tu dispositivo sea instant\u00e1neamente m\u00e1s r\u00e1pido.<\/li><li>Tenga en cuenta que la tienda de aplicaciones TutuApp est\u00e1 en chino, por lo que los usuarios tendr\u00e1n que utilizar la aplicaci\u00f3n Google Tanslate para entender lo que significan las opciones de la aplicaci\u00f3n, lo que s\u00f3lo le llevar\u00e1 un momento.<\/li><li><a href=\"https:\/\/tutuapps.online\/es\/ios\/\"><strong>TutuApp tambi\u00e9n est\u00e1 disponible para iOS<\/strong><\/a>.<\/li><\/ol>\n\n\n\n<h2 class=\"wp-block-heading\">Permisos de TutuApp<\/h2>\n\n\n\n<ol class=\"wp-block-list\"><li>Aprender de otras aplicaciones, cambiar la configuraci\u00f3n del sistema.<\/li><li>Haz fotos y v\u00eddeos.<\/li><li>Edita tus contactos, lee tus contactos.<\/li><li>Localizaci\u00f3n aproximada (basada en la red), localizaci\u00f3n precisa (GPS y basada en la red).<\/li><li>Los n\u00fameros de llamada pueden costarle dinero directamente, leer registros de llamadas, leer el estado y la identidad del tel\u00e9fono, redirigir llamadas salientes, escribir registros de llamadas.<\/li><li>Lee tus mensajes de texto (SMS o MMS), recibe mensajes de texto (SMS), env\u00eda y visualiza mensajes SMS y lee el contenido de tu tarjeta SD.<\/li><\/ol>\n\n\n\n<p>Si est\u00e1s buscando una forma de descargar TutuApp, entonces est\u00e1s en la p\u00e1gina correcta. TutuApp no es una herramienta de hacking o una aplicaci\u00f3n, pero es una herramienta auxiliar que ayuda a los jugadores a conseguir sus juegos de pago como Muzhiwan gratis.<\/p>\n\n\n\n<p>As\u00ed que vamos a decirle acerca de la aplicaci\u00f3n Tutu Helper y la \u00faltima TutuApp APK a continuaci\u00f3n.<\/p>\n\n\n\n<h2 class=\"wp-block-heading\">Descargar TutuApp APK para Android<\/h2>\n\n\n\n<ol class=\"wp-block-list\"><li><strong><a href=\"https:\/\/tutuapps.online\/es\/descargar-tutuapp\/\" target=\"_blank\" rel=\"noreferrer noopener\" aria-label=\"Descargar TutuApp v3.1.6 apk (abre en una nueva pesta\u00f1a)\">Descargar TutuApp v3.1.6 apk<\/a><\/strong>.<\/li><li>Abre el gestor de archivos de tu dispositivo Android y localiza el archivo descargado de TutuApp APK.<\/li><li>Instala la tienda de aplicaciones TutuApp en tu smartphone.<\/li><li>Activa la opci\u00f3n \"Instalar aplicaciones de or\u00edgenes desconocidos\" en la configuraci\u00f3n de seguridad si tienes problemas para instalar el archivo apk descargado.<\/li><li>Abre TutuApp en tu smartphone Android y utiliza Google Translate para entender las opciones de la aplicaci\u00f3n.<\/li><li>Utilice la barra de b\u00fasqueda de aplicaciones para encontrar las que desee y descargarlas gratis.<\/li><\/ol>\n\n\n\n<h2 class=\"wp-block-heading\">\u00bfC\u00f3mo instalar TutuApp APK para Android?<\/h2>\n\n\n\n<p>La aplicaci\u00f3n Tutu para Android se puede descargar desde nuestro sitio, pero antes de hacerlo, ten en cuenta que esta aplicaci\u00f3n no est\u00e1 disponible en Play Store. As\u00ed que si encuentras algo similar en Google Play Store, mantente alejado de esta aplicaci\u00f3n.<\/p>\n\n\n\n<p>Para descargar Tutu para Android, primero debes descargar Tutu APK. Tutu APK para Android est\u00e1 disponible en internet, pero ten cuidado con las p\u00e1ginas web falsas, ya que pueden ofrecerte la \u00faltima versi\u00f3n de Tutu VIP APK con virus o programas maliciosos.<\/p>\n\n\n\n<p>Aqu\u00ed te facilitamos la descarga gratuita de la \u00faltima versi\u00f3n de Tutu APK para Android. Para instalar TutuApp en Android usando TutuApp APK, necesitas habilitar \"Fuentes desconocidas\" en el men\u00fa de configuraci\u00f3n de tu dispositivo m\u00f3vil siguiendo los siguientes pasos:<\/p>\n\n\n\n<ol class=\"wp-block-list\"><li>Descarga TutuApp APK para Android aqu\u00ed.<\/li><li>Ahora ve a los ajustes de tu dispositivo y comprueba que tienes activadas las opciones que te permiten instalar aplicaciones de or\u00edgenes desconocidos.<\/li><li>Una vez activada la opci\u00f3n, abre el archivo APK de TutuApp descargado y haz clic en \"instalar\".<\/li><li>Una vez instalada la aplicaci\u00f3n, puedes abrirla inmediatamente o m\u00e1s tarde desde el caj\u00f3n de aplicaciones.<\/li><\/ol>\n\n\n\n<h2 class=\"wp-block-heading\">V\u00eddeo - TutuApp APK Android<\/h2>\n\n\n<p><center><iframe width=\"600\" height=\"355\" data-src=\"https:\/\/www.youtube.com\/embed\/iiaaXwbJ6fc\" frameborder=\"0\" allow=\"accelerometer; autoplay; encrypted-media; gyroscope; picture-in-picture\" allowfullscreen=\"\" src=\"data:image\/svg+xml;base64,PHN2ZyB3aWR0aD0iMSIgaGVpZ2h0PSIxIiB4bWxucz0iaHR0cDovL3d3dy53My5vcmcvMjAwMC9zdmciPjwvc3ZnPg==\" class=\"lazyload\" data-load-mode=\"1\"><\/iframe><\/center><\/p>\n\n\n\n<p><strong>Tambi\u00e9n le puede interesar<\/strong><\/p>\n\n\n\n<ul class=\"wp-block-list\"><li><a rel=\"noreferrer noopener\" href=\"https:\/\/tutuapps.online\/es\/descargar-tutuapp\/\" target=\"_blank\"><strong>Descargar TutuApp<\/strong><\/a><\/li><li><a rel=\"noreferrer noopener\" href=\"https:\/\/tutuapps.online\/es\/deezer-plus\/\" target=\"_blank\"><strong>TutuApp Deezer++<\/strong><\/a><\/li><li><strong><a rel=\"noreferrer noopener\" href=\"https:\/\/tutuapps.online\/es\/ios\/\" target=\"_blank\">TutuApp iOS<\/a><\/strong><\/li><li><a rel=\"noreferrer noopener\" href=\"https:\/\/tutuapps.online\/es\/aplicaciones-como-tutuapp\/\" target=\"_blank\"><strong>Aplicaciones como TutuApp<\/strong><\/a><\/li><li><a rel=\"noreferrer noopener\" href=\"https:\/\/tutuapps.online\/es\/\" target=\"_blank\"><strong>TutuApp | Android \/ iOS<\/strong><\/a><\/li><\/ul>\n\n\n\n<div style=\"height:20px\" aria-hidden=\"true\" class=\"wp-block-spacer\"><\/div>\n\n\n\n<p><\/p>","protected":false},"excerpt":{"rendered":"<p>Descarga TutuApp APK, descarga el APK de la tienda de aplicaciones TutuApp para tu dispositivo Android y descarga aplicaciones y juegos ilimitados. TutuApp es una de las tiendas de aplicaciones de terceros para Android de m\u00e1s r\u00e1pido crecimiento en el mundo. Hay una larga lista de caracter\u00edsticas incre\u00edbles que hacen TutuApp APK ... <a title=\"TutuApp APK\" class=\"read-more\" href=\"https:\/\/tutuapps.online\/es\/apk\/\" aria-label=\"M\u00e1s sobre TutuApp APK\">Seguir leyendo<\/a><\/p>","protected":false},"author":1,"featured_media":2401,"parent":0,"menu_order":0,"comment_status":"closed","ping_status":"open","template":"","meta":{"generate_page_header":"","footnotes":""},"class_list":["post-64","page","type-page","status-publish","has-post-thumbnail"],"yoast_head":"<!-- This site is optimized with the Yoast SEO plugin v26.5 - https:\/\/yoast.com\/wordpress\/plugins\/seo\/ -->\n<title>\u25b7 T\u00e9l\u00e9charger TUTUAPP APK v3.1.6 \u3010 Android \u221a 2026 \u3011<\/title>\n<meta name=\"description\" content=\"I\u27a8 T\u00e9l\u00e9charger TutuApp APK \u2705 Obtenir l&#039;APK \u00e0 partir de l&#039;App Store TutuApp pour votre appareil Android et t\u00e9l\u00e9charger des jeux et ...\" \/>\n<meta name=\"robots\" content=\"index, follow, max-snippet:-1, max-image-preview:large, max-video-preview:-1\" \/>\n<link rel=\"canonical\" href=\"https:\/\/tutuapps.online\/es\/apk\/\" \/>\n<meta property=\"og:locale\" content=\"es_MX\" \/>\n<meta property=\"og:type\" content=\"article\" \/>\n<meta property=\"og:title\" content=\"\u25b7 T\u00e9l\u00e9charger TUTUAPP APK v3.1.6 \u3010 Android \u221a 2026 \u3011\" \/>\n<meta property=\"og:description\" content=\"I\u27a8 T\u00e9l\u00e9charger TutuApp APK \u2705 Obtenir l&#039;APK \u00e0 partir de l&#039;App Store TutuApp pour votre appareil Android et t\u00e9l\u00e9charger des jeux et ...\" \/>\n<meta property=\"og:url\" content=\"https:\/\/tutuapps.online\/es\/apk\/\" \/>\n<meta property=\"og:site_name\" content=\"TutuApps.online\" \/>\n<meta property=\"article:modified_time\" content=\"2021-04-06T12:57:21+00:00\" \/>\n<meta property=\"og:image\" content=\"https:\/\/tutuapps.online\/wp-content\/uploads\/2018\/08\/tutuapp-apk.png\" \/>\n<meta name=\"twitter:card\" content=\"summary_large_image\" \/>\n<meta name=\"twitter:label1\" content=\"Tiempo de lectura\" \/>\n\t<meta name=\"twitter:data1\" content=\"4 minutos\" \/>\n<script type=\"application\/ld+json\" class=\"yoast-schema-graph\">{\"@context\":\"https:\/\/schema.org\",\"@graph\":[{\"@type\":\"WebPage\",\"@id\":\"https:\/\/tutuapps.online\/apk\/\",\"url\":\"https:\/\/tutuapps.online\/apk\/\",\"name\":\"\u25b7 T\u00e9l\u00e9charger TUTUAPP APK v3.1.6 \u3010 Android \u221a 2026 \u3011\",\"isPartOf\":{\"@id\":\"https:\/\/tutuapps.online\/#website\"},\"primaryImageOfPage\":{\"@id\":\"https:\/\/tutuapps.online\/apk\/#primaryimage\"},\"image\":{\"@id\":\"https:\/\/tutuapps.online\/apk\/#primaryimage\"},\"thumbnailUrl\":\"https:\/\/tutuapps.online\/wp-content\/uploads\/2023\/04\/tutuapp-apk.jpg\",\"datePublished\":\"2018-08-22T18:06:10+00:00\",\"dateModified\":\"2021-04-06T12:57:21+00:00\",\"description\":\"I\u27a8 T\u00e9l\u00e9charger TutuApp APK \u2705 Obtenir l'APK \u00e0 partir de l'App Store TutuApp pour votre appareil Android et t\u00e9l\u00e9charger des jeux et ...\",\"breadcrumb\":{\"@id\":\"https:\/\/tutuapps.online\/apk\/#breadcrumb\"},\"inLanguage\":\"es\",\"potentialAction\":[{\"@type\":\"ReadAction\",\"target\":[\"https:\/\/tutuapps.online\/apk\/\"]}]},{\"@type\":\"ImageObject\",\"inLanguage\":\"es\",\"@id\":\"https:\/\/tutuapps.online\/apk\/#primaryimage\",\"url\":\"https:\/\/tutuapps.online\/wp-content\/uploads\/2023\/04\/tutuapp-apk.jpg\",\"contentUrl\":\"https:\/\/tutuapps.online\/wp-content\/uploads\/2023\/04\/tutuapp-apk.jpg\",\"width\":662,\"height\":540},{\"@type\":\"BreadcrumbList\",\"@id\":\"https:\/\/tutuapps.online\/apk\/#breadcrumb\",\"itemListElement\":[{\"@type\":\"ListItem\",\"position\":1,\"name\":\"Portada\",\"item\":\"https:\/\/tutuapps.online\/\"},{\"@type\":\"ListItem\",\"position\":2,\"name\":\"TutuApp APK\"}]},{\"@type\":\"WebSite\",\"@id\":\"https:\/\/tutuapps.online\/#website\",\"url\":\"https:\/\/tutuapps.online\/\",\"name\":\"TutuApps.online\",\"description\":\"T\u00e9l\u00e9charger pour iOS, Android, PC\",\"publisher\":{\"@id\":\"https:\/\/tutuapps.online\/#organization\"},\"potentialAction\":[{\"@type\":\"SearchAction\",\"target\":{\"@type\":\"EntryPoint\",\"urlTemplate\":\"https:\/\/tutuapps.online\/?s={search_term_string}\"},\"query-input\":{\"@type\":\"PropertyValueSpecification\",\"valueRequired\":true,\"valueName\":\"search_term_string\"}}],\"inLanguage\":\"es\"},{\"@type\":\"Organization\",\"@id\":\"https:\/\/tutuapps.online\/#organization\",\"name\":\"Tutuapps Online\",\"url\":\"https:\/\/tutuapps.online\/\",\"logo\":{\"@type\":\"ImageObject\",\"inLanguage\":\"es\",\"@id\":\"https:\/\/tutuapps.online\/#\/schema\/logo\/image\/\",\"url\":\"https:\/\/tutuapps.online\/wp-content\/uploads\/2022\/01\/tutuapps-online.png\",\"contentUrl\":\"https:\/\/tutuapps.online\/wp-content\/uploads\/2022\/01\/tutuapps-online.png\",\"width\":337,\"height\":94,\"caption\":\"Tutuapps Online\"},\"image\":{\"@id\":\"https:\/\/tutuapps.online\/#\/schema\/logo\/image\/\"}}]}<\/script>\n<!-- \/ Yoast SEO plugin. -->","yoast_head_json":{"title":"\u25b7 T\u00e9l\u00e9charger TUTUAPP APK v3.1.6 \u3010 Android \u221a 2026 \u3011","description":"I\u27a8 T\u00e9l\u00e9charger TutuApp APK \u2705 Obtenir l'APK \u00e0 partir de l'App Store TutuApp pour votre appareil Android et t\u00e9l\u00e9charger des jeux et ...","robots":{"index":"index","follow":"follow","max-snippet":"max-snippet:-1","max-image-preview":"max-image-preview:large","max-video-preview":"max-video-preview:-1"},"canonical":"https:\/\/tutuapps.online\/es\/apk\/","og_locale":"es_MX","og_type":"article","og_title":"\u25b7 T\u00e9l\u00e9charger TUTUAPP APK v3.1.6 \u3010 Android \u221a 2026 \u3011","og_description":"I\u27a8 T\u00e9l\u00e9charger TutuApp APK \u2705 Obtenir l'APK \u00e0 partir de l'App Store TutuApp pour votre appareil Android et t\u00e9l\u00e9charger des jeux et ...","og_url":"https:\/\/tutuapps.online\/es\/apk\/","og_site_name":"TutuApps.online","article_modified_time":"2021-04-06T12:57:21+00:00","og_image":[{"url":"https:\/\/tutuapps.online\/wp-content\/uploads\/2018\/08\/tutuapp-apk.png","type":"","width":"","height":""}],"twitter_card":"summary_large_image","twitter_misc":{"Tiempo de lectura":"4 minutos"},"schema":{"@context":"https:\/\/schema.org","@graph":[{"@type":"WebPage","@id":"https:\/\/tutuapps.online\/apk\/","url":"https:\/\/tutuapps.online\/apk\/","name":"\u25b7 T\u00e9l\u00e9charger TUTUAPP APK v3.1.6 \u3010 Android \u221a 2026 \u3011","isPartOf":{"@id":"https:\/\/tutuapps.online\/#website"},"primaryImageOfPage":{"@id":"https:\/\/tutuapps.online\/apk\/#primaryimage"},"image":{"@id":"https:\/\/tutuapps.online\/apk\/#primaryimage"},"thumbnailUrl":"https:\/\/tutuapps.online\/wp-content\/uploads\/2023\/04\/tutuapp-apk.jpg","datePublished":"2018-08-22T18:06:10+00:00","dateModified":"2021-04-06T12:57:21+00:00","description":"I\u27a8 T\u00e9l\u00e9charger TutuApp APK \u2705 Obtenir l'APK \u00e0 partir de l'App Store TutuApp pour votre appareil Android et t\u00e9l\u00e9charger des jeux et ...","breadcrumb":{"@id":"https:\/\/tutuapps.online\/apk\/#breadcrumb"},"inLanguage":"es","potentialAction":[{"@type":"ReadAction","target":["https:\/\/tutuapps.online\/apk\/"]}]},{"@type":"ImageObject","inLanguage":"es","@id":"https:\/\/tutuapps.online\/apk\/#primaryimage","url":"https:\/\/tutuapps.online\/wp-content\/uploads\/2023\/04\/tutuapp-apk.jpg","contentUrl":"https:\/\/tutuapps.online\/wp-content\/uploads\/2023\/04\/tutuapp-apk.jpg","width":662,"height":540},{"@type":"BreadcrumbList","@id":"https:\/\/tutuapps.online\/apk\/#breadcrumb","itemListElement":[{"@type":"ListItem","position":1,"name":"Portada","item":"https:\/\/tutuapps.online\/"},{"@type":"ListItem","position":2,"name":"TutuApp APK"}]},{"@type":"WebSite","@id":"https:\/\/tutuapps.online\/#website","url":"https:\/\/tutuapps.online\/","name":"TutuApps.online","description":"T\u00e9l\u00e9charger pour iOS, Android, PC","publisher":{"@id":"https:\/\/tutuapps.online\/#organization"},"potentialAction":[{"@type":"SearchAction","target":{"@type":"EntryPoint","urlTemplate":"https:\/\/tutuapps.online\/?s={search_term_string}"},"query-input":{"@type":"PropertyValueSpecification","valueRequired":true,"valueName":"search_term_string"}}],"inLanguage":"es"},{"@type":"Organization","@id":"https:\/\/tutuapps.online\/#organization","name":"Tutuapps Online","url":"https:\/\/tutuapps.online\/","logo":{"@type":"ImageObject","inLanguage":"es","@id":"https:\/\/tutuapps.online\/#\/schema\/logo\/image\/","url":"https:\/\/tutuapps.online\/wp-content\/uploads\/2022\/01\/tutuapps-online.png","contentUrl":"https:\/\/tutuapps.online\/wp-content\/uploads\/2022\/01\/tutuapps-online.png","width":337,"height":94,"caption":"Tutuapps Online"},"image":{"@id":"https:\/\/tutuapps.online\/#\/schema\/logo\/image\/"}}]}},"_links":{"self":[{"href":"https:\/\/tutuapps.online\/es\/wp-json\/wp\/v2\/pages\/64","targetHints":{"allow":["GET"]}}],"collection":[{"href":"https:\/\/tutuapps.online\/es\/wp-json\/wp\/v2\/pages"}],"about":[{"href":"https:\/\/tutuapps.online\/es\/wp-json\/wp\/v2\/types\/page"}],"author":[{"embeddable":true,"href":"https:\/\/tutuapps.online\/es\/wp-json\/wp\/v2\/users\/1"}],"replies":[{"embeddable":true,"href":"https:\/\/tutuapps.online\/es\/wp-json\/wp\/v2\/comments?post=64"}],"version-history":[{"count":0,"href":"https:\/\/tutuapps.online\/es\/wp-json\/wp\/v2\/pages\/64\/revisions"}],"wp:featuredmedia":[{"embeddable":true,"href":"https:\/\/tutuapps.online\/es\/wp-json\/wp\/v2\/media\/2401"}],"wp:attachment":[{"href":"https:\/\/tutuapps.online\/es\/wp-json\/wp\/v2\/media?parent=64"}],"curies":[{"name":"wp","href":"https:\/\/api.w.org\/{rel}","templated":true}]}}