{"id":584,"date":"2019-03-08T19:32:35","date_gmt":"2019-03-08T19:32:35","guid":{"rendered":"https:\/\/tutuapps.online\/?page_id=584"},"modified":"2021-04-06T14:46:35","modified_gmt":"2021-04-06T14:46:35","slug":"tutuapp-telecharger","status":"publish","type":"page","link":"https:\/\/tutuapps.online\/es\/descargar-tutuapp\/","title":{"rendered":"Descargar TutuApp"},"content":{"rendered":"<p><strong>Descargas de TutuApp<\/strong> gratis para tu dispositivo <a href=\"https:\/\/tutuapps.online\/es\/android\/\">Android<\/a> \/ <a href=\"https:\/\/tutuapps.online\/es\/ios\/\">iOS<\/a> \/ <a href=\"https:\/\/tutuapps.online\/es\/pc\/\">Windows<\/a>Si tiene un dispositivo que no es compatible con TutuApp, lea a continuaci\u00f3n para saber c\u00f3mo puede descargar la aplicaci\u00f3n TutuApp Android \/ iOS \/ iPhone \/ iPad \/ Windows para su dispositivo respectivo.<\/p>\n\n\n\n<p><strong><a rel=\"noopener noreferrer\" href=\"https:\/\/tutuapps.online\/es\/\" target=\"_blank\">TutuApp<\/a> <\/strong>es una de las tiendas de aplicaciones de terceros de m\u00e1s r\u00e1pido crecimiento en el mundo. Podr\u00eda decirse que es la mejor alternativa a Google Play o la App Store de Apple.<\/p>\n\n\n\n<p>Descargar aplicaciones de TutuApp es muy f\u00e1cil y c\u00f3modo, y lo mejor de usar TutuApp para descargar aplicaciones y juegos (de pago) para tu dispositivo es que es totalmente gratis.<\/p>\n\n\n\n<div class=\"wp-block-image\"><figure class=\"aligncenter\"><img wpfc-lazyload-disable=\"true\" decoding=\"async\" width=\"210\" height=\"232\" data-src=\"https:\/\/tutuapps.online\/wp-content\/uploads\/2018\/08\/tutuapp-telecharger.png\" alt=\"tutuapp-telecharge\" class=\"wp-image-70 lazyload\" src=\"data:image\/svg+xml;base64,PHN2ZyB3aWR0aD0iMSIgaGVpZ2h0PSIxIiB4bWxucz0iaHR0cDovL3d3dy53My5vcmcvMjAwMC9zdmciPjwvc3ZnPg==\" style=\"--smush-placeholder-width: 210px; --smush-placeholder-aspect-ratio: 210\/232;\" \/><\/figure><\/div>\n\n\n\n<div class=\"wp-block-button aligncenter\"><a class=\"wp-block-button__link\" href=\"https:\/\/tutuapps.online\/es\/tutuapp-ya-no-funciona\/\"><strong><em> &gt;&gt; \u00bfTutuApp no funciona? &lt;&lt; <\/em><\/strong><\/a><\/div>\n\n\n\n<h2 class=\"wp-block-heading\">Caracter\u00edsticas de TutuApp<\/h2>\n\n\n\n<p>Echemos un vistazo a la lista de caracter\u00edsticas de la tienda de aplicaciones TutuApp y descubramos por qu\u00e9 es tan popular.<\/p>\n\n\n\n<p>A continuaci\u00f3n encontrar\u00e1 una lista de las caracter\u00edsticas de TutuApp:<\/p>\n\n\n\n<div class=\"wp-block-image\"><figure class=\"aligncenter\"><img wpfc-lazyload-disable=\"true\" decoding=\"async\" width=\"752\" height=\"440\" data-src=\"https:\/\/tutuapps.online\/wp-content\/uploads\/2018\/11\/tutuapp-1.jpg\" alt=\"tutuapp\" class=\"wp-image-443 lazyload\" data-srcset=\"https:\/\/tutuapps.online\/wp-content\/uploads\/2018\/11\/tutuapp-1.jpg 752w, https:\/\/tutuapps.online\/wp-content\/uploads\/2018\/11\/tutuapp-1-300x176.jpg 300w\" data-sizes=\"(max-width: 752px) 100vw, 752px\" src=\"data:image\/svg+xml;base64,PHN2ZyB3aWR0aD0iMSIgaGVpZ2h0PSIxIiB4bWxucz0iaHR0cDovL3d3dy53My5vcmcvMjAwMC9zdmciPjwvc3ZnPg==\" style=\"--smush-placeholder-width: 752px; --smush-placeholder-aspect-ratio: 752\/440;\" \/><\/figure><\/div>\n\n\n\n<ol class=\"wp-block-list\"><li>Con TutuApp, puedes descargar cualquier aplicaci\u00f3n o juego a gran velocidad con su descargador de aplicaciones.<\/li><li>Para utilizar la tienda de aplicaciones TutuApp en sus dispositivos, no necesita un dispositivo Android \"rooteado\" ni un dispositivo iOS \"jailbroken\", ya que existen versiones independientes para todas las variantes respectivas.<\/li><li>TutuApp est\u00e1 disponible para casi todos los principales sistemas operativos, incluidos Android, iOS, Windows y otros; y tambi\u00e9n puedes descargar aplicaciones para otras plataformas desde cualquier sistema operativo.<\/li><li>TutuApp est\u00e1 en chino, por favor utilice la aplicaci\u00f3n Google Translate para entender lo que significan las opciones de la tienda de aplicaciones TutuApp.<\/li><li>Mejores juegos, nuevos juegos exclusivos en todo el mundo.<\/li><li>Con TutuApp tendr\u00e1s aplicaciones globales, sin necesidad de identificaci\u00f3n ni muchos recursos.<\/li><li>Ventajas exclusivas, paquetes de juegos y ofertas especiales.<\/li><li>TutuApp es r\u00e1pido y estable, seguro, r\u00e1pido y estable.<\/li><\/ol>\n\n\n\n<h2 class=\"wp-block-heading\">Descargar TutuApp<\/h2>\n\n\n\n<p>TutuApp est\u00e1 disponible gratuitamente para dispositivos Android, iOS y Windows. A continuaci\u00f3n se explica c\u00f3mo descargar la aplicaci\u00f3n TutuApp para Android, iOS (iPhone y iPad) y Windows.<\/p>\n\n\n\n<h3 class=\"wp-block-heading\">Descargar TutuApp para Android<\/h3>\n\n\n\n<ol class=\"wp-block-list\"><li><strong><a href=\"https:\/\/tutuapps.online\/es\/apk\/\">Descargar TutuApp APK<\/a><\/strong> utilizando los enlaces que proporcionamos.<\/li><li>Activa la opci\u00f3n de instalar aplicaciones de or\u00edgenes desconocidos en la configuraci\u00f3n de seguridad.<\/li><li>Localiza el archivo APK descargado en tu dispositivo Android e inst\u00e1lalo.<\/li><li>Abre TutuApp en tu dispositivo Android y descarga un n\u00famero ilimitado de juegos y aplicaciones gratuitos.<\/li><\/ol>\n\n\n\n<div class=\"wp-block-image\"><figure class=\"aligncenter\"><a href=\"https:\/\/tutuapps.online\/es\/apk\/\" target=\"_blank\" rel=\"noopener noreferrer\"><img wpfc-lazyload-disable=\"true\" decoding=\"async\" width=\"282\" height=\"44\" data-src=\"https:\/\/tutuapps.online\/wp-content\/uploads\/2018\/11\/installer-maintenant-tutuapp.png\" alt=\"install-maintain-tutuapp\" class=\"wp-image-446 lazyload\" src=\"data:image\/svg+xml;base64,PHN2ZyB3aWR0aD0iMSIgaGVpZ2h0PSIxIiB4bWxucz0iaHR0cDovL3d3dy53My5vcmcvMjAwMC9zdmciPjwvc3ZnPg==\" style=\"--smush-placeholder-width: 282px; --smush-placeholder-aspect-ratio: 282\/44;\" \/><\/a><\/figure><\/div>\n\n\n\n<p class=\"has-text-align-center\">v3.1.6 \/ 23.59MB<\/p>\n\n\n\n<p class=\"has-text-align-center\"><strong><a href=\"https:\/\/dw.uptodown.com\/dwn\/82I4qfPYOKCdcAPby6DzpmlQNc24YX0TK8TJD7KHlFAtXEP695aMpFdqKtp2XG-xmse6eE75Fmo3bix5YoAtgGOd7k6f5O4e9ZGcuTIaQ2QHTJypJNbTr8Dkid9yxX1n\/i0cFwLCAQfTM_roarClKxAbsmp0JYoEj_Gwvk-8LCsJ0qXg5_A3wcFVo_KJ7JYacLA2MxtkjR7Ii7C0ctensfEvDx3r1lSUI35bEakhnb8b5i6xdQQtNDpetYyNdVUgg\/vc5gClCHeDTcatuC-AeXuakwcxsF03eEBWxFBgLY-eo=\/\" target=\"_blank\" rel=\"noreferrer noopener\" aria-label=\"Enlace oficial de descarga de TutuApp para Android (se abre en una nueva pesta\u00f1a)\">Enlace oficial de descarga de TutuApp para Android<\/a><\/strong><\/p>\n\n\n\n<h3 class=\"wp-block-heading\">Descargar e instalar TutuApp para iOS<\/h3>\n\n\n\n<ol class=\"wp-block-list\"><li><strong><a href=\"https:\/\/tutuapps.online\/es\/ios\/\">Descargar la aplicaci\u00f3n TutuApp para iOS<\/a><\/strong>.<\/li><li>Utiliza nuestros enlaces de descarga para descargar TutuApp.<\/li><li>Haga doble clic en \"Instalar\" cuando aparezca el cuadro de di\u00e1logo de instalaci\u00f3n.<\/li><li>Vaya a Ajustes del tel\u00e9fono -&gt; Ajustes generales -&gt; y elija confiar en la tienda de aplicaciones TutuApp.<\/li><li>Abre TutuApp en tu dispositivo iOS y descarga gratis las aplicaciones y juegos que quieras.<\/li><\/ol>\n\n\n\n<div class=\"wp-block-image\"><figure class=\"aligncenter\"><a href=\"https:\/\/tutuapp.com\/ios\/\" target=\"_blank\" rel=\"noopener noreferrer\"><img wpfc-lazyload-disable=\"true\" decoding=\"async\" width=\"282\" height=\"44\" data-src=\"https:\/\/tutuapps.online\/wp-content\/uploads\/2018\/11\/installer-maintenant-tutuapp.png\" alt=\"instalar-ahora\" class=\"wp-image-446 lazyload\" src=\"data:image\/svg+xml;base64,PHN2ZyB3aWR0aD0iMSIgaGVpZ2h0PSIxIiB4bWxucz0iaHR0cDovL3d3dy53My5vcmcvMjAwMC9zdmciPjwvc3ZnPg==\" style=\"--smush-placeholder-width: 282px; --smush-placeholder-aspect-ratio: 282\/44;\" \/><\/a><\/figure><\/div>\n\n\n\n<p class=\"has-text-align-center\">v2.4.3 \/ 30.6 MB - Requiere iOS8.0 o posterior<\/p>\n\n\n\n<p class=\"has-text-align-center\"><a href=\"https:\/\/tutuapp.com\/ios\/\" target=\"_blank\" rel=\"noopener noreferrer\"><strong>Enlace oficial de descarga de TutuApp para iOS<\/strong><\/a><\/p>\n\n\n\n<h2 class=\"wp-block-heading\">Descargar TutuApp para macOS<\/h2>\n\n\n\n<p>Sigue los siguientes pasos en tu MacBook Air o iMac para instalar TutuApp para macOS.<\/p>\n\n\n\n<ol class=\"wp-block-list\"><li>Preferencias del Sistema -&gt; Seguridad y Privacidad.<\/li><li>Haga clic en el bot\u00f3n \"Bloquear\" para realizar los cambios necesarios.<\/li><li>Permitir certificados descargados de TutuApp.<\/li><li>Haga clic en \"Confiar en la aplicaci\u00f3n\".<\/li><\/ol>\n\n\n\n<h3 class=\"wp-block-heading\">Descargar TutuApp para PC<\/h3>\n\n\n\n<ol class=\"wp-block-list\"><li><a href=\"https:\/\/tutuapps.online\/es\/pc\/\"><strong>Descargar el archivo EXE<\/strong><\/a>.<\/li><li>Localice para descargar la carpeta y ejecute la aplicaci\u00f3n como administrador.<\/li><li>Acepta los t\u00e9rminos y condiciones e instala el programa en la unidad C:Drive.<\/li><li>Siga la pantalla y complete el proceso de instalaci\u00f3n.<\/li><li>Abre la aplicaci\u00f3n desde el escritorio y \u00a1disfruta!<\/li><\/ol>\n\n\n\n<div class=\"wp-block-image\"><figure class=\"aligncenter\"><a href=\"https:\/\/www.tutuapp.com\/pc\/\" target=\"_blank\" rel=\"noopener noreferrer\"><img wpfc-lazyload-disable=\"true\" decoding=\"async\" width=\"282\" height=\"44\" data-src=\"https:\/\/tutuapps.online\/wp-content\/uploads\/2018\/11\/installer-maintenant-tutuapp.png\" alt=\"instalar-ahora\" class=\"wp-image-446 lazyload\" src=\"data:image\/svg+xml;base64,PHN2ZyB3aWR0aD0iMSIgaGVpZ2h0PSIxIiB4bWxucz0iaHR0cDovL3d3dy53My5vcmcvMjAwMC9zdmciPjwvc3ZnPg==\" style=\"--smush-placeholder-width: 282px; --smush-placeholder-aspect-ratio: 282\/44;\" \/><\/a><\/figure><\/div>\n\n\n\n<p>TutuApp es utilizada por m\u00e1s de 10 millones de personas en todo el mundo, lo que la convierte en la App Store para iOS y Android con mayor crecimiento.<\/p>\n\n\n\n<p>Tambi\u00e9n tienes las \u00faltimas tendencias y la secci\u00f3n Top Apps para elegir la colecci\u00f3n de aplicaciones que quieres instalar en tu m\u00f3vil. Descarga TutuApp hoy mismo para obtener m\u00e1s ventajas y diversi\u00f3n en tu m\u00f3vil. Para descargar TutuApp APK para otros dispositivos, visita nuestra p\u00e1gina principal y echa un vistazo a la aplicaci\u00f3n.<\/p>\n\n\n\n<p>Si usted est\u00e1 satisfecho con esta tienda de aplicaciones, con TutuApp apoyar al desarrollador mediante la compra de la versi\u00f3n VIP de TutuApp (TutuApp VIP), que ofrece muchas ventajas sobre la versi\u00f3n gratuita \/ regular.<\/p>\n\n\n\n<h2 class=\"wp-block-heading\">V\u00eddeo - Descargar TutuApp [ Nueva versi\u00f3n ]<\/h2>\n\n\n<p><center><iframe width=\"600\" height=\"355\" data-src=\"https:\/\/www.youtube.com\/embed\/n9dFp9VBjao\" frameborder=\"0\" allow=\"accelerometer; autoplay; encrypted-media; gyroscope; picture-in-picture\" allowfullscreen=\"\" src=\"data:image\/svg+xml;base64,PHN2ZyB3aWR0aD0iMSIgaGVpZ2h0PSIxIiB4bWxucz0iaHR0cDovL3d3dy53My5vcmcvMjAwMC9zdmciPjwvc3ZnPg==\" class=\"lazyload\" data-load-mode=\"1\"><\/iframe><\/center><\/p>\n\n\n\n<div style=\"height:20px\" aria-hidden=\"true\" class=\"wp-block-spacer\"><\/div>","protected":false},"excerpt":{"rendered":"<p>TutuApp descarga gratuita para su dispositivo Android \/ iOS \/ Windows, lea a continuaci\u00f3n para averiguar c\u00f3mo se puede descargar TutuApp Android \/ iOS \/ iPhone \/ iPad \/ Windows aplicaci\u00f3n para su dispositivo respectivo. TutuApp es una de las tiendas de aplicaciones de terceros de m\u00e1s r\u00e1pido crecimiento en el mundo. Es sin duda la mejor alternativa a Google Play ... <a title=\"Descargar TutuApp\" class=\"read-more\" href=\"https:\/\/tutuapps.online\/es\/descargar-tutuapp\/\" aria-label=\"M\u00e1s informaci\u00f3n sobre Descargar TutuApp\">Seguir leyendo<\/a><\/p>","protected":false},"author":1,"featured_media":1757,"parent":0,"menu_order":0,"comment_status":"closed","ping_status":"closed","template":"","meta":{"generate_page_header":"","footnotes":""},"class_list":["post-584","page","type-page","status-publish","has-post-thumbnail"],"yoast_head":"<!-- This site is optimized with the Yoast SEO plugin v26.5 - https:\/\/yoast.com\/wordpress\/plugins\/seo\/ -->\n<title>\u25b7 T\u00e9l\u00e9charger TUTUAPP \u221a 2026 \u3010 Android \/ iOS \/ PC \u3011<\/title>\n<meta name=\"description\" content=\"I\u27a8 T\u00e9l\u00e9charger TutuApp pour Android \/ iOS \/ Windows \/ macOS \u2705 Obtenez gratuitement des jeux et applications payants et fiables avec Tutuapp ...\" \/>\n<meta name=\"robots\" content=\"index, follow, max-snippet:-1, max-image-preview:large, max-video-preview:-1\" \/>\n<link rel=\"canonical\" href=\"https:\/\/tutuapps.online\/es\/descargar-tutuapp\/\" \/>\n<meta property=\"og:locale\" content=\"es_MX\" \/>\n<meta property=\"og:type\" content=\"article\" \/>\n<meta property=\"og:title\" content=\"\u25b7 T\u00e9l\u00e9charger TUTUAPP \u221a 2026 \u3010 Android \/ iOS \/ PC \u3011\" \/>\n<meta property=\"og:description\" content=\"I\u27a8 T\u00e9l\u00e9charger TutuApp pour Android \/ iOS \/ Windows \/ macOS \u2705 Obtenez gratuitement des jeux et applications payants et fiables avec Tutuapp ...\" \/>\n<meta property=\"og:url\" content=\"https:\/\/tutuapps.online\/es\/descargar-tutuapp\/\" \/>\n<meta property=\"og:site_name\" content=\"TutuApps.online\" \/>\n<meta property=\"article:modified_time\" content=\"2021-04-06T14:46:35+00:00\" \/>\n<meta property=\"og:image\" content=\"https:\/\/tutuapps.online\/wp-content\/uploads\/2020\/03\/comment-telecharger-tutuapp.png\" \/>\n\t<meta property=\"og:image:width\" content=\"191\" \/>\n\t<meta property=\"og:image:height\" content=\"234\" \/>\n\t<meta property=\"og:image:type\" content=\"image\/png\" \/>\n<meta name=\"twitter:card\" content=\"summary_large_image\" \/>\n<meta name=\"twitter:label1\" content=\"Tiempo de lectura\" \/>\n\t<meta name=\"twitter:data1\" content=\"4 minutos\" \/>\n<script type=\"application\/ld+json\" class=\"yoast-schema-graph\">{\"@context\":\"https:\/\/schema.org\",\"@graph\":[{\"@type\":\"WebPage\",\"@id\":\"https:\/\/tutuapps.online\/tutuapp-telecharger\/\",\"url\":\"https:\/\/tutuapps.online\/tutuapp-telecharger\/\",\"name\":\"\u25b7 T\u00e9l\u00e9charger TUTUAPP \u221a 2026 \u3010 Android \/ iOS \/ PC \u3011\",\"isPartOf\":{\"@id\":\"https:\/\/tutuapps.online\/#website\"},\"primaryImageOfPage\":{\"@id\":\"https:\/\/tutuapps.online\/tutuapp-telecharger\/#primaryimage\"},\"image\":{\"@id\":\"https:\/\/tutuapps.online\/tutuapp-telecharger\/#primaryimage\"},\"thumbnailUrl\":\"https:\/\/tutuapps.online\/wp-content\/uploads\/2020\/03\/comment-telecharger-tutuapp.png\",\"datePublished\":\"2019-03-08T19:32:35+00:00\",\"dateModified\":\"2021-04-06T14:46:35+00:00\",\"description\":\"I\u27a8 T\u00e9l\u00e9charger TutuApp pour Android \/ iOS \/ Windows \/ macOS \u2705 Obtenez gratuitement des jeux et applications payants et fiables avec Tutuapp ...\",\"breadcrumb\":{\"@id\":\"https:\/\/tutuapps.online\/tutuapp-telecharger\/#breadcrumb\"},\"inLanguage\":\"es\",\"potentialAction\":[{\"@type\":\"ReadAction\",\"target\":[\"https:\/\/tutuapps.online\/tutuapp-telecharger\/\"]}]},{\"@type\":\"ImageObject\",\"inLanguage\":\"es\",\"@id\":\"https:\/\/tutuapps.online\/tutuapp-telecharger\/#primaryimage\",\"url\":\"https:\/\/tutuapps.online\/wp-content\/uploads\/2020\/03\/comment-telecharger-tutuapp.png\",\"contentUrl\":\"https:\/\/tutuapps.online\/wp-content\/uploads\/2020\/03\/comment-telecharger-tutuapp.png\",\"width\":191,\"height\":234,\"caption\":\"comment-telecharger-tutuapp\"},{\"@type\":\"BreadcrumbList\",\"@id\":\"https:\/\/tutuapps.online\/tutuapp-telecharger\/#breadcrumb\",\"itemListElement\":[{\"@type\":\"ListItem\",\"position\":1,\"name\":\"Portada\",\"item\":\"https:\/\/tutuapps.online\/\"},{\"@type\":\"ListItem\",\"position\":2,\"name\":\"T\u00e9l\u00e9charger TutuApp\"}]},{\"@type\":\"WebSite\",\"@id\":\"https:\/\/tutuapps.online\/#website\",\"url\":\"https:\/\/tutuapps.online\/\",\"name\":\"TutuApps.online\",\"description\":\"T\u00e9l\u00e9charger pour iOS, Android, PC\",\"publisher\":{\"@id\":\"https:\/\/tutuapps.online\/#organization\"},\"potentialAction\":[{\"@type\":\"SearchAction\",\"target\":{\"@type\":\"EntryPoint\",\"urlTemplate\":\"https:\/\/tutuapps.online\/?s={search_term_string}\"},\"query-input\":{\"@type\":\"PropertyValueSpecification\",\"valueRequired\":true,\"valueName\":\"search_term_string\"}}],\"inLanguage\":\"es\"},{\"@type\":\"Organization\",\"@id\":\"https:\/\/tutuapps.online\/#organization\",\"name\":\"Tutuapps Online\",\"url\":\"https:\/\/tutuapps.online\/\",\"logo\":{\"@type\":\"ImageObject\",\"inLanguage\":\"es\",\"@id\":\"https:\/\/tutuapps.online\/#\/schema\/logo\/image\/\",\"url\":\"https:\/\/tutuapps.online\/wp-content\/uploads\/2022\/01\/tutuapps-online.png\",\"contentUrl\":\"https:\/\/tutuapps.online\/wp-content\/uploads\/2022\/01\/tutuapps-online.png\",\"width\":337,\"height\":94,\"caption\":\"Tutuapps Online\"},\"image\":{\"@id\":\"https:\/\/tutuapps.online\/#\/schema\/logo\/image\/\"}}]}<\/script>\n<!-- \/ Yoast SEO plugin. -->","yoast_head_json":{"title":"\u25b7 T\u00e9l\u00e9charger TUTUAPP \u221a 2026 \u3010 Android \/ iOS \/ PC \u3011","description":"I\u27a8 T\u00e9l\u00e9charger TutuApp pour Android \/ iOS \/ Windows \/ macOS \u2705 Obtenez gratuitement des jeux et applications payants et fiables avec Tutuapp ...","robots":{"index":"index","follow":"follow","max-snippet":"max-snippet:-1","max-image-preview":"max-image-preview:large","max-video-preview":"max-video-preview:-1"},"canonical":"https:\/\/tutuapps.online\/es\/descargar-tutuapp\/","og_locale":"es_MX","og_type":"article","og_title":"\u25b7 T\u00e9l\u00e9charger TUTUAPP \u221a 2026 \u3010 Android \/ iOS \/ PC \u3011","og_description":"I\u27a8 T\u00e9l\u00e9charger TutuApp pour Android \/ iOS \/ Windows \/ macOS \u2705 Obtenez gratuitement des jeux et applications payants et fiables avec Tutuapp ...","og_url":"https:\/\/tutuapps.online\/es\/descargar-tutuapp\/","og_site_name":"TutuApps.online","article_modified_time":"2021-04-06T14:46:35+00:00","og_image":[{"width":191,"height":234,"url":"https:\/\/tutuapps.online\/wp-content\/uploads\/2020\/03\/comment-telecharger-tutuapp.png","type":"image\/png"}],"twitter_card":"summary_large_image","twitter_misc":{"Tiempo de lectura":"4 minutos"},"schema":{"@context":"https:\/\/schema.org","@graph":[{"@type":"WebPage","@id":"https:\/\/tutuapps.online\/tutuapp-telecharger\/","url":"https:\/\/tutuapps.online\/tutuapp-telecharger\/","name":"\u25b7 T\u00e9l\u00e9charger TUTUAPP \u221a 2026 \u3010 Android \/ iOS \/ PC \u3011","isPartOf":{"@id":"https:\/\/tutuapps.online\/#website"},"primaryImageOfPage":{"@id":"https:\/\/tutuapps.online\/tutuapp-telecharger\/#primaryimage"},"image":{"@id":"https:\/\/tutuapps.online\/tutuapp-telecharger\/#primaryimage"},"thumbnailUrl":"https:\/\/tutuapps.online\/wp-content\/uploads\/2020\/03\/comment-telecharger-tutuapp.png","datePublished":"2019-03-08T19:32:35+00:00","dateModified":"2021-04-06T14:46:35+00:00","description":"I\u27a8 T\u00e9l\u00e9charger TutuApp pour Android \/ iOS \/ Windows \/ macOS \u2705 Obtenez gratuitement des jeux et applications payants et fiables avec Tutuapp ...","breadcrumb":{"@id":"https:\/\/tutuapps.online\/tutuapp-telecharger\/#breadcrumb"},"inLanguage":"es","potentialAction":[{"@type":"ReadAction","target":["https:\/\/tutuapps.online\/tutuapp-telecharger\/"]}]},{"@type":"ImageObject","inLanguage":"es","@id":"https:\/\/tutuapps.online\/tutuapp-telecharger\/#primaryimage","url":"https:\/\/tutuapps.online\/wp-content\/uploads\/2020\/03\/comment-telecharger-tutuapp.png","contentUrl":"https:\/\/tutuapps.online\/wp-content\/uploads\/2020\/03\/comment-telecharger-tutuapp.png","width":191,"height":234,"caption":"comment-telecharger-tutuapp"},{"@type":"BreadcrumbList","@id":"https:\/\/tutuapps.online\/tutuapp-telecharger\/#breadcrumb","itemListElement":[{"@type":"ListItem","position":1,"name":"Portada","item":"https:\/\/tutuapps.online\/"},{"@type":"ListItem","position":2,"name":"T\u00e9l\u00e9charger TutuApp"}]},{"@type":"WebSite","@id":"https:\/\/tutuapps.online\/#website","url":"https:\/\/tutuapps.online\/","name":"TutuApps.online","description":"T\u00e9l\u00e9charger pour iOS, Android, PC","publisher":{"@id":"https:\/\/tutuapps.online\/#organization"},"potentialAction":[{"@type":"SearchAction","target":{"@type":"EntryPoint","urlTemplate":"https:\/\/tutuapps.online\/?s={search_term_string}"},"query-input":{"@type":"PropertyValueSpecification","valueRequired":true,"valueName":"search_term_string"}}],"inLanguage":"es"},{"@type":"Organization","@id":"https:\/\/tutuapps.online\/#organization","name":"Tutuapps Online","url":"https:\/\/tutuapps.online\/","logo":{"@type":"ImageObject","inLanguage":"es","@id":"https:\/\/tutuapps.online\/#\/schema\/logo\/image\/","url":"https:\/\/tutuapps.online\/wp-content\/uploads\/2022\/01\/tutuapps-online.png","contentUrl":"https:\/\/tutuapps.online\/wp-content\/uploads\/2022\/01\/tutuapps-online.png","width":337,"height":94,"caption":"Tutuapps Online"},"image":{"@id":"https:\/\/tutuapps.online\/#\/schema\/logo\/image\/"}}]}},"_links":{"self":[{"href":"https:\/\/tutuapps.online\/es\/wp-json\/wp\/v2\/pages\/584","targetHints":{"allow":["GET"]}}],"collection":[{"href":"https:\/\/tutuapps.online\/es\/wp-json\/wp\/v2\/pages"}],"about":[{"href":"https:\/\/tutuapps.online\/es\/wp-json\/wp\/v2\/types\/page"}],"author":[{"embeddable":true,"href":"https:\/\/tutuapps.online\/es\/wp-json\/wp\/v2\/users\/1"}],"replies":[{"embeddable":true,"href":"https:\/\/tutuapps.online\/es\/wp-json\/wp\/v2\/comments?post=584"}],"version-history":[{"count":0,"href":"https:\/\/tutuapps.online\/es\/wp-json\/wp\/v2\/pages\/584\/revisions"}],"wp:featuredmedia":[{"embeddable":true,"href":"https:\/\/tutuapps.online\/es\/wp-json\/wp\/v2\/media\/1757"}],"wp:attachment":[{"href":"https:\/\/tutuapps.online\/es\/wp-json\/wp\/v2\/media?parent=584"}],"curies":[{"name":"wp","href":"https:\/\/api.w.org\/{rel}","templated":true}]}}