{"id":275,"date":"2018-08-29T13:29:50","date_gmt":"2018-08-29T13:29:50","guid":{"rendered":"http:\/\/tutuapps.online\/?page_id=275"},"modified":"2023-10-11T15:04:35","modified_gmt":"2023-10-11T15:04:35","slug":"tutuapp-ne-marche-plus","status":"publish","type":"page","link":"https:\/\/tutuapps.online\/es\/tutuapp-ya-no-funciona\/","title":{"rendered":"\u00bfNo funciona TutuApp?"},"content":{"rendered":"<p>2023 &#8211; <strong><span style=\"color: #181c3e;\">Mise \u00e0 jour :<\/span> Le certificat a \u00e9t\u00e9 retir\u00e9. <a href=\"https:\/\/tutuapps.online\/es\/descargar-tutuapp\/\">T\u00e9l\u00e9chargez-le<\/a> maintenant.<\/strong><\/p>\n\n\n\n<hr class=\"wp-block-separator has-css-opacity\"\/>\n\n\n\n<p>Aujourd&rsquo;hui, tutuapp est l&rsquo;une des applications alternatives les plus populaires et les plus appr\u00e9ci\u00e9es, gr\u00e2ce \u00e0 son vaste catalogue d&rsquo;applications pour t\u00e9l\u00e9phones mobiles et de jeux qui sont mis \u00e0 jour r\u00e9guli\u00e8rement, est une r\u00e9f\u00e9rence dans le secteur pour les utilisateurs. Il existe des versions disponibles pour Iphone et Android. <\/p>\n\n\n\n<p>Cependant, il faut garder \u00e0 l&rsquo;esprit que parfois leurs serveurs peuvent s&rsquo;effondrer en raison du grand nombre de requ\u00eates qu&rsquo;ils re\u00e7oivent, ce qui peut entra\u00eener une l\u00e9g\u00e8re augmentation des temps de t\u00e9l\u00e9chargement ou m\u00eame, dans certains cas, le t\u00e9l\u00e9chargement est m\u00eame interrompu, plus souvent si les fichiers d&rsquo;application que nous voulons t\u00e9l\u00e9charger sont assez volumineux. <\/p>\n\n\n\n<p>En tant qu&rsquo;utilisateurs de TutuApp, nous savons que c&rsquo;est frustrant lorsqu&rsquo;il cesse soudainement de fonctionner. Dans cet article, nous discutons des questions les plus fr\u00e9quemment pos\u00e9es et de leurs solutions.<\/p>\n\n\n<div class=\"wp-block-image\">\n<figure class=\"aligncenter\"><img wpfc-lazyload-disable=\"true\" decoding=\"async\" width=\"210\" height=\"232\" data-src=\"https:\/\/tutuapps.online\/wp-content\/uploads\/2018\/08\/tutuapp-ne-marche-plus.png\" alt=\"tutuapp-ne-marche-plus\" class=\"wp-image-282 lazyload\" src=\"data:image\/svg+xml;base64,PHN2ZyB3aWR0aD0iMSIgaGVpZ2h0PSIxIiB4bWxucz0iaHR0cDovL3d3dy53My5vcmcvMjAwMC9zdmciPjwvc3ZnPg==\" style=\"--smush-placeholder-width: 210px; --smush-placeholder-aspect-ratio: 210\/232;\" \/><\/figure>\n<\/div>\n\n\n<div class=\"wp-block-button aligncenter\"><a class=\"wp-block-button__link wp-element-button\" href=\"https:\/\/tutuapps.online\/es\/descargar-tutuapp\/\"><strong><em>&gt;&gt; T\u00e9l\u00e9charger TutuApp &lt;&lt;<\/em><\/strong><\/a><\/div>\n\n\n\n<h2 class=\"wp-block-heading\"> 1 : Pourquoi Tutuapp n&rsquo;est-il pas install\u00e9 correctement ?<\/h2>\n\n\n\n<p>Certaines des raisons pour lesquelles l&rsquo;application n&rsquo;est pas install\u00e9e correctement peuvent \u00eatre :<\/p>\n\n\n\n<ol class=\"wp-block-list\">\n<li> Nous n&rsquo;avons acc\u00e8s \u00e0 Internet.<\/li>\n\n\n\n<li> La version que nous sommes en train de t\u00e9l\u00e9charger de Tutuapp contient quelques virus.<\/li>\n\n\n\n<li> La version que vous essayez de t\u00e9l\u00e9charger bien qu&rsquo;exempte de virus a \u00e9t\u00e9 modifi\u00e9e plusieurs fois en laissant des probl\u00e8mes dans le c\u00f3gido.<\/li>\n\n\n\n<li> Tutuapp Gratuit : Tout ce qui pr\u00e9c\u00e8de peut \u00eatre r\u00e9solu en t\u00e9l\u00e9chargeant Tutuapp gratuitement sur le site officiel.<\/li>\n\n\n\n<li>Vous pouvez t\u00e9l\u00e9charger Tutuapp pour Iphone, Ipad ou Android depuis Google Play ou l&rsquo;App Store, vous pouvez le faire gratuitement.<\/li>\n<\/ol>\n\n\n\n<h2 class=\"wp-block-heading\">2 : \u00ab\u00a0Impossible de v\u00e9rifier l&rsquo;impl\u00e9mentation\u00a0\u00bb<\/h2>\n\n\n\n<p>TutuApp est une application tierce (c&rsquo;est-\u00e0-dire qui n&rsquo;appara\u00eet pas sur l&rsquo;App Store iTunes), il faut donc un certificat \u00e9mis par Apple pour fonctionner sur les p\u00e9riph\u00e9riques iOS.<\/p>\n\n\n\n<p>Cependant, comme c&rsquo;est gratuit et que vous partagez des applications et des jeux d&rsquo;app store (en violation de leurs termes), Apple r\u00e9voque votre certificat de temps \u00e0 autre.<\/p>\n\n\n<div class=\"wp-block-image\">\n<figure class=\"aligncenter\"><img wpfc-lazyload-disable=\"true\" decoding=\"async\" width=\"290\" height=\"581\" data-src=\"https:\/\/tutuapps.online\/wp-content\/uploads\/2018\/08\/tutuapp-nesstool.png\" alt=\"tutuapp-nesstool\" class=\"wp-image-143 lazyload\" data-srcset=\"https:\/\/tutuapps.online\/wp-content\/uploads\/2018\/08\/tutuapp-nesstool.png 290w, https:\/\/tutuapps.online\/wp-content\/uploads\/2018\/08\/tutuapp-nesstool-150x300.png 150w\" data-sizes=\"(max-width: 290px) 100vw, 290px\" src=\"data:image\/svg+xml;base64,PHN2ZyB3aWR0aD0iMSIgaGVpZ2h0PSIxIiB4bWxucz0iaHR0cDovL3d3dy53My5vcmcvMjAwMC9zdmciPjwvc3ZnPg==\" style=\"--smush-placeholder-width: 290px; --smush-placeholder-aspect-ratio: 290\/581;\" \/><\/figure>\n<\/div>\n\n\n<p><strong>Que dois-je faire ?<\/strong><\/p>\n\n\n\n<p>TutuApp est une excellente organisation avec des personnes travaillant 24h\/24 et 7j\/7. Mise \u00e0 jour de l&rsquo;ordinateur sur Twitter et d\u00e9sinstallez l&rsquo;ancienne application et r\u00e9installez la derni\u00e8re avec le nouveau certificat.<\/p>\n\n\n\n<p>C&rsquo;est un gros probl\u00e8me frustrant et l&rsquo;\u00e9quipe de TutuApp a donc lanc\u00e9 <a href=\"https:\/\/tutuapps.online\/es\/nesstool\/\"><strong>NessTool<\/strong><\/a>,  l&rsquo;application qui \u00e9vite les r\u00e9vocations Apple, ce qui signifie qu&rsquo;elle ne cesse jamais de fonctionner.<\/p>\n\n\n\n<p><strong>Nous recommandons donc fortement d&rsquo;installer NessTool pour \u00e9viter cela \u00e0 l&rsquo;avenir.<\/strong><\/p>\n\n\n\n<h2 class=\"wp-block-heading\">3 : \u00ab\u00a0Comment scanner un code-barres pour t\u00e9l\u00e9charger TutuApp sur iOS ?<\/h2>\n\n\n\n<p>La cam\u00e9ra syst\u00e8me iOS 11 par d\u00e9faut prend d\u00e9sormais en charge la lecture des codes \u00e0 barres.<\/p>\n\n\n\n<p>Il suffit donc d&rsquo;aller sur la <a href=\"https:\/\/tutuapps.online\/es\/ios\/\"><strong>page de t\u00e9l\u00e9chargement iOS<\/strong><\/a> &#8211;&gt; d&rsquo;ouvrir votre appareil photo &#8211;&gt; et de scanner le code-barres et de suivre le processus de t\u00e9l\u00e9chargement. C&rsquo;est facile.<\/p>\n\n\n<div class=\"wp-block-image\">\n<figure class=\"aligncenter\"><img wpfc-lazyload-disable=\"true\" decoding=\"async\" width=\"290\" height=\"581\" data-src=\"https:\/\/tutuapps.online\/wp-content\/uploads\/2018\/08\/tutuapp-lecteur-codes-barres.png\" alt=\"tutuapp-lecteur-codes-barres\" class=\"wp-image-278 lazyload\" data-srcset=\"https:\/\/tutuapps.online\/wp-content\/uploads\/2018\/08\/tutuapp-lecteur-codes-barres.png 290w, https:\/\/tutuapps.online\/wp-content\/uploads\/2018\/08\/tutuapp-lecteur-codes-barres-150x300.png 150w\" data-sizes=\"(max-width: 290px) 100vw, 290px\" src=\"data:image\/svg+xml;base64,PHN2ZyB3aWR0aD0iMSIgaGVpZ2h0PSIxIiB4bWxucz0iaHR0cDovL3d3dy53My5vcmcvMjAwMC9zdmciPjwvc3ZnPg==\" style=\"--smush-placeholder-width: 290px; --smush-placeholder-aspect-ratio: 290\/581;\" \/><\/figure>\n<\/div>\n\n\n<p>Si vous utilisez la version pr\u00e9c\u00e9dente d&rsquo;iOS, installez simplement un scanner de codes \u00e0 barres \u00e0 partir de l&rsquo;App Store et scannez pour installer TutuApp.<\/p>\n\n\n\n<h2 class=\"wp-block-heading\">4 : \u00ab\u00a0Rien ne vient imm\u00e9diatement apr\u00e8s avoir cliqu\u00e9 et atterri dans la section Profils\u00a0\u00bb<\/h2>\n\n\n\n<p><strong>Ne rien faire.<\/strong> Apr\u00e8s avoir cliqu\u00e9 sur \u00ab\u00a0cliquer sur le bouton imm\u00e9diatement\u00a0\u00bb, et avoir atterri dans la section des profils, attendez un moment jusqu&rsquo;\u00e0 ce qu&rsquo;une bo\u00eete de dialogue s&rsquo;affiche vous demandant d&rsquo;installer. L&rsquo;installation d\u00e9marre en peu de temps.  <\/p>\n\n\n<div class=\"wp-block-image\">\n<figure class=\"aligncenter\"><img wpfc-lazyload-disable=\"true\" decoding=\"async\" width=\"290\" height=\"581\" data-src=\"https:\/\/tutuapps.online\/wp-content\/uploads\/2018\/08\/installation-tutuapp.png\" alt=\"installation-tutuapp\" class=\"wp-image-280 lazyload\" data-srcset=\"https:\/\/tutuapps.online\/wp-content\/uploads\/2018\/08\/installation-tutuapp.png 290w, https:\/\/tutuapps.online\/wp-content\/uploads\/2018\/08\/installation-tutuapp-150x300.png 150w\" data-sizes=\"(max-width: 290px) 100vw, 290px\" src=\"data:image\/svg+xml;base64,PHN2ZyB3aWR0aD0iMSIgaGVpZ2h0PSIxIiB4bWxucz0iaHR0cDovL3d3dy53My5vcmcvMjAwMC9zdmciPjwvc3ZnPg==\" style=\"--smush-placeholder-width: 290px; --smush-placeholder-aspect-ratio: 290\/581;\" \/><\/figure>\n<\/div>\n\n\n<h2 class=\"wp-block-heading\">5 : Apr\u00e8s l&rsquo;installation de Tutu App, \u00ab\u00a0Untrusted Enterprise Developer\u00a0\u00bb s&rsquo;affiche<\/h2>\n\n\n\n<p>F\u00e9licitations pour l&rsquo;installation de l&rsquo;application. Vous n&rsquo;\u00eates plus qu&rsquo;\u00e0 quelques pas de l&rsquo;utilisation de l&rsquo;application.<\/p>\n\n\n<div class=\"wp-block-image\">\n<figure class=\"aligncenter\"><img wpfc-lazyload-disable=\"true\" decoding=\"async\" width=\"290\" height=\"581\" data-src=\"https:\/\/tutuapps.online\/wp-content\/uploads\/2018\/08\/untrusted-enterprise-developer-nesstool.png\" alt=\"untrusted-enterprise-developer-nesstool\" class=\"wp-image-144 lazyload\" data-srcset=\"https:\/\/tutuapps.online\/wp-content\/uploads\/2018\/08\/untrusted-enterprise-developer-nesstool.png 290w, https:\/\/tutuapps.online\/wp-content\/uploads\/2018\/08\/untrusted-enterprise-developer-nesstool-150x300.png 150w\" data-sizes=\"(max-width: 290px) 100vw, 290px\" src=\"data:image\/svg+xml;base64,PHN2ZyB3aWR0aD0iMSIgaGVpZ2h0PSIxIiB4bWxucz0iaHR0cDovL3d3dy53My5vcmcvMjAwMC9zdmciPjwvc3ZnPg==\" style=\"--smush-placeholder-width: 290px; --smush-placeholder-aspect-ratio: 290\/581;\" \/><\/figure>\n<\/div>\n\n\n<p>Allez dans Param\u00e8tres &#8211;&gt; G\u00e9n\u00e9ral &#8211;&gt; Gestion des p\u00e9riph\u00e9riques et des profils &#8211;&gt; Beijing Founder Electronics Co Ltd (le nom du profil de certificat peut changer au fil du temps en raison de la r\u00e9vocation du certificat d&rsquo;application) &#8211;&gt; Cliquez sur \u00ab\u00a0Faire confiance \u00e0 l&rsquo;application\u00a0\u00bb &#8211;&gt; Termin\u00e9.<\/p>\n\n\n\n<p>Rappelez-vous que Tutuapp est gratuit, (il existe une version payante qui n&rsquo;a pas de publicit\u00e9 Tutuapp vip) pour nous les versions gratuites fonctionnent tr\u00e8s bien, et que vous pouvez installer depuis l&rsquo;App Store ou Google Play, que toutes les applications qui sont \u00e0 votre disposition (ont beaucoup de jeux impressionnants \ud83d\ude09 , sont totalement s\u00fbres. <\/p>\n\n\n\n<h2 class=\"wp-block-heading\">Tutuapp virus<\/h2>\n\n\n\n<p><strong>TutuApp virus<\/strong> est un probl\u00e8me courant auquel les utilisateurs sont confront\u00e9s lorsqu&rsquo;ils utilisent cette application tierce. Il est important de comprendre que TutuApp est un magasin d&rsquo;applications non officiel qui propose des applications gratuites pour les appareils iOS et Android. Cependant, de nombreux utilisateurs ont signal\u00e9 des probl\u00e8mes tels que des publicit\u00e9s intrusives, des redirections vers des sites web dangereux et m\u00eame des logiciels malveillants.<\/p>\n\n\n\n<p><strong>Le virus TutuApp<\/strong> peut \u00eatre t\u00e9l\u00e9charg\u00e9 accidentellement lors de l&rsquo;installation de cette application. Il peut se pr\u00e9senter sous la forme d&rsquo;un fichier APK infect\u00e9 ou d&rsquo;une publicit\u00e9 trompeuse. Une fois install\u00e9, le virus peut causer des probl\u00e8mes tels que le ralentissement de l&rsquo;appareil, des pop-ups ind\u00e9sirables et m\u00eame la collecte de donn\u00e9es personnelles.<\/p>\n\n\n\n<p><strong>Il est important de noter<\/strong> que TutuApp ne contient pas de virus \u00e0 proprement parler, mais plut\u00f4t des applications modifi\u00e9es qui peuvent pr\u00e9senter des risques pour la s\u00e9curit\u00e9 de votre appareil. Par cons\u00e9quent, il est recommand\u00e9 de t\u00e9l\u00e9charger des applications uniquement \u00e0 partir de sources fiables telles que l&rsquo;App Store officiel ou le Google Play Store.<\/p>\n\n\n\n<p><strong>Pour \u00e9viter les probl\u00e8mes de s\u00e9curit\u00e9<\/strong>, il est \u00e9galement recommand\u00e9 de maintenir votre appareil \u00e0 jour avec les derni\u00e8res mises \u00e0 jour du syst\u00e8me d&rsquo;exploitation et d&rsquo;installer un logiciel antivirus fiable. Si vous avez d\u00e9j\u00e0 install\u00e9 TutuApp et rencontrez des probl\u00e8mes, il est recommand\u00e9 de d\u00e9sinstaller l&rsquo;application et de scanner votre appareil avec un logiciel antivirus pour d\u00e9tecter et supprimer tout virus ou logiciel malveillant.<\/p>\n\n\n\n<p><strong>En conclusion<\/strong>, bien que TutuApp puisse offrir un acc\u00e8s gratuit \u00e0 de nombreuses applications payantes, il est important de prendre des pr\u00e9cautions pour prot\u00e9ger votre appareil contre les virus et les logiciels malveillants. En utilisant des sources fiables pour t\u00e9l\u00e9charger des applications et en maintenant votre appareil \u00e0 jour, vous pouvez r\u00e9duire les risques de rencontrer des probl\u00e8mes de s\u00e9curit\u00e9 li\u00e9s \u00e0 TutuApp.<\/p>\n\n\n\n<p>Le Play Store de Google n&rsquo;est pas la seule source d&rsquo;applications et de jeux&#8230; \ud83d\ude09<\/p>\n\n\n\n<div style=\"height:20px\" aria-hidden=\"true\" class=\"wp-block-spacer\"><\/div>\n\n\n\n<p><strong>Vous pourriez aussi \u00eatre int\u00e9ress\u00e9 :<\/strong><\/p>\n\n\n\n<ul class=\"wp-block-list\">\n<li><a rel=\"noreferrer noopener\" href=\"https:\/\/tutuapps.online\/es\/descargar-tutuapp\/\" target=\"_blank\"><strong>T\u00e9l\u00e9charger TutuApp free<\/strong><\/a><\/li>\n\n\n\n<li><a rel=\"noreferrer noopener\" href=\"https:\/\/tutuapps.online\/es\/deezer-plus\/\" target=\"_blank\"><strong>TutuApp Deezer++<\/strong><\/a><\/li>\n\n\n\n<li><strong><a rel=\"noreferrer noopener\" href=\"https:\/\/tutuapps.online\/es\/ios\/\" target=\"_blank\">TutuApp iOS<\/a><\/strong><\/li>\n\n\n\n<li><a rel=\"noreferrer noopener\" href=\"https:\/\/tutuapps.online\/es\/aplicaciones-como-tutuapp\/\" target=\"_blank\"><strong>Applications Comme TutuApp<\/strong><\/a><\/li>\n\n\n\n<li><a rel=\"noreferrer noopener\" href=\"https:\/\/tutuapps.online\/es\/\" target=\"_blank\"><strong>Download TutuApp | Android \/ iOS<\/strong><\/a><\/li>\n\n\n\n<li><strong><a rel=\"noreferrer noopener\" href=\"https:\/\/tutuapps.online\/es\/apk\/\" target=\"_blank\">TutuApp APK<\/a><\/strong><\/li>\n<\/ul>\n\n\n\n<div style=\"height:20px\" aria-hidden=\"true\" class=\"wp-block-spacer\"><\/div>","protected":false},"excerpt":{"rendered":"<p>2023 - Actualizaci\u00f3n: El certificado ha sido retirado. Desc\u00e1rgatelo ahora. Hoy en d\u00eda, tutuapp es una de las aplicaciones alternativas m\u00e1s populares y apreciadas, gracias a su amplio cat\u00e1logo de aplicaciones para m\u00f3viles y juegos que se actualizan peri\u00f3dicamente, es un referente en el sector para los usuarios. Es ... <a title=\"\u00bfNo funciona TutuApp?\" class=\"read-more\" href=\"https:\/\/tutuapps.online\/es\/tutuapp-ya-no-funciona\/\" aria-label=\"\u00bfM\u00e1s en TutuApp no funciona?\">Seguir leyendo<\/a><\/p>","protected":false},"author":1,"featured_media":1785,"parent":0,"menu_order":0,"comment_status":"closed","ping_status":"closed","template":"","meta":{"generate_page_header":"","footnotes":""},"class_list":["post-275","page","type-page","status-publish","has-post-thumbnail"],"yoast_head":"<!-- This site is optimized with the Yoast SEO plugin v26.5 - https:\/\/yoast.com\/wordpress\/plugins\/seo\/ -->\n<title>\u25b7 TutuApp ne FONCTIONNE Pas ? \u3010 \u221a 2026 \u3011<\/title>\n<meta name=\"description\" content=\"I\u27a8 TutuApp ne fonctionne pas | Nous savons que c&#039;est frustrant quand il cesse soudainement de fonctionner \u2705 Sur ce ...\" \/>\n<meta name=\"robots\" content=\"index, follow, max-snippet:-1, max-image-preview:large, max-video-preview:-1\" \/>\n<link rel=\"canonical\" href=\"https:\/\/tutuapps.online\/es\/tutuapp-ya-no-funciona\/\" \/>\n<meta property=\"og:locale\" content=\"es_MX\" \/>\n<meta property=\"og:type\" content=\"article\" \/>\n<meta property=\"og:title\" content=\"\u25b7 TutuApp ne FONCTIONNE Pas ? \u3010 \u221a 2026 \u3011\" \/>\n<meta property=\"og:description\" content=\"I\u27a8 TutuApp ne fonctionne pas | Nous savons que c&#039;est frustrant quand il cesse soudainement de fonctionner \u2705 Sur ce ...\" \/>\n<meta property=\"og:url\" content=\"https:\/\/tutuapps.online\/es\/tutuapp-ya-no-funciona\/\" \/>\n<meta property=\"og:site_name\" content=\"TutuApps.online\" \/>\n<meta property=\"article:modified_time\" content=\"2023-10-11T15:04:35+00:00\" \/>\n<meta property=\"og:image\" content=\"https:\/\/tutuapps.online\/wp-content\/uploads\/2020\/04\/tutuapp-en-bas.png\" \/>\n\t<meta property=\"og:image:width\" content=\"214\" \/>\n\t<meta property=\"og:image:height\" content=\"236\" \/>\n\t<meta property=\"og:image:type\" content=\"image\/png\" \/>\n<meta name=\"twitter:card\" content=\"summary_large_image\" \/>\n<meta name=\"twitter:label1\" content=\"Tiempo de lectura\" \/>\n\t<meta name=\"twitter:data1\" content=\"6 minutos\" \/>\n<script type=\"application\/ld+json\" class=\"yoast-schema-graph\">{\"@context\":\"https:\/\/schema.org\",\"@graph\":[{\"@type\":\"WebPage\",\"@id\":\"https:\/\/tutuapps.online\/tutuapp-ne-marche-plus\/\",\"url\":\"https:\/\/tutuapps.online\/tutuapp-ne-marche-plus\/\",\"name\":\"\u25b7 TutuApp ne FONCTIONNE Pas ? \u3010 \u221a 2026 \u3011\",\"isPartOf\":{\"@id\":\"https:\/\/tutuapps.online\/#website\"},\"primaryImageOfPage\":{\"@id\":\"https:\/\/tutuapps.online\/tutuapp-ne-marche-plus\/#primaryimage\"},\"image\":{\"@id\":\"https:\/\/tutuapps.online\/tutuapp-ne-marche-plus\/#primaryimage\"},\"thumbnailUrl\":\"https:\/\/tutuapps.online\/wp-content\/uploads\/2020\/04\/tutuapp-en-bas.png\",\"datePublished\":\"2018-08-29T13:29:50+00:00\",\"dateModified\":\"2023-10-11T15:04:35+00:00\",\"description\":\"I\u27a8 TutuApp ne fonctionne pas | Nous savons que c'est frustrant quand il cesse soudainement de fonctionner \u2705 Sur ce ...\",\"breadcrumb\":{\"@id\":\"https:\/\/tutuapps.online\/tutuapp-ne-marche-plus\/#breadcrumb\"},\"inLanguage\":\"es\",\"potentialAction\":[{\"@type\":\"ReadAction\",\"target\":[\"https:\/\/tutuapps.online\/tutuapp-ne-marche-plus\/\"]}]},{\"@type\":\"ImageObject\",\"inLanguage\":\"es\",\"@id\":\"https:\/\/tutuapps.online\/tutuapp-ne-marche-plus\/#primaryimage\",\"url\":\"https:\/\/tutuapps.online\/wp-content\/uploads\/2020\/04\/tutuapp-en-bas.png\",\"contentUrl\":\"https:\/\/tutuapps.online\/wp-content\/uploads\/2020\/04\/tutuapp-en-bas.png\",\"width\":214,\"height\":236,\"caption\":\"tutuapp-en-bas\"},{\"@type\":\"BreadcrumbList\",\"@id\":\"https:\/\/tutuapps.online\/tutuapp-ne-marche-plus\/#breadcrumb\",\"itemListElement\":[{\"@type\":\"ListItem\",\"position\":1,\"name\":\"Portada\",\"item\":\"https:\/\/tutuapps.online\/\"},{\"@type\":\"ListItem\",\"position\":2,\"name\":\"TutuApp ne fonctionne pas ?\"}]},{\"@type\":\"WebSite\",\"@id\":\"https:\/\/tutuapps.online\/#website\",\"url\":\"https:\/\/tutuapps.online\/\",\"name\":\"TutuApps.online\",\"description\":\"T\u00e9l\u00e9charger pour iOS, Android, PC\",\"publisher\":{\"@id\":\"https:\/\/tutuapps.online\/#organization\"},\"potentialAction\":[{\"@type\":\"SearchAction\",\"target\":{\"@type\":\"EntryPoint\",\"urlTemplate\":\"https:\/\/tutuapps.online\/?s={search_term_string}\"},\"query-input\":{\"@type\":\"PropertyValueSpecification\",\"valueRequired\":true,\"valueName\":\"search_term_string\"}}],\"inLanguage\":\"es\"},{\"@type\":\"Organization\",\"@id\":\"https:\/\/tutuapps.online\/#organization\",\"name\":\"Tutuapps Online\",\"url\":\"https:\/\/tutuapps.online\/\",\"logo\":{\"@type\":\"ImageObject\",\"inLanguage\":\"es\",\"@id\":\"https:\/\/tutuapps.online\/#\/schema\/logo\/image\/\",\"url\":\"https:\/\/tutuapps.online\/wp-content\/uploads\/2022\/01\/tutuapps-online.png\",\"contentUrl\":\"https:\/\/tutuapps.online\/wp-content\/uploads\/2022\/01\/tutuapps-online.png\",\"width\":337,\"height\":94,\"caption\":\"Tutuapps Online\"},\"image\":{\"@id\":\"https:\/\/tutuapps.online\/#\/schema\/logo\/image\/\"}}]}<\/script>\n<!-- \/ Yoast SEO plugin. -->","yoast_head_json":{"title":"\u25b7 TutuApp ne FONCTIONNE Pas ? \u3010 \u221a 2026 \u3011","description":"I\u27a8 TutuApp ne fonctionne pas | Nous savons que c'est frustrant quand il cesse soudainement de fonctionner \u2705 Sur ce ...","robots":{"index":"index","follow":"follow","max-snippet":"max-snippet:-1","max-image-preview":"max-image-preview:large","max-video-preview":"max-video-preview:-1"},"canonical":"https:\/\/tutuapps.online\/es\/tutuapp-ya-no-funciona\/","og_locale":"es_MX","og_type":"article","og_title":"\u25b7 TutuApp ne FONCTIONNE Pas ? \u3010 \u221a 2026 \u3011","og_description":"I\u27a8 TutuApp ne fonctionne pas | Nous savons que c'est frustrant quand il cesse soudainement de fonctionner \u2705 Sur ce ...","og_url":"https:\/\/tutuapps.online\/es\/tutuapp-ya-no-funciona\/","og_site_name":"TutuApps.online","article_modified_time":"2023-10-11T15:04:35+00:00","og_image":[{"width":214,"height":236,"url":"https:\/\/tutuapps.online\/wp-content\/uploads\/2020\/04\/tutuapp-en-bas.png","type":"image\/png"}],"twitter_card":"summary_large_image","twitter_misc":{"Tiempo de lectura":"6 minutos"},"schema":{"@context":"https:\/\/schema.org","@graph":[{"@type":"WebPage","@id":"https:\/\/tutuapps.online\/tutuapp-ne-marche-plus\/","url":"https:\/\/tutuapps.online\/tutuapp-ne-marche-plus\/","name":"\u25b7 TutuApp ne FONCTIONNE Pas ? \u3010 \u221a 2026 \u3011","isPartOf":{"@id":"https:\/\/tutuapps.online\/#website"},"primaryImageOfPage":{"@id":"https:\/\/tutuapps.online\/tutuapp-ne-marche-plus\/#primaryimage"},"image":{"@id":"https:\/\/tutuapps.online\/tutuapp-ne-marche-plus\/#primaryimage"},"thumbnailUrl":"https:\/\/tutuapps.online\/wp-content\/uploads\/2020\/04\/tutuapp-en-bas.png","datePublished":"2018-08-29T13:29:50+00:00","dateModified":"2023-10-11T15:04:35+00:00","description":"I\u27a8 TutuApp ne fonctionne pas | Nous savons que c'est frustrant quand il cesse soudainement de fonctionner \u2705 Sur ce ...","breadcrumb":{"@id":"https:\/\/tutuapps.online\/tutuapp-ne-marche-plus\/#breadcrumb"},"inLanguage":"es","potentialAction":[{"@type":"ReadAction","target":["https:\/\/tutuapps.online\/tutuapp-ne-marche-plus\/"]}]},{"@type":"ImageObject","inLanguage":"es","@id":"https:\/\/tutuapps.online\/tutuapp-ne-marche-plus\/#primaryimage","url":"https:\/\/tutuapps.online\/wp-content\/uploads\/2020\/04\/tutuapp-en-bas.png","contentUrl":"https:\/\/tutuapps.online\/wp-content\/uploads\/2020\/04\/tutuapp-en-bas.png","width":214,"height":236,"caption":"tutuapp-en-bas"},{"@type":"BreadcrumbList","@id":"https:\/\/tutuapps.online\/tutuapp-ne-marche-plus\/#breadcrumb","itemListElement":[{"@type":"ListItem","position":1,"name":"Portada","item":"https:\/\/tutuapps.online\/"},{"@type":"ListItem","position":2,"name":"TutuApp ne fonctionne pas ?"}]},{"@type":"WebSite","@id":"https:\/\/tutuapps.online\/#website","url":"https:\/\/tutuapps.online\/","name":"TutuApps.online","description":"T\u00e9l\u00e9charger pour iOS, Android, PC","publisher":{"@id":"https:\/\/tutuapps.online\/#organization"},"potentialAction":[{"@type":"SearchAction","target":{"@type":"EntryPoint","urlTemplate":"https:\/\/tutuapps.online\/?s={search_term_string}"},"query-input":{"@type":"PropertyValueSpecification","valueRequired":true,"valueName":"search_term_string"}}],"inLanguage":"es"},{"@type":"Organization","@id":"https:\/\/tutuapps.online\/#organization","name":"Tutuapps Online","url":"https:\/\/tutuapps.online\/","logo":{"@type":"ImageObject","inLanguage":"es","@id":"https:\/\/tutuapps.online\/#\/schema\/logo\/image\/","url":"https:\/\/tutuapps.online\/wp-content\/uploads\/2022\/01\/tutuapps-online.png","contentUrl":"https:\/\/tutuapps.online\/wp-content\/uploads\/2022\/01\/tutuapps-online.png","width":337,"height":94,"caption":"Tutuapps Online"},"image":{"@id":"https:\/\/tutuapps.online\/#\/schema\/logo\/image\/"}}]}},"_links":{"self":[{"href":"https:\/\/tutuapps.online\/es\/wp-json\/wp\/v2\/pages\/275","targetHints":{"allow":["GET"]}}],"collection":[{"href":"https:\/\/tutuapps.online\/es\/wp-json\/wp\/v2\/pages"}],"about":[{"href":"https:\/\/tutuapps.online\/es\/wp-json\/wp\/v2\/types\/page"}],"author":[{"embeddable":true,"href":"https:\/\/tutuapps.online\/es\/wp-json\/wp\/v2\/users\/1"}],"replies":[{"embeddable":true,"href":"https:\/\/tutuapps.online\/es\/wp-json\/wp\/v2\/comments?post=275"}],"version-history":[{"count":2,"href":"https:\/\/tutuapps.online\/es\/wp-json\/wp\/v2\/pages\/275\/revisions"}],"predecessor-version":[{"id":2670,"href":"https:\/\/tutuapps.online\/es\/wp-json\/wp\/v2\/pages\/275\/revisions\/2670"}],"wp:featuredmedia":[{"embeddable":true,"href":"https:\/\/tutuapps.online\/es\/wp-json\/wp\/v2\/media\/1785"}],"wp:attachment":[{"href":"https:\/\/tutuapps.online\/es\/wp-json\/wp\/v2\/media?parent=275"}],"curies":[{"name":"wp","href":"https:\/\/api.w.org\/{rel}","templated":true}]}}