{"id":2543,"date":"2023-04-02T17:37:04","date_gmt":"2023-04-02T17:37:04","guid":{"rendered":"https:\/\/tutuapps.online\/telecharger-workplace-from-facebook\/"},"modified":"2023-04-02T18:03:34","modified_gmt":"2023-04-02T18:03:34","slug":"telecharger-workplace-from-facebook","status":"publish","type":"page","link":"https:\/\/tutuapps.online\/es\/descargar-workplace-de-facebook\/","title":{"rendered":"Descargar Workplace de Facebook"},"content":{"rendered":"<p>Workplace de Facebook es una plataforma de colaboraci\u00f3n empresarial que permite a las empresas conectarse y comunicarse con sus empleados, ya est\u00e9n in situ o a distancia. La plataforma incluye funciones como mensajer\u00eda instant\u00e1nea, grupos de chat, videollamadas y noticias para facilitar la comunicaci\u00f3n y la colaboraci\u00f3n. Para acceder a Workplace desde Facebook, s\u00f3lo tienes que descargar la aplicaci\u00f3n en tu ordenador o dispositivo m\u00f3vil. Esta plataforma es ideal para empresas de todos los tama\u00f1os que quieran mejorar su comunicaci\u00f3n interna y su productividad.<\/p>\n<h2>Descargas de correo electr\u00f3nico profesional: una herramienta esencial para una comunicaci\u00f3n empresarial eficaz<\/h2>\n<p>En el mundo empresarial actual, la comunicaci\u00f3n es una de las claves del \u00e9xito empresarial. Las empresas necesitan comunicarse eficazmente con sus empleados para alcanzar sus objetivos y seguir siendo competitivas en el mercado. Sin embargo, con empleados que a menudo trabajan a distancia o en distintas oficinas, puede resultar dif\u00edcil mantener una buena comunicaci\u00f3n.<\/p>\n<p>Ah\u00ed es donde entran en juego las descargas de correo electr\u00f3nico para empresas como Workplace de Facebook. Esta herramienta de comunicaci\u00f3n est\u00e1 especialmente dise\u00f1ada para empresas y ofrece una amplia gama de funciones para ayudar a los empleados a comunicarse con eficacia.<\/p>\n<p>En primer lugar, Workplace de Facebook permite a los empleados comunicarse en tiempo real a trav\u00e9s de un chat integrado. Los empleados pueden chatear en privado o en grupo, lo que facilita la colaboraci\u00f3n y la resoluci\u00f3n de problemas. Adem\u00e1s, los empleados tambi\u00e9n pueden compartir archivos y documentos a trav\u00e9s de la plataforma, lo que facilita la colaboraci\u00f3n en proyectos.<\/p>\n<p>Adem\u00e1s, Workplace de Facebook ofrece una funci\u00f3n de videoconferencia, que permite a los empleados reunirse y charlar cara a cara, aunque est\u00e9n a kil\u00f3metros de distancia. Esta funci\u00f3n es especialmente \u00fatil para empresas con oficinas en distintas partes del mundo.<\/p>\n<p>Por \u00faltimo, Workplace de Facebook es f\u00e1cil de usar y configurar. Los empleados pueden descargarse f\u00e1cilmente la aplicaci\u00f3n en su tel\u00e9fono m\u00f3vil u ordenador, lo que les permite estar conectados est\u00e9n donde est\u00e9n. La plataforma tambi\u00e9n es muy intuitiva, lo que significa que los empleados pueden empezar a utilizarla inmediatamente sin necesidad de formaci\u00f3n adicional.<\/p>\n<p>En conclusi\u00f3n, descargar servicios de mensajer\u00eda profesional como Workplace de Facebook es una herramienta esencial para una comunicaci\u00f3n empresarial eficaz. Permite a los empleados estar conectados, colaborar en proyectos y resolver problemas en tiempo real, est\u00e9n donde est\u00e9n en el mundo. Si quieres mejorar la comunicaci\u00f3n en tu empresa, es hora de descargar Workplace de Facebook.<\/p>\n<h2>Fomentar la comunicaci\u00f3n y la colaboraci\u00f3n con aplicaciones de chat en el lugar de trabajo<\/h2>\n<p>El chat en el lugar de trabajo se ha convertido en una herramienta muy importante para las empresas modernas. Las aplicaciones de chat en el lugar de trabajo mejoran la comunicaci\u00f3n y la colaboraci\u00f3n entre equipos, proporcionando una forma r\u00e1pida y sencilla de comunicarse y compartir informaci\u00f3n.<\/p>\n<p>Descargar Workplace de Facebook es una potente soluci\u00f3n de chat para el lugar de trabajo que puede ayudar a las empresas a mejorar la comunicaci\u00f3n y la colaboraci\u00f3n. Workplace ofrece una plataforma segura para equipos de trabajo, que permite a los empleados conectarse en tiempo real, intercambiar ideas, compartir archivos y colaborar en proyectos.<\/p>\n<p>El uso de la aplicaci\u00f3n de chat Workplace puede ayudar a las empresas a aumentar su productividad reduciendo los tiempos de respuesta y los retrasos del correo electr\u00f3nico. Los empleados pueden colaborar m\u00e1s r\u00e1pida y eficazmente, lo que puede ayudar a reducir los costes asociados a retrasos y errores.<\/p>\n<p>Utilizando Workplace, las empresas tambi\u00e9n pueden mejorar su comunicaci\u00f3n interna proporcionando un canal de comunicaci\u00f3n directo e instant\u00e1neo entre empleados y equipos. Los empleados pueden discutir proyectos, hacer preguntas y compartir ideas, lo que puede mejorar la colaboraci\u00f3n y la creatividad.<\/p>\n<p><img wpfc-lazyload-disable=\"true\" decoding=\"async\" data-src=\"https:\/\/tutuapps.online\/wp-content\/uploads\/2023\/04\/43e251a77d8fd6b08017d97f8e545025.jpg\" title=\"Descargar Workplace de Facebook\" alt=\"Descargar Workplace de Facebook\" src=\"data:image\/svg+xml;base64,PHN2ZyB3aWR0aD0iMSIgaGVpZ2h0PSIxIiB4bWxucz0iaHR0cDovL3d3dy53My5vcmcvMjAwMC9zdmciPjwvc3ZnPg==\" class=\"lazyload\" style=\"--smush-placeholder-width: 480px; --smush-placeholder-aspect-ratio: 480\/360;\"><\/p>\n<\/p>\n<p>El chat en el lugar de trabajo tambi\u00e9n puede ayudar a las empresas a mejorar su comunicaci\u00f3n con clientes y socios. Las empresas pueden utilizar la aplicaci\u00f3n para responder r\u00e1pidamente a las consultas de los clientes y colaborar con socios en proyectos conjuntos.<\/p>\n<p>En \u00faltima instancia, el uso de Workplace de Facebook puede ayudar a las empresas a mejorar su comunicaci\u00f3n y colaboraci\u00f3n, lo que puede conducir a una mayor productividad y mejores resultados empresariales. Descargar Workplace de Facebook es un paso importante para las empresas que quieren mejorar su comunicaci\u00f3n y colaboraci\u00f3n en el lugar de trabajo.<\/p>\n<h3>Maximizar la eficacia profesional con una aplicaci\u00f3n de escritorio: las ventajas de Workplace<\/h3>\n<p>En un mundo en el que la comunicaci\u00f3n en l\u00ednea se ha convertido en la norma, es esencial contar con herramientas de trabajo eficaces para mantenerse conectado y productivo. Ah\u00ed es donde entra en juego la aplicaci\u00f3n de escritorio Workplace de Facebook. Workplace es una plataforma de comunicaci\u00f3n y colaboraci\u00f3n dise\u00f1ada para empresas y organizaciones de todos los tama\u00f1os. Permite a los usuarios comunicarse, colaborar, compartir archivos y trabajar juntos de forma fluida y productiva.<\/p>\n<p>Maximizar la eficiencia profesional con la aplicaci\u00f3n de escritorio Workplace de Facebook tiene una serie de ventajas para las empresas. En primer lugar, centraliza todas las comunicaciones y la colaboraci\u00f3n en un \u00fanico lugar. Los miembros del equipo pueden debatir, intercambiar ideas y trabajar juntos en proyectos f\u00e1cilmente a trav\u00e9s de la aplicaci\u00f3n de escritorio. Esto evita confusiones innecesarias y p\u00e9rdidas de tiempo causadas por tener que pasar por varias aplicaciones y plataformas diferentes.<\/p>\n<p>Adem\u00e1s, Workplace ofrece una gran flexibilidad en t\u00e9rminos de personalizaci\u00f3n y configuraci\u00f3n para satisfacer las necesidades espec\u00edficas de cada empresa. Los usuarios pueden crear grupos de trabajo personalizados, grupos de discusi\u00f3n, p\u00e1ginas de empresa y fuentes de noticias para seguir la actividad de su organizaci\u00f3n en tiempo real. Workplace tambi\u00e9n permite filtrar la informaci\u00f3n seg\u00fan las preferencias de cada usuario, para que todos puedan concentrarse en las tareas m\u00e1s importantes y relevantes.<\/p>\n<p>Otra ventaja de Workplace es su compatibilidad con una amplia gama de aplicaciones de terceros, como Dropbox, Google Drive, Salesforce y muchas otras. Esto permite a los usuarios acceder f\u00e1cilmente a recursos externos, trabajar con socios y clientes en l\u00ednea y colaborar en proyectos con equipos dispersos geogr\u00e1ficamente.<\/p>\n<p>Por \u00faltimo, Workplace es una plataforma segura y fiable, utilizada por empresas de todos los tama\u00f1os, incluidas algunas de las mayores del mundo. Ofrece funciones de seguridad avanzadas, como la verificaci\u00f3n en dos pasos, la gesti\u00f3n de accesos y autorizaciones y la protecci\u00f3n de datos.<\/p>\n<p>En resumen, maximizar la eficiencia empresarial con la aplicaci\u00f3n de escritorio Workplace de Facebook es una opci\u00f3n inteligente para empresas de todos los tama\u00f1os. Ofrece una soluci\u00f3n de comunicaci\u00f3n y colaboraci\u00f3n centralizada, personalizable y segura que permite a los usuarios trabajar de forma m\u00e1s eficiente y productiva. Por tanto, descargar Workplace de Facebook es una decisi\u00f3n inteligente para cualquier empresa que desee mejorar su comunicaci\u00f3n y colaboraci\u00f3n en l\u00ednea.<\/p>\n<p>En conclusi\u00f3n, descargar Workplace de Facebook es una soluci\u00f3n eficaz para todas las empresas que buscan mejorar su comunicaci\u00f3n y colaboraci\u00f3n internas. Gracias a sus funciones avanzadas, seguridad y facilidad de uso, Workplace de Facebook es una plataforma fiable para conectar a todos los empleados de una empresa, independientemente de su ubicaci\u00f3n geogr\u00e1fica. Al elegir Workplace de Facebook, las empresas pueden mejorar la productividad, la eficiencia y el compromiso, al tiempo que ofrecen a sus empleados un entorno de trabajo colaborativo y din\u00e1mico. As\u00ed que adelante, descarga Workplace de Facebook ahora y descubre todas las posibilidades que puede ofrecer a tu empresa.<\/p>\n<p><iframe width=\"100%\" height=\"382\" data-src=\"https:\/\/www.youtube.com\/embed\/JcaGupx65hE\"  frameborder=\"0\" allowfullscreen src=\"data:image\/svg+xml;base64,PHN2ZyB3aWR0aD0iMSIgaGVpZ2h0PSIxIiB4bWxucz0iaHR0cDovL3d3dy53My5vcmcvMjAwMC9zdmciPjwvc3ZnPg==\" class=\"lazyload\" data-load-mode=\"1\"><\/iframe><\/p>","protected":false},"excerpt":{"rendered":"<p>Workplace from Facebook est une plateforme de collaboration professionnelle qui permet aux entreprises de connecter et de communiquer avec leurs employ&eacute;s, qu&rsquo;ils soient sur site ou &agrave; distance. Cette plateforme comprend des fonctionnalit&eacute;s telles que la messagerie instantan&eacute;e, les groupes de discussion, les appels vid&eacute;o et les flux d&rsquo;actualit&eacute;s pour faciliter la communication et la &#8230; <a title=\"Descargar Workplace de Facebook\" class=\"read-more\" href=\"https:\/\/tutuapps.online\/es\/descargar-workplace-de-facebook\/\" aria-label=\"More on T\u00e9l\u00e9charger Workplace from Facebook\">Seguir leyendo<\/a><\/p>","protected":false},"author":1,"featured_media":2545,"parent":0,"menu_order":0,"comment_status":"closed","ping_status":"closed","template":"","meta":{"generate_page_header":"","footnotes":""},"class_list":["post-2543","page","type-page","status-publish","has-post-thumbnail"],"yoast_head":"<!-- This site is optimized with the Yoast SEO plugin v26.5 - https:\/\/yoast.com\/wordpress\/plugins\/seo\/ -->\n<title>T\u00e9l\u00e9charger Workplace from Facebook<\/title>\n<meta name=\"robots\" content=\"index, follow, max-snippet:-1, max-image-preview:large, max-video-preview:-1\" \/>\n<link rel=\"canonical\" href=\"https:\/\/tutuapps.online\/es\/descargar-workplace-de-facebook\/\" \/>\n<meta property=\"og:locale\" content=\"es_MX\" \/>\n<meta property=\"og:type\" content=\"article\" \/>\n<meta property=\"og:title\" content=\"T\u00e9l\u00e9charger Workplace from Facebook\" \/>\n<meta property=\"og:description\" content=\"Workplace from Facebook est une plateforme de collaboration professionnelle qui permet aux entreprises de connecter et de communiquer avec leurs employ&eacute;s, qu&rsquo;ils soient sur site ou &agrave; distance. Cette plateforme comprend des fonctionnalit&eacute;s telles que la messagerie instantan&eacute;e, les groupes de discussion, les appels vid&eacute;o et les flux d&rsquo;actualit&eacute;s pour faciliter la communication et la ... Lire la suite\" \/>\n<meta property=\"og:url\" content=\"https:\/\/tutuapps.online\/es\/descargar-workplace-de-facebook\/\" \/>\n<meta property=\"og:site_name\" content=\"TutuApps.online\" \/>\n<meta property=\"article:modified_time\" content=\"2023-04-02T18:03:34+00:00\" \/>\n<meta property=\"og:image\" content=\"https:\/\/tutuapps.online\/wp-content\/uploads\/2023\/04\/43e251a77d8fd6b08017d97f8e545025.jpg\" \/>\n\t<meta property=\"og:image:width\" content=\"480\" \/>\n\t<meta property=\"og:image:height\" content=\"360\" \/>\n\t<meta property=\"og:image:type\" content=\"image\/jpeg\" \/>\n<meta name=\"twitter:card\" content=\"summary_large_image\" \/>\n<meta name=\"twitter:label1\" content=\"Tiempo de lectura\" \/>\n\t<meta name=\"twitter:data1\" content=\"8 minutos\" \/>\n<script type=\"application\/ld+json\" class=\"yoast-schema-graph\">{\"@context\":\"https:\/\/schema.org\",\"@graph\":[{\"@type\":\"WebPage\",\"@id\":\"https:\/\/tutuapps.online\/telecharger-workplace-from-facebook\/\",\"url\":\"https:\/\/tutuapps.online\/telecharger-workplace-from-facebook\/\",\"name\":\"T\u00e9l\u00e9charger Workplace from Facebook\",\"isPartOf\":{\"@id\":\"https:\/\/tutuapps.online\/#website\"},\"primaryImageOfPage\":{\"@id\":\"https:\/\/tutuapps.online\/telecharger-workplace-from-facebook\/#primaryimage\"},\"image\":{\"@id\":\"https:\/\/tutuapps.online\/telecharger-workplace-from-facebook\/#primaryimage\"},\"thumbnailUrl\":\"https:\/\/tutuapps.online\/wp-content\/uploads\/2023\/04\/43e251a77d8fd6b08017d97f8e545025.jpg\",\"datePublished\":\"2023-04-02T17:37:04+00:00\",\"dateModified\":\"2023-04-02T18:03:34+00:00\",\"breadcrumb\":{\"@id\":\"https:\/\/tutuapps.online\/telecharger-workplace-from-facebook\/#breadcrumb\"},\"inLanguage\":\"es\",\"potentialAction\":[{\"@type\":\"ReadAction\",\"target\":[\"https:\/\/tutuapps.online\/telecharger-workplace-from-facebook\/\"]}]},{\"@type\":\"ImageObject\",\"inLanguage\":\"es\",\"@id\":\"https:\/\/tutuapps.online\/telecharger-workplace-from-facebook\/#primaryimage\",\"url\":\"https:\/\/tutuapps.online\/wp-content\/uploads\/2023\/04\/43e251a77d8fd6b08017d97f8e545025.jpg\",\"contentUrl\":\"https:\/\/tutuapps.online\/wp-content\/uploads\/2023\/04\/43e251a77d8fd6b08017d97f8e545025.jpg\",\"width\":480,\"height\":360,\"caption\":\"T\u00e9l\u00e9charger Workplace from Facebook\"},{\"@type\":\"BreadcrumbList\",\"@id\":\"https:\/\/tutuapps.online\/telecharger-workplace-from-facebook\/#breadcrumb\",\"itemListElement\":[{\"@type\":\"ListItem\",\"position\":1,\"name\":\"Portada\",\"item\":\"https:\/\/tutuapps.online\/\"},{\"@type\":\"ListItem\",\"position\":2,\"name\":\"T\u00e9l\u00e9charger Workplace from Facebook\"}]},{\"@type\":\"WebSite\",\"@id\":\"https:\/\/tutuapps.online\/#website\",\"url\":\"https:\/\/tutuapps.online\/\",\"name\":\"TutuApps.online\",\"description\":\"T\u00e9l\u00e9charger pour iOS, Android, PC\",\"publisher\":{\"@id\":\"https:\/\/tutuapps.online\/#organization\"},\"potentialAction\":[{\"@type\":\"SearchAction\",\"target\":{\"@type\":\"EntryPoint\",\"urlTemplate\":\"https:\/\/tutuapps.online\/?s={search_term_string}\"},\"query-input\":{\"@type\":\"PropertyValueSpecification\",\"valueRequired\":true,\"valueName\":\"search_term_string\"}}],\"inLanguage\":\"es\"},{\"@type\":\"Organization\",\"@id\":\"https:\/\/tutuapps.online\/#organization\",\"name\":\"Tutuapps Online\",\"url\":\"https:\/\/tutuapps.online\/\",\"logo\":{\"@type\":\"ImageObject\",\"inLanguage\":\"es\",\"@id\":\"https:\/\/tutuapps.online\/#\/schema\/logo\/image\/\",\"url\":\"https:\/\/tutuapps.online\/wp-content\/uploads\/2022\/01\/tutuapps-online.png\",\"contentUrl\":\"https:\/\/tutuapps.online\/wp-content\/uploads\/2022\/01\/tutuapps-online.png\",\"width\":337,\"height\":94,\"caption\":\"Tutuapps Online\"},\"image\":{\"@id\":\"https:\/\/tutuapps.online\/#\/schema\/logo\/image\/\"}}]}<\/script>\n<!-- \/ Yoast SEO plugin. -->","yoast_head_json":{"title":"T\u00e9l\u00e9charger Workplace from Facebook","robots":{"index":"index","follow":"follow","max-snippet":"max-snippet:-1","max-image-preview":"max-image-preview:large","max-video-preview":"max-video-preview:-1"},"canonical":"https:\/\/tutuapps.online\/es\/descargar-workplace-de-facebook\/","og_locale":"es_MX","og_type":"article","og_title":"T\u00e9l\u00e9charger Workplace from Facebook","og_description":"Workplace from Facebook est une plateforme de collaboration professionnelle qui permet aux entreprises de connecter et de communiquer avec leurs employ&eacute;s, qu&rsquo;ils soient sur site ou &agrave; distance. Cette plateforme comprend des fonctionnalit&eacute;s telles que la messagerie instantan&eacute;e, les groupes de discussion, les appels vid&eacute;o et les flux d&rsquo;actualit&eacute;s pour faciliter la communication et la ... Lire la suite","og_url":"https:\/\/tutuapps.online\/es\/descargar-workplace-de-facebook\/","og_site_name":"TutuApps.online","article_modified_time":"2023-04-02T18:03:34+00:00","og_image":[{"width":480,"height":360,"url":"https:\/\/tutuapps.online\/wp-content\/uploads\/2023\/04\/43e251a77d8fd6b08017d97f8e545025.jpg","type":"image\/jpeg"}],"twitter_card":"summary_large_image","twitter_misc":{"Tiempo de lectura":"8 minutos"},"schema":{"@context":"https:\/\/schema.org","@graph":[{"@type":"WebPage","@id":"https:\/\/tutuapps.online\/telecharger-workplace-from-facebook\/","url":"https:\/\/tutuapps.online\/telecharger-workplace-from-facebook\/","name":"T\u00e9l\u00e9charger Workplace from Facebook","isPartOf":{"@id":"https:\/\/tutuapps.online\/#website"},"primaryImageOfPage":{"@id":"https:\/\/tutuapps.online\/telecharger-workplace-from-facebook\/#primaryimage"},"image":{"@id":"https:\/\/tutuapps.online\/telecharger-workplace-from-facebook\/#primaryimage"},"thumbnailUrl":"https:\/\/tutuapps.online\/wp-content\/uploads\/2023\/04\/43e251a77d8fd6b08017d97f8e545025.jpg","datePublished":"2023-04-02T17:37:04+00:00","dateModified":"2023-04-02T18:03:34+00:00","breadcrumb":{"@id":"https:\/\/tutuapps.online\/telecharger-workplace-from-facebook\/#breadcrumb"},"inLanguage":"es","potentialAction":[{"@type":"ReadAction","target":["https:\/\/tutuapps.online\/telecharger-workplace-from-facebook\/"]}]},{"@type":"ImageObject","inLanguage":"es","@id":"https:\/\/tutuapps.online\/telecharger-workplace-from-facebook\/#primaryimage","url":"https:\/\/tutuapps.online\/wp-content\/uploads\/2023\/04\/43e251a77d8fd6b08017d97f8e545025.jpg","contentUrl":"https:\/\/tutuapps.online\/wp-content\/uploads\/2023\/04\/43e251a77d8fd6b08017d97f8e545025.jpg","width":480,"height":360,"caption":"T\u00e9l\u00e9charger Workplace from Facebook"},{"@type":"BreadcrumbList","@id":"https:\/\/tutuapps.online\/telecharger-workplace-from-facebook\/#breadcrumb","itemListElement":[{"@type":"ListItem","position":1,"name":"Portada","item":"https:\/\/tutuapps.online\/"},{"@type":"ListItem","position":2,"name":"T\u00e9l\u00e9charger Workplace from Facebook"}]},{"@type":"WebSite","@id":"https:\/\/tutuapps.online\/#website","url":"https:\/\/tutuapps.online\/","name":"TutuApps.online","description":"T\u00e9l\u00e9charger pour iOS, Android, PC","publisher":{"@id":"https:\/\/tutuapps.online\/#organization"},"potentialAction":[{"@type":"SearchAction","target":{"@type":"EntryPoint","urlTemplate":"https:\/\/tutuapps.online\/?s={search_term_string}"},"query-input":{"@type":"PropertyValueSpecification","valueRequired":true,"valueName":"search_term_string"}}],"inLanguage":"es"},{"@type":"Organization","@id":"https:\/\/tutuapps.online\/#organization","name":"Tutuapps Online","url":"https:\/\/tutuapps.online\/","logo":{"@type":"ImageObject","inLanguage":"es","@id":"https:\/\/tutuapps.online\/#\/schema\/logo\/image\/","url":"https:\/\/tutuapps.online\/wp-content\/uploads\/2022\/01\/tutuapps-online.png","contentUrl":"https:\/\/tutuapps.online\/wp-content\/uploads\/2022\/01\/tutuapps-online.png","width":337,"height":94,"caption":"Tutuapps Online"},"image":{"@id":"https:\/\/tutuapps.online\/#\/schema\/logo\/image\/"}}]}},"_links":{"self":[{"href":"https:\/\/tutuapps.online\/es\/wp-json\/wp\/v2\/pages\/2543","targetHints":{"allow":["GET"]}}],"collection":[{"href":"https:\/\/tutuapps.online\/es\/wp-json\/wp\/v2\/pages"}],"about":[{"href":"https:\/\/tutuapps.online\/es\/wp-json\/wp\/v2\/types\/page"}],"author":[{"embeddable":true,"href":"https:\/\/tutuapps.online\/es\/wp-json\/wp\/v2\/users\/1"}],"replies":[{"embeddable":true,"href":"https:\/\/tutuapps.online\/es\/wp-json\/wp\/v2\/comments?post=2543"}],"version-history":[{"count":0,"href":"https:\/\/tutuapps.online\/es\/wp-json\/wp\/v2\/pages\/2543\/revisions"}],"wp:featuredmedia":[{"embeddable":true,"href":"https:\/\/tutuapps.online\/es\/wp-json\/wp\/v2\/media\/2545"}],"wp:attachment":[{"href":"https:\/\/tutuapps.online\/es\/wp-json\/wp\/v2\/media?parent=2543"}],"curies":[{"name":"wp","href":"https:\/\/api.w.org\/{rel}","templated":true}]}}