{"id":232,"date":"2018-08-28T14:49:48","date_gmt":"2018-08-28T14:49:48","guid":{"rendered":"http:\/\/tutuapps.online\/?page_id=232"},"modified":"2021-04-06T13:18:36","modified_gmt":"2021-04-06T13:18:36","slug":"ios-11-4","status":"publish","type":"page","link":"https:\/\/tutuapps.online\/es\/ios-11-4\/","title":{"rendered":"TutuApp iOS 11.4"},"content":{"rendered":"<p>TutuApp est\u00e1 ganando reconocimiento a medida que m\u00e1s y m\u00e1s usuarios la utilizan para descargar sus aplicaciones y juegos favoritos sin tener que hacer jailbreak a su dispositivo.<\/p>\n\n\n\n<p>TutuApp es una tienda de aplicaciones que puede descargarse en todos los dispositivos iOS (iPhone, iPad y iPod Touch).<\/p>\n\n\n\n<p>TutuApp ofrece a los usuarios de Apple todas las aplicaciones y juegos premium disponibles en la App Store oficial de forma gratuita. TutuApp es la mejor alternativa a la aplicaci\u00f3n Cydia.<\/p>\n\n\n\n<div class=\"wp-block-image\"><figure class=\"aligncenter\"><img wpfc-lazyload-disable=\"true\" decoding=\"async\" width=\"210\" height=\"232\" data-src=\"https:\/\/tutuapps.online\/wp-content\/uploads\/2018\/08\/tutuapp-ios-11-4.png\" alt=\"tutuapp-ios-11-4\" class=\"wp-image-236 lazyload\" src=\"data:image\/svg+xml;base64,PHN2ZyB3aWR0aD0iMSIgaGVpZ2h0PSIxIiB4bWxucz0iaHR0cDovL3d3dy53My5vcmcvMjAwMC9zdmciPjwvc3ZnPg==\" style=\"--smush-placeholder-width: 210px; --smush-placeholder-aspect-ratio: 210\/232;\" \/><\/figure><\/div>\n\n\n\n<p>No necesitas hacer jailbreak a tu dispositivo iOS para descargar <a href=\"https:\/\/tutuapps.online\/es\/\"><strong>TutuApp<\/strong><\/a>. Para que esta aplicaci\u00f3n funcione correctamente, el dispositivo debe ejecutar iOS 9 o superior.<\/p>\n\n\n\n<p>Apple tiene uno de los mejores sistemas operativos. Recientemente ha lanzado iOS 11.4 y est\u00e1 disponible para que los usuarios lo descarguen.<\/p>\n\n\n\n<p>iOS 11.4 solucion\u00f3 todos los errores que estaban estropeando el dispositivo, como que cada vez que abr\u00edas los ajustes, a veces aparec\u00eda una pantalla en blanco; y c\u00f3mo el controlador de m\u00fasica no aparec\u00eda en la pantalla de bloqueo, entre otros.<\/p>\n\n\n\n<p>Todos los nuevos iOS 11.4 tienen novedades interesantes como el podcast, que ahora reproduce autom\u00e1ticamente el siguiente episodio, la app de TV tiene preferencias de notificaci\u00f3n.<\/p>\n\n\n\n<p>Recuerda que el fondo de pantalla Arenas movedizas para iPhone X no estaba disponible hasta ahora, pero con la actualizaci\u00f3n iOS 11.4 ya est\u00e1 disponible.<\/p>\n\n\n\n<p>Los iPhones de 2017 ahora tienen capacidad de carga inal\u00e1mbrica r\u00e1pida y hay nuevos iconos en la app de mensajer\u00eda para mantener las cosas interesantes.<\/p>\n\n\n\n<p>Hay una nueva animaci\u00f3n de descarga en Live Photo Effects. La \u00faltima actualizaci\u00f3n fall\u00f3 por completo la app \"Calculadora\", pues bien, ahora con la actualizaci\u00f3n iOS 11.4 la app est\u00e1 arreglada y lista para usar.<\/p>\n\n\n\n<h2 class=\"wp-block-heading\">Descargar TutuApp para iOS 11.4<\/h2>\n\n\n\n<ol class=\"wp-block-list\"><li>Abra su navegador Safari y <strong><a href=\"https:\/\/tutuapps.online\/es\/descargar-tutuapp\/\">Descargar TutuApp<\/a><\/strong>.<\/li><li>Contin\u00fae con la instalaci\u00f3n de la tienda de aplicaciones.<\/li><li>Ahora tienes que abrir Configuraci\u00f3n -&gt; Configuraci\u00f3n General -&gt; Administraci\u00f3n de Dispositivos -&gt; haz clic en \"Confiar en TutuApp\".<\/li><li>Abre TutuApp y descarga todas tus aplicaciones y juegos favoritos.<\/li><\/ol>\n\n\n\n<p><span style=\"color: #181c3e;\"><strong>Nota:<\/strong> <\/span><em>Si la aplicaci\u00f3n se bloquea, recomendamos utilizar <a href=\"https:\/\/tutuapps.online\/es\/nesstool\/\"><strong>NessTool<\/strong><\/a>una aplicaci\u00f3n VPN antirrevocaci\u00f3n. Leer <strong>este art\u00edculo<\/strong> para los errores y correcciones m\u00e1s comunes de la aplicaci\u00f3n.<\/em><\/p>\n\n\n\n<h2 class=\"wp-block-heading\">V\u00eddeo - TutuApp iOS 11.4 Gratis<\/h2>\n\n\n<p><center><iframe width=\"600\" height=\"355\" data-src=\"https:\/\/www.youtube.com\/embed\/ZdGZ7lOBMUE\" frameborder=\"0\" allow=\"accelerometer; autoplay; encrypted-media; gyroscope; picture-in-picture\" allowfullscreen=\"\" src=\"data:image\/svg+xml;base64,PHN2ZyB3aWR0aD0iMSIgaGVpZ2h0PSIxIiB4bWxucz0iaHR0cDovL3d3dy53My5vcmcvMjAwMC9zdmciPjwvc3ZnPg==\" class=\"lazyload\" data-load-mode=\"1\"><\/iframe><\/center><\/p>\n\n\n\n<div style=\"height:20px\" aria-hidden=\"true\" class=\"wp-block-spacer\"><\/div>\n\n\n\n<p><span style=\"color: #181c3e;\"><strong>Tambi\u00e9n le puede interesar<\/strong><\/span><\/p>\n\n\n\n<ul class=\"wp-block-list\"><li class=\"entry-title\"><a href=\"https:\/\/tutuapps.online\/es\/descargar-tutuapp\/\" target=\"_blank\" rel=\"noopener noreferrer\"><strong>Descargar TutuApp<\/strong><\/a><\/li><li class=\"entry-title\"><a href=\"https:\/\/tutuapps.online\/es\/deezer-plus\/\" target=\"_blank\" rel=\"noopener noreferrer\"><strong>TutuApp Deezer++<\/strong><\/a><\/li><li><strong><a href=\"https:\/\/tutuapps.online\/es\/ios\/\" target=\"_blank\" rel=\"noopener noreferrer\">TutuApp iOS<\/a><\/strong><\/li><li><a href=\"https:\/\/tutuapps.online\/es\/aplicaciones-como-tutuapp\/\" target=\"_blank\" rel=\"noopener noreferrer\"><strong>Aplicaciones como TutuApp<\/strong><\/a><\/li><li><a href=\"https:\/\/tutuapps.online\/es\/\" target=\"_blank\" rel=\"noopener noreferrer\"><strong>TutuApp | Android \/ iOS<\/strong><\/a><\/li><li><a href=\"https:\/\/tutuapps.online\/es\/apk\/\" target=\"_blank\" rel=\"noopener noreferrer\"><strong>TutuApp APK<\/strong><\/a><\/li><li><a href=\"https:\/\/tutuapps.online\/es\/tutuapp-ya-no-funciona\/\" target=\"_blank\" rel=\"noopener noreferrer\"><strong>\u00bfNo funciona TutuApp?<\/strong><\/a><\/li><li><a href=\"https:\/\/tutuapps.online\/es\/pokemon-go\/\" target=\"_blank\" rel=\"noopener noreferrer\"><strong>TutuApp Pok\u00e9mon GO<\/strong><\/a><\/li><li><a href=\"https:\/\/tutuapps.online\/es\/regular\/\" target=\"_blank\" rel=\"noopener noreferrer\"><strong>TutuApp Regular<\/strong><\/a><\/li><li><a href=\"https:\/\/tutuapps.online\/es\/vip\/\" target=\"_blank\" rel=\"noopener noreferrer\"><strong>TutuApp VIP<\/strong><\/a><\/li><li><a href=\"https:\/\/tutuapps.online\/es\/android\/\" target=\"_blank\" rel=\"noopener noreferrer\"><strong>TutuApp Android<\/strong><\/a><\/li><li><a href=\"https:\/\/tutuapps.online\/es\/tutu-helper\/\" target=\"_blank\" rel=\"noopener noreferrer\"><strong>Ayudante de tut\u00fa<\/strong><\/a><\/li><li><a href=\"https:\/\/tutuapps.online\/es\/spotify-plus\/\" target=\"_blank\" rel=\"noopener noreferrer\"><strong>Spotify++<\/strong><\/a><\/li><li><a href=\"https:\/\/tutuapps.online\/es\/nesstool\/\" target=\"_blank\" rel=\"noopener noreferrer\"><strong>NessTool<\/strong><\/a><\/li><li><a href=\"https:\/\/tutuapps.online\/es\/pc\/\" target=\"_blank\" rel=\"noopener noreferrer\"><strong>TutuApp PC<\/strong><\/a><\/li><li><a href=\"https:\/\/tutuapps.online\/es\/gratis\/\" target=\"_blank\" rel=\"noopener noreferrer\"><strong>TutuApp Gratis<\/strong><\/a><\/li><\/ul>\n\n\n\n<div style=\"height:20px\" aria-hidden=\"true\" class=\"wp-block-spacer\"><\/div>","protected":false},"excerpt":{"rendered":"<p>TutuApp es cada vez m\u00e1s popular, ya que cada vez m\u00e1s usuarios la utilizan para descargar sus aplicaciones y juegos favoritos sin tener que hacer jailbreak a su dispositivo. TutuApp es una tienda de aplicaciones que se puede descargar en todos los dispositivos iOS (iPhone, iPad y iPod Touch). TutuApp ofrece a los usuarios de Apple acceso gratuito a todas las aplicaciones y juegos ... <a title=\"TutuApp iOS 11.4\" class=\"read-more\" href=\"https:\/\/tutuapps.online\/es\/ios-11-4\/\" aria-label=\"More on TutuApp iOS 11.4\">Seguir leyendo<\/a><\/p>","protected":false},"author":1,"featured_media":2385,"parent":0,"menu_order":0,"comment_status":"closed","ping_status":"closed","template":"","meta":{"generate_page_header":"","footnotes":""},"class_list":["post-232","page","type-page","status-publish","has-post-thumbnail"],"yoast_head":"<!-- This site is optimized with the Yoast SEO plugin v26.5 - https:\/\/yoast.com\/wordpress\/plugins\/seo\/ -->\n<title>\u25b7 T\u00e9l\u00e9charger TUTUAPP pour iOS 11.4 \u3010 \u221a 2026 \u3011<\/title>\n<meta name=\"description\" content=\"I\u27a8 TutuApp iOS 11.4 \u2705 TutuApp est de plus en plus reconnu car de plus en plus d&#039;utilisateurs l&#039;utilisent pour t\u00e9l\u00e9charger leurs ...\" \/>\n<meta name=\"robots\" content=\"index, follow, max-snippet:-1, max-image-preview:large, max-video-preview:-1\" \/>\n<link rel=\"canonical\" href=\"https:\/\/tutuapps.online\/es\/ios-11-4\/\" \/>\n<meta property=\"og:locale\" content=\"es_MX\" \/>\n<meta property=\"og:type\" content=\"article\" \/>\n<meta property=\"og:title\" content=\"\u25b7 T\u00e9l\u00e9charger TUTUAPP pour iOS 11.4 \u3010 \u221a 2026 \u3011\" \/>\n<meta property=\"og:description\" content=\"I\u27a8 TutuApp iOS 11.4 \u2705 TutuApp est de plus en plus reconnu car de plus en plus d&#039;utilisateurs l&#039;utilisent pour t\u00e9l\u00e9charger leurs ...\" \/>\n<meta property=\"og:url\" content=\"https:\/\/tutuapps.online\/es\/ios-11-4\/\" \/>\n<meta property=\"og:site_name\" content=\"TutuApps.online\" \/>\n<meta property=\"article:modified_time\" content=\"2021-04-06T13:18:36+00:00\" \/>\n<meta property=\"og:image\" content=\"https:\/\/tutuapps.online\/wp-content\/uploads\/2018\/08\/tutuapp-ios-11-4.png\" \/>\n<meta name=\"twitter:card\" content=\"summary_large_image\" \/>\n<meta name=\"twitter:label1\" content=\"Tiempo de lectura\" \/>\n\t<meta name=\"twitter:data1\" content=\"2 minutos\" \/>\n<script type=\"application\/ld+json\" class=\"yoast-schema-graph\">{\"@context\":\"https:\/\/schema.org\",\"@graph\":[{\"@type\":\"WebPage\",\"@id\":\"https:\/\/tutuapps.online\/ios-11-4\/\",\"url\":\"https:\/\/tutuapps.online\/ios-11-4\/\",\"name\":\"\u25b7 T\u00e9l\u00e9charger TUTUAPP pour iOS 11.4 \u3010 \u221a 2026 \u3011\",\"isPartOf\":{\"@id\":\"https:\/\/tutuapps.online\/#website\"},\"primaryImageOfPage\":{\"@id\":\"https:\/\/tutuapps.online\/ios-11-4\/#primaryimage\"},\"image\":{\"@id\":\"https:\/\/tutuapps.online\/ios-11-4\/#primaryimage\"},\"thumbnailUrl\":\"https:\/\/tutuapps.online\/wp-content\/uploads\/2023\/04\/tutuapp-ios-11-4.jpg\",\"datePublished\":\"2018-08-28T14:49:48+00:00\",\"dateModified\":\"2021-04-06T13:18:36+00:00\",\"description\":\"I\u27a8 TutuApp iOS 11.4 \u2705 TutuApp est de plus en plus reconnu car de plus en plus d'utilisateurs l'utilisent pour t\u00e9l\u00e9charger leurs ...\",\"breadcrumb\":{\"@id\":\"https:\/\/tutuapps.online\/ios-11-4\/#breadcrumb\"},\"inLanguage\":\"es\",\"potentialAction\":[{\"@type\":\"ReadAction\",\"target\":[\"https:\/\/tutuapps.online\/ios-11-4\/\"]}]},{\"@type\":\"ImageObject\",\"inLanguage\":\"es\",\"@id\":\"https:\/\/tutuapps.online\/ios-11-4\/#primaryimage\",\"url\":\"https:\/\/tutuapps.online\/wp-content\/uploads\/2023\/04\/tutuapp-ios-11-4.jpg\",\"contentUrl\":\"https:\/\/tutuapps.online\/wp-content\/uploads\/2023\/04\/tutuapp-ios-11-4.jpg\",\"width\":800,\"height\":450},{\"@type\":\"BreadcrumbList\",\"@id\":\"https:\/\/tutuapps.online\/ios-11-4\/#breadcrumb\",\"itemListElement\":[{\"@type\":\"ListItem\",\"position\":1,\"name\":\"Portada\",\"item\":\"https:\/\/tutuapps.online\/\"},{\"@type\":\"ListItem\",\"position\":2,\"name\":\"TutuApp iOS 11.4\"}]},{\"@type\":\"WebSite\",\"@id\":\"https:\/\/tutuapps.online\/#website\",\"url\":\"https:\/\/tutuapps.online\/\",\"name\":\"TutuApps.online\",\"description\":\"T\u00e9l\u00e9charger pour iOS, Android, PC\",\"publisher\":{\"@id\":\"https:\/\/tutuapps.online\/#organization\"},\"potentialAction\":[{\"@type\":\"SearchAction\",\"target\":{\"@type\":\"EntryPoint\",\"urlTemplate\":\"https:\/\/tutuapps.online\/?s={search_term_string}\"},\"query-input\":{\"@type\":\"PropertyValueSpecification\",\"valueRequired\":true,\"valueName\":\"search_term_string\"}}],\"inLanguage\":\"es\"},{\"@type\":\"Organization\",\"@id\":\"https:\/\/tutuapps.online\/#organization\",\"name\":\"Tutuapps Online\",\"url\":\"https:\/\/tutuapps.online\/\",\"logo\":{\"@type\":\"ImageObject\",\"inLanguage\":\"es\",\"@id\":\"https:\/\/tutuapps.online\/#\/schema\/logo\/image\/\",\"url\":\"https:\/\/tutuapps.online\/wp-content\/uploads\/2022\/01\/tutuapps-online.png\",\"contentUrl\":\"https:\/\/tutuapps.online\/wp-content\/uploads\/2022\/01\/tutuapps-online.png\",\"width\":337,\"height\":94,\"caption\":\"Tutuapps Online\"},\"image\":{\"@id\":\"https:\/\/tutuapps.online\/#\/schema\/logo\/image\/\"}}]}<\/script>\n<!-- \/ Yoast SEO plugin. -->","yoast_head_json":{"title":"\u25b7 T\u00e9l\u00e9charger TUTUAPP pour iOS 11.4 \u3010 \u221a 2026 \u3011","description":"I\u27a8 TutuApp iOS 11.4 \u2705 TutuApp est de plus en plus reconnu car de plus en plus d'utilisateurs l'utilisent pour t\u00e9l\u00e9charger leurs ...","robots":{"index":"index","follow":"follow","max-snippet":"max-snippet:-1","max-image-preview":"max-image-preview:large","max-video-preview":"max-video-preview:-1"},"canonical":"https:\/\/tutuapps.online\/es\/ios-11-4\/","og_locale":"es_MX","og_type":"article","og_title":"\u25b7 T\u00e9l\u00e9charger TUTUAPP pour iOS 11.4 \u3010 \u221a 2026 \u3011","og_description":"I\u27a8 TutuApp iOS 11.4 \u2705 TutuApp est de plus en plus reconnu car de plus en plus d'utilisateurs l'utilisent pour t\u00e9l\u00e9charger leurs ...","og_url":"https:\/\/tutuapps.online\/es\/ios-11-4\/","og_site_name":"TutuApps.online","article_modified_time":"2021-04-06T13:18:36+00:00","og_image":[{"url":"https:\/\/tutuapps.online\/wp-content\/uploads\/2018\/08\/tutuapp-ios-11-4.png","type":"","width":"","height":""}],"twitter_card":"summary_large_image","twitter_misc":{"Tiempo de lectura":"2 minutos"},"schema":{"@context":"https:\/\/schema.org","@graph":[{"@type":"WebPage","@id":"https:\/\/tutuapps.online\/ios-11-4\/","url":"https:\/\/tutuapps.online\/ios-11-4\/","name":"\u25b7 T\u00e9l\u00e9charger TUTUAPP pour iOS 11.4 \u3010 \u221a 2026 \u3011","isPartOf":{"@id":"https:\/\/tutuapps.online\/#website"},"primaryImageOfPage":{"@id":"https:\/\/tutuapps.online\/ios-11-4\/#primaryimage"},"image":{"@id":"https:\/\/tutuapps.online\/ios-11-4\/#primaryimage"},"thumbnailUrl":"https:\/\/tutuapps.online\/wp-content\/uploads\/2023\/04\/tutuapp-ios-11-4.jpg","datePublished":"2018-08-28T14:49:48+00:00","dateModified":"2021-04-06T13:18:36+00:00","description":"I\u27a8 TutuApp iOS 11.4 \u2705 TutuApp est de plus en plus reconnu car de plus en plus d'utilisateurs l'utilisent pour t\u00e9l\u00e9charger leurs ...","breadcrumb":{"@id":"https:\/\/tutuapps.online\/ios-11-4\/#breadcrumb"},"inLanguage":"es","potentialAction":[{"@type":"ReadAction","target":["https:\/\/tutuapps.online\/ios-11-4\/"]}]},{"@type":"ImageObject","inLanguage":"es","@id":"https:\/\/tutuapps.online\/ios-11-4\/#primaryimage","url":"https:\/\/tutuapps.online\/wp-content\/uploads\/2023\/04\/tutuapp-ios-11-4.jpg","contentUrl":"https:\/\/tutuapps.online\/wp-content\/uploads\/2023\/04\/tutuapp-ios-11-4.jpg","width":800,"height":450},{"@type":"BreadcrumbList","@id":"https:\/\/tutuapps.online\/ios-11-4\/#breadcrumb","itemListElement":[{"@type":"ListItem","position":1,"name":"Portada","item":"https:\/\/tutuapps.online\/"},{"@type":"ListItem","position":2,"name":"TutuApp iOS 11.4"}]},{"@type":"WebSite","@id":"https:\/\/tutuapps.online\/#website","url":"https:\/\/tutuapps.online\/","name":"TutuApps.online","description":"T\u00e9l\u00e9charger pour iOS, Android, PC","publisher":{"@id":"https:\/\/tutuapps.online\/#organization"},"potentialAction":[{"@type":"SearchAction","target":{"@type":"EntryPoint","urlTemplate":"https:\/\/tutuapps.online\/?s={search_term_string}"},"query-input":{"@type":"PropertyValueSpecification","valueRequired":true,"valueName":"search_term_string"}}],"inLanguage":"es"},{"@type":"Organization","@id":"https:\/\/tutuapps.online\/#organization","name":"Tutuapps Online","url":"https:\/\/tutuapps.online\/","logo":{"@type":"ImageObject","inLanguage":"es","@id":"https:\/\/tutuapps.online\/#\/schema\/logo\/image\/","url":"https:\/\/tutuapps.online\/wp-content\/uploads\/2022\/01\/tutuapps-online.png","contentUrl":"https:\/\/tutuapps.online\/wp-content\/uploads\/2022\/01\/tutuapps-online.png","width":337,"height":94,"caption":"Tutuapps Online"},"image":{"@id":"https:\/\/tutuapps.online\/#\/schema\/logo\/image\/"}}]}},"_links":{"self":[{"href":"https:\/\/tutuapps.online\/es\/wp-json\/wp\/v2\/pages\/232","targetHints":{"allow":["GET"]}}],"collection":[{"href":"https:\/\/tutuapps.online\/es\/wp-json\/wp\/v2\/pages"}],"about":[{"href":"https:\/\/tutuapps.online\/es\/wp-json\/wp\/v2\/types\/page"}],"author":[{"embeddable":true,"href":"https:\/\/tutuapps.online\/es\/wp-json\/wp\/v2\/users\/1"}],"replies":[{"embeddable":true,"href":"https:\/\/tutuapps.online\/es\/wp-json\/wp\/v2\/comments?post=232"}],"version-history":[{"count":0,"href":"https:\/\/tutuapps.online\/es\/wp-json\/wp\/v2\/pages\/232\/revisions"}],"wp:featuredmedia":[{"embeddable":true,"href":"https:\/\/tutuapps.online\/es\/wp-json\/wp\/v2\/media\/2385"}],"wp:attachment":[{"href":"https:\/\/tutuapps.online\/es\/wp-json\/wp\/v2\/media?parent=232"}],"curies":[{"name":"wp","href":"https:\/\/api.w.org\/{rel}","templated":true}]}}