{"id":194,"date":"2018-08-28T09:49:57","date_gmt":"2018-08-28T09:49:57","guid":{"rendered":"http:\/\/tutuapps.online\/?page_id=194"},"modified":"2021-04-06T13:11:11","modified_gmt":"2021-04-06T13:11:11","slug":"tutu-helper","status":"publish","type":"page","link":"https:\/\/tutuapps.online\/es\/tutu-helper\/","title":{"rendered":"Tutu Helper APK Download for Android"},"content":{"rendered":"<p>Hoy en d\u00eda, todos los usuarios de tel\u00e9fonos inteligentes quieren saber m\u00e1s sobre esta tecnolog\u00eda y, por tanto, est\u00e1n a la caza de las \u00faltimas aplicaciones \u00fatiles para su trabajo, su salud y su entretenimiento.<\/p>\n<p>Hay varias tiendas de aplicaciones en las que puede acceder a varias aplicaciones, pero <strong>Tutu App Helper<\/strong> es la versi\u00f3n especial de la tienda de aplicaciones donde los usuarios pueden gestionar sus aplicaciones.<\/p>\n<p>Adem\u00e1s de los dispositivos iOS, <a href=\"https:\/\/tutuapps.online\/es\/apk\/\">TutuApp APK<\/a> tambi\u00e9n est\u00e1 disponible gratuitamente para todos los usuarios de sistemas operativos Android.<\/p>\n<p><img wpfc-lazyload-disable=\"true\" decoding=\"async\" class=\"aligncenter size-full wp-image-378 lazyload\" data-src=\"https:\/\/tutuapps.online\/wp-content\/uploads\/2018\/11\/tutu-helper-apk.jpg\" alt=\"tutu-ayudante-apk\" width=\"752\" height=\"399\" data-srcset=\"https:\/\/tutuapps.online\/wp-content\/uploads\/2018\/11\/tutu-helper-apk.jpg 752w, https:\/\/tutuapps.online\/wp-content\/uploads\/2018\/11\/tutu-helper-apk-300x159.jpg 300w\" data-sizes=\"(max-width: 752px) 100vw, 752px\" src=\"data:image\/svg+xml;base64,PHN2ZyB3aWR0aD0iMSIgaGVpZ2h0PSIxIiB4bWxucz0iaHR0cDovL3d3dy53My5vcmcvMjAwMC9zdmciPjwvc3ZnPg==\" style=\"--smush-placeholder-width: 752px; --smush-placeholder-aspect-ratio: 752\/399;\" \/><\/p>\n<p><strong>Aplicaci\u00f3n Tutu Helper<\/strong> es el lugar perfecto para conseguir f\u00e1cilmente todas tus aplicaciones, juegos y mods gratuitos.<\/p>\n<p>Tutu Helper se puso a disposici\u00f3n de la comunidad china, ya que inicialmente se hizo en chino, pero a muchos usuarios extranjeros les resultaba dif\u00edcil de usar. Los desarrolladores crearon entonces la versi\u00f3n en ingl\u00e9s de TutuApp.<\/p>\n<p>Ahora tambi\u00e9n est\u00e1 disponible en ingl\u00e9s para el resto del mundo. Los usuarios no necesitan tener ning\u00fan conocimiento t\u00e9cnico adicional para ejecutarlo, s\u00f3lo el conocimiento b\u00e1sico de c\u00f3mo funciona es suficiente para instalarlo en su dispositivo Android. Este art\u00edculo le ayudar\u00e1 a descargar Tutu Helper apk en su dispositivo Android.<\/p>\n<p>La aplicaci\u00f3n Tutu Helper est\u00e1 disponible tanto en versi\u00f3n de pago como en versi\u00f3n normal. La versi\u00f3n VIP de la aplicaci\u00f3n requiere un pago y puede descargar la versi\u00f3n normal de Tutu Helper de forma gratuita.<\/p>\n<p>Si desea obtener la versi\u00f3n VIP, tambi\u00e9n puede tener una opci\u00f3n <strong>TutuApp Vip<\/strong> para su dispositivo. La versi\u00f3n de pago le traer\u00e1 muchos beneficios adicionales.<\/p>\n<h2>Tutu Helper APK<\/h2>\n<p>Para que Tutu App y Tutu App Helper funcionen correctamente en tu dispositivo android, necesitas comprobar lo siguiente en tu dispositivo.<\/p>\n<ul>\n<li>Para obtener Tutu Helper gratis en tu dispositivo, necesitas asegurarte de que la versi\u00f3n de Android de tu dispositivo es compatible. Se recomienda la versi\u00f3n Android 4.0 o superior para un rendimiento preciso.<\/li>\n<li>El dispositivo debe tener al menos 1 GB de RAM o m\u00e1s.<\/li>\n<\/ul>\n<p>Si cumples con lo anterior, est\u00e1s listo para descargar. Para obtener Tutu Helper en su tel\u00e9fono, aqu\u00ed est\u00e1 el proceso completo que le ayuda a obtener. <a href=\"https:\/\/tutuapps.online\/es\/android\/\">TutuApp Android<\/a>.<\/p>\n<ul>\n<li>Descarga el archivo APK de Tutu Helper en tu dispositivo desde aqu\u00ed:&nbsp;<strong><a href=\"https:\/\/tutuapps.online\/es\/descargar-tutuapp\/\">https:\/\/tutuapps.online\/tutuapp-telecharger\/<\/a><\/strong><\/li>\n<li>Tutu Helper puede descargarse desde el sitio web oficial de TutuApp. <a href=\"https:\/\/tutuapps.online\/es\/descargar-tutuapp\/\"><strong>aqu\u00ed<\/strong><\/a>. Puede descargar Tutu Helper APK para su dispositivo e instalarlo m\u00e1s tarde. Usted debe saber que tiene que permitir que las aplicaciones de terceros en la configuraci\u00f3n del tel\u00e9fono para instalar Tutu Helper APK.<\/li>\n<\/ul>\n<p><a href=\"https:\/\/tutuapps.online\/es\/descargar-tutuapp\/\"><img wpfc-lazyload-disable=\"true\" decoding=\"async\" class=\"size-full wp-image-45 aligncenter lazyload\" data-src=\"https:\/\/tutuapps.online\/wp-content\/uploads\/2018\/08\/telecharger-le-bouton-tutuapp.png\" alt=\"descargar-el-boton-tutuapp\" width=\"282\" height=\"44\" src=\"data:image\/svg+xml;base64,PHN2ZyB3aWR0aD0iMSIgaGVpZ2h0PSIxIiB4bWxucz0iaHR0cDovL3d3dy53My5vcmcvMjAwMC9zdmciPjwvc3ZnPg==\" style=\"--smush-placeholder-width: 282px; --smush-placeholder-aspect-ratio: 282\/44;\"><\/a><\/p>\n<ul>\n<li>Para permitir aplicaciones de terceros, simplemente ve a Ajustes - Seguridad - Fuentes desconocidas y activa la opci\u00f3n \"ON\" Fuentes desconocidas para permitir que Tutu Helper APK se instale en tu dispositivo.<\/li>\n<li>Una vez cambiados los ajustes, obtendr\u00e1s el archivo APK de Tutu Helper descargado en tu dispositivo Android.<\/li>\n<li>Ahora, cuando vuelvas al archivo APK y lo selecciones, el archivo se ejecutar\u00e1 y te pedir\u00e1 que realices la instalaci\u00f3n.<\/li>\n<li>Seleccione la opci\u00f3n \"INSTALAR\" y espere a que finalice la instalaci\u00f3n.<\/li>\n<li>Una vez instalado el APK de Tutu Helper, aparecer\u00e1 un icono de la aplicaci\u00f3n Tutu en la pantalla de inicio.<\/li>\n<li>Para iniciar la aplicaci\u00f3n, pulse sobre el icono.<\/li>\n<li>Ahora puedes acceder gratis a todas tus aplicaciones y juegos en tu dispositivo Android.<\/li>\n<\/ul>\n<h2>\u00bfPor qu\u00e9 Tutu Helper?<\/h2>\n<p>La respuesta a esta pregunta explica la funcionalidad <strong>Tutu Helper APK para Android<\/strong> y justifica el prop\u00f3sito de su descarga.<\/p>\n<p>Echemos un vistazo a sus caracter\u00edsticas distintivas.<\/p>\n<ul>\n<li>Tutu Helper es compatible con todos los dispositivos Android a partir de la versi\u00f3n 4.0.<\/li>\n<li>Es de f\u00e1cil y libre acceso para cualquier usuario de dispositivos Android a trav\u00e9s del sitio web oficial o sitios de terceros.<\/li>\n<li>Sin necesidad de jailbreak ni rooteo.<\/li>\n<li>Hay una gran variedad de aplicaciones y juegos en todas las versiones a disposici\u00f3n de los usuarios.<\/li>\n<li>Se actualiza peri\u00f3dicamente.<\/li>\n<li>Esta tienda de aplicaciones tambi\u00e9n ofrece funciones adicionales como limpieza de cach\u00e9 y transferencia de datos.<\/li>\n<li>Otra raz\u00f3n para usar Tutu App Helper es que es muy f\u00e1cil de usar.<\/li>\n<li>Es absolutamente cierto.<\/li>\n<\/ul>\n<h2>Acerca de<\/h2>\n<p>Si has seguido todos los pasos anteriores, seguro que te resultar\u00e1 \u00fatil. Ahora a\u00f1adir\u00e1s una tienda de aplicaciones muy interesante a tu dispositivo Android. Tutu Helper APK para Android es uno de los mejores lugares para gestionar todas tus apps y juegos.<\/p>\n<p>Tambi\u00e9n puede optar por la versi\u00f3n de pago que es Tutu App VIP como se mencion\u00f3 anteriormente. Esto demuestra ser un solucionador de problemas para sus problemas de aplicaci\u00f3n, si su tienda oficial de aplicaciones crea uno para usted.<\/p>\n<p>Como has podido leer, Tutu Helper es la aplicaci\u00f3n alternativa disponible para usuarios de Android e iOS.<\/p>\n<p>Esto te ayudar\u00e1 a gestionar las mejores aplicaciones. Si tienes problemas para descargar apps de tu inter\u00e9s y la tienda no te deja, has encontrado el lugar adecuado.<\/p>\n<p>Esperamos que esto te ayude a resolver tus problemas y a acceder a tus aplicaciones favoritas que te resulten \u00fatiles e interesantes.<\/p>\n<p><span style=\"color: #181c3e;\"><strong>Tambi\u00e9n le puede interesar<\/strong><\/span><\/p>\n<ul>\n<li class=\"entry-title\"><a href=\"https:\/\/tutuapps.online\/es\/descargar-tutuapp\/\" target=\"_blank\" rel=\"noopener noreferrer\"><strong>Descargar TutuApp<\/strong><\/a><\/li>\n<li class=\"entry-title\"><a href=\"https:\/\/tutuapps.online\/es\/deezer-plus\/\" target=\"_blank\" rel=\"noopener noreferrer\"><strong>TutuApp Deezer++<\/strong><\/a><\/li>\n<li><strong><a href=\"https:\/\/tutuapps.online\/es\/ios\/\" target=\"_blank\" rel=\"noopener noreferrer\">TutuApp iOS<\/a><\/strong><\/li>\n<li><a href=\"https:\/\/tutuapps.online\/es\/aplicaciones-como-tutuapp\/\" target=\"_blank\" rel=\"noopener noreferrer\"><strong>Aplicaciones como TutuApp<\/strong><\/a><\/li>\n<li><a href=\"https:\/\/tutuapps.online\/es\/\" target=\"_blank\" rel=\"noopener noreferrer\"><strong>TutuApp | Android \/ iOS<\/strong><\/a><\/li>\n<li><a href=\"https:\/\/tutuapps.online\/es\/apk\/\" target=\"_blank\" rel=\"noopener noreferrer\"><strong>TutuApp APK<\/strong><\/a><\/li>\n<li><a href=\"https:\/\/tutuapps.online\/es\/tutuapp-ya-no-funciona\/\" target=\"_blank\" rel=\"noopener noreferrer\"><strong>\u00bfNo funciona TutuApp?<\/strong><\/a><\/li>\n<li><a href=\"https:\/\/tutuapps.online\/es\/pokemon-go\/\" target=\"_blank\" rel=\"noopener noreferrer\"><strong>TutuApp Pok\u00e9mon GO<\/strong><\/a><\/li>\n<li><a href=\"https:\/\/tutuapps.online\/es\/regular\/\" target=\"_blank\" rel=\"noopener noreferrer\"><strong>TutuApp Regular<\/strong><\/a><\/li>\n<li><a href=\"https:\/\/tutuapps.online\/es\/vip\/\" target=\"_blank\" rel=\"noopener noreferrer\"><strong>TutuApp VIP<\/strong><\/a><\/li>\n<li><a href=\"https:\/\/tutuapps.online\/es\/android\/\" target=\"_blank\" rel=\"noopener noreferrer\"><strong>TutuApp Android<\/strong><\/a><\/li>\n<\/ul>\n\n\n<div style=\"height:20px\" aria-hidden=\"true\" class=\"wp-block-spacer\"><\/div>","protected":false},"excerpt":{"rendered":"<p>Aujourd&rsquo;hui, tous les utilisateurs de smartphones veulent en savoir plus sur cette technologie et sont donc \u00e0 l&rsquo;aff\u00fbt des derni\u00e8res applications utiles pour leur travail, leur sant\u00e9 et leur divertissement. Il existe plusieurs boutiques d&rsquo;applications o\u00f9 vous pouvez acc\u00e9der \u00e0 plusieurs applications, mais Tutu App Helper est la version sp\u00e9ciale de l&rsquo;app store o\u00f9 les &#8230; <a title=\"Tutu Helper APK Download for Android\" class=\"read-more\" href=\"https:\/\/tutuapps.online\/es\/tutu-helper\/\" aria-label=\"More on Tutu Helper APK T\u00e9l\u00e9charger pour Android\">Seguir leyendo<\/a><\/p>","protected":false},"author":1,"featured_media":2390,"parent":0,"menu_order":0,"comment_status":"closed","ping_status":"closed","template":"","meta":{"generate_page_header":"","footnotes":""},"class_list":["post-194","page","type-page","status-publish","has-post-thumbnail"],"yoast_head":"<!-- This site is optimized with the Yoast SEO plugin v26.5 - https:\/\/yoast.com\/wordpress\/plugins\/seo\/ -->\n<title>\u25b7 T\u00e9l\u00e9charger TUTU HERLPER | Android | APK\u3010 \u221a 2026 \u3011<\/title>\n<meta name=\"description\" content=\"I\u27a8 T\u00e9l\u00e9chargez le fichier APK Tutu Helper sur votre appareil \u00e0 partir d&#039;ici : https:\/\/tutuapps.online\/tutuapp-telecharger\/ \u2705 T\u00e9l\u00e9charger ...\" \/>\n<meta name=\"robots\" content=\"index, follow, max-snippet:-1, max-image-preview:large, max-video-preview:-1\" \/>\n<link rel=\"canonical\" href=\"https:\/\/tutuapps.online\/es\/tutu-helper\/\" \/>\n<meta property=\"og:locale\" content=\"es_MX\" \/>\n<meta property=\"og:type\" content=\"article\" \/>\n<meta property=\"og:title\" content=\"\u25b7 T\u00e9l\u00e9charger TUTU HERLPER | Android | APK\u3010 \u221a 2026 \u3011\" \/>\n<meta property=\"og:description\" content=\"I\u27a8 T\u00e9l\u00e9chargez le fichier APK Tutu Helper sur votre appareil \u00e0 partir d&#039;ici : https:\/\/tutuapps.online\/tutuapp-telecharger\/ \u2705 T\u00e9l\u00e9charger ...\" \/>\n<meta property=\"og:url\" content=\"https:\/\/tutuapps.online\/es\/tutu-helper\/\" \/>\n<meta property=\"og:site_name\" content=\"TutuApps.online\" \/>\n<meta property=\"article:modified_time\" content=\"2021-04-06T13:11:11+00:00\" \/>\n<meta property=\"og:image\" content=\"https:\/\/tutuapps.online\/wp-content\/uploads\/2018\/11\/tutu-helper-apk.jpg\" \/>\n<meta name=\"twitter:card\" content=\"summary_large_image\" \/>\n<meta name=\"twitter:label1\" content=\"Tiempo de lectura\" \/>\n\t<meta name=\"twitter:data1\" content=\"5 minutos\" \/>\n<script type=\"application\/ld+json\" class=\"yoast-schema-graph\">{\"@context\":\"https:\/\/schema.org\",\"@graph\":[{\"@type\":\"WebPage\",\"@id\":\"https:\/\/tutuapps.online\/tutu-helper\/\",\"url\":\"https:\/\/tutuapps.online\/tutu-helper\/\",\"name\":\"\u25b7 T\u00e9l\u00e9charger TUTU HERLPER | Android | APK\u3010 \u221a 2026 \u3011\",\"isPartOf\":{\"@id\":\"https:\/\/tutuapps.online\/#website\"},\"primaryImageOfPage\":{\"@id\":\"https:\/\/tutuapps.online\/tutu-helper\/#primaryimage\"},\"image\":{\"@id\":\"https:\/\/tutuapps.online\/tutu-helper\/#primaryimage\"},\"thumbnailUrl\":\"https:\/\/tutuapps.online\/wp-content\/uploads\/2023\/04\/tutu-helper-apk-telecharger-pour-android.webp\",\"datePublished\":\"2018-08-28T09:49:57+00:00\",\"dateModified\":\"2021-04-06T13:11:11+00:00\",\"description\":\"I\u27a8 T\u00e9l\u00e9chargez le fichier APK Tutu Helper sur votre appareil \u00e0 partir d'ici : https:\/\/tutuapps.online\/tutuapp-telecharger\/ \u2705 T\u00e9l\u00e9charger ...\",\"breadcrumb\":{\"@id\":\"https:\/\/tutuapps.online\/tutu-helper\/#breadcrumb\"},\"inLanguage\":\"es\",\"potentialAction\":[{\"@type\":\"ReadAction\",\"target\":[\"https:\/\/tutuapps.online\/tutu-helper\/\"]}]},{\"@type\":\"ImageObject\",\"inLanguage\":\"es\",\"@id\":\"https:\/\/tutuapps.online\/tutu-helper\/#primaryimage\",\"url\":\"https:\/\/tutuapps.online\/wp-content\/uploads\/2023\/04\/tutu-helper-apk-telecharger-pour-android.webp\",\"contentUrl\":\"https:\/\/tutuapps.online\/wp-content\/uploads\/2023\/04\/tutu-helper-apk-telecharger-pour-android.webp\",\"width\":172,\"height\":172},{\"@type\":\"BreadcrumbList\",\"@id\":\"https:\/\/tutuapps.online\/tutu-helper\/#breadcrumb\",\"itemListElement\":[{\"@type\":\"ListItem\",\"position\":1,\"name\":\"Portada\",\"item\":\"https:\/\/tutuapps.online\/\"},{\"@type\":\"ListItem\",\"position\":2,\"name\":\"Tutu Helper APK T\u00e9l\u00e9charger pour Android\"}]},{\"@type\":\"WebSite\",\"@id\":\"https:\/\/tutuapps.online\/#website\",\"url\":\"https:\/\/tutuapps.online\/\",\"name\":\"TutuApps.online\",\"description\":\"T\u00e9l\u00e9charger pour iOS, Android, PC\",\"publisher\":{\"@id\":\"https:\/\/tutuapps.online\/#organization\"},\"potentialAction\":[{\"@type\":\"SearchAction\",\"target\":{\"@type\":\"EntryPoint\",\"urlTemplate\":\"https:\/\/tutuapps.online\/?s={search_term_string}\"},\"query-input\":{\"@type\":\"PropertyValueSpecification\",\"valueRequired\":true,\"valueName\":\"search_term_string\"}}],\"inLanguage\":\"es\"},{\"@type\":\"Organization\",\"@id\":\"https:\/\/tutuapps.online\/#organization\",\"name\":\"Tutuapps Online\",\"url\":\"https:\/\/tutuapps.online\/\",\"logo\":{\"@type\":\"ImageObject\",\"inLanguage\":\"es\",\"@id\":\"https:\/\/tutuapps.online\/#\/schema\/logo\/image\/\",\"url\":\"https:\/\/tutuapps.online\/wp-content\/uploads\/2022\/01\/tutuapps-online.png\",\"contentUrl\":\"https:\/\/tutuapps.online\/wp-content\/uploads\/2022\/01\/tutuapps-online.png\",\"width\":337,\"height\":94,\"caption\":\"Tutuapps Online\"},\"image\":{\"@id\":\"https:\/\/tutuapps.online\/#\/schema\/logo\/image\/\"}}]}<\/script>\n<!-- \/ Yoast SEO plugin. -->","yoast_head_json":{"title":"\u25b7 T\u00e9l\u00e9charger TUTU HERLPER | Android | APK\u3010 \u221a 2026 \u3011","description":"I\u27a8 T\u00e9l\u00e9chargez le fichier APK Tutu Helper sur votre appareil \u00e0 partir d'ici : https:\/\/tutuapps.online\/tutuapp-telecharger\/ \u2705 T\u00e9l\u00e9charger ...","robots":{"index":"index","follow":"follow","max-snippet":"max-snippet:-1","max-image-preview":"max-image-preview:large","max-video-preview":"max-video-preview:-1"},"canonical":"https:\/\/tutuapps.online\/es\/tutu-helper\/","og_locale":"es_MX","og_type":"article","og_title":"\u25b7 T\u00e9l\u00e9charger TUTU HERLPER | Android | APK\u3010 \u221a 2026 \u3011","og_description":"I\u27a8 T\u00e9l\u00e9chargez le fichier APK Tutu Helper sur votre appareil \u00e0 partir d'ici : https:\/\/tutuapps.online\/tutuapp-telecharger\/ \u2705 T\u00e9l\u00e9charger ...","og_url":"https:\/\/tutuapps.online\/es\/tutu-helper\/","og_site_name":"TutuApps.online","article_modified_time":"2021-04-06T13:11:11+00:00","og_image":[{"url":"https:\/\/tutuapps.online\/wp-content\/uploads\/2018\/11\/tutu-helper-apk.jpg","type":"","width":"","height":""}],"twitter_card":"summary_large_image","twitter_misc":{"Tiempo de lectura":"5 minutos"},"schema":{"@context":"https:\/\/schema.org","@graph":[{"@type":"WebPage","@id":"https:\/\/tutuapps.online\/tutu-helper\/","url":"https:\/\/tutuapps.online\/tutu-helper\/","name":"\u25b7 T\u00e9l\u00e9charger TUTU HERLPER | Android | APK\u3010 \u221a 2026 \u3011","isPartOf":{"@id":"https:\/\/tutuapps.online\/#website"},"primaryImageOfPage":{"@id":"https:\/\/tutuapps.online\/tutu-helper\/#primaryimage"},"image":{"@id":"https:\/\/tutuapps.online\/tutu-helper\/#primaryimage"},"thumbnailUrl":"https:\/\/tutuapps.online\/wp-content\/uploads\/2023\/04\/tutu-helper-apk-telecharger-pour-android.webp","datePublished":"2018-08-28T09:49:57+00:00","dateModified":"2021-04-06T13:11:11+00:00","description":"I\u27a8 T\u00e9l\u00e9chargez le fichier APK Tutu Helper sur votre appareil \u00e0 partir d'ici : https:\/\/tutuapps.online\/tutuapp-telecharger\/ \u2705 T\u00e9l\u00e9charger ...","breadcrumb":{"@id":"https:\/\/tutuapps.online\/tutu-helper\/#breadcrumb"},"inLanguage":"es","potentialAction":[{"@type":"ReadAction","target":["https:\/\/tutuapps.online\/tutu-helper\/"]}]},{"@type":"ImageObject","inLanguage":"es","@id":"https:\/\/tutuapps.online\/tutu-helper\/#primaryimage","url":"https:\/\/tutuapps.online\/wp-content\/uploads\/2023\/04\/tutu-helper-apk-telecharger-pour-android.webp","contentUrl":"https:\/\/tutuapps.online\/wp-content\/uploads\/2023\/04\/tutu-helper-apk-telecharger-pour-android.webp","width":172,"height":172},{"@type":"BreadcrumbList","@id":"https:\/\/tutuapps.online\/tutu-helper\/#breadcrumb","itemListElement":[{"@type":"ListItem","position":1,"name":"Portada","item":"https:\/\/tutuapps.online\/"},{"@type":"ListItem","position":2,"name":"Tutu Helper APK T\u00e9l\u00e9charger pour Android"}]},{"@type":"WebSite","@id":"https:\/\/tutuapps.online\/#website","url":"https:\/\/tutuapps.online\/","name":"TutuApps.online","description":"T\u00e9l\u00e9charger pour iOS, Android, PC","publisher":{"@id":"https:\/\/tutuapps.online\/#organization"},"potentialAction":[{"@type":"SearchAction","target":{"@type":"EntryPoint","urlTemplate":"https:\/\/tutuapps.online\/?s={search_term_string}"},"query-input":{"@type":"PropertyValueSpecification","valueRequired":true,"valueName":"search_term_string"}}],"inLanguage":"es"},{"@type":"Organization","@id":"https:\/\/tutuapps.online\/#organization","name":"Tutuapps Online","url":"https:\/\/tutuapps.online\/","logo":{"@type":"ImageObject","inLanguage":"es","@id":"https:\/\/tutuapps.online\/#\/schema\/logo\/image\/","url":"https:\/\/tutuapps.online\/wp-content\/uploads\/2022\/01\/tutuapps-online.png","contentUrl":"https:\/\/tutuapps.online\/wp-content\/uploads\/2022\/01\/tutuapps-online.png","width":337,"height":94,"caption":"Tutuapps Online"},"image":{"@id":"https:\/\/tutuapps.online\/#\/schema\/logo\/image\/"}}]}},"_links":{"self":[{"href":"https:\/\/tutuapps.online\/es\/wp-json\/wp\/v2\/pages\/194","targetHints":{"allow":["GET"]}}],"collection":[{"href":"https:\/\/tutuapps.online\/es\/wp-json\/wp\/v2\/pages"}],"about":[{"href":"https:\/\/tutuapps.online\/es\/wp-json\/wp\/v2\/types\/page"}],"author":[{"embeddable":true,"href":"https:\/\/tutuapps.online\/es\/wp-json\/wp\/v2\/users\/1"}],"replies":[{"embeddable":true,"href":"https:\/\/tutuapps.online\/es\/wp-json\/wp\/v2\/comments?post=194"}],"version-history":[{"count":0,"href":"https:\/\/tutuapps.online\/es\/wp-json\/wp\/v2\/pages\/194\/revisions"}],"wp:featuredmedia":[{"embeddable":true,"href":"https:\/\/tutuapps.online\/es\/wp-json\/wp\/v2\/media\/2390"}],"wp:attachment":[{"href":"https:\/\/tutuapps.online\/es\/wp-json\/wp\/v2\/media?parent=194"}],"curies":[{"name":"wp","href":"https:\/\/api.w.org\/{rel}","templated":true}]}}