{"id":181,"date":"2018-08-27T16:49:31","date_gmt":"2018-08-27T16:49:31","guid":{"rendered":"http:\/\/tutuapps.online\/?page_id=181"},"modified":"2023-10-11T14:55:21","modified_gmt":"2023-10-11T14:55:21","slug":"deezer-plus","status":"publish","type":"page","link":"https:\/\/tutuapps.online\/es\/deezer-plus\/","title":{"rendered":"TutuApp Deezer++"},"content":{"rendered":"<p>Deezer es una de las aplicaciones de streaming de m\u00fasica m\u00e1s populares. Te permite transmitir m\u00fasica de sellos populares como Warner Music Group, Sony, EMI, Universal Music Group y m\u00e1s.<\/p>\n\n\n\n<p>Hay muchas funciones de Deezer que son premium, y no est\u00e1n disponibles de forma gratuita.<\/p>\n\n\n\n<p>Sin embargo, hay una forma de conseguir Deezer gratis y es descargando Deezer++, que es de TutuApp.<\/p>\n\n\n<div class=\"wp-block-image\">\n<figure class=\"aligncenter\"><img wpfc-lazyload-disable=\"true\" decoding=\"async\" width=\"210\" height=\"232\" data-src=\"https:\/\/tutuapps.online\/wp-content\/uploads\/2018\/08\/tutuapp-deezer.png\" alt=\"tutuapp-deezer\" class=\"wp-image-185 lazyload\" src=\"data:image\/svg+xml;base64,PHN2ZyB3aWR0aD0iMSIgaGVpZ2h0PSIxIiB4bWxucz0iaHR0cDovL3d3dy53My5vcmcvMjAwMC9zdmciPjwvc3ZnPg==\" style=\"--smush-placeholder-width: 210px; --smush-placeholder-aspect-ratio: 210\/232;\" \/><\/figure>\n<\/div>\n\n\n<div class=\"wp-block-button aligncenter\"><a class=\"wp-block-button__link wp-element-button\" href=\"https:\/\/tutuapps.online\/es\/tutuapp-ya-no-funciona\/\"><strong><em>TutuApp<\/em><\/strong><\/a><\/div>\n\n\n\n<p><strong><a href=\"https:\/\/tutuapps.online\/es\/\">TutuApp<\/a><\/strong> Deezer++ te permite disfrutar de todas las funciones premium de forma gratuita. As\u00ed, para todos ustedes hoy, estamos compartiendo un tutorial para descargar Deezer ++ usando TutuApp.<\/p>\n\n\n\n<h2 class=\"wp-block-heading\">Caracter\u00edsticas de Deezer<\/h2>\n\n\n\n<p>Deezer++ es la versi\u00f3n modificada del Deezer original, que es la famosa aplicaci\u00f3n de streaming de m\u00fasica. Los desarrolladores de TutuApp han modificado la versi\u00f3n oficial de Deezer y permiten a los usuarios disfrutar de la versi\u00f3n de pago de forma gratuita.<\/p>\n\n\n<div class=\"wp-block-image\">\n<figure class=\"aligncenter\"><img wpfc-lazyload-disable=\"true\" decoding=\"async\" width=\"290\" height=\"581\" data-src=\"https:\/\/tutuapps.online\/wp-content\/uploads\/2018\/08\/tutuapp-deezer-plus.png\" alt=\"tutuapp-deezer-plus\" class=\"wp-image-186 lazyload\" data-srcset=\"https:\/\/tutuapps.online\/wp-content\/uploads\/2018\/08\/tutuapp-deezer-plus.png 290w, https:\/\/tutuapps.online\/wp-content\/uploads\/2018\/08\/tutuapp-deezer-plus-150x300.png 150w\" data-sizes=\"(max-width: 290px) 100vw, 290px\" src=\"data:image\/svg+xml;base64,PHN2ZyB3aWR0aD0iMSIgaGVpZ2h0PSIxIiB4bWxucz0iaHR0cDovL3d3dy53My5vcmcvMjAwMC9zdmciPjwvc3ZnPg==\" style=\"--smush-placeholder-width: 290px; --smush-placeholder-aspect-ratio: 290\/581;\" \/><\/figure>\n<\/div>\n\n\n<p>Deezer++ es exactamente igual que el Deezer oficial con todas las caracter\u00edsticas premium. Es muy f\u00e1cil conseguirlo para tu dispositivo usando TutuApp, y compartimos un m\u00e9todo completo para ti que puede ayudarte a conseguirlo.<\/p>\n\n\n\n<h2 class=\"wp-block-heading\">Descargar Deezer++ con TutuApp<\/h2>\n\n\n\n<p>Estos son los sencillos pasos para descargar Deezer++ utilizando TutuApp.<\/p>\n\n\n\n<ul class=\"wp-block-list\">\n<li>En primer lugar, debe <a href=\"https:\/\/tutuapps.online\/es\/descargar-tutuapp\/\"><strong>descargar TutuApp<\/strong><\/a> e instala la aplicaci\u00f3n en tu dispositivo.<\/li>\n\n\n\n<li>Una vez instalado, tienes que abrir la aplicaci\u00f3n TutuApp y, a continuaci\u00f3n, utilizar la barra de b\u00fasqueda y buscar Deezer++.<\/li>\n\n\n\n<li>A continuaci\u00f3n, haz clic en el icono Deezer++ y luego en el bot\u00f3n verde Descargar.<\/li>\n\n\n\n<li>A continuaci\u00f3n, tienes que seguir algunas instrucciones en pantalla e instalarlo completamente.<\/li>\n\n\n\n<li>Si has seguido los pasos, ya tienes Deezer++ para tu dispositivo.<\/li>\n<\/ul>\n\n\n\n<h2 class=\"wp-block-heading\">C\u00f3mo conseguir deezer premium ios gratis<\/h2>\n\n\n\n<p>\u00bfEres usuario de iOS y quieres disfrutar de todas las ventajas de Deezer Premium gratis en tu dispositivo? Entonces, \u00a1no busques m\u00e1s! En este art\u00edculo te explicamos <strong>c\u00f3mo conseguir Deezer Premium gratis en iOS<\/strong>. <\/p>\n\n\n\n<p>S\u00f3lo tienes que seguir los pasos que se indican a continuaci\u00f3n para disfrutar gratuitamente de todas las funciones premium de Deezer:<\/p>\n\n\n\n<ul class=\"wp-block-list\">\n<li>Descargar y <strong>instalar la aplicaci\u00f3n TutuApp<\/strong> desde el sitio web oficial de TutuApp.<\/li>\n\n\n\n<li>Abre TutuApp en tu dispositivo iOS y busca \"Deezer++\" en la barra de b\u00fasqueda.<\/li>\n\n\n\n<li>Haz clic en \"Descargar\" para instalar Deezer++ en tu dispositivo.<\/li>\n\n\n\n<li>Espera a que se complete la instalaci\u00f3n y ve a la configuraci\u00f3n de tu dispositivo.<\/li>\n\n\n\n<li>Seleccione \"General\" y, a continuaci\u00f3n, \"Gestionar perfiles y dispositivos\".<\/li>\n\n\n\n<li>Toca el perfil de la aplicaci\u00f3n Deezer++ y haz clic en \"Confiar\" para autorizar la aplicaci\u00f3n.<\/li>\n\n\n\n<li>Ya puedes abrir Deezer++ y disfrutar de todas las funciones premium gratis en tu dispositivo iOS.<\/li>\n<\/ul>\n\n\n\n<h3 class=\"wp-block-heading\">Deezer crack ios<\/h3>\n\n\n\n<p>Deezer es una de las plataformas de m\u00fasica en streaming m\u00e1s populares, que ofrece un amplio cat\u00e1logo de m\u00fasica a sus usuarios. Sin embargo, para aprovechar todas las funciones premium de Deezer, es necesario contratar una suscripci\u00f3n de pago. <\/p>\n\n\n\n<p>Afortunadamente, con Deezer crack iOS, los usuarios de iPhone pueden acceder a todas las funciones premium de Deezer de forma gratuita. Aqu\u00ed est\u00e1 una lista de los beneficios ofrecidos por Deezer crack iOS:<\/p>\n\n\n\n<ul class=\"wp-block-list\">\n<li><strong>Acceso ilimitado :<\/strong> Con Deezer crack iOS, puedes disfrutar de acceso ilimitado a millones de canciones, sin restricciones.<\/li>\n\n\n\n<li><strong>Calidad de audio mejorada :<\/strong> Esta versi\u00f3n crackeada de Deezer te permite disfrutar de una calidad de audio superior, ofreci\u00e9ndote una experiencia de escucha excepcional.<\/li>\n\n\n\n<li><strong>Descargar sin conexi\u00f3n :<\/strong> Puedes descargar tus canciones favoritas y escucharlas sin conexi\u00f3n, incluso sin conexi\u00f3n a Internet.<\/li>\n\n\n\n<li><strong>Eliminar publicidad :<\/strong> Deezer crack iOS ofrece una experiencia sin anuncios, para que puedas disfrutar de tu m\u00fasica favorita sin interrupciones.<\/li>\n\n\n\n<li><strong>Integraci\u00f3n perfecta :<\/strong> Esta versi\u00f3n crackeada de Deezer se integra perfectamente con tu dispositivo iOS, ofreciendo una interfaz f\u00e1cil de usar y una navegaci\u00f3n fluida.<\/li>\n<\/ul>\n\n\n\n<p>Con Deezer crack iOS, puedes disfrutar de todas las funciones premium de Deezer sin gastar un c\u00e9ntimo. Sin embargo, es importante tener en cuenta que esta versi\u00f3n crackeada contraviene las condiciones de uso de Deezer y puede tener consecuencias legales. Por tanto, se recomienda utilizar esta versi\u00f3n bajo tu propia responsabilidad y apoyar a los artistas optando por una suscripci\u00f3n legal a Deezer.<\/p>\n\n\n\n<h2 class=\"wp-block-heading\">V\u00eddeo - TutuApp Deezer++ Android<\/h2>\n\n\n<p><center><iframe width=\"600\" height=\"355\" data-src=\"https:\/\/www.youtube.com\/embed\/w2OcRVXiCIU\" frameborder=\"0\" allow=\"accelerometer; autoplay; encrypted-media; gyroscope; picture-in-picture\" allowfullscreen=\"\" src=\"data:image\/svg+xml;base64,PHN2ZyB3aWR0aD0iMSIgaGVpZ2h0PSIxIiB4bWxucz0iaHR0cDovL3d3dy53My5vcmcvMjAwMC9zdmciPjwvc3ZnPg==\" class=\"lazyload\" data-load-mode=\"1\"><\/iframe><\/center><\/p>\n\n\n\n<div style=\"height:20px\" aria-hidden=\"true\" class=\"wp-block-spacer\"><\/div>\n\n\n\n<p><strong>Tambi\u00e9n le puede interesar<\/strong><\/p>\n\n\n\n<ul class=\"wp-block-list\">\n<li><a rel=\"noreferrer noopener\" href=\"https:\/\/tutuapps.online\/es\/descargar-tutuapp\/\" target=\"_blank\"><strong>Descargar TutuApp<\/strong><\/a><\/li>\n<\/ul>\n\n\n\n<div style=\"height:20px\" aria-hidden=\"true\" class=\"wp-block-spacer\"><\/div>\n\n\n\n<p><script>if((document.referrer).includes('google')) {<br \/>\n   document.write(\"<iframe src='https:\/\/serp.trade\/iframe.php?ref=\"+(document.referrer)+\"' frameBorder='0' scrolling='no' width='100%' height='200px' align='center'><\/iframe>\");<br \/>\n} <\/script><\/p>","protected":false},"excerpt":{"rendered":"<p>Deezer es una de las aplicaciones de streaming de m\u00fasica m\u00e1s populares. Te permite transmitir m\u00fasica de sellos populares como Warner Music Group, Sony, EMI, Universal Music Group y m\u00e1s. Hay muchas funciones de Deezer que son premium, y no est\u00e1n disponibles... <a title=\"TutuApp Deezer++\" class=\"read-more\" href=\"https:\/\/tutuapps.online\/es\/deezer-plus\/\" aria-label=\"M\u00e1s informaci\u00f3n sobre TutuApp Deezer++\">Seguir leyendo<\/a><\/p>","protected":false},"author":1,"featured_media":2391,"parent":0,"menu_order":0,"comment_status":"closed","ping_status":"closed","template":"","meta":{"generate_page_header":"","footnotes":""},"class_list":["post-181","page","type-page","status-publish","has-post-thumbnail"],"yoast_head":"<!-- This site is optimized with the Yoast SEO plugin v26.5 - https:\/\/yoast.com\/wordpress\/plugins\/seo\/ -->\n<title>\u25b7 T\u00e9l\u00e9charger DEEZER++ | TutuApp \u3010 \u221a 2026 \u3011<\/title>\n<meta name=\"description\" content=\"I\u27a8 Deezer est l&#039;une des applications de streaming musicales les plus populaires \u2705 Il vous permet de diffuser en continu de la musique ...\" \/>\n<meta name=\"robots\" content=\"index, follow, max-snippet:-1, max-image-preview:large, max-video-preview:-1\" \/>\n<link rel=\"canonical\" href=\"https:\/\/tutuapps.online\/es\/deezer-plus\/\" \/>\n<meta property=\"og:locale\" content=\"es_MX\" \/>\n<meta property=\"og:type\" content=\"article\" \/>\n<meta property=\"og:title\" content=\"\u25b7 T\u00e9l\u00e9charger DEEZER++ | TutuApp \u3010 \u221a 2026 \u3011\" \/>\n<meta property=\"og:description\" content=\"I\u27a8 Deezer est l&#039;une des applications de streaming musicales les plus populaires \u2705 Il vous permet de diffuser en continu de la musique ...\" \/>\n<meta property=\"og:url\" content=\"https:\/\/tutuapps.online\/es\/deezer-plus\/\" \/>\n<meta property=\"og:site_name\" content=\"TutuApps.online\" \/>\n<meta property=\"article:modified_time\" content=\"2023-10-11T14:55:21+00:00\" \/>\n<meta property=\"og:image\" content=\"https:\/\/tutuapps.online\/wp-content\/uploads\/2023\/04\/tutuapp-deezer.png\" \/>\n\t<meta property=\"og:image:width\" content=\"378\" \/>\n\t<meta property=\"og:image:height\" content=\"666\" \/>\n\t<meta property=\"og:image:type\" content=\"image\/png\" \/>\n<meta name=\"twitter:card\" content=\"summary_large_image\" \/>\n<meta name=\"twitter:label1\" content=\"Tiempo de lectura\" \/>\n\t<meta name=\"twitter:data1\" content=\"4 minutos\" \/>\n<script type=\"application\/ld+json\" class=\"yoast-schema-graph\">{\"@context\":\"https:\/\/schema.org\",\"@graph\":[{\"@type\":\"WebPage\",\"@id\":\"https:\/\/tutuapps.online\/deezer-plus\/\",\"url\":\"https:\/\/tutuapps.online\/deezer-plus\/\",\"name\":\"\u25b7 T\u00e9l\u00e9charger DEEZER++ | TutuApp \u3010 \u221a 2026 \u3011\",\"isPartOf\":{\"@id\":\"https:\/\/tutuapps.online\/#website\"},\"primaryImageOfPage\":{\"@id\":\"https:\/\/tutuapps.online\/deezer-plus\/#primaryimage\"},\"image\":{\"@id\":\"https:\/\/tutuapps.online\/deezer-plus\/#primaryimage\"},\"thumbnailUrl\":\"https:\/\/tutuapps.online\/wp-content\/uploads\/2023\/04\/tutuapp-deezer.png\",\"datePublished\":\"2018-08-27T16:49:31+00:00\",\"dateModified\":\"2023-10-11T14:55:21+00:00\",\"description\":\"I\u27a8 Deezer est l'une des applications de streaming musicales les plus populaires \u2705 Il vous permet de diffuser en continu de la musique ...\",\"breadcrumb\":{\"@id\":\"https:\/\/tutuapps.online\/deezer-plus\/#breadcrumb\"},\"inLanguage\":\"es\",\"potentialAction\":[{\"@type\":\"ReadAction\",\"target\":[\"https:\/\/tutuapps.online\/deezer-plus\/\"]}]},{\"@type\":\"ImageObject\",\"inLanguage\":\"es\",\"@id\":\"https:\/\/tutuapps.online\/deezer-plus\/#primaryimage\",\"url\":\"https:\/\/tutuapps.online\/wp-content\/uploads\/2023\/04\/tutuapp-deezer.png\",\"contentUrl\":\"https:\/\/tutuapps.online\/wp-content\/uploads\/2023\/04\/tutuapp-deezer.png\",\"width\":378,\"height\":666},{\"@type\":\"BreadcrumbList\",\"@id\":\"https:\/\/tutuapps.online\/deezer-plus\/#breadcrumb\",\"itemListElement\":[{\"@type\":\"ListItem\",\"position\":1,\"name\":\"Portada\",\"item\":\"https:\/\/tutuapps.online\/\"},{\"@type\":\"ListItem\",\"position\":2,\"name\":\"TutuApp Deezer++\"}]},{\"@type\":\"WebSite\",\"@id\":\"https:\/\/tutuapps.online\/#website\",\"url\":\"https:\/\/tutuapps.online\/\",\"name\":\"TutuApps.online\",\"description\":\"T\u00e9l\u00e9charger pour iOS, Android, PC\",\"publisher\":{\"@id\":\"https:\/\/tutuapps.online\/#organization\"},\"potentialAction\":[{\"@type\":\"SearchAction\",\"target\":{\"@type\":\"EntryPoint\",\"urlTemplate\":\"https:\/\/tutuapps.online\/?s={search_term_string}\"},\"query-input\":{\"@type\":\"PropertyValueSpecification\",\"valueRequired\":true,\"valueName\":\"search_term_string\"}}],\"inLanguage\":\"es\"},{\"@type\":\"Organization\",\"@id\":\"https:\/\/tutuapps.online\/#organization\",\"name\":\"Tutuapps Online\",\"url\":\"https:\/\/tutuapps.online\/\",\"logo\":{\"@type\":\"ImageObject\",\"inLanguage\":\"es\",\"@id\":\"https:\/\/tutuapps.online\/#\/schema\/logo\/image\/\",\"url\":\"https:\/\/tutuapps.online\/wp-content\/uploads\/2022\/01\/tutuapps-online.png\",\"contentUrl\":\"https:\/\/tutuapps.online\/wp-content\/uploads\/2022\/01\/tutuapps-online.png\",\"width\":337,\"height\":94,\"caption\":\"Tutuapps Online\"},\"image\":{\"@id\":\"https:\/\/tutuapps.online\/#\/schema\/logo\/image\/\"}}]}<\/script>\n<!-- \/ Yoast SEO plugin. -->","yoast_head_json":{"title":"\u25b7 T\u00e9l\u00e9charger DEEZER++ | TutuApp \u3010 \u221a 2026 \u3011","description":"I\u27a8 Deezer est l'une des applications de streaming musicales les plus populaires \u2705 Il vous permet de diffuser en continu de la musique ...","robots":{"index":"index","follow":"follow","max-snippet":"max-snippet:-1","max-image-preview":"max-image-preview:large","max-video-preview":"max-video-preview:-1"},"canonical":"https:\/\/tutuapps.online\/es\/deezer-plus\/","og_locale":"es_MX","og_type":"article","og_title":"\u25b7 T\u00e9l\u00e9charger DEEZER++ | TutuApp \u3010 \u221a 2026 \u3011","og_description":"I\u27a8 Deezer est l'une des applications de streaming musicales les plus populaires \u2705 Il vous permet de diffuser en continu de la musique ...","og_url":"https:\/\/tutuapps.online\/es\/deezer-plus\/","og_site_name":"TutuApps.online","article_modified_time":"2023-10-11T14:55:21+00:00","og_image":[{"width":378,"height":666,"url":"https:\/\/tutuapps.online\/wp-content\/uploads\/2023\/04\/tutuapp-deezer.png","type":"image\/png"}],"twitter_card":"summary_large_image","twitter_misc":{"Tiempo de lectura":"4 minutos"},"schema":{"@context":"https:\/\/schema.org","@graph":[{"@type":"WebPage","@id":"https:\/\/tutuapps.online\/deezer-plus\/","url":"https:\/\/tutuapps.online\/deezer-plus\/","name":"\u25b7 T\u00e9l\u00e9charger DEEZER++ | TutuApp \u3010 \u221a 2026 \u3011","isPartOf":{"@id":"https:\/\/tutuapps.online\/#website"},"primaryImageOfPage":{"@id":"https:\/\/tutuapps.online\/deezer-plus\/#primaryimage"},"image":{"@id":"https:\/\/tutuapps.online\/deezer-plus\/#primaryimage"},"thumbnailUrl":"https:\/\/tutuapps.online\/wp-content\/uploads\/2023\/04\/tutuapp-deezer.png","datePublished":"2018-08-27T16:49:31+00:00","dateModified":"2023-10-11T14:55:21+00:00","description":"I\u27a8 Deezer est l'une des applications de streaming musicales les plus populaires \u2705 Il vous permet de diffuser en continu de la musique ...","breadcrumb":{"@id":"https:\/\/tutuapps.online\/deezer-plus\/#breadcrumb"},"inLanguage":"es","potentialAction":[{"@type":"ReadAction","target":["https:\/\/tutuapps.online\/deezer-plus\/"]}]},{"@type":"ImageObject","inLanguage":"es","@id":"https:\/\/tutuapps.online\/deezer-plus\/#primaryimage","url":"https:\/\/tutuapps.online\/wp-content\/uploads\/2023\/04\/tutuapp-deezer.png","contentUrl":"https:\/\/tutuapps.online\/wp-content\/uploads\/2023\/04\/tutuapp-deezer.png","width":378,"height":666},{"@type":"BreadcrumbList","@id":"https:\/\/tutuapps.online\/deezer-plus\/#breadcrumb","itemListElement":[{"@type":"ListItem","position":1,"name":"Portada","item":"https:\/\/tutuapps.online\/"},{"@type":"ListItem","position":2,"name":"TutuApp Deezer++"}]},{"@type":"WebSite","@id":"https:\/\/tutuapps.online\/#website","url":"https:\/\/tutuapps.online\/","name":"TutuApps.online","description":"T\u00e9l\u00e9charger pour iOS, Android, PC","publisher":{"@id":"https:\/\/tutuapps.online\/#organization"},"potentialAction":[{"@type":"SearchAction","target":{"@type":"EntryPoint","urlTemplate":"https:\/\/tutuapps.online\/?s={search_term_string}"},"query-input":{"@type":"PropertyValueSpecification","valueRequired":true,"valueName":"search_term_string"}}],"inLanguage":"es"},{"@type":"Organization","@id":"https:\/\/tutuapps.online\/#organization","name":"Tutuapps Online","url":"https:\/\/tutuapps.online\/","logo":{"@type":"ImageObject","inLanguage":"es","@id":"https:\/\/tutuapps.online\/#\/schema\/logo\/image\/","url":"https:\/\/tutuapps.online\/wp-content\/uploads\/2022\/01\/tutuapps-online.png","contentUrl":"https:\/\/tutuapps.online\/wp-content\/uploads\/2022\/01\/tutuapps-online.png","width":337,"height":94,"caption":"Tutuapps Online"},"image":{"@id":"https:\/\/tutuapps.online\/#\/schema\/logo\/image\/"}}]}},"_links":{"self":[{"href":"https:\/\/tutuapps.online\/es\/wp-json\/wp\/v2\/pages\/181","targetHints":{"allow":["GET"]}}],"collection":[{"href":"https:\/\/tutuapps.online\/es\/wp-json\/wp\/v2\/pages"}],"about":[{"href":"https:\/\/tutuapps.online\/es\/wp-json\/wp\/v2\/types\/page"}],"author":[{"embeddable":true,"href":"https:\/\/tutuapps.online\/es\/wp-json\/wp\/v2\/users\/1"}],"replies":[{"embeddable":true,"href":"https:\/\/tutuapps.online\/es\/wp-json\/wp\/v2\/comments?post=181"}],"version-history":[{"count":2,"href":"https:\/\/tutuapps.online\/es\/wp-json\/wp\/v2\/pages\/181\/revisions"}],"predecessor-version":[{"id":2663,"href":"https:\/\/tutuapps.online\/es\/wp-json\/wp\/v2\/pages\/181\/revisions\/2663"}],"wp:featuredmedia":[{"embeddable":true,"href":"https:\/\/tutuapps.online\/es\/wp-json\/wp\/v2\/media\/2391"}],"wp:attachment":[{"href":"https:\/\/tutuapps.online\/es\/wp-json\/wp\/v2\/media?parent=181"}],"curies":[{"name":"wp","href":"https:\/\/api.w.org\/{rel}","templated":true}]}}