{"id":166,"date":"2018-08-27T14:32:24","date_gmt":"2018-08-27T14:32:24","guid":{"rendered":"http:\/\/tutuapps.online\/?page_id=166"},"modified":"2023-10-11T14:51:16","modified_gmt":"2023-10-11T14:51:16","slug":"spotify-plus","status":"publish","type":"page","link":"https:\/\/tutuapps.online\/es\/spotify-plus\/","title":{"rendered":"Spotify++"},"content":{"rendered":"<p>Spotify es una de las mejores fuentes para escuchar m\u00fasica en streaming. Hay dos tipos de Spotify a disposici\u00f3n de los usuarios: uno gratuito y otro premium.<\/p>\n<p>En la versi\u00f3n gratuita puedes escuchar tu m\u00fasica favorita con mucha publicidad y en la versi\u00f3n premium puedes disfrutar de tu m\u00fasica sin publicidad con algunas ventajas adicionales de la versi\u00f3n premium.<\/p>\n<p>En la versi\u00f3n gratuita, hay un l\u00edmite para escuchar canciones sin conexi\u00f3n y en el momento de la reproducci\u00f3n; mientras que no hay l\u00edmite para la versi\u00f3n premium, que cuesta unos 9,99 $ al mes (8,57 eur\/mes).<\/p>\n<p><img wpfc-lazyload-disable=\"true\" decoding=\"async\" class=\"aligncenter wp-image-171 size-full lazyload\" data-src=\"https:\/\/tutuapps.online\/wp-content\/uploads\/2018\/08\/spotify-plus.png\" alt=\"spotify ++\" width=\"150\" height=\"150\" src=\"data:image\/svg+xml;base64,PHN2ZyB3aWR0aD0iMSIgaGVpZ2h0PSIxIiB4bWxucz0iaHR0cDovL3d3dy53My5vcmcvMjAwMC9zdmciPjwvc3ZnPg==\" style=\"--smush-placeholder-width: 150px; --smush-placeholder-aspect-ratio: 150\/150;\" \/><\/p>\n<p>Sin embargo, no tienes que preocuparte por la cuota mensual de la versi\u00f3n premium, ya que compartimos contigo un tweak para iOS. Spotify++ es una modificaci\u00f3n que puede ayudarte a disfrutar de la versi\u00f3n premium de Spotify de forma gratuita.<\/p>\n<p>Est\u00e1 desarrollado por un desarrollador externo, por lo que no est\u00e1 disponible oficialmente y compartiremos con todos vosotros un m\u00e9todo de descarga completo.<\/p>\n<h2>Descarga Spotify++ con TutuApp<\/h2>\n<p>As\u00ed que aqu\u00ed compartimos un m\u00e9todo para descargar Spotify++ usando la tienda TutuApp. Ahora, sin perder m\u00e1s tiempo, vamos a mostrar los pasos:<\/p>\n<ul>\n<li>En primer lugar, debe abrir <a href=\"https:\/\/tutuapps.online\/es\/\"><strong>TutuApp<\/strong><\/a>\u00a0<\/li>\n<li>A continuaci\u00f3n, ve a la barra de b\u00fasqueda y busca Spotify++.<img wpfc-lazyload-disable=\"true\" decoding=\"async\" class=\"aligncenter wp-image-173 size-full lazyload\" data-src=\"https:\/\/tutuapps.online\/wp-content\/uploads\/2018\/08\/spotify-tutuapp.png\" alt=\"tutuapp-spotify-gratuit\" width=\"290\" height=\"581\" data-srcset=\"https:\/\/tutuapps.online\/wp-content\/uploads\/2018\/08\/spotify-tutuapp.png 290w, https:\/\/tutuapps.online\/wp-content\/uploads\/2018\/08\/spotify-tutuapp-150x300.png 150w\" data-sizes=\"(max-width: 290px) 100vw, 290px\" src=\"data:image\/svg+xml;base64,PHN2ZyB3aWR0aD0iMSIgaGVpZ2h0PSIxIiB4bWxucz0iaHR0cDovL3d3dy53My5vcmcvMjAwMC9zdmciPjwvc3ZnPg==\" style=\"--smush-placeholder-width: 290px; --smush-placeholder-aspect-ratio: 290\/581;\" \/><\/li>\n<li>Haz clic en el icono de Spotify++ y despu\u00e9s en el bot\u00f3n \"Cons\u00edguelo gratis\".<\/li>\n<li>Espere hasta que est\u00e9 completamente instalado en su tel\u00e9fono.<\/li>\n<li>Ve a Ajustes -&gt; General -&gt; Gesti\u00f3n de dispositivos y perfiles -&gt; Comprobar el certificado de Spotify -&gt; \"Confiar en esta aplicaci\u00f3n\".<\/li>\n<li>Ahora tendr\u00e1s el icono de Spotfiy++ en tu pantalla de inicio y eso significa que puedes usarlo gratis.<\/li>\n<\/ul>\n<h2>Spotify++ ios<\/h2>\n<p><strong>Spotify++ iOS<\/strong> es una versi\u00f3n modificada de la aplicaci\u00f3n Spotify dise\u00f1ada espec\u00edficamente para usuarios de iOS. Estas son algunas de las funciones incluidas en Spotify++ iOS:<\/p>\n<ul>\n<li><strong>Descargar m\u00fasica sin conexi\u00f3n<\/strong> - Puedes descargar tus canciones favoritas y escucharlas sin conexi\u00f3n, incluso sin conexi\u00f3n a Internet.<\/li>\n<li><strong>Eliminar la publicidad<\/strong> - Desp\u00eddete de las interrupciones publicitarias y disfruta de tu m\u00fasica sin interrupciones.<\/li>\n<li><strong>Calidad de audio mejorada<\/strong> - Spotify++ iOS te permite disfrutar de una mejor calidad de audio para una experiencia de escucha \u00f3ptima.<\/li>\n<li><strong>Acceso ilimitado a los saltos de pista<\/strong> - Puedes pasar de una canci\u00f3n a otra tantas veces como quieras, sin restricciones.<\/li>\n<li><strong>Modo de repetici\u00f3n ilimitada<\/strong> - Puedes repetir tus canciones favoritas una y otra vez para escucharlas sin parar.<\/li>\n<li><strong>Interfaz de usuario personalizable<\/strong> - Personaliza el aspecto de Spotify++ iOS a tu gusto, con temas y opciones de personalizaci\u00f3n avanzadas.<\/li>\n<\/ul>\n<h2>Conclusi\u00f3n<\/h2>\n<p>Una cosa que debes recordar es que puede que no est\u00e9 disponible de por vida, ya que Apple puede revocarla en cualquier momento. Para evitar que te la revoquen, utiliza la aplicaci\u00f3n antirrevocaci\u00f3n de <strong><a href=\"https:\/\/tutuapps.online\/es\/nesstool\/\">NessTool<\/a><\/strong>.<\/p>\n<p>Si conoces a alg\u00fan amante de la m\u00fasica, comparte con \u00e9l esta aplicaci\u00f3n mejorada, puedes ahorrarle mucho dinero.<\/p>\n<p><span style=\"color: #181c3e;\"><strong>Tambi\u00e9n le puede interesar<\/strong><\/span><\/p>\n<ul>\n<li class=\"entry-title\"><a href=\"https:\/\/tutuapps.online\/es\/descargar-tutuapp\/\" target=\"_blank\" rel=\"noopener noreferrer\"><strong>Descargar TutuApp<\/strong><\/a><\/li>\n<li class=\"entry-title\"><a href=\"https:\/\/tutuapps.online\/es\/deezer-plus\/\" target=\"_blank\" rel=\"noopener noreferrer\"><strong>TutuApp Deezer++<\/strong><\/a><\/li>\n<li><strong><a href=\"https:\/\/tutuapps.online\/es\/ios\/\" target=\"_blank\" rel=\"noopener noreferrer\">TutuApp iOS<\/a><\/strong><\/li>\n<li><a href=\"https:\/\/tutuapps.online\/es\/aplicaciones-como-tutuapp\/\" target=\"_blank\" rel=\"noopener noreferrer\"><strong>Aplicaciones como TutuApp<\/strong><\/a><\/li>\n<li><a href=\"https:\/\/tutuapps.online\/es\/\" target=\"_blank\" rel=\"noopener noreferrer\"><strong>TutuApp | Android \/ iOS<\/strong><\/a><\/li>\n<li><a href=\"https:\/\/tutuapps.online\/es\/apk\/\" target=\"_blank\" rel=\"noopener noreferrer\"><strong>TutuApp APK<\/strong><\/a><\/li>\n<li><a href=\"https:\/\/tutuapps.online\/es\/tutuapp-ya-no-funciona\/\" target=\"_blank\" rel=\"noopener noreferrer\"><strong>\u00bfNo funciona TutuApp?<\/strong><\/a><\/li>\n<li><a href=\"https:\/\/tutuapps.online\/es\/pokemon-go\/\" target=\"_blank\" rel=\"noopener noreferrer\"><strong>TutuApp Pok\u00e9mon GO<\/strong><\/a><\/li>\n<li><a href=\"https:\/\/tutuapps.online\/es\/regular\/\" target=\"_blank\" rel=\"noopener noreferrer\"><strong>TutuApp Regular<\/strong><\/a><\/li>\n<li><a href=\"https:\/\/tutuapps.online\/es\/vip\/\" target=\"_blank\" rel=\"noopener noreferrer\"><strong>TutuApp VIP<\/strong><\/a><\/li>\n<li><a href=\"https:\/\/tutuapps.online\/es\/android\/\" target=\"_blank\" rel=\"noopener noreferrer\"><strong>TutuApp Android<\/strong><\/a><\/li>\n<li><a href=\"https:\/\/tutuapps.online\/es\/tutu-helper\/\" target=\"_blank\" rel=\"noopener noreferrer\"><strong>Ayudante de tut\u00fa<\/strong><\/a><\/li>\n<\/ul>\n\n\n<div style=\"height:20px\" aria-hidden=\"true\" class=\"wp-block-spacer\"><\/div>","protected":false},"excerpt":{"rendered":"<p>Spotify es una de las mejores fuentes de m\u00fasica en streaming. Hay dos tipos de Spotify a disposici\u00f3n de los usuarios: uno es gratuito y el otro es Premium. En la versi\u00f3n gratuita, puedes escuchar tu m\u00fasica favorita con mucha publicidad y en la versi\u00f3n Premium, puedes disfrutar de tu m\u00fasica sin publicidad... <a title=\"Spotify++\" class=\"read-more\" href=\"https:\/\/tutuapps.online\/es\/spotify-plus\/\" aria-label=\"M\u00e1s en Spotify\">Seguir leyendo<\/a><\/p>","protected":false},"author":1,"featured_media":1612,"parent":0,"menu_order":0,"comment_status":"closed","ping_status":"closed","template":"","meta":{"generate_page_header":"","footnotes":""},"class_list":["post-166","page","type-page","status-publish","has-post-thumbnail"],"yoast_head":"<!-- This site is optimized with the Yoast SEO plugin v26.5 - https:\/\/yoast.com\/wordpress\/plugins\/seo\/ -->\n<title>\u25b7 T\u00e9l\u00e9charger SPOTIFY++ \u3010 iOS \u221a 2026 \u3011<\/title>\n<meta name=\"description\" content=\"I\u27a8 Spotify++ | Spotify est l&#039;une des meilleures sources de musique en streaming \u2705 Il existe deux types de Spotify disponibles pour les ...\" \/>\n<meta name=\"robots\" content=\"index, follow, max-snippet:-1, max-image-preview:large, max-video-preview:-1\" \/>\n<link rel=\"canonical\" href=\"https:\/\/tutuapps.online\/es\/spotify-plus\/\" \/>\n<meta property=\"og:locale\" content=\"es_MX\" \/>\n<meta property=\"og:type\" content=\"article\" \/>\n<meta property=\"og:title\" content=\"\u25b7 T\u00e9l\u00e9charger SPOTIFY++ \u3010 iOS \u221a 2026 \u3011\" \/>\n<meta property=\"og:description\" content=\"I\u27a8 Spotify++ | Spotify est l&#039;une des meilleures sources de musique en streaming \u2705 Il existe deux types de Spotify disponibles pour les ...\" \/>\n<meta property=\"og:url\" content=\"https:\/\/tutuapps.online\/es\/spotify-plus\/\" \/>\n<meta property=\"og:site_name\" content=\"TutuApps.online\" \/>\n<meta property=\"article:modified_time\" content=\"2023-10-11T14:51:16+00:00\" \/>\n<meta property=\"og:image\" content=\"https:\/\/tutuapps.online\/wp-content\/uploads\/2020\/02\/spotify-.png\" \/>\n\t<meta property=\"og:image:width\" content=\"154\" \/>\n\t<meta property=\"og:image:height\" content=\"154\" \/>\n\t<meta property=\"og:image:type\" content=\"image\/png\" \/>\n<meta name=\"twitter:card\" content=\"summary_large_image\" \/>\n<meta name=\"twitter:label1\" content=\"Tiempo de lectura\" \/>\n\t<meta name=\"twitter:data1\" content=\"3 minutos\" \/>\n<script type=\"application\/ld+json\" class=\"yoast-schema-graph\">{\"@context\":\"https:\/\/schema.org\",\"@graph\":[{\"@type\":\"WebPage\",\"@id\":\"https:\/\/tutuapps.online\/spotify-plus\/\",\"url\":\"https:\/\/tutuapps.online\/spotify-plus\/\",\"name\":\"\u25b7 T\u00e9l\u00e9charger SPOTIFY++ \u3010 iOS \u221a 2026 \u3011\",\"isPartOf\":{\"@id\":\"https:\/\/tutuapps.online\/#website\"},\"primaryImageOfPage\":{\"@id\":\"https:\/\/tutuapps.online\/spotify-plus\/#primaryimage\"},\"image\":{\"@id\":\"https:\/\/tutuapps.online\/spotify-plus\/#primaryimage\"},\"thumbnailUrl\":\"https:\/\/tutuapps.online\/wp-content\/uploads\/2020\/02\/spotify-.png\",\"datePublished\":\"2018-08-27T14:32:24+00:00\",\"dateModified\":\"2023-10-11T14:51:16+00:00\",\"description\":\"I\u27a8 Spotify++ | Spotify est l'une des meilleures sources de musique en streaming \u2705 Il existe deux types de Spotify disponibles pour les ...\",\"breadcrumb\":{\"@id\":\"https:\/\/tutuapps.online\/spotify-plus\/#breadcrumb\"},\"inLanguage\":\"es\",\"potentialAction\":[{\"@type\":\"ReadAction\",\"target\":[\"https:\/\/tutuapps.online\/spotify-plus\/\"]}]},{\"@type\":\"ImageObject\",\"inLanguage\":\"es\",\"@id\":\"https:\/\/tutuapps.online\/spotify-plus\/#primaryimage\",\"url\":\"https:\/\/tutuapps.online\/wp-content\/uploads\/2020\/02\/spotify-.png\",\"contentUrl\":\"https:\/\/tutuapps.online\/wp-content\/uploads\/2020\/02\/spotify-.png\",\"width\":154,\"height\":154,\"caption\":\"spotify++\"},{\"@type\":\"BreadcrumbList\",\"@id\":\"https:\/\/tutuapps.online\/spotify-plus\/#breadcrumb\",\"itemListElement\":[{\"@type\":\"ListItem\",\"position\":1,\"name\":\"Portada\",\"item\":\"https:\/\/tutuapps.online\/\"},{\"@type\":\"ListItem\",\"position\":2,\"name\":\"Spotify++\"}]},{\"@type\":\"WebSite\",\"@id\":\"https:\/\/tutuapps.online\/#website\",\"url\":\"https:\/\/tutuapps.online\/\",\"name\":\"TutuApps.online\",\"description\":\"T\u00e9l\u00e9charger pour iOS, Android, PC\",\"publisher\":{\"@id\":\"https:\/\/tutuapps.online\/#organization\"},\"potentialAction\":[{\"@type\":\"SearchAction\",\"target\":{\"@type\":\"EntryPoint\",\"urlTemplate\":\"https:\/\/tutuapps.online\/?s={search_term_string}\"},\"query-input\":{\"@type\":\"PropertyValueSpecification\",\"valueRequired\":true,\"valueName\":\"search_term_string\"}}],\"inLanguage\":\"es\"},{\"@type\":\"Organization\",\"@id\":\"https:\/\/tutuapps.online\/#organization\",\"name\":\"Tutuapps Online\",\"url\":\"https:\/\/tutuapps.online\/\",\"logo\":{\"@type\":\"ImageObject\",\"inLanguage\":\"es\",\"@id\":\"https:\/\/tutuapps.online\/#\/schema\/logo\/image\/\",\"url\":\"https:\/\/tutuapps.online\/wp-content\/uploads\/2022\/01\/tutuapps-online.png\",\"contentUrl\":\"https:\/\/tutuapps.online\/wp-content\/uploads\/2022\/01\/tutuapps-online.png\",\"width\":337,\"height\":94,\"caption\":\"Tutuapps Online\"},\"image\":{\"@id\":\"https:\/\/tutuapps.online\/#\/schema\/logo\/image\/\"}}]}<\/script>\n<!-- \/ Yoast SEO plugin. -->","yoast_head_json":{"title":"\u25b7 T\u00e9l\u00e9charger SPOTIFY++ \u3010 iOS \u221a 2026 \u3011","description":"I\u27a8 Spotify++ | Spotify est l'une des meilleures sources de musique en streaming \u2705 Il existe deux types de Spotify disponibles pour les ...","robots":{"index":"index","follow":"follow","max-snippet":"max-snippet:-1","max-image-preview":"max-image-preview:large","max-video-preview":"max-video-preview:-1"},"canonical":"https:\/\/tutuapps.online\/es\/spotify-plus\/","og_locale":"es_MX","og_type":"article","og_title":"\u25b7 T\u00e9l\u00e9charger SPOTIFY++ \u3010 iOS \u221a 2026 \u3011","og_description":"I\u27a8 Spotify++ | Spotify est l'une des meilleures sources de musique en streaming \u2705 Il existe deux types de Spotify disponibles pour les ...","og_url":"https:\/\/tutuapps.online\/es\/spotify-plus\/","og_site_name":"TutuApps.online","article_modified_time":"2023-10-11T14:51:16+00:00","og_image":[{"width":154,"height":154,"url":"https:\/\/tutuapps.online\/wp-content\/uploads\/2020\/02\/spotify-.png","type":"image\/png"}],"twitter_card":"summary_large_image","twitter_misc":{"Tiempo de lectura":"3 minutos"},"schema":{"@context":"https:\/\/schema.org","@graph":[{"@type":"WebPage","@id":"https:\/\/tutuapps.online\/spotify-plus\/","url":"https:\/\/tutuapps.online\/spotify-plus\/","name":"\u25b7 T\u00e9l\u00e9charger SPOTIFY++ \u3010 iOS \u221a 2026 \u3011","isPartOf":{"@id":"https:\/\/tutuapps.online\/#website"},"primaryImageOfPage":{"@id":"https:\/\/tutuapps.online\/spotify-plus\/#primaryimage"},"image":{"@id":"https:\/\/tutuapps.online\/spotify-plus\/#primaryimage"},"thumbnailUrl":"https:\/\/tutuapps.online\/wp-content\/uploads\/2020\/02\/spotify-.png","datePublished":"2018-08-27T14:32:24+00:00","dateModified":"2023-10-11T14:51:16+00:00","description":"I\u27a8 Spotify++ | Spotify est l'une des meilleures sources de musique en streaming \u2705 Il existe deux types de Spotify disponibles pour les ...","breadcrumb":{"@id":"https:\/\/tutuapps.online\/spotify-plus\/#breadcrumb"},"inLanguage":"es","potentialAction":[{"@type":"ReadAction","target":["https:\/\/tutuapps.online\/spotify-plus\/"]}]},{"@type":"ImageObject","inLanguage":"es","@id":"https:\/\/tutuapps.online\/spotify-plus\/#primaryimage","url":"https:\/\/tutuapps.online\/wp-content\/uploads\/2020\/02\/spotify-.png","contentUrl":"https:\/\/tutuapps.online\/wp-content\/uploads\/2020\/02\/spotify-.png","width":154,"height":154,"caption":"spotify++"},{"@type":"BreadcrumbList","@id":"https:\/\/tutuapps.online\/spotify-plus\/#breadcrumb","itemListElement":[{"@type":"ListItem","position":1,"name":"Portada","item":"https:\/\/tutuapps.online\/"},{"@type":"ListItem","position":2,"name":"Spotify++"}]},{"@type":"WebSite","@id":"https:\/\/tutuapps.online\/#website","url":"https:\/\/tutuapps.online\/","name":"TutuApps.online","description":"T\u00e9l\u00e9charger pour iOS, Android, PC","publisher":{"@id":"https:\/\/tutuapps.online\/#organization"},"potentialAction":[{"@type":"SearchAction","target":{"@type":"EntryPoint","urlTemplate":"https:\/\/tutuapps.online\/?s={search_term_string}"},"query-input":{"@type":"PropertyValueSpecification","valueRequired":true,"valueName":"search_term_string"}}],"inLanguage":"es"},{"@type":"Organization","@id":"https:\/\/tutuapps.online\/#organization","name":"Tutuapps Online","url":"https:\/\/tutuapps.online\/","logo":{"@type":"ImageObject","inLanguage":"es","@id":"https:\/\/tutuapps.online\/#\/schema\/logo\/image\/","url":"https:\/\/tutuapps.online\/wp-content\/uploads\/2022\/01\/tutuapps-online.png","contentUrl":"https:\/\/tutuapps.online\/wp-content\/uploads\/2022\/01\/tutuapps-online.png","width":337,"height":94,"caption":"Tutuapps Online"},"image":{"@id":"https:\/\/tutuapps.online\/#\/schema\/logo\/image\/"}}]}},"_links":{"self":[{"href":"https:\/\/tutuapps.online\/es\/wp-json\/wp\/v2\/pages\/166","targetHints":{"allow":["GET"]}}],"collection":[{"href":"https:\/\/tutuapps.online\/es\/wp-json\/wp\/v2\/pages"}],"about":[{"href":"https:\/\/tutuapps.online\/es\/wp-json\/wp\/v2\/types\/page"}],"author":[{"embeddable":true,"href":"https:\/\/tutuapps.online\/es\/wp-json\/wp\/v2\/users\/1"}],"replies":[{"embeddable":true,"href":"https:\/\/tutuapps.online\/es\/wp-json\/wp\/v2\/comments?post=166"}],"version-history":[{"count":1,"href":"https:\/\/tutuapps.online\/es\/wp-json\/wp\/v2\/pages\/166\/revisions"}],"predecessor-version":[{"id":2661,"href":"https:\/\/tutuapps.online\/es\/wp-json\/wp\/v2\/pages\/166\/revisions\/2661"}],"wp:featuredmedia":[{"embeddable":true,"href":"https:\/\/tutuapps.online\/es\/wp-json\/wp\/v2\/media\/1612"}],"wp:attachment":[{"href":"https:\/\/tutuapps.online\/es\/wp-json\/wp\/v2\/media?parent=166"}],"curies":[{"name":"wp","href":"https:\/\/api.w.org\/{rel}","templated":true}]}}