{"id":153,"date":"2018-08-24T18:46:21","date_gmt":"2018-08-24T18:46:21","guid":{"rendered":"http:\/\/tutuapps.online\/?page_id=153"},"modified":"2021-04-06T13:09:06","modified_gmt":"2021-04-06T13:09:06","slug":"instagram-plus","status":"publish","type":"page","link":"https:\/\/tutuapps.online\/es\/instagram-plus\/","title":{"rendered":"TutuApp Instagram++"},"content":{"rendered":"<p>Instagram es una de las aplicaciones de medios sociales m\u00e1s utilizadas por millones de usuarios para interactuar y compartir sus actividades sociales, la gente incluso utiliza Instagram para hacer crecer su negocio haciendo m\u00e1s y m\u00e1s clientes cada d\u00eda.<\/p>\n<p>Instagram es una de las mejores aplicaciones de redes sociales, pero no proporciona a sus usuarios todas las funciones que puede, por lo que los usuarios pueden optar por descargar esta versi\u00f3n modificada de Instagram++.<\/p>\n<p>Instagram++ no est\u00e1 disponible para su descarga en la App Store oficial, ni en la Play Store para usuarios de iOS y Android, ya que estas tiendas de aplicaciones no permiten la descarga de aplicaciones modificadas.<\/p>\n<p><img wpfc-lazyload-disable=\"true\" decoding=\"async\" class=\"aligncenter size-full wp-image-154 lazyload\" data-src=\"https:\/\/tutuapps.online\/wp-content\/uploads\/2018\/08\/instagram-plus.png\" alt=\"instagram-plus\" width=\"210\" height=\"232\" src=\"data:image\/svg+xml;base64,PHN2ZyB3aWR0aD0iMSIgaGVpZ2h0PSIxIiB4bWxucz0iaHR0cDovL3d3dy53My5vcmcvMjAwMC9zdmciPjwvc3ZnPg==\" style=\"--smush-placeholder-width: 210px; --smush-placeholder-aspect-ratio: 210\/232;\"><\/p>\n<p>Instagram++ ofrece muchas funciones que la versi\u00f3n original de la aplicaci\u00f3n no tiene, como la posibilidad de elegir entre el feed completo y las miniaturas, puedes ocultar tu Biograf\u00eda de tu perfil.<\/p>\n<p>Adem\u00e1s, permite al usuario ocultar comentarios de todo el feed e incluso puede poner im\u00e1genes de alta calidad como miniaturas. Y estas son solo algunas de las funciones que ofrece.<\/p>\n<p>Instagram++ puede descargarse en la tienda de aplicaciones <a href=\"https:\/\/tutuapps.online\/es\/\"><strong>TutuApp<\/strong><\/a>. La tienda TutuApp no es ning\u00fan misterio para todos los usuarios de iOS y Android a los que les gusta descargar gratis sus aplicaciones y juegos favoritos.<\/p>\n<p>La tienda TutuApp tiene una interfaz muy f\u00e1cil de usar que hace que sea una experiencia divertida para el usuario navegar por las categor\u00edas para encontrar sus aplicaciones y juegos favoritos.<\/p>\n<p>TutuApp se est\u00e1 convirtiendo poco a poco en uno de los mercados de aplicaciones m\u00e1s importantes. Este mercado de aplicaciones es algo que necesitas tener en tu dispositivo si no quieres perder el tiempo en la web buscando tus aplicaciones favoritas.<\/p>\n<h2>Instala Instagram++ de TutuApp.<\/h2>\n<ol>\n<li>Abra el navegador Safari y <a href=\"https:\/\/tutuapps.online\/es\/descargar-tutuapp\/\"><strong>descargar el instalador de TutuApp<\/strong><\/a>.<\/li>\n<li>Espere a que finalice la descarga.<\/li>\n<li>Ve a Ajustes -&gt; Ajustes Generales -&gt; Gesti\u00f3n de Dispositivos -&gt; haz clic en \"Confiar en TutuApp\".<\/li>\n<li>Inicie la tienda de aplicaciones TutuApp.<\/li>\n<li>Busca Instagram++ y elige la primera sugerencia que te d\u00e9.<\/li>\n<li>Puede que tengas que ir a \"Ajustes\" y confiar tambi\u00e9n en \"Instagram++\".<\/li>\n<li>Descarga Instagram++ y disfruta de sus funciones.<\/li>\n<\/ol>\n<p><span style=\"color: #181c3e;\"><strong>Tambi\u00e9n le puede interesar<\/strong><\/span><\/p>\n<ul>\n<li class=\"entry-title\"><a href=\"https:\/\/tutuapps.online\/es\/descargar-tutuapp\/\" target=\"_blank\" rel=\"noopener noreferrer\"><strong>Descargar TutuApp<\/strong><\/a><\/li>\n<li class=\"entry-title\"><a href=\"https:\/\/tutuapps.online\/es\/deezer-plus\/\" target=\"_blank\" rel=\"noopener noreferrer\"><strong>TutuApp Deezer++<\/strong><\/a><\/li>\n<li><strong><a href=\"https:\/\/tutuapps.online\/es\/ios\/\" target=\"_blank\" rel=\"noopener noreferrer\">TutuApp iOS<\/a><\/strong><\/li>\n<li><a href=\"https:\/\/tutuapps.online\/es\/aplicaciones-como-tutuapp\/\" target=\"_blank\" rel=\"noopener noreferrer\"><strong>Aplicaciones como TutuApp<\/strong><\/a><\/li>\n<li><a href=\"https:\/\/tutuapps.online\/es\/\" target=\"_blank\" rel=\"noopener noreferrer\"><strong>TutuApp | Android \/ iOS<\/strong><\/a><\/li>\n<li><a href=\"https:\/\/tutuapps.online\/es\/apk\/\" target=\"_blank\" rel=\"noopener noreferrer\"><strong>TutuApp APK<\/strong><\/a><\/li>\n<li><a href=\"https:\/\/tutuapps.online\/es\/tutuapp-ya-no-funciona\/\" target=\"_blank\" rel=\"noopener noreferrer\"><strong>\u00bfNo funciona TutuApp?<\/strong><\/a><\/li>\n<li><a href=\"https:\/\/tutuapps.online\/es\/pokemon-go\/\" target=\"_blank\" rel=\"noopener noreferrer\"><strong>TutuApp Pok\u00e9mon GO<\/strong><\/a><\/li>\n<li><a href=\"https:\/\/tutuapps.online\/es\/regular\/\" target=\"_blank\" rel=\"noopener noreferrer\"><strong>TutuApp Regular<\/strong><\/a><\/li>\n<li><a href=\"https:\/\/tutuapps.online\/es\/vip\/\" target=\"_blank\" rel=\"noopener noreferrer\"><strong>TutuApp VIP<\/strong><\/a><\/li>\n<li><a href=\"https:\/\/tutuapps.online\/es\/android\/\" target=\"_blank\" rel=\"noopener noreferrer\"><strong>TutuApp Android<\/strong><\/a><\/li>\n<li><a href=\"https:\/\/tutuapps.online\/es\/tutu-helper\/\" target=\"_blank\" rel=\"noopener noreferrer\"><strong>Ayudante de tut\u00fa<\/strong><\/a><\/li>\n<li><a href=\"https:\/\/tutuapps.online\/es\/spotify-plus\/\" target=\"_blank\" rel=\"noopener noreferrer\"><strong>Spotify++<\/strong><\/a><\/li>\n<li><a href=\"https:\/\/tutuapps.online\/es\/nesstool\/\" target=\"_blank\" rel=\"noopener noreferrer\"><strong>NessTool<\/strong><\/a><\/li>\n<li><a href=\"https:\/\/tutuapps.online\/es\/pc\/\" target=\"_blank\" rel=\"noopener noreferrer\"><strong>TutuApp PC<\/strong><\/a><\/li>\n<li><a href=\"https:\/\/tutuapps.online\/es\/gratis\/\" target=\"_blank\" rel=\"noopener noreferrer\"><strong>TutuApp Gratis<\/strong><\/a><\/li>\n<li><a href=\"https:\/\/tutuapps.online\/es\/ios-11-4\/\" target=\"_blank\" rel=\"noopener noreferrer\"><strong>TutuApp iOS 11.4<\/strong><\/a><\/li>\n<li><a href=\"https:\/\/tutuapps.online\/es\/pokesniper\/\" target=\"_blank\" rel=\"noopener noreferrer\"><strong>Pokesniper APK<\/strong><\/a><\/li>\n<li><a href=\"https:\/\/tutuapps.online\/es\/minecraft-pe\/\" target=\"_blank\" rel=\"noopener noreferrer\"><strong>TutuApp Minecraft PE<\/strong><\/a><\/li>\n<\/ul>\n\n\n<div style=\"height:20px\" aria-hidden=\"true\" class=\"wp-block-spacer\"><\/div>","protected":false},"excerpt":{"rendered":"<p>Instagram es una de las aplicaciones de medios sociales m\u00e1s utilizados por millones de usuarios para interactuar y compartir sus actividades sociales, la gente incluso utilizar Instagram para hacer crecer su negocio haciendo m\u00e1s y m\u00e1s clientes cada d\u00eda. Instagram es una de las mejores aplicaciones de redes sociales, pero no proporciona... <a title=\"TutuApp Instagram++\" class=\"read-more\" href=\"https:\/\/tutuapps.online\/es\/instagram-plus\/\" aria-label=\"More on TutuApp Instagram++\">Seguir leyendo<\/a><\/p>","protected":false},"author":1,"featured_media":2393,"parent":0,"menu_order":0,"comment_status":"closed","ping_status":"closed","template":"","meta":{"generate_page_header":"","footnotes":""},"class_list":["post-153","page","type-page","status-publish","has-post-thumbnail"],"yoast_head":"<!-- This site is optimized with the Yoast SEO plugin v26.5 - https:\/\/yoast.com\/wordpress\/plugins\/seo\/ -->\n<title>\u25b7 T\u00e9l\u00e9charger INSTAGRAM++ | Tutuapp \u3010 \u221a 2026 \u3011<\/title>\n<meta name=\"description\" content=\"I\u27a8 Instagram est une application utilis\u00e9e par des millions d&#039;utilisateurs pour interagir, partager leurs photos et ... \u2705 IT\u00e9l\u00e9charger ...\" \/>\n<meta name=\"robots\" content=\"index, follow, max-snippet:-1, max-image-preview:large, max-video-preview:-1\" \/>\n<link rel=\"canonical\" href=\"https:\/\/tutuapps.online\/es\/instagram-plus\/\" \/>\n<meta property=\"og:locale\" content=\"es_MX\" \/>\n<meta property=\"og:type\" content=\"article\" \/>\n<meta property=\"og:title\" content=\"\u25b7 T\u00e9l\u00e9charger INSTAGRAM++ | Tutuapp \u3010 \u221a 2026 \u3011\" \/>\n<meta property=\"og:description\" content=\"I\u27a8 Instagram est une application utilis\u00e9e par des millions d&#039;utilisateurs pour interagir, partager leurs photos et ... \u2705 IT\u00e9l\u00e9charger ...\" \/>\n<meta property=\"og:url\" content=\"https:\/\/tutuapps.online\/es\/instagram-plus\/\" \/>\n<meta property=\"og:site_name\" content=\"TutuApps.online\" \/>\n<meta property=\"article:modified_time\" content=\"2021-04-06T13:09:06+00:00\" \/>\n<meta property=\"og:image\" content=\"https:\/\/tutuapps.online\/wp-content\/uploads\/2018\/08\/instagram-plus.png\" \/>\n<meta name=\"twitter:card\" content=\"summary_large_image\" \/>\n<meta name=\"twitter:label1\" content=\"Tiempo de lectura\" \/>\n\t<meta name=\"twitter:data1\" content=\"2 minutos\" \/>\n<script type=\"application\/ld+json\" class=\"yoast-schema-graph\">{\"@context\":\"https:\/\/schema.org\",\"@graph\":[{\"@type\":\"WebPage\",\"@id\":\"https:\/\/tutuapps.online\/instagram-plus\/\",\"url\":\"https:\/\/tutuapps.online\/instagram-plus\/\",\"name\":\"\u25b7 T\u00e9l\u00e9charger INSTAGRAM++ | Tutuapp \u3010 \u221a 2026 \u3011\",\"isPartOf\":{\"@id\":\"https:\/\/tutuapps.online\/#website\"},\"primaryImageOfPage\":{\"@id\":\"https:\/\/tutuapps.online\/instagram-plus\/#primaryimage\"},\"image\":{\"@id\":\"https:\/\/tutuapps.online\/instagram-plus\/#primaryimage\"},\"thumbnailUrl\":\"https:\/\/tutuapps.online\/wp-content\/uploads\/2023\/04\/tutuapp-instagram.jpg\",\"datePublished\":\"2018-08-24T18:46:21+00:00\",\"dateModified\":\"2021-04-06T13:09:06+00:00\",\"description\":\"I\u27a8 Instagram est une application utilis\u00e9e par des millions d'utilisateurs pour interagir, partager leurs photos et ... \u2705 IT\u00e9l\u00e9charger ...\",\"breadcrumb\":{\"@id\":\"https:\/\/tutuapps.online\/instagram-plus\/#breadcrumb\"},\"inLanguage\":\"es\",\"potentialAction\":[{\"@type\":\"ReadAction\",\"target\":[\"https:\/\/tutuapps.online\/instagram-plus\/\"]}]},{\"@type\":\"ImageObject\",\"inLanguage\":\"es\",\"@id\":\"https:\/\/tutuapps.online\/instagram-plus\/#primaryimage\",\"url\":\"https:\/\/tutuapps.online\/wp-content\/uploads\/2023\/04\/tutuapp-instagram.jpg\",\"contentUrl\":\"https:\/\/tutuapps.online\/wp-content\/uploads\/2023\/04\/tutuapp-instagram.jpg\",\"width\":540,\"height\":303},{\"@type\":\"BreadcrumbList\",\"@id\":\"https:\/\/tutuapps.online\/instagram-plus\/#breadcrumb\",\"itemListElement\":[{\"@type\":\"ListItem\",\"position\":1,\"name\":\"Portada\",\"item\":\"https:\/\/tutuapps.online\/\"},{\"@type\":\"ListItem\",\"position\":2,\"name\":\"TutuApp Instagram++\"}]},{\"@type\":\"WebSite\",\"@id\":\"https:\/\/tutuapps.online\/#website\",\"url\":\"https:\/\/tutuapps.online\/\",\"name\":\"TutuApps.online\",\"description\":\"T\u00e9l\u00e9charger pour iOS, Android, PC\",\"publisher\":{\"@id\":\"https:\/\/tutuapps.online\/#organization\"},\"potentialAction\":[{\"@type\":\"SearchAction\",\"target\":{\"@type\":\"EntryPoint\",\"urlTemplate\":\"https:\/\/tutuapps.online\/?s={search_term_string}\"},\"query-input\":{\"@type\":\"PropertyValueSpecification\",\"valueRequired\":true,\"valueName\":\"search_term_string\"}}],\"inLanguage\":\"es\"},{\"@type\":\"Organization\",\"@id\":\"https:\/\/tutuapps.online\/#organization\",\"name\":\"Tutuapps Online\",\"url\":\"https:\/\/tutuapps.online\/\",\"logo\":{\"@type\":\"ImageObject\",\"inLanguage\":\"es\",\"@id\":\"https:\/\/tutuapps.online\/#\/schema\/logo\/image\/\",\"url\":\"https:\/\/tutuapps.online\/wp-content\/uploads\/2022\/01\/tutuapps-online.png\",\"contentUrl\":\"https:\/\/tutuapps.online\/wp-content\/uploads\/2022\/01\/tutuapps-online.png\",\"width\":337,\"height\":94,\"caption\":\"Tutuapps Online\"},\"image\":{\"@id\":\"https:\/\/tutuapps.online\/#\/schema\/logo\/image\/\"}}]}<\/script>\n<!-- \/ Yoast SEO plugin. -->","yoast_head_json":{"title":"\u25b7 T\u00e9l\u00e9charger INSTAGRAM++ | Tutuapp \u3010 \u221a 2026 \u3011","description":"I\u27a8 Instagram est une application utilis\u00e9e par des millions d'utilisateurs pour interagir, partager leurs photos et ... \u2705 IT\u00e9l\u00e9charger ...","robots":{"index":"index","follow":"follow","max-snippet":"max-snippet:-1","max-image-preview":"max-image-preview:large","max-video-preview":"max-video-preview:-1"},"canonical":"https:\/\/tutuapps.online\/es\/instagram-plus\/","og_locale":"es_MX","og_type":"article","og_title":"\u25b7 T\u00e9l\u00e9charger INSTAGRAM++ | Tutuapp \u3010 \u221a 2026 \u3011","og_description":"I\u27a8 Instagram est une application utilis\u00e9e par des millions d'utilisateurs pour interagir, partager leurs photos et ... \u2705 IT\u00e9l\u00e9charger ...","og_url":"https:\/\/tutuapps.online\/es\/instagram-plus\/","og_site_name":"TutuApps.online","article_modified_time":"2021-04-06T13:09:06+00:00","og_image":[{"url":"https:\/\/tutuapps.online\/wp-content\/uploads\/2018\/08\/instagram-plus.png","type":"","width":"","height":""}],"twitter_card":"summary_large_image","twitter_misc":{"Tiempo de lectura":"2 minutos"},"schema":{"@context":"https:\/\/schema.org","@graph":[{"@type":"WebPage","@id":"https:\/\/tutuapps.online\/instagram-plus\/","url":"https:\/\/tutuapps.online\/instagram-plus\/","name":"\u25b7 T\u00e9l\u00e9charger INSTAGRAM++ | Tutuapp \u3010 \u221a 2026 \u3011","isPartOf":{"@id":"https:\/\/tutuapps.online\/#website"},"primaryImageOfPage":{"@id":"https:\/\/tutuapps.online\/instagram-plus\/#primaryimage"},"image":{"@id":"https:\/\/tutuapps.online\/instagram-plus\/#primaryimage"},"thumbnailUrl":"https:\/\/tutuapps.online\/wp-content\/uploads\/2023\/04\/tutuapp-instagram.jpg","datePublished":"2018-08-24T18:46:21+00:00","dateModified":"2021-04-06T13:09:06+00:00","description":"I\u27a8 Instagram est une application utilis\u00e9e par des millions d'utilisateurs pour interagir, partager leurs photos et ... \u2705 IT\u00e9l\u00e9charger ...","breadcrumb":{"@id":"https:\/\/tutuapps.online\/instagram-plus\/#breadcrumb"},"inLanguage":"es","potentialAction":[{"@type":"ReadAction","target":["https:\/\/tutuapps.online\/instagram-plus\/"]}]},{"@type":"ImageObject","inLanguage":"es","@id":"https:\/\/tutuapps.online\/instagram-plus\/#primaryimage","url":"https:\/\/tutuapps.online\/wp-content\/uploads\/2023\/04\/tutuapp-instagram.jpg","contentUrl":"https:\/\/tutuapps.online\/wp-content\/uploads\/2023\/04\/tutuapp-instagram.jpg","width":540,"height":303},{"@type":"BreadcrumbList","@id":"https:\/\/tutuapps.online\/instagram-plus\/#breadcrumb","itemListElement":[{"@type":"ListItem","position":1,"name":"Portada","item":"https:\/\/tutuapps.online\/"},{"@type":"ListItem","position":2,"name":"TutuApp Instagram++"}]},{"@type":"WebSite","@id":"https:\/\/tutuapps.online\/#website","url":"https:\/\/tutuapps.online\/","name":"TutuApps.online","description":"T\u00e9l\u00e9charger pour iOS, Android, PC","publisher":{"@id":"https:\/\/tutuapps.online\/#organization"},"potentialAction":[{"@type":"SearchAction","target":{"@type":"EntryPoint","urlTemplate":"https:\/\/tutuapps.online\/?s={search_term_string}"},"query-input":{"@type":"PropertyValueSpecification","valueRequired":true,"valueName":"search_term_string"}}],"inLanguage":"es"},{"@type":"Organization","@id":"https:\/\/tutuapps.online\/#organization","name":"Tutuapps Online","url":"https:\/\/tutuapps.online\/","logo":{"@type":"ImageObject","inLanguage":"es","@id":"https:\/\/tutuapps.online\/#\/schema\/logo\/image\/","url":"https:\/\/tutuapps.online\/wp-content\/uploads\/2022\/01\/tutuapps-online.png","contentUrl":"https:\/\/tutuapps.online\/wp-content\/uploads\/2022\/01\/tutuapps-online.png","width":337,"height":94,"caption":"Tutuapps Online"},"image":{"@id":"https:\/\/tutuapps.online\/#\/schema\/logo\/image\/"}}]}},"_links":{"self":[{"href":"https:\/\/tutuapps.online\/es\/wp-json\/wp\/v2\/pages\/153","targetHints":{"allow":["GET"]}}],"collection":[{"href":"https:\/\/tutuapps.online\/es\/wp-json\/wp\/v2\/pages"}],"about":[{"href":"https:\/\/tutuapps.online\/es\/wp-json\/wp\/v2\/types\/page"}],"author":[{"embeddable":true,"href":"https:\/\/tutuapps.online\/es\/wp-json\/wp\/v2\/users\/1"}],"replies":[{"embeddable":true,"href":"https:\/\/tutuapps.online\/es\/wp-json\/wp\/v2\/comments?post=153"}],"version-history":[{"count":0,"href":"https:\/\/tutuapps.online\/es\/wp-json\/wp\/v2\/pages\/153\/revisions"}],"wp:featuredmedia":[{"embeddable":true,"href":"https:\/\/tutuapps.online\/es\/wp-json\/wp\/v2\/media\/2393"}],"wp:attachment":[{"href":"https:\/\/tutuapps.online\/es\/wp-json\/wp\/v2\/media?parent=153"}],"curies":[{"name":"wp","href":"https:\/\/api.w.org\/{rel}","templated":true}]}}